{"id":1054,"date":"2024-05-24T08:30:31","date_gmt":"2024-05-24T08:30:31","guid":{"rendered":"https:\/\/test.tex-bit.com\/?page_id=1054"},"modified":"2025-04-23T19:32:22","modified_gmt":"2025-04-24T03:32:22","slug":"nachhaltigkeit","status":"publish","type":"page","link":"https:\/\/tex-bit.com\/de\/nachhaltigkeit\/","title":{"rendered":"Nachhaltigkeit"},"content":{"rendered":"<style>.kb-row-layout-id1054_d879b5-90 > .kt-row-column-wrap{align-content:start;}:where(.kb-row-layout-id1054_d879b5-90 > .kt-row-column-wrap) > .wp-block-kadence-column{justify-content:start;}.kb-row-layout-id1054_d879b5-90 > .kt-row-column-wrap{column-gap:var(--global-kb-gap-md, 2rem);row-gap:var(--global-kb-gap-md, 2rem);max-width:600px;margin-left:auto;margin-right:auto;padding-top:120px;padding-right:0px;padding-bottom:120px;padding-left:0px;grid-template-columns:minmax(0, 1fr);}.kb-row-layout-id1054_d879b5-90 > .kt-row-layout-overlay{opacity:1;background-image:url('https:\/\/tex-bit.com\/wp-content\/uploads\/2024\/05\/Sustainability-in-Textile-Industry-with-RFID-Tag.webp');background-size:cover;background-position:50% 30%;background-attachment:scroll;background-repeat:no-repeat;mix-blend-mode:normal;}@media all and (max-width: 1024px){.kb-row-layout-id1054_d879b5-90 > .kt-row-column-wrap{padding-top:80px;padding-right:20px;padding-bottom:80px;padding-left:20px;grid-template-columns:minmax(0, 1fr);}}@media all and (max-width: 767px){.kb-row-layout-id1054_d879b5-90 > .kt-row-column-wrap{grid-template-columns:minmax(0, 1fr);}}<\/style><div class=\"kb-row-layout-wrap kb-row-layout-id1054_d879b5-90 alignfull has-theme-palette3-background-color kt-row-has-bg wp-block-kadence-rowlayout\"><div class=\"kt-row-layout-overlay kt-row-overlay-normal\"><\/div><div class=\"kt-row-column-wrap kt-has-1-columns kt-row-layout-equal kt-tab-layout-inherit kt-mobile-layout-row kt-row-valign-top\">\n<style>.kadence-column1054_390dd2-4c > .kt-inside-inner-col{padding-right:0px;padding-left:0px;}.kadence-column1054_390dd2-4c > .kt-inside-inner-col,.kadence-column1054_390dd2-4c > .kt-inside-inner-col:before{border-top-left-radius:0px;border-top-right-radius:0px;border-bottom-right-radius:0px;border-bottom-left-radius:0px;}.kadence-column1054_390dd2-4c > .kt-inside-inner-col{column-gap:var(--global-kb-gap-sm, 1rem);}.kadence-column1054_390dd2-4c > .kt-inside-inner-col{flex-direction:column;}.kadence-column1054_390dd2-4c > .kt-inside-inner-col > .aligncenter{width:100%;}.kadence-column1054_390dd2-4c > .kt-inside-inner-col:before{opacity:0.3;}.kadence-column1054_390dd2-4c{position:relative;}.kadence-column1054_390dd2-4c, .kt-inside-inner-col > .kadence-column1054_390dd2-4c:not(.specificity){margin-right:0px;margin-left:0px;}@media all and (max-width: 1024px){.kadence-column1054_390dd2-4c > .kt-inside-inner-col{flex-direction:column;justify-content:center;}}@media all and (max-width: 767px){.kadence-column1054_390dd2-4c > .kt-inside-inner-col{padding-top:20px;padding-right:20px;padding-bottom:20px;padding-left:20px;flex-direction:column;justify-content:center;}}<\/style>\n<div class=\"wp-block-kadence-column kadence-column1054_390dd2-4c inner-column-1\"><div class=\"kt-inside-inner-col\"><style>.wp-block-kadence-advancedheading.kt-adv-heading1054_cb25a0-05, .wp-block-kadence-advancedheading.kt-adv-heading1054_cb25a0-05[data-kb-block=\"kb-adv-heading1054_cb25a0-05\"]{padding-bottom:20px;margin-top:0px;margin-bottom:0px;text-align:center;font-style:normal;text-transform:capitalize;}.wp-block-kadence-advancedheading.kt-adv-heading1054_cb25a0-05 mark.kt-highlight, .wp-block-kadence-advancedheading.kt-adv-heading1054_cb25a0-05[data-kb-block=\"kb-adv-heading1054_cb25a0-05\"] mark.kt-highlight{font-style:normal;color:#f76a0c;-webkit-box-decoration-break:clone;box-decoration-break:clone;padding-top:0px;padding-right:0px;padding-bottom:0px;padding-left:0px;}@media all and (max-width: 767px){.wp-block-kadence-advancedheading.kt-adv-heading1054_cb25a0-05, .wp-block-kadence-advancedheading.kt-adv-heading1054_cb25a0-05[data-kb-block=\"kb-adv-heading1054_cb25a0-05\"]{font-size:30px;text-align:center!important;}}<\/style>\n<h1 class=\"kt-adv-heading1054_cb25a0-05 wp-block-kadence-advancedheading has-theme-palette-9-color has-text-color\" data-kb-block=\"kb-adv-heading1054_cb25a0-05\">Nachhaltigkeit<\/h1>\n<\/div><\/div>\n\n<\/div><\/div>\n\n<style>.kadence-column1054_f92d8b-63 > .kt-inside-inner-col,.kadence-column1054_f92d8b-63 > .kt-inside-inner-col:before{border-top-left-radius:0px;border-top-right-radius:0px;border-bottom-right-radius:0px;border-bottom-left-radius:0px;}.kadence-column1054_f92d8b-63 > .kt-inside-inner-col{column-gap:var(--global-kb-gap-sm, 1rem);}.kadence-column1054_f92d8b-63 > .kt-inside-inner-col{flex-direction:column;}.kadence-column1054_f92d8b-63 > .kt-inside-inner-col > .aligncenter{width:100%;}.kadence-column1054_f92d8b-63 > .kt-inside-inner-col:before{opacity:0.3;}.kadence-column1054_f92d8b-63{position:relative;}@media all and (max-width: 1024px){.kadence-column1054_f92d8b-63 > .kt-inside-inner-col{flex-direction:column;justify-content:center;}}@media all and (max-width: 767px){.kadence-column1054_f92d8b-63 > .kt-inside-inner-col{flex-direction:column;justify-content:center;}}<\/style>\n<div class=\"wp-block-kadence-column kadence-column1054_f92d8b-63 alignfull\"><div class=\"kt-inside-inner-col\"><style>.kb-row-layout-id1054_926bd4-67 > .kt-row-column-wrap{align-content:start;}:where(.kb-row-layout-id1054_926bd4-67 > .kt-row-column-wrap) > .wp-block-kadence-column{justify-content:start;}.kb-row-layout-id1054_926bd4-67 > .kt-row-column-wrap{column-gap:var(--global-kb-gap-md, 2rem);row-gap:var(--global-kb-gap-md, 2rem);max-width:var( --global-content-width, 1400px );padding-left:var(--global-content-edge-padding);padding-right:var(--global-content-edge-padding);padding-top:var(--global-kb-spacing-lg, 3rem);padding-bottom:var(--global-kb-spacing-lg, 3rem);grid-template-columns:minmax(0, 1fr);}.kb-row-layout-id1054_926bd4-67 > .kt-row-layout-overlay{opacity:0.30;}@media all and (max-width: 1024px){.kb-row-layout-id1054_926bd4-67 > .kt-row-column-wrap{grid-template-columns:minmax(0, 1fr);}}@media all and (max-width: 767px){.kb-row-layout-id1054_926bd4-67 > .kt-row-column-wrap{grid-template-columns:minmax(0, 1fr);}}<\/style><div class=\"kb-row-layout-wrap kb-row-layout-id1054_926bd4-67 alignnone wp-block-kadence-rowlayout\"><div class=\"kt-row-column-wrap kt-has-1-columns kt-row-layout-equal kt-tab-layout-inherit kt-mobile-layout-row kt-row-valign-top kb-theme-content-width\">\n<style>.kadence-column1054_cdd8c5-ca > .kt-inside-inner-col,.kadence-column1054_cdd8c5-ca > .kt-inside-inner-col:before{border-top-left-radius:0px;border-top-right-radius:0px;border-bottom-right-radius:0px;border-bottom-left-radius:0px;}.kadence-column1054_cdd8c5-ca > .kt-inside-inner-col{column-gap:var(--global-kb-gap-sm, 1rem);}.kadence-column1054_cdd8c5-ca > .kt-inside-inner-col{flex-direction:column;}.kadence-column1054_cdd8c5-ca > .kt-inside-inner-col > .aligncenter{width:100%;}.kadence-column1054_cdd8c5-ca > .kt-inside-inner-col:before{opacity:0.3;}.kadence-column1054_cdd8c5-ca{position:relative;}@media all and (max-width: 1024px){.kadence-column1054_cdd8c5-ca > .kt-inside-inner-col{flex-direction:column;justify-content:center;}}@media all and (max-width: 767px){.kadence-column1054_cdd8c5-ca > .kt-inside-inner-col{flex-direction:column;justify-content:center;}}<\/style>\n<div class=\"wp-block-kadence-column kadence-column1054_cdd8c5-ca\"><div class=\"kt-inside-inner-col\">\n<h1 class=\"wp-block-heading has--font-size\"><mark style=\"background-color:rgba(0, 0, 0, 0)\" class=\"has-inline-color has-theme-palette-1-color\">RFID-Technologie treibt nachhaltige Entwicklung in der Textilindustrie voran<\/mark><\/h1>\n\n\n\n<p>1987 definierte die Brundtland-Kommission der Vereinten Nationen Nachhaltigkeit als \"Erf\u00fcllung der Bed\u00fcrfnisse der Gegenwart, ohne die F\u00e4higkeit k\u00fcnftiger Generationen zu gef\u00e4hrden, ihre eigenen Bed\u00fcrfnisse zu befriedigen\".<\/p>\n\n\n\n<p>Im Zuge der zunehmenden Automatisierung der Industrie widmet sich die Industrie der automatischen Identifikation, um die Herausforderungen des traditionellen Industriemanagements zu bew\u00e4ltigen und den Wandel hin zu Digitalisierung, Transparenz und dynamischem Betrieb voranzutreiben. Konfrontiert mit den immer strengeren Anforderungen der <strong>DPP<\/strong> Vorschriften, insbesondere im Bereich des Lebenszyklusmanagements von Textilien, schlagen wir mit Hilfe von Spitzentechnologien ein neues Kapitel der nachhaltigen Entwicklung auf.<\/p>\n\n\n\n<p>Die automatischen Identifizierungstechnologien, insbesondere die tiefgreifende Integration von <strong>Radio-Frequenz-Identifikation<\/strong> (RFID) und K\u00fcnstliche Intelligenz (KI) haben eine Revolution im Management des gesamten Lebenszyklus von Textilien eingeleitet. Von der Rohstoffbeschaffung \u00fcber die Produktion und Herstellung bis hin zu Vertrieb, Verkauf, Recycling und Entsorgung werden in jeder Phase Daten in Echtzeit erfasst und pr\u00e4zise Analysen durchgef\u00fchrt. Erm\u00f6glicht durch <strong><a href=\"https:\/\/tex-bit.com\/rfid-laundry-products\/\">RFID-Etiketten<\/a><\/strong>Die Textilien werden beim Verlassen der Produktionslinie mit einer \"digitalen Identit\u00e4tskarte\" versehen, die die Nachverfolgung von Informationen wie Standort, Nutzungsh\u00e4ufigkeit, Waschstatus, Waschqualit\u00e4t, Lebensdauer und Nutzerfeedback zur Qualit\u00e4t erm\u00f6glicht. Dadurch wird die Effizienz der Verwaltung erheblich gesteigert und die Verschwendung von Ressourcen verringert. Gleichzeitig k\u00f6nnen KI-Algorithmen die Nachfrage auf der Grundlage historischer Daten vorhersagen, die Bestandsverwaltung optimieren, das Kundenerlebnis im Gastgewerbe verbessern, den durch \u00dcberbest\u00e4nde verursachten Energie- und Ressourcenverbrauch senken und die Lieferkette rationalisieren.<\/p>\n\n\n\n<p>Automatische Identifizierungstechnologien spielen auch eine entscheidende Rolle bei der Einhaltung der DPP-Vorschriften. Durch die Echtzeit-\u00dcberwachung des Textilproduktionsprozesses garantieren wir, dass die Produktionsabl\u00e4ufe die Umweltschutz- und Nachhaltigkeitsstandards einhalten. W\u00e4hrend der Recyclingphase identifizieren diese Technologien mit einer hundert- bis tausendfach h\u00f6heren Scaneffizienz als Barcodes und QR-Codes genau die wiederverwertbaren Materialien, was den Recyclingprozess hochgradig funktionsf\u00e4hig macht, die Kreislauff\u00e4higkeit der Ressourcen f\u00f6rdert und die Umweltbelastung minimiert.<\/p>\n\n\n\n<p>Nehmen wir als Beispiel eine internationale Hotelgruppe. Nach der Einf\u00fchrung automatischer Identifizierungstechnologien konnte die Effizienz des Textilmanagements um 40% gesteigert, die Lagerkosten um 30% gesenkt und die Ressourcenverschwendung aufgrund von \u00dcberk\u00e4ufen und Missmanagement reduziert werden. Dies erm\u00f6glichte die erfolgreiche Umsetzung der Ziele f\u00fcr eine nachhaltige Entwicklung im Lebenszyklusmanagement von Textilien.<\/p>\n\n\n\n<p>In Zukunft werden wir unser Fachwissen im Bereich der automatischen Identifizierungstechnologien weiter vertiefen und kontinuierliche Innovationen im Lebenszyklusmanagement von Textilien vorantreiben. Durch die Bereitstellung effizienterer und umweltfreundlicherer L\u00f6sungen wollen wir die traditionellen Industrien in die Lage versetzen, stetige Fortschritte auf dem Weg der nachhaltigen Entwicklung zu machen.<\/p>\n<\/div><\/div>\n\n<\/div><\/div><\/div><\/div>\n\n\n\n<p><a href=\"https:\/\/tex-bit.com\/rfid-laundry-products\/rfid-linen-tag\/\"><\/a><\/p>\n\n\n<style>.kadence-column1054_0ab0ab-03 > .kt-inside-inner-col,.kadence-column1054_0ab0ab-03 > .kt-inside-inner-col:before{border-top-left-radius:0px;border-top-right-radius:0px;border-bottom-right-radius:0px;border-bottom-left-radius:0px;}.kadence-column1054_0ab0ab-03 > .kt-inside-inner-col{column-gap:var(--global-kb-gap-sm, 1rem);}.kadence-column1054_0ab0ab-03 > .kt-inside-inner-col{flex-direction:column;}.kadence-column1054_0ab0ab-03 > .kt-inside-inner-col > .aligncenter{width:100%;}.kadence-column1054_0ab0ab-03 > .kt-inside-inner-col:before{opacity:0.3;}.kadence-column1054_0ab0ab-03{position:relative;}@media all and (max-width: 1024px){.kadence-column1054_0ab0ab-03 > .kt-inside-inner-col{flex-direction:column;justify-content:center;}}@media all and (max-width: 767px){.kadence-column1054_0ab0ab-03 > .kt-inside-inner-col{flex-direction:column;justify-content:center;}}<\/style>\n<div class=\"wp-block-kadence-column kadence-column1054_0ab0ab-03 alignfull\"><div class=\"kt-inside-inner-col\"><style>.kb-row-layout-id1054_1edbca-d3 > .kt-row-column-wrap{align-content:start;}:where(.kb-row-layout-id1054_1edbca-d3 > .kt-row-column-wrap) > .wp-block-kadence-column{justify-content:start;}.kb-row-layout-id1054_1edbca-d3 > .kt-row-column-wrap{column-gap:var(--global-kb-gap-md, 2rem);row-gap:var(--global-kb-gap-md, 2rem);max-width:var( --global-content-width, 1400px );padding-left:var(--global-content-edge-padding);padding-right:var(--global-content-edge-padding);padding-top:var(--global-kb-spacing-sm, 1.5rem);padding-bottom:var(--global-kb-spacing-sm, 1.5rem);grid-template-columns:minmax(0, 1fr);}.kb-row-layout-id1054_1edbca-d3 > .kt-row-layout-overlay{opacity:0.30;}@media all and (max-width: 1024px){.kb-row-layout-id1054_1edbca-d3 > .kt-row-column-wrap{grid-template-columns:minmax(0, 1fr);}}@media all and (max-width: 767px){.kb-row-layout-id1054_1edbca-d3 > .kt-row-column-wrap{grid-template-columns:minmax(0, 1fr);}}<\/style><div class=\"kb-row-layout-wrap kb-row-layout-id1054_1edbca-d3 alignnone has-theme-palette7-background-color kt-row-has-bg wp-block-kadence-rowlayout\"><div class=\"kt-row-column-wrap kt-has-1-columns kt-row-layout-equal kt-tab-layout-inherit kt-mobile-layout-row kt-row-valign-top kb-theme-content-width\">\n<style>.kadence-column1054_c27ba1-c5 > .kt-inside-inner-col,.kadence-column1054_c27ba1-c5 > .kt-inside-inner-col:before{border-top-left-radius:0px;border-top-right-radius:0px;border-bottom-right-radius:0px;border-bottom-left-radius:0px;}.kadence-column1054_c27ba1-c5 > .kt-inside-inner-col{column-gap:var(--global-kb-gap-sm, 1rem);}.kadence-column1054_c27ba1-c5 > .kt-inside-inner-col{flex-direction:column;}.kadence-column1054_c27ba1-c5 > .kt-inside-inner-col > .aligncenter{width:100%;}.kadence-column1054_c27ba1-c5 > .kt-inside-inner-col:before{opacity:0.3;}.kadence-column1054_c27ba1-c5{position:relative;}@media all and (max-width: 1024px){.kadence-column1054_c27ba1-c5 > .kt-inside-inner-col{flex-direction:column;justify-content:center;}}@media all and (max-width: 767px){.kadence-column1054_c27ba1-c5 > .kt-inside-inner-col{flex-direction:column;justify-content:center;}}<\/style>\n<div class=\"wp-block-kadence-column kadence-column1054_c27ba1-c5\"><div class=\"kt-inside-inner-col\">\n<h4 class=\"wp-block-heading\"><mark style=\"background-color:rgba(0, 0, 0, 0)\" class=\"has-inline-color has-theme-palette-1-color\">Diese Themen k\u00f6nnten Sie auch interessieren...<\/mark><\/h4>\n\n\n<style>.kb-posts-id-1054_092e19-a3 .kb-post-list-item{display:grid;}<\/style><ul class=\"wp-block-kadence-posts kb-posts kadence-posts-list kb-posts-id-1054_092e19-a3 content-wrap grid-cols kb-posts-style-boxed grid-sm-col-2 grid-lg-col-3 item-image-style-above\"><li class=\"kb-post-list-item\">\n\t<article class=\"entry content-bg loop-entry post-1125 post type-post status-publish format-standard has-post-thumbnail hentry category-uncategorized\">\n\t\t\t\t<a aria-hidden=\"true\" tabindex=\"-1\" role=\"presentation\" class=\"post-thumbnail kadence-thumbnail-ratio-2-3\" href=\"https:\/\/tex-bit.com\/de\/faqs-von-tex-bit-uhf-leinen-rfid-tags\/\" aria-label=\"FAQs zu TEX-BIT Leinen-RFID-Tags\">\n\t\t\t<div class=\"post-thumbnail-inner\">\n\t\t\t\t<img loading=\"lazy\" decoding=\"async\" width=\"600\" height=\"400\" src=\"https:\/\/tex-bit.com\/wp-content\/uploads\/2024\/05\/FAQs-of-TEXBIT-UHF-Linen-RFID-Tags.webp\" class=\"attachment-medium_large size-medium_large wp-post-image\" alt=\"FAQs zu TEXBIT UHF-W\u00e4sche-RFID-Tags\" srcset=\"https:\/\/tex-bit.com\/wp-content\/uploads\/2024\/05\/FAQs-of-TEXBIT-UHF-Linen-RFID-Tags.webp 600w, https:\/\/tex-bit.com\/wp-content\/uploads\/2024\/05\/FAQs-of-TEXBIT-UHF-Linen-RFID-Tags-300x200.webp 300w\" sizes=\"auto, (max-width: 600px) 100vw, 600px\" \/>\t\t\t<\/div>\n\t\t<\/a><!-- .post-thumbnail -->\n\t\t\t\t<div class=\"entry-content-wrap\">\n\t\t\t<header class=\"entry-header\">\n\t<h5 class=\"entry-title\"><a href=\"https:\/\/tex-bit.com\/de\/faqs-von-tex-bit-uhf-leinen-rfid-tags\/\" rel=\"bookmark\">FAQs zu TEX-BIT Leinen-RFID-Tags<\/a><\/h5><\/header><!-- .entry-header -->\n<footer class=\"entry-footer\">\n\t<\/footer><!-- .entry-footer -->\t\t<\/div>\n\t<\/article>\n<\/li>\n<li class=\"kb-post-list-item\">\n\t<article class=\"entry content-bg loop-entry post-1560 post type-post status-publish format-standard has-post-thumbnail hentry category-news\">\n\t\t\t\t<a aria-hidden=\"true\" tabindex=\"-1\" role=\"presentation\" class=\"post-thumbnail kadence-thumbnail-ratio-2-3\" href=\"https:\/\/tex-bit.com\/de\/verbesserung-des-mattenverleihs-mit-tex-bits-rfid-tags-fur-matten\/\" aria-label=\"Verbessern Sie Ihren Mattenverleih mit den RFID-Tags von TEX-BIT f\u00fcr Matten\">\n\t\t\t<div class=\"post-thumbnail-inner\">\n\t\t\t\t<img loading=\"lazy\" decoding=\"async\" width=\"600\" height=\"400\" src=\"https:\/\/tex-bit.com\/wp-content\/uploads\/2025\/04\/RFID-Tags-for-Mats.webp\" class=\"attachment-medium_large size-medium_large wp-post-image\" alt=\"RFID-Tags f\u00fcr Matten\" srcset=\"https:\/\/tex-bit.com\/wp-content\/uploads\/2025\/04\/RFID-Tags-for-Mats.webp 600w, https:\/\/tex-bit.com\/wp-content\/uploads\/2025\/04\/RFID-Tags-for-Mats-300x200.webp 300w, https:\/\/tex-bit.com\/wp-content\/uploads\/2025\/04\/RFID-Tags-for-Mats-18x12.webp 18w\" sizes=\"auto, (max-width: 600px) 100vw, 600px\" \/>\t\t\t<\/div>\n\t\t<\/a><!-- .post-thumbnail -->\n\t\t\t\t<div class=\"entry-content-wrap\">\n\t\t\t<header class=\"entry-header\">\n\t<h5 class=\"entry-title\"><a href=\"https:\/\/tex-bit.com\/de\/verbesserung-des-mattenverleihs-mit-tex-bits-rfid-tags-fur-matten\/\" rel=\"bookmark\">Verbessern Sie den Mattenverleih mit den RFID-Tags von TEX-BIT f\u00fcr Matten<\/a><\/h5><\/header><!-- .entry-header -->\n<footer class=\"entry-footer\">\n\t<\/footer><!-- .entry-footer -->\t\t<\/div>\n\t<\/article>\n<\/li>\n<li class=\"kb-post-list-item\">\n\t<article class=\"entry content-bg loop-entry post-911 post type-post status-publish format-standard has-post-thumbnail hentry category-news\">\n\t\t\t\t<a aria-hidden=\"true\" tabindex=\"-1\" role=\"presentation\" class=\"post-thumbnail kadence-thumbnail-ratio-2-3\" href=\"https:\/\/tex-bit.com\/de\/was-kann-die-rfid-wascheverfolgung-fur-sie-tun\/\" aria-label=\"Was kann die RFID-W\u00e4scheverfolgung f\u00fcr Sie tun?\">\n\t\t\t<div class=\"post-thumbnail-inner\">\n\t\t\t\t<img loading=\"lazy\" decoding=\"async\" width=\"600\" height=\"400\" src=\"https:\/\/tex-bit.com\/wp-content\/uploads\/2024\/05\/What-Can-RFID-Laundry-Tracking-Do-For-You.webp\" class=\"attachment-medium_large size-medium_large wp-post-image\" alt=\"Was kann die RFID-W\u00e4scheverfolgung f\u00fcr Sie tun?\" srcset=\"https:\/\/tex-bit.com\/wp-content\/uploads\/2024\/05\/What-Can-RFID-Laundry-Tracking-Do-For-You.webp 600w, https:\/\/tex-bit.com\/wp-content\/uploads\/2024\/05\/What-Can-RFID-Laundry-Tracking-Do-For-You-300x200.webp 300w\" sizes=\"auto, (max-width: 600px) 100vw, 600px\" \/>\t\t\t<\/div>\n\t\t<\/a><!-- .post-thumbnail -->\n\t\t\t\t<div class=\"entry-content-wrap\">\n\t\t\t<header class=\"entry-header\">\n\t<h5 class=\"entry-title\"><a href=\"https:\/\/tex-bit.com\/de\/was-kann-die-rfid-wascheverfolgung-fur-sie-tun\/\" rel=\"bookmark\">Was kann die RFID-W\u00e4scheverfolgung f\u00fcr Sie tun?<\/a><\/h5><\/header><!-- .entry-header -->\n<footer class=\"entry-footer\">\n\t<\/footer><!-- .entry-footer -->\t\t<\/div>\n\t<\/article>\n<\/li>\n<\/ul><\/div><\/div>\n\n<\/div><\/div><\/div><\/div>","protected":false},"excerpt":{"rendered":"<p>Nachhaltigkeit Die RFID-Technologie treibt die nachhaltige Entwicklung in der Textilindustrie voran. 1987 definierte die Brundtland-Kommission der Vereinten Nationen Nachhaltigkeit als \"die Befriedigung der Bed\u00fcrfnisse der Gegenwart, ohne die F\u00e4higkeit k\u00fcnftiger Generationen zu gef\u00e4hrden, ihre eigenen Bed\u00fcrfnisse zu befriedigen\". Im Zuge der zunehmenden Automatisierung der Industrie hat sich die automatische Identifikationsindustrie der Bew\u00e4ltigung dieser Herausforderungen verschrieben...<\/p>","protected":false},"author":2,"featured_media":931,"parent":0,"menu_order":1,"comment_status":"closed","ping_status":"closed","template":"","meta":{"_kad_blocks_custom_css":"","_kad_blocks_head_custom_js":"","_kad_blocks_body_custom_js":"","_kad_blocks_footer_custom_js":"","_kadence_starter_templates_imported_post":false,"_kad_post_transparent":"","_kad_post_title":"","_kad_post_layout":"","_kad_post_sidebar_id":"","_kad_post_content_style":"","_kad_post_vertical_padding":"","_kad_post_feature":"","_kad_post_feature_position":"","_kad_post_header":false,"_kad_post_footer":false,"footnotes":""},"class_list":["post-1054","page","type-page","status-publish","has-post-thumbnail","hentry"],"taxonomy_info":[],"featured_image_src_large":["https:\/\/tex-bit.com\/wp-content\/uploads\/2024\/05\/Sustainability-with-RFID-1024x683.webp",1024,683,true],"author_info":{"display_name":"TB Admin","author_link":"https:\/\/tex-bit.com\/de\/author\/tb-admin\/"},"comment_info":0,"_links":{"self":[{"href":"https:\/\/tex-bit.com\/de\/wp-json\/wp\/v2\/pages\/1054","targetHints":{"allow":["GET"]}}],"collection":[{"href":"https:\/\/tex-bit.com\/de\/wp-json\/wp\/v2\/pages"}],"about":[{"href":"https:\/\/tex-bit.com\/de\/wp-json\/wp\/v2\/types\/page"}],"author":[{"embeddable":true,"href":"https:\/\/tex-bit.com\/de\/wp-json\/wp\/v2\/users\/2"}],"replies":[{"embeddable":true,"href":"https:\/\/tex-bit.com\/de\/wp-json\/wp\/v2\/comments?post=1054"}],"version-history":[{"count":0,"href":"https:\/\/tex-bit.com\/de\/wp-json\/wp\/v2\/pages\/1054\/revisions"}],"wp:featuredmedia":[{"embeddable":true,"href":"https:\/\/tex-bit.com\/de\/wp-json\/wp\/v2\/media\/931"}],"wp:attachment":[{"href":"https:\/\/tex-bit.com\/de\/wp-json\/wp\/v2\/media?parent=1054"}],"curies":[{"name":"wp","href":"https:\/\/api.w.org\/{rel}","templated":true}]}}