{"id":31,"date":"2022-03-17T12:40:59","date_gmt":"2022-03-17T12:40:59","guid":{"rendered":"https:\/\/kadence.pixel-show.com\/blog-affiliate\/?page_id=31"},"modified":"2025-04-23T23:18:38","modified_gmt":"2025-04-24T07:18:38","slug":"uber-tex-bit","status":"publish","type":"page","link":"https:\/\/tex-bit.com\/de\/uber-tex-bit\/","title":{"rendered":"\u00dcber uns"},"content":{"rendered":"<style>.kb-row-layout-id31_79ade9-a8 > .kt-row-column-wrap{align-content:start;}:where(.kb-row-layout-id31_79ade9-a8 > .kt-row-column-wrap) > .wp-block-kadence-column{justify-content:start;}.kb-row-layout-id31_79ade9-a8 > .kt-row-column-wrap{column-gap:var(--global-kb-gap-md, 2rem);row-gap:var(--global-kb-gap-md, 2rem);max-width:600px;margin-left:auto;margin-right:auto;padding-top:120px;padding-right:0px;padding-bottom:120px;padding-left:0px;grid-template-columns:minmax(0, 1fr);}.kb-row-layout-id31_79ade9-a8 > .kt-row-layout-overlay{opacity:0.18;background-image:url('https:\/\/tex-bit.com\/wp-content\/uploads\/2024\/05\/rfid-technology.webp');background-size:cover;background-position:50% 52%;background-attachment:scroll;background-repeat:no-repeat;mix-blend-mode:normal;}@media all and (max-width: 1024px){.kb-row-layout-id31_79ade9-a8 > .kt-row-column-wrap{padding-top:80px;padding-right:20px;padding-bottom:80px;padding-left:20px;grid-template-columns:minmax(0, 1fr);}}@media all and (max-width: 767px){.kb-row-layout-id31_79ade9-a8 > .kt-row-column-wrap{grid-template-columns:minmax(0, 1fr);}}<\/style><div class=\"kb-row-layout-wrap kb-row-layout-id31_79ade9-a8 alignnone has-theme-palette3-background-color kt-row-has-bg wp-block-kadence-rowlayout\"><div class=\"kt-row-layout-overlay kt-row-overlay-normal\"><\/div><div class=\"kt-row-column-wrap kt-has-1-columns kt-row-layout-equal kt-tab-layout-inherit kt-mobile-layout-row kt-row-valign-top\">\n<style>.kadence-column31_0a3860-ab > .kt-inside-inner-col{padding-right:0px;padding-left:0px;}.kadence-column31_0a3860-ab > .kt-inside-inner-col,.kadence-column31_0a3860-ab > .kt-inside-inner-col:before{border-top-left-radius:0px;border-top-right-radius:0px;border-bottom-right-radius:0px;border-bottom-left-radius:0px;}.kadence-column31_0a3860-ab > .kt-inside-inner-col{column-gap:var(--global-kb-gap-sm, 1rem);}.kadence-column31_0a3860-ab > .kt-inside-inner-col{flex-direction:column;}.kadence-column31_0a3860-ab > .kt-inside-inner-col > .aligncenter{width:100%;}.kadence-column31_0a3860-ab > .kt-inside-inner-col:before{opacity:0.3;}.kadence-column31_0a3860-ab{position:relative;}.kadence-column31_0a3860-ab, .kt-inside-inner-col > .kadence-column31_0a3860-ab:not(.specificity){margin-right:0px;margin-left:0px;}@media all and (max-width: 1024px){.kadence-column31_0a3860-ab > .kt-inside-inner-col{flex-direction:column;justify-content:center;}}@media all and (max-width: 767px){.kadence-column31_0a3860-ab > .kt-inside-inner-col{flex-direction:column;justify-content:center;}}<\/style>\n<div class=\"wp-block-kadence-column kadence-column31_0a3860-ab inner-column-1\"><div class=\"kt-inside-inner-col\"><style>.wp-block-kadence-advancedheading.kt-adv-heading31_5872eb-aa, .wp-block-kadence-advancedheading.kt-adv-heading31_5872eb-aa[data-kb-block=\"kb-adv-heading31_5872eb-aa\"]{padding-bottom:20px;margin-top:0px;margin-bottom:0px;text-align:center;font-style:normal;text-transform:capitalize;}.wp-block-kadence-advancedheading.kt-adv-heading31_5872eb-aa mark.kt-highlight, .wp-block-kadence-advancedheading.kt-adv-heading31_5872eb-aa[data-kb-block=\"kb-adv-heading31_5872eb-aa\"] mark.kt-highlight{font-style:normal;color:#f76a0c;-webkit-box-decoration-break:clone;box-decoration-break:clone;padding-top:0px;padding-right:0px;padding-bottom:0px;padding-left:0px;}@media all and (max-width: 767px){.wp-block-kadence-advancedheading.kt-adv-heading31_5872eb-aa, .wp-block-kadence-advancedheading.kt-adv-heading31_5872eb-aa[data-kb-block=\"kb-adv-heading31_5872eb-aa\"]{font-size:30px;text-align:center!important;}}<\/style>\n<h1 class=\"kt-adv-heading31_5872eb-aa wp-block-kadence-advancedheading has-theme-palette-9-color has-text-color\" data-kb-block=\"kb-adv-heading31_5872eb-aa\">\u00fcber TEX-BIT<\/h1>\n<\/div><\/div>\n\n<\/div><\/div>\n\n<style>.kb-row-layout-id31_976374-29 > .kt-row-column-wrap{align-content:start;}:where(.kb-row-layout-id31_976374-29 > .kt-row-column-wrap) > .wp-block-kadence-column{justify-content:start;}.kb-row-layout-id31_976374-29 > .kt-row-column-wrap{column-gap:var(--global-kb-gap-md, 2rem);row-gap:var(--global-kb-gap-md, 2rem);max-width:var( --global-content-width, 1400px );padding-left:var(--global-content-edge-padding);padding-right:var(--global-content-edge-padding);padding-top:80px;padding-right:20px;padding-bottom:80px;padding-left:20px;grid-template-columns:minmax(0, 1fr);}.kb-row-layout-id31_976374-29 > .kt-row-layout-overlay{opacity:0.30;}@media all and (max-width: 1024px){.kb-row-layout-id31_976374-29 > .kt-row-column-wrap{padding-top:60px;padding-right:20px;padding-bottom:60px;padding-left:20px;grid-template-columns:minmax(0, 1fr);}}@media all and (max-width: 767px){.kb-row-layout-id31_976374-29 > .kt-row-column-wrap{padding-top:40px;padding-right:20px;padding-bottom:40px;padding-left:20px;grid-template-columns:minmax(0, 1fr);}}<\/style><div class=\"kb-row-layout-wrap kb-row-layout-id31_976374-29 alignnone wp-block-kadence-rowlayout\"><div class=\"kt-row-column-wrap kt-has-1-columns kt-row-layout-equal kt-tab-layout-inherit kt-mobile-layout-row kt-row-valign-top kb-theme-content-width\">\n<style>.kadence-column31_aa1e35-cb > .kt-inside-inner-col,.kadence-column31_aa1e35-cb > .kt-inside-inner-col:before{border-top-left-radius:0px;border-top-right-radius:0px;border-bottom-right-radius:0px;border-bottom-left-radius:0px;}.kadence-column31_aa1e35-cb > .kt-inside-inner-col{column-gap:var(--global-kb-gap-sm, 1rem);}.kadence-column31_aa1e35-cb > .kt-inside-inner-col{flex-direction:column;}.kadence-column31_aa1e35-cb > .kt-inside-inner-col > .aligncenter{width:100%;}.kadence-column31_aa1e35-cb > .kt-inside-inner-col:before{opacity:0.3;}.kadence-column31_aa1e35-cb{position:relative;}@media all and (max-width: 1024px){.kadence-column31_aa1e35-cb > .kt-inside-inner-col{flex-direction:column;justify-content:center;}}@media all and (max-width: 767px){.kadence-column31_aa1e35-cb > .kt-inside-inner-col{flex-direction:column;justify-content:center;}}<\/style>\n<div class=\"wp-block-kadence-column kadence-column31_aa1e35-cb inner-column-1\"><div class=\"kt-inside-inner-col\"><style>.kb-row-layout-id31_ccacd1-3d > .kt-row-column-wrap{align-content:start;}:where(.kb-row-layout-id31_ccacd1-3d > .kt-row-column-wrap) > .wp-block-kadence-column{justify-content:start;}.kb-row-layout-id31_ccacd1-3d > .kt-row-column-wrap{column-gap:var(--global-kb-gap-md, 2rem);row-gap:var(--global-kb-gap-md, 2rem);padding-top:20px;padding-bottom:20px;grid-template-columns:minmax(0, 1fr);}.kb-row-layout-id31_ccacd1-3d > .kt-row-layout-overlay{opacity:0.30;}@media all and (max-width: 1024px){.kb-row-layout-id31_ccacd1-3d > .kt-row-column-wrap{grid-template-columns:minmax(0, 1fr);}}@media all and (max-width: 767px){.kb-row-layout-id31_ccacd1-3d > .kt-row-column-wrap{grid-template-columns:minmax(0, 1fr);}}<\/style><div class=\"kb-row-layout-wrap kb-row-layout-id31_ccacd1-3d alignnone wp-block-kadence-rowlayout\"><div class=\"kt-row-column-wrap kt-has-1-columns kt-row-layout-equal kt-tab-layout-inherit kt-mobile-layout-row kt-row-valign-top\">\n<style>.kadence-column31_4330a9-a2 > .kt-inside-inner-col,.kadence-column31_4330a9-a2 > .kt-inside-inner-col:before{border-top-left-radius:0px;border-top-right-radius:0px;border-bottom-right-radius:0px;border-bottom-left-radius:0px;}.kadence-column31_4330a9-a2 > .kt-inside-inner-col{column-gap:var(--global-kb-gap-sm, 1rem);}.kadence-column31_4330a9-a2 > .kt-inside-inner-col{flex-direction:column;}.kadence-column31_4330a9-a2 > .kt-inside-inner-col > .aligncenter{width:100%;}.kadence-column31_4330a9-a2 > .kt-inside-inner-col:before{opacity:0.3;}.kadence-column31_4330a9-a2{position:relative;}@media all and (max-width: 1024px){.kadence-column31_4330a9-a2 > .kt-inside-inner-col{flex-direction:column;justify-content:center;}}@media all and (max-width: 767px){.kadence-column31_4330a9-a2 > .kt-inside-inner-col{flex-direction:column;justify-content:center;}}<\/style>\n<div class=\"wp-block-kadence-column kadence-column31_4330a9-a2\"><div class=\"kt-inside-inner-col\">\n<p><strong>TEX-BIT<\/strong> ist ein technologieorientiertes Unternehmen, das sich der Beschleunigung der digitalen und intelligenten Transformation traditioneller Branchen verschrieben hat. Durch die Integration von Spitzentechnologien - einschlie\u00dflich k\u00fcnstlicher Intelligenz (KI), Radiofrequenz-Identifikation (RFID), Software as a Service (SaaS) und Cloud Computing - bieten wir eine End-to-End-L\u00f6sung f\u00fcr die Lieferkette, die effizienter und einfacher zu bedienen ist und weniger Energie und Arbeitskr\u00e4fte verbraucht.<\/p>\n\n\n\n<h2 class=\"wp-block-heading\"><strong>Wegweisendes digitales Textilmanagement<\/strong><\/h2>\n\n\n\n<p>In den letzten Jahren haben wir erfolgreich eine umfassende Textilmanagement-Plattform f\u00fcr mehrere der weltweit f\u00fchrenden internationalen Hotelgruppen entwickelt. Diese Plattform deckt den gesamten Lebenszyklus von Textilien ab, von den Textilherstellern \u00fcber die Textilservicegruppen bis hin zum Textilrecyclingsystem.<\/p>\n\n\n\n<p>Wir freuen uns sehr \u00fcber das wachsende Interesse und die gro\u00dfe Aufmerksamkeit, die unsere systematischen L\u00f6sungen bei zahlreichen Unternehmen des Gastgewerbes, des Gesundheitswesens, der Textilindustrie und der Luftfahrtindustrie auf der ganzen Welt finden.<\/p>\n\n\n\n<h2 class=\"wp-block-heading\"><strong>Mehr als 30 Jahre RFID-Erfahrung<\/strong><\/h2>\n\n\n\n<p>Auf der Grundlage von drei Jahrzehnten fundierter Fachkenntnisse in den Bereichen RFID und Auto-ID-Technologien und umfangreicher praktischer Erfahrung haben wir erhebliche Ressourcen in die grundlegende Forschung und Entwicklung gesteckt. Unser Fachwissen umfasst alle Facetten von RFID-Systemen, einschlie\u00dflich Transpondern und kundenspezifischen Verkapselungsl\u00f6sungen. Durch kontinuierliche Innovation haben wir eine nachgewiesene Erfolgsbilanz bei der Entwicklung hochspezialisierter L\u00f6sungen, die auf ein breites Spektrum von Anwendungen zugeschnitten sind.<\/p>\n\n\n\n<p>Als f\u00fchrender Spezialist f\u00fcr RFID-Technik erstreckt sich unser Leistungsspektrum \u00fcber mehrere Branchen:<\/p>\n\n\n\n<ul class=\"wp-block-list\">\n<li>Modetextil-Marken<\/li>\n\n\n\n<li>Verwaltung von Arbeitskleidung und Uniformen<\/li>\n\n\n\n<li>W\u00e4schemanagement im Hotel- und Gastst\u00e4ttengewerbe<\/li>\n\n\n\n<li>Textilmanagement im Gesundheitswesen<\/li>\n\n\n\n<li>Reinigungs- und Sanit\u00e4rdienstleistungen<\/li>\n<\/ul>\n\n\n\n<p>Unsere L\u00f6sungen sind darauf ausgerichtet, die betriebliche Effizienz zu optimieren, die R\u00fcckverfolgbarkeit zu verbessern und die Einhaltung von Industriestandards zu gew\u00e4hrleisten.<\/p>\n\n\n\n<h2 class=\"wp-block-heading\"><strong>Globale Pr\u00e4senz mit einem europ\u00e4ischen Kern<\/strong><\/h2>\n\n\n\n<p>Derzeit konzentrieren sich unsere Aktivit\u00e4ten auf Mittel- und Westeuropa (90%), mit einer wachsenden Pr\u00e4senz in Nordamerika (10%). Mit der bevorstehenden Umsetzung der DPP-Vorschriften steigt die Nachfrage der Textilindustrie nach unseren umfassenden digitalen L\u00f6sungen. Diese Angebote zeichnen sich durch hohe Leistung, skalierbare Kapazit\u00e4t, \u00fcberragende Konsistenz und Kosteneffizienz aus und bieten durchg\u00e4ngige Transparenz und Kontrolle \u00fcber den gesamten Lebenszyklus von Textilien.<\/p>\n<\/div><\/div>\n\n<\/div><\/div><\/div><\/div>\n\n<\/div><\/div>\n\n\n<p><\/p>","protected":false},"excerpt":{"rendered":"<p>\u00dcber TEX-BIT TEX-BIT ist ein technologieorientiertes Unternehmen, das sich der Beschleunigung der digitalen und intelligenten Transformation traditioneller Branchen verschrieben hat. Durch die Integration von Spitzentechnologien - einschlie\u00dflich K\u00fcnstlicher Intelligenz (KI), Radiofrequenz-Identifikation (RFID), Software as a Service (SaaS) und Cloud Computing - liefern wir eine durchg\u00e4ngige Lieferkettenl\u00f6sung, die effizienter und einfacher zu bedienen ist und weniger Energie und Arbeit verbraucht....<\/p>","protected":false},"author":2,"featured_media":0,"parent":0,"menu_order":6,"comment_status":"closed","ping_status":"closed","template":"","meta":{"_kad_blocks_custom_css":"","_kad_blocks_head_custom_js":"","_kad_blocks_body_custom_js":"","_kad_blocks_footer_custom_js":"","_kadence_starter_templates_imported_post":true,"_kad_post_transparent":"","_kad_post_title":"hide","_kad_post_layout":"fullwidth","_kad_post_sidebar_id":"","_kad_post_content_style":"unboxed","_kad_post_vertical_padding":"hide","_kad_post_feature":"hide","_kad_post_feature_position":"","_kad_post_header":false,"_kad_post_footer":false,"footnotes":""},"class_list":["post-31","page","type-page","status-publish","hentry"],"taxonomy_info":[],"featured_image_src_large":false,"author_info":{"display_name":"TB Admin","author_link":"https:\/\/tex-bit.com\/de\/author\/tb-admin\/"},"comment_info":0,"_links":{"self":[{"href":"https:\/\/tex-bit.com\/de\/wp-json\/wp\/v2\/pages\/31","targetHints":{"allow":["GET"]}}],"collection":[{"href":"https:\/\/tex-bit.com\/de\/wp-json\/wp\/v2\/pages"}],"about":[{"href":"https:\/\/tex-bit.com\/de\/wp-json\/wp\/v2\/types\/page"}],"author":[{"embeddable":true,"href":"https:\/\/tex-bit.com\/de\/wp-json\/wp\/v2\/users\/2"}],"replies":[{"embeddable":true,"href":"https:\/\/tex-bit.com\/de\/wp-json\/wp\/v2\/comments?post=31"}],"version-history":[{"count":0,"href":"https:\/\/tex-bit.com\/de\/wp-json\/wp\/v2\/pages\/31\/revisions"}],"wp:attachment":[{"href":"https:\/\/tex-bit.com\/de\/wp-json\/wp\/v2\/media?parent=31"}],"curies":[{"name":"wp","href":"https:\/\/api.w.org\/{rel}","templated":true}]}}