{"id":842,"date":"2024-05-23T12:05:48","date_gmt":"2024-05-23T12:05:48","guid":{"rendered":"https:\/\/test.tex-bit.com\/?page_id=842"},"modified":"2025-04-23T18:54:42","modified_gmt":"2025-04-24T02:54:42","slug":"wasche-rfid-tags-fur-kleidung","status":"publish","type":"page","link":"https:\/\/tex-bit.com\/de\/wasche-rfid-tags-fur-kleidung\/","title":{"rendered":"Kleidung, Mode"},"content":{"rendered":"<style>.kb-row-layout-id842_fdfbfd-94 > .kt-row-column-wrap{align-content:start;}:where(.kb-row-layout-id842_fdfbfd-94 > .kt-row-column-wrap) > .wp-block-kadence-column{justify-content:start;}.kb-row-layout-id842_fdfbfd-94 > .kt-row-column-wrap{column-gap:var(--global-kb-gap-md, 2rem);row-gap:var(--global-kb-gap-md, 2rem);max-width:600px;margin-left:auto;margin-right:auto;padding-top:120px;padding-right:0px;padding-bottom:120px;padding-left:0px;grid-template-columns:minmax(0, 1fr);}.kb-row-layout-id842_fdfbfd-94 > .kt-row-layout-overlay{opacity:1;background-image:url('https:\/\/tex-bit.com\/wp-content\/uploads\/2024\/05\/RFID-Products-TEXBIT-RFID-Tag-Manufacturer.webp');background-size:cover;background-position:50% 40%;background-attachment:scroll;background-repeat:no-repeat;mix-blend-mode:normal;}@media all and (max-width: 1024px){.kb-row-layout-id842_fdfbfd-94 > .kt-row-column-wrap{padding-top:80px;padding-right:20px;padding-bottom:80px;padding-left:20px;grid-template-columns:minmax(0, 1fr);}}@media all and (max-width: 767px){.kb-row-layout-id842_fdfbfd-94 > .kt-row-column-wrap{grid-template-columns:minmax(0, 1fr);}}<\/style><div class=\"kb-row-layout-wrap kb-row-layout-id842_fdfbfd-94 alignfull has-theme-palette3-background-color kt-row-has-bg wp-block-kadence-rowlayout\"><div class=\"kt-row-layout-overlay kt-row-overlay-normal\"><\/div><div class=\"kt-row-column-wrap kt-has-1-columns kt-row-layout-equal kt-tab-layout-inherit kt-mobile-layout-row kt-row-valign-top\">\n<style>.kadence-column842_e29623-76 > .kt-inside-inner-col{padding-right:0px;padding-left:0px;}.kadence-column842_e29623-76 > .kt-inside-inner-col,.kadence-column842_e29623-76 > .kt-inside-inner-col:before{border-top-left-radius:0px;border-top-right-radius:0px;border-bottom-right-radius:0px;border-bottom-left-radius:0px;}.kadence-column842_e29623-76 > .kt-inside-inner-col{column-gap:var(--global-kb-gap-sm, 1rem);}.kadence-column842_e29623-76 > .kt-inside-inner-col{flex-direction:column;}.kadence-column842_e29623-76 > .kt-inside-inner-col > .aligncenter{width:100%;}.kadence-column842_e29623-76 > .kt-inside-inner-col:before{opacity:0.3;}.kadence-column842_e29623-76{position:relative;}.kadence-column842_e29623-76, .kt-inside-inner-col > .kadence-column842_e29623-76:not(.specificity){margin-right:0px;margin-left:0px;}@media all and (max-width: 1024px){.kadence-column842_e29623-76 > .kt-inside-inner-col{flex-direction:column;justify-content:center;}}@media all and (max-width: 767px){.kadence-column842_e29623-76 > .kt-inside-inner-col{padding-top:20px;padding-right:20px;padding-bottom:20px;padding-left:20px;flex-direction:column;justify-content:center;}}<\/style>\n<div class=\"wp-block-kadence-column kadence-column842_e29623-76 inner-column-1\"><div class=\"kt-inside-inner-col\"><style>.wp-block-kadence-advancedheading.kt-adv-heading842_04d3fb-7c, .wp-block-kadence-advancedheading.kt-adv-heading842_04d3fb-7c[data-kb-block=\"kb-adv-heading842_04d3fb-7c\"]{padding-bottom:20px;margin-top:0px;margin-bottom:0px;text-align:center;font-style:normal;text-transform:capitalize;}.wp-block-kadence-advancedheading.kt-adv-heading842_04d3fb-7c mark.kt-highlight, .wp-block-kadence-advancedheading.kt-adv-heading842_04d3fb-7c[data-kb-block=\"kb-adv-heading842_04d3fb-7c\"] mark.kt-highlight{font-style:normal;color:#f76a0c;-webkit-box-decoration-break:clone;box-decoration-break:clone;padding-top:0px;padding-right:0px;padding-bottom:0px;padding-left:0px;}@media all and (max-width: 767px){.wp-block-kadence-advancedheading.kt-adv-heading842_04d3fb-7c, .wp-block-kadence-advancedheading.kt-adv-heading842_04d3fb-7c[data-kb-block=\"kb-adv-heading842_04d3fb-7c\"]{font-size:30px;text-align:center!important;}}<\/style>\n<h1 class=\"kt-adv-heading842_04d3fb-7c wp-block-kadence-advancedheading has-theme-palette-9-color has-text-color\" data-kb-block=\"kb-adv-heading842_04d3fb-7c\">Kleidung, Mode<\/h1>\n<\/div><\/div>\n\n<\/div><\/div>\n\n<style>.kadence-column842_6c251f-45 > .kt-inside-inner-col,.kadence-column842_6c251f-45 > .kt-inside-inner-col:before{border-top-left-radius:0px;border-top-right-radius:0px;border-bottom-right-radius:0px;border-bottom-left-radius:0px;}.kadence-column842_6c251f-45 > .kt-inside-inner-col{column-gap:var(--global-kb-gap-sm, 1rem);}.kadence-column842_6c251f-45 > .kt-inside-inner-col{flex-direction:column;}.kadence-column842_6c251f-45 > .kt-inside-inner-col > .aligncenter{width:100%;}.kadence-column842_6c251f-45 > .kt-inside-inner-col:before{opacity:0.3;}.kadence-column842_6c251f-45{position:relative;}@media all and (max-width: 1024px){.kadence-column842_6c251f-45 > .kt-inside-inner-col{flex-direction:column;justify-content:center;}}@media all and (max-width: 767px){.kadence-column842_6c251f-45 > .kt-inside-inner-col{flex-direction:column;justify-content:center;}}<\/style>\n<div class=\"wp-block-kadence-column kadence-column842_6c251f-45 alignfull\"><div class=\"kt-inside-inner-col\"><style>.kb-row-layout-id842_3056eb-de > .kt-row-column-wrap{align-content:start;}:where(.kb-row-layout-id842_3056eb-de > .kt-row-column-wrap) > .wp-block-kadence-column{justify-content:start;}.kb-row-layout-id842_3056eb-de > .kt-row-column-wrap{column-gap:var(--global-kb-gap-md, 2rem);row-gap:var(--global-kb-gap-md, 2rem);max-width:var( --global-content-width, 1400px );padding-left:var(--global-content-edge-padding);padding-right:var(--global-content-edge-padding);padding-top:var(--global-kb-spacing-lg, 3rem);padding-bottom:var(--global-kb-spacing-lg, 3rem);grid-template-columns:minmax(0, 1fr);}.kb-row-layout-id842_3056eb-de > .kt-row-layout-overlay{opacity:0.30;}@media all and (max-width: 1024px){.kb-row-layout-id842_3056eb-de > .kt-row-column-wrap{grid-template-columns:minmax(0, 1fr);}}@media all and (max-width: 767px){.kb-row-layout-id842_3056eb-de > .kt-row-column-wrap{grid-template-columns:minmax(0, 1fr);}}<\/style><div class=\"kb-row-layout-wrap kb-row-layout-id842_3056eb-de alignnone wp-block-kadence-rowlayout\"><div class=\"kt-row-column-wrap kt-has-1-columns kt-row-layout-equal kt-tab-layout-inherit kt-mobile-layout-row kt-row-valign-top kb-theme-content-width\">\n<style>.kadence-column842_656350-21 > .kt-inside-inner-col,.kadence-column842_656350-21 > .kt-inside-inner-col:before{border-top-left-radius:0px;border-top-right-radius:0px;border-bottom-right-radius:0px;border-bottom-left-radius:0px;}.kadence-column842_656350-21 > .kt-inside-inner-col{column-gap:var(--global-kb-gap-sm, 1rem);}.kadence-column842_656350-21 > .kt-inside-inner-col{flex-direction:column;}.kadence-column842_656350-21 > .kt-inside-inner-col > .aligncenter{width:100%;}.kadence-column842_656350-21 > .kt-inside-inner-col:before{opacity:0.3;}.kadence-column842_656350-21{position:relative;}@media all and (max-width: 1024px){.kadence-column842_656350-21 > .kt-inside-inner-col{flex-direction:column;justify-content:center;}}@media all and (max-width: 767px){.kadence-column842_656350-21 > .kt-inside-inner-col{flex-direction:column;justify-content:center;}}<\/style>\n<div class=\"wp-block-kadence-column kadence-column842_656350-21\"><div class=\"kt-inside-inner-col\">\n<h2 class=\"wp-block-heading\">Waschbare RFID-Etiketten f\u00fcr Kleidung<\/h2>\n\n\n\n<p>Da sich die Mode- und Bekleidungsindustrie st\u00e4ndig weiterentwickelt, wird der Bedarf an fortschrittlichen Technologiel\u00f6sungen zur Steigerung der betrieblichen Effizienz, zur Verbesserung des Kundenerlebnisses und zur Unterst\u00fctzung von Nachhaltigkeitsbestrebungen immer wichtiger. Die RFID-Technologie hat sich als leistungsf\u00e4higes Instrument zur Erreichung dieser Ziele erwiesen, insbesondere im Bereich der W\u00e4sche- und Textilverwaltung. Der Einsatz von RFID-Etiketten f\u00fcr W\u00e4sche, Bekleidung und Mode hat die Art und Weise, wie Unternehmen ihre W\u00e4sche und Textilien verwalten, revolutioniert und erm\u00f6glicht eine Nachverfolgung in Echtzeit, eine verbesserte Bestandsverwaltung, eine bessere Transparenz der Lieferkette und eine gr\u00f6\u00dfere Nachhaltigkeit.<\/p>\n\n\n\n<p>RFID-W\u00e4schemarken sind kleine, haltbare und waschbare Chips, die an Kleidungsst\u00fccken und anderen Textilprodukten angebracht werden k\u00f6nnen.\u00a0<a href=\"https:\/\/tex-bit.com\/rfid-laundry-products\/\">TEX-BIT RFID-W\u00e4scheanh\u00e4nger<\/a>\u00a0halten den h\u00e4rtesten Bedingungen in der W\u00e4scherei stand und zeichnen sich durch eine lange Lebensdauer, gute Leistung und stabile Konsistenz aus. Verschiedene Anlagen k\u00f6nnen je nach Wahl des Kunden unterschiedliche Anwendungsanforderungen erf\u00fcllen, z. B. N\u00e4hen, Hei\u00dfsiegeln, Aufh\u00e4ngen, Beuteln usw.<\/p>\n\n\n\n<h2 class=\"wp-block-heading\">Vorteile auf einen Blick<\/h2>\n\n\n\n<p><strong>1, Verbesserte Bestandsverwaltung<\/strong><\/p>\n\n\n\n<p>RFID-Etiketten erm\u00f6glichen die Verfolgung von Kleidungsst\u00fccken in Echtzeit, so dass Einzelh\u00e4ndler Produkte schnell lokalisieren und Fehlbest\u00e4nde reduzieren k\u00f6nnen. Dies hilft Einzelh\u00e4ndlern, ihre Lagerbest\u00e4nde zu optimieren, Abfall zu reduzieren und die Kundenzufriedenheit zu verbessern. Mit RFID-Etiketten k\u00f6nnen Einzelh\u00e4ndler ihre Best\u00e4nde genau verfolgen und verwalten, den Zeitaufwand f\u00fcr das manuelle Z\u00e4hlen von Artikeln reduzieren und die Auff\u00fcllung der Regale automatisieren.<\/p>\n\n\n\n<p><strong>2, Steigerung der betrieblichen Effizienz<\/strong><\/p>\n\n\n\n<p>Mit RFID-Etiketten versehene Kleidung und Mode kann Einzelh\u00e4ndlern helfen, ihre Abl\u00e4ufe zu optimieren, indem sie die Transparenz in der Lieferkette verbessern, Versandfehler reduzieren und \u00fcbersch\u00fcssige Best\u00e4nde minimieren. Die RFID-Technologie erm\u00f6glicht es Unternehmen, Produkte auf ihrem Weg durch die Lieferkette zu verfolgen und bietet Einzelh\u00e4ndlern und Herstellern Transparenz.<\/p>\n\n\n\n<p><strong>3, Verbesserung der Kundenerfahrung<\/strong><\/p>\n\n\n\n<p>RFID-Etiketten mit zwei Frequenzen k\u00f6nnen interaktive Erlebnisse f\u00fcr Kunden schaffen, z. B. indem sie die Etiketten an Kleidungsst\u00fccken mit ihren mobilen Ger\u00e4ten scannen, um Produktinformationen, Empfehlungen und Werbeaktionen zu erhalten. Einzelh\u00e4ndler k\u00f6nnen RFID-Etiketten auch nutzen, um personalisierte Empfehlungen zu erstellen und den Kundenservice zu verbessern, indem sie gew\u00fcnschte Artikel schnell auffinden.<\/p>\n\n\n\n<p><strong>4, Nachhaltigkeit<\/strong><\/p>\n\n\n\n<p>RFID-Etiketten k\u00f6nnen Einzelh\u00e4ndlern helfen, Abfall zu reduzieren, indem sie die Bestandsverwaltung verbessern, \u00dcberproduktionen abbauen und \u00dcberbest\u00e4nde minimieren. Die RFID-Technologie erm\u00f6glicht es Einzelh\u00e4ndlern, ihre Best\u00e4nde zu optimieren und so die Menge an unverkauftem Inventar zu reduzieren, das auf M\u00fclldeponien landet. Dies tr\u00e4gt zur Abfallvermeidung bei und unterst\u00fctzt die Bem\u00fchungen um Nachhaltigkeit.<\/p>\n<\/div><\/div>\n\n<\/div><\/div><\/div><\/div>\n\n\n<style>.kadence-column842_409ea1-2b > .kt-inside-inner-col,.kadence-column842_409ea1-2b > .kt-inside-inner-col:before{border-top-left-radius:0px;border-top-right-radius:0px;border-bottom-right-radius:0px;border-bottom-left-radius:0px;}.kadence-column842_409ea1-2b > .kt-inside-inner-col{column-gap:var(--global-kb-gap-sm, 1rem);}.kadence-column842_409ea1-2b > .kt-inside-inner-col{flex-direction:column;}.kadence-column842_409ea1-2b > .kt-inside-inner-col > .aligncenter{width:100%;}.kadence-column842_409ea1-2b > .kt-inside-inner-col:before{opacity:0.3;}.kadence-column842_409ea1-2b{position:relative;}@media all and (max-width: 1024px){.kadence-column842_409ea1-2b > .kt-inside-inner-col{flex-direction:column;justify-content:center;}}@media all and (max-width: 767px){.kadence-column842_409ea1-2b > .kt-inside-inner-col{flex-direction:column;justify-content:center;}}<\/style>\n<div class=\"wp-block-kadence-column kadence-column842_409ea1-2b alignfull\"><div class=\"kt-inside-inner-col\"><style>.kb-row-layout-id842_ecf3c0-cf > .kt-row-column-wrap{align-content:start;}:where(.kb-row-layout-id842_ecf3c0-cf > .kt-row-column-wrap) > .wp-block-kadence-column{justify-content:start;}.kb-row-layout-id842_ecf3c0-cf > .kt-row-column-wrap{column-gap:var(--global-kb-gap-md, 2rem);row-gap:var(--global-kb-gap-md, 2rem);max-width:var( --global-content-width, 1400px );padding-left:var(--global-content-edge-padding);padding-right:var(--global-content-edge-padding);padding-top:var(--global-kb-spacing-sm, 1.5rem);padding-bottom:var(--global-kb-spacing-sm, 1.5rem);grid-template-columns:minmax(0, 1fr);}.kb-row-layout-id842_ecf3c0-cf > .kt-row-layout-overlay{opacity:0.30;}@media all and (max-width: 1024px){.kb-row-layout-id842_ecf3c0-cf > .kt-row-column-wrap{grid-template-columns:minmax(0, 1fr);}}@media all and (max-width: 767px){.kb-row-layout-id842_ecf3c0-cf > .kt-row-column-wrap{grid-template-columns:minmax(0, 1fr);}}<\/style><div class=\"kb-row-layout-wrap kb-row-layout-id842_ecf3c0-cf alignnone has-theme-palette7-background-color kt-row-has-bg wp-block-kadence-rowlayout\"><div class=\"kt-row-column-wrap kt-has-1-columns kt-row-layout-equal kt-tab-layout-inherit kt-mobile-layout-row kt-row-valign-top kb-theme-content-width\">\n<style>.kadence-column842_bb748b-34 > .kt-inside-inner-col,.kadence-column842_bb748b-34 > .kt-inside-inner-col:before{border-top-left-radius:0px;border-top-right-radius:0px;border-bottom-right-radius:0px;border-bottom-left-radius:0px;}.kadence-column842_bb748b-34 > .kt-inside-inner-col{column-gap:var(--global-kb-gap-sm, 1rem);}.kadence-column842_bb748b-34 > .kt-inside-inner-col{flex-direction:column;}.kadence-column842_bb748b-34 > .kt-inside-inner-col > .aligncenter{width:100%;}.kadence-column842_bb748b-34 > .kt-inside-inner-col:before{opacity:0.3;}.kadence-column842_bb748b-34{position:relative;}@media all and (max-width: 1024px){.kadence-column842_bb748b-34 > .kt-inside-inner-col{flex-direction:column;justify-content:center;}}@media all and (max-width: 767px){.kadence-column842_bb748b-34 > .kt-inside-inner-col{flex-direction:column;justify-content:center;}}<\/style>\n<div class=\"wp-block-kadence-column kadence-column842_bb748b-34\"><div class=\"kt-inside-inner-col\">\n<h4 class=\"wp-block-heading\">Diese Themen k\u00f6nnten Sie auch interessieren...<\/h4>\n\n\n<style>.kt-post-loop842_7f34c9-e1 .kadence-post-image{padding-top:0px;padding-right:0px;padding-bottom:0px;padding-left:0px;}.kt-post-loop842_7f34c9-e1 .kt-post-grid-wrap{gap:30px 30px;}.kt-post-loop842_7f34c9-e1 .kt-blocks-post-grid-item{border-top-left-radius:0px;border-top-right-radius:0px;border-bottom-right-radius:0px;border-bottom-left-radius:0px;overflow:hidden;}.kt-post-loop842_7f34c9-e1 .kt-blocks-post-grid-item .kt-blocks-post-grid-item-inner{padding-top:15px;padding-right:25px;padding-bottom:25px;padding-left:25px;}.kt-post-loop842_7f34c9-e1 .kt-blocks-post-grid-item header{padding-top:0px;padding-right:0px;padding-bottom:10px;padding-left:0px;margin-top:0px;margin-right:0px;margin-bottom:0px;margin-left:0px;}.kt-post-loop842_7f34c9-e1 .kt-blocks-post-grid-item .entry-title{padding-top:10px;padding-right:0px;padding-bottom:5px;padding-left:0px;margin-top:0px;margin-right:0px;margin-bottom:0px;margin-left:0px;font-size:16px;line-height:5px;}.kt-post-loop842_7f34c9-e1 .kt-blocks-post-grid-item .kt-blocks-post-top-meta{color:#777777;}.kt-post-loop842_7f34c9-e1 .kt-blocks-post-grid-item .kt-blocks-post-top-meta a{color:#777777;}.kt-post-loop842_7f34c9-e1 .kt-blocks-post-grid-item .kt-blocks-post-top-meta a:hover{color:#444444;}.kt-post-loop842_7f34c9-e1 .entry-content{padding-top:0px;padding-right:0px;padding-bottom:0px;padding-left:0px;margin-top:0px;margin-right:0px;margin-bottom:0px;margin-left:0px;}.kt-post-loop842_7f34c9-e1 .kt-blocks-post-footer{color:#777777;border-top-width:0px;border-right-width:0px;border-bottom-width:0px;border-left-width:0px;padding-top:0px;padding-right:0px;padding-bottom:0px;padding-left:0px;margin-top:0px;margin-right:0px;margin-bottom:0px;margin-left:0px;font-size:12px;line-height:20px;}.kt-post-loop842_7f34c9-e1 .entry-content:after{height:0px;}.kt-post-loop842_7f34c9-e1 .kt-blocks-post-footer a{color:#777777;}.kt-post-loop842_7f34c9-e1 .kt-blocks-post-footer a:hover{color:#444444;}.kt-post-loop842_7f34c9-e1 .kb-filter-item{border-top-width:0px;border-right-width:0px;border-bottom-width:2px;border-left-width:0px;padding-top:5px;padding-right:8px;padding-bottom:5px;padding-left:8px;margin-top:0px;margin-right:10px;margin-bottom:0px;margin-left:0px;}<\/style><div class=\"wp-block-kadence-postgrid kt-blocks-post-loop-block aligncenter kt-post-loop842_7f34c9-e1 kt-post-grid-layout-grid\"><div class=\"kt-post-grid-layout-grid-wrap kt-post-grid-wrap\" data-columns-xxl=\"4\" data-columns-xl=\"4\" data-columns-md=\"4\" data-columns-sm=\"3\" data-columns-xs=\"2\" data-columns-ss=\"2\"data-item-selector=\".kt-post-masonry-item\"><article class=\"kt-blocks-post-grid-item post-838 page type-page status-publish has-post-thumbnail hentry\"><div class=\"kt-blocks-post-grid-item-inner-wrap kt-feat-image-align-top kt-feat-image-mobile-align-top\"><div class=\"kadence-post-image\"><div class=\"kadence-post-image-intrisic kt-image-ratio-66-67\" style=\"padding-bottom:66.67%;\"><div class=\"kadence-post-image-inner-intrisic\"><a href=\"https:\/\/tex-bit.com\/de\/rfid-tag-fur-uniformverleih\/\" aria-label=\"Lesen Sie mehr Uniform, Arbeitskleidung\" class=\"kadence-post-image-inner-wrap\"><img loading=\"lazy\" decoding=\"async\" width=\"600\" height=\"400\" src=\"https:\/\/tex-bit.com\/wp-content\/uploads\/2024\/05\/RFID-Laundry-Chip-for-Workwear.webp\" class=\"attachment-large size-large wp-post-image\" alt=\"RFID-W\u00e4schechip f\u00fcr den Verleih von Arbeitskleidung und Uniformen\" srcset=\"https:\/\/tex-bit.com\/wp-content\/uploads\/2024\/05\/RFID-Laundry-Chip-for-Workwear.webp 600w, https:\/\/tex-bit.com\/wp-content\/uploads\/2024\/05\/RFID-Laundry-Chip-for-Workwear-300x200.webp 300w\" sizes=\"auto, (max-width: 600px) 100vw, 600px\" \/><\/a><\/div><\/div><\/div><div class=\"kt-blocks-post-grid-item-inner\"><header><h5 class=\"entry-title\"><a href=\"https:\/\/tex-bit.com\/de\/rfid-tag-fur-uniformverleih\/\">Uniform, Arbeitskleidung<\/a><\/h5><div class=\"kt-blocks-post-top-meta\"><\/div><\/header><div class=\"entry-content\"><\/div><footer class=\"kt-blocks-post-footer\"><div class=\"kt-blocks-post-footer-left\"><\/div><div class=\"kt-blocks-post-footer-right\"><\/div><\/footer><\/div><\/div><\/article><article class=\"kt-blocks-post-grid-item post-840 page type-page status-publish has-post-thumbnail hentry\"><div class=\"kt-blocks-post-grid-item-inner-wrap kt-feat-image-align-top kt-feat-image-mobile-align-top\"><div class=\"kadence-post-image\"><div class=\"kadence-post-image-intrisic kt-image-ratio-66-67\" style=\"padding-bottom:66.67%;\"><div class=\"kadence-post-image-inner-intrisic\"><a href=\"https:\/\/tex-bit.com\/de\/rfid-etiketten-fur-die-wascherei-im-gastgewerbe\/\" aria-label=\"Mehr lesen Gastfreundschaft\" class=\"kadence-post-image-inner-wrap\"><img loading=\"lazy\" decoding=\"async\" width=\"600\" height=\"400\" src=\"https:\/\/tex-bit.com\/wp-content\/uploads\/2024\/05\/RFID-Linen-Tag-for-Hotel-Hospitality.webp\" class=\"attachment-large size-large wp-post-image\" alt=\"RFID-W\u00e4schemarke f\u00fcr das Hotelgewerbe\" srcset=\"https:\/\/tex-bit.com\/wp-content\/uploads\/2024\/05\/RFID-Linen-Tag-for-Hotel-Hospitality.webp 600w, https:\/\/tex-bit.com\/wp-content\/uploads\/2024\/05\/RFID-Linen-Tag-for-Hotel-Hospitality-300x200.webp 300w\" sizes=\"auto, (max-width: 600px) 100vw, 600px\" \/><\/a><\/div><\/div><\/div><div class=\"kt-blocks-post-grid-item-inner\"><header><h5 class=\"entry-title\"><a href=\"https:\/\/tex-bit.com\/de\/rfid-etiketten-fur-die-wascherei-im-gastgewerbe\/\">Gastfreundschaft<\/a><\/h5><div class=\"kt-blocks-post-top-meta\"><\/div><\/header><div class=\"entry-content\"><\/div><footer class=\"kt-blocks-post-footer\"><div class=\"kt-blocks-post-footer-left\"><\/div><div class=\"kt-blocks-post-footer-right\"><\/div><\/footer><\/div><\/div><\/article><article class=\"kt-blocks-post-grid-item post-844 page type-page status-publish has-post-thumbnail hentry\"><div class=\"kt-blocks-post-grid-item-inner-wrap kt-feat-image-align-top kt-feat-image-mobile-align-top\"><div class=\"kadence-post-image\"><div class=\"kadence-post-image-intrisic kt-image-ratio-66-67\" style=\"padding-bottom:66.67%;\"><div class=\"kadence-post-image-inner-intrisic\"><a href=\"https:\/\/tex-bit.com\/de\/rfid-etiketten-fur-wasche-im-gesundheitswesen\/\" aria-label=\"Mehr lesen Gesundheitswesen\" class=\"kadence-post-image-inner-wrap\"><img loading=\"lazy\" decoding=\"async\" width=\"600\" height=\"400\" src=\"https:\/\/tex-bit.com\/wp-content\/uploads\/2024\/05\/RFID-Smart-Linen-Tag-for-Healthcare.webp\" class=\"attachment-large size-large wp-post-image\" alt=\"RFID Smart Linen Tag f\u00fcr das Gesundheitswesen\" srcset=\"https:\/\/tex-bit.com\/wp-content\/uploads\/2024\/05\/RFID-Smart-Linen-Tag-for-Healthcare.webp 600w, https:\/\/tex-bit.com\/wp-content\/uploads\/2024\/05\/RFID-Smart-Linen-Tag-for-Healthcare-300x200.webp 300w\" sizes=\"auto, (max-width: 600px) 100vw, 600px\" \/><\/a><\/div><\/div><\/div><div class=\"kt-blocks-post-grid-item-inner\"><header><h5 class=\"entry-title\"><a href=\"https:\/\/tex-bit.com\/de\/rfid-etiketten-fur-wasche-im-gesundheitswesen\/\">Gesundheitswesen<\/a><\/h5><div class=\"kt-blocks-post-top-meta\"><\/div><\/header><div class=\"entry-content\"><\/div><footer class=\"kt-blocks-post-footer\"><div class=\"kt-blocks-post-footer-left\"><\/div><div class=\"kt-blocks-post-footer-right\"><\/div><\/footer><\/div><\/div><\/article><article class=\"kt-blocks-post-grid-item post-846 page type-page status-publish has-post-thumbnail hentry\"><div class=\"kt-blocks-post-grid-item-inner-wrap kt-feat-image-align-top kt-feat-image-mobile-align-top\"><div class=\"kadence-post-image\"><div class=\"kadence-post-image-intrisic kt-image-ratio-66-67\" style=\"padding-bottom:66.67%;\"><div class=\"kadence-post-image-inner-intrisic\"><a href=\"https:\/\/tex-bit.com\/de\/smart-linen-rfid-tag-fur-matten\/\" aria-label=\"Lesen Sie mehr Bodenschutz\" class=\"kadence-post-image-inner-wrap\"><img loading=\"lazy\" decoding=\"async\" width=\"600\" height=\"400\" src=\"https:\/\/tex-bit.com\/wp-content\/uploads\/2024\/05\/Smart-Linen-Tag-for-Cleaning.webp\" class=\"attachment-large size-large wp-post-image\" alt=\"Smart Linen Tag f\u00fcr die Reinigung\" srcset=\"https:\/\/tex-bit.com\/wp-content\/uploads\/2024\/05\/Smart-Linen-Tag-for-Cleaning.webp 600w, https:\/\/tex-bit.com\/wp-content\/uploads\/2024\/05\/Smart-Linen-Tag-for-Cleaning-300x200.webp 300w\" sizes=\"auto, (max-width: 600px) 100vw, 600px\" \/><\/a><\/div><\/div><\/div><div class=\"kt-blocks-post-grid-item-inner\"><header><h5 class=\"entry-title\"><a href=\"https:\/\/tex-bit.com\/de\/smart-linen-rfid-tag-fur-matten\/\">Bodenschutz<\/a><\/h5><div class=\"kt-blocks-post-top-meta\"><\/div><\/header><div class=\"entry-content\"><\/div><footer class=\"kt-blocks-post-footer\"><div class=\"kt-blocks-post-footer-left\"><\/div><div class=\"kt-blocks-post-footer-right\"><\/div><\/footer><\/div><\/div><\/article><\/div><\/div><!-- .wp-block-kadence-postgrid --><\/div><\/div>\n\n<\/div><\/div><\/div><\/div>","protected":false},"excerpt":{"rendered":"<p>Bekleidung, Mode Waschbare RFID-Etiketten f\u00fcr Kleidung Da sich die Mode- und Bekleidungsindustrie st\u00e4ndig weiterentwickelt, wird der Bedarf an fortschrittlichen Technologiel\u00f6sungen zur Verbesserung der betrieblichen Effizienz, zur Steigerung des Kundenerlebnisses und zur Unterst\u00fctzung von Nachhaltigkeitsbem\u00fchungen immer wichtiger. Die RFID-Technologie hat sich als leistungsf\u00e4higes Instrument zur Erreichung dieser Ziele erwiesen, insbesondere in der W\u00e4scherei und...<\/p>","protected":false},"author":2,"featured_media":850,"parent":0,"menu_order":3,"comment_status":"closed","ping_status":"closed","template":"","meta":{"_kad_blocks_custom_css":"","_kad_blocks_head_custom_js":"","_kad_blocks_body_custom_js":"","_kad_blocks_footer_custom_js":"","_kadence_starter_templates_imported_post":false,"_kad_post_transparent":"","_kad_post_title":"","_kad_post_layout":"","_kad_post_sidebar_id":"","_kad_post_content_style":"","_kad_post_vertical_padding":"","_kad_post_feature":"","_kad_post_feature_position":"","_kad_post_header":false,"_kad_post_footer":false,"footnotes":""},"class_list":["post-842","page","type-page","status-publish","has-post-thumbnail","hentry"],"taxonomy_info":[],"featured_image_src_large":["https:\/\/tex-bit.com\/wp-content\/uploads\/2024\/05\/RFID-Laundry-Tag-for-Fashion-Apparel.webp",600,400,false],"author_info":{"display_name":"TB Admin","author_link":"https:\/\/tex-bit.com\/de\/author\/tb-admin\/"},"comment_info":0,"_links":{"self":[{"href":"https:\/\/tex-bit.com\/de\/wp-json\/wp\/v2\/pages\/842","targetHints":{"allow":["GET"]}}],"collection":[{"href":"https:\/\/tex-bit.com\/de\/wp-json\/wp\/v2\/pages"}],"about":[{"href":"https:\/\/tex-bit.com\/de\/wp-json\/wp\/v2\/types\/page"}],"author":[{"embeddable":true,"href":"https:\/\/tex-bit.com\/de\/wp-json\/wp\/v2\/users\/2"}],"replies":[{"embeddable":true,"href":"https:\/\/tex-bit.com\/de\/wp-json\/wp\/v2\/comments?post=842"}],"version-history":[{"count":0,"href":"https:\/\/tex-bit.com\/de\/wp-json\/wp\/v2\/pages\/842\/revisions"}],"wp:featuredmedia":[{"embeddable":true,"href":"https:\/\/tex-bit.com\/de\/wp-json\/wp\/v2\/media\/850"}],"wp:attachment":[{"href":"https:\/\/tex-bit.com\/de\/wp-json\/wp\/v2\/media?parent=842"}],"curies":[{"name":"wp","href":"https:\/\/api.w.org\/{rel}","templated":true}]}}