{"id":1054,"date":"2024-05-24T08:30:31","date_gmt":"2024-05-24T08:30:31","guid":{"rendered":"https:\/\/test.tex-bit.com\/?page_id=1054"},"modified":"2025-04-23T19:32:22","modified_gmt":"2025-04-24T03:32:22","slug":"sostenibilidad","status":"publish","type":"page","link":"https:\/\/tex-bit.com\/es\/sostenibilidad\/","title":{"rendered":"Sostenibilidad"},"content":{"rendered":"<style>.kb-row-layout-id1054_d879b5-90 > .kt-row-column-wrap{align-content:start;}:where(.kb-row-layout-id1054_d879b5-90 > .kt-row-column-wrap) > .wp-block-kadence-column{justify-content:start;}.kb-row-layout-id1054_d879b5-90 > .kt-row-column-wrap{column-gap:var(--global-kb-gap-md, 2rem);row-gap:var(--global-kb-gap-md, 2rem);max-width:600px;margin-left:auto;margin-right:auto;padding-top:120px;padding-right:0px;padding-bottom:120px;padding-left:0px;grid-template-columns:minmax(0, 1fr);}.kb-row-layout-id1054_d879b5-90 > .kt-row-layout-overlay{opacity:1;background-image:url('https:\/\/tex-bit.com\/wp-content\/uploads\/2024\/05\/Sustainability-in-Textile-Industry-with-RFID-Tag.webp');background-size:cover;background-position:50% 30%;background-attachment:scroll;background-repeat:no-repeat;mix-blend-mode:normal;}@media all and (max-width: 1024px){.kb-row-layout-id1054_d879b5-90 > .kt-row-column-wrap{padding-top:80px;padding-right:20px;padding-bottom:80px;padding-left:20px;grid-template-columns:minmax(0, 1fr);}}@media all and (max-width: 767px){.kb-row-layout-id1054_d879b5-90 > .kt-row-column-wrap{grid-template-columns:minmax(0, 1fr);}}<\/style><div class=\"kb-row-layout-wrap kb-row-layout-id1054_d879b5-90 alignfull has-theme-palette3-background-color kt-row-has-bg wp-block-kadence-rowlayout\"><div class=\"kt-row-layout-overlay kt-row-overlay-normal\"><\/div><div class=\"kt-row-column-wrap kt-has-1-columns kt-row-layout-equal kt-tab-layout-inherit kt-mobile-layout-row kt-row-valign-top\">\n<style>.kadence-column1054_390dd2-4c > .kt-inside-inner-col{padding-right:0px;padding-left:0px;}.kadence-column1054_390dd2-4c > .kt-inside-inner-col,.kadence-column1054_390dd2-4c > .kt-inside-inner-col:before{border-top-left-radius:0px;border-top-right-radius:0px;border-bottom-right-radius:0px;border-bottom-left-radius:0px;}.kadence-column1054_390dd2-4c > .kt-inside-inner-col{column-gap:var(--global-kb-gap-sm, 1rem);}.kadence-column1054_390dd2-4c > .kt-inside-inner-col{flex-direction:column;}.kadence-column1054_390dd2-4c > .kt-inside-inner-col > .aligncenter{width:100%;}.kadence-column1054_390dd2-4c > .kt-inside-inner-col:before{opacity:0.3;}.kadence-column1054_390dd2-4c{position:relative;}.kadence-column1054_390dd2-4c, .kt-inside-inner-col > .kadence-column1054_390dd2-4c:not(.specificity){margin-right:0px;margin-left:0px;}@media all and (max-width: 1024px){.kadence-column1054_390dd2-4c > .kt-inside-inner-col{flex-direction:column;justify-content:center;}}@media all and (max-width: 767px){.kadence-column1054_390dd2-4c > .kt-inside-inner-col{padding-top:20px;padding-right:20px;padding-bottom:20px;padding-left:20px;flex-direction:column;justify-content:center;}}<\/style>\n<div class=\"wp-block-kadence-column kadence-column1054_390dd2-4c inner-column-1\"><div class=\"kt-inside-inner-col\"><style>.wp-block-kadence-advancedheading.kt-adv-heading1054_cb25a0-05, .wp-block-kadence-advancedheading.kt-adv-heading1054_cb25a0-05[data-kb-block=\"kb-adv-heading1054_cb25a0-05\"]{padding-bottom:20px;margin-top:0px;margin-bottom:0px;text-align:center;font-style:normal;text-transform:capitalize;}.wp-block-kadence-advancedheading.kt-adv-heading1054_cb25a0-05 mark.kt-highlight, .wp-block-kadence-advancedheading.kt-adv-heading1054_cb25a0-05[data-kb-block=\"kb-adv-heading1054_cb25a0-05\"] mark.kt-highlight{font-style:normal;color:#f76a0c;-webkit-box-decoration-break:clone;box-decoration-break:clone;padding-top:0px;padding-right:0px;padding-bottom:0px;padding-left:0px;}@media all and (max-width: 767px){.wp-block-kadence-advancedheading.kt-adv-heading1054_cb25a0-05, .wp-block-kadence-advancedheading.kt-adv-heading1054_cb25a0-05[data-kb-block=\"kb-adv-heading1054_cb25a0-05\"]{font-size:30px;text-align:center!important;}}<\/style>\n<h1 class=\"kt-adv-heading1054_cb25a0-05 wp-block-kadence-advancedheading has-theme-palette-9-color has-text-color\" data-kb-block=\"kb-adv-heading1054_cb25a0-05\">Sostenibilidad<\/h1>\n<\/div><\/div>\n\n<\/div><\/div>\n\n<style>.kadence-column1054_f92d8b-63 > .kt-inside-inner-col,.kadence-column1054_f92d8b-63 > .kt-inside-inner-col:before{border-top-left-radius:0px;border-top-right-radius:0px;border-bottom-right-radius:0px;border-bottom-left-radius:0px;}.kadence-column1054_f92d8b-63 > .kt-inside-inner-col{column-gap:var(--global-kb-gap-sm, 1rem);}.kadence-column1054_f92d8b-63 > .kt-inside-inner-col{flex-direction:column;}.kadence-column1054_f92d8b-63 > .kt-inside-inner-col > .aligncenter{width:100%;}.kadence-column1054_f92d8b-63 > .kt-inside-inner-col:before{opacity:0.3;}.kadence-column1054_f92d8b-63{position:relative;}@media all and (max-width: 1024px){.kadence-column1054_f92d8b-63 > .kt-inside-inner-col{flex-direction:column;justify-content:center;}}@media all and (max-width: 767px){.kadence-column1054_f92d8b-63 > .kt-inside-inner-col{flex-direction:column;justify-content:center;}}<\/style>\n<div class=\"wp-block-kadence-column kadence-column1054_f92d8b-63 alignfull\"><div class=\"kt-inside-inner-col\"><style>.kb-row-layout-id1054_926bd4-67 > .kt-row-column-wrap{align-content:start;}:where(.kb-row-layout-id1054_926bd4-67 > .kt-row-column-wrap) > .wp-block-kadence-column{justify-content:start;}.kb-row-layout-id1054_926bd4-67 > .kt-row-column-wrap{column-gap:var(--global-kb-gap-md, 2rem);row-gap:var(--global-kb-gap-md, 2rem);max-width:var( --global-content-width, 1400px );padding-left:var(--global-content-edge-padding);padding-right:var(--global-content-edge-padding);padding-top:var(--global-kb-spacing-lg, 3rem);padding-bottom:var(--global-kb-spacing-lg, 3rem);grid-template-columns:minmax(0, 1fr);}.kb-row-layout-id1054_926bd4-67 > .kt-row-layout-overlay{opacity:0.30;}@media all and (max-width: 1024px){.kb-row-layout-id1054_926bd4-67 > .kt-row-column-wrap{grid-template-columns:minmax(0, 1fr);}}@media all and (max-width: 767px){.kb-row-layout-id1054_926bd4-67 > .kt-row-column-wrap{grid-template-columns:minmax(0, 1fr);}}<\/style><div class=\"kb-row-layout-wrap kb-row-layout-id1054_926bd4-67 alignnone wp-block-kadence-rowlayout\"><div class=\"kt-row-column-wrap kt-has-1-columns kt-row-layout-equal kt-tab-layout-inherit kt-mobile-layout-row kt-row-valign-top kb-theme-content-width\">\n<style>.kadence-column1054_cdd8c5-ca > .kt-inside-inner-col,.kadence-column1054_cdd8c5-ca > .kt-inside-inner-col:before{border-top-left-radius:0px;border-top-right-radius:0px;border-bottom-right-radius:0px;border-bottom-left-radius:0px;}.kadence-column1054_cdd8c5-ca > .kt-inside-inner-col{column-gap:var(--global-kb-gap-sm, 1rem);}.kadence-column1054_cdd8c5-ca > .kt-inside-inner-col{flex-direction:column;}.kadence-column1054_cdd8c5-ca > .kt-inside-inner-col > .aligncenter{width:100%;}.kadence-column1054_cdd8c5-ca > .kt-inside-inner-col:before{opacity:0.3;}.kadence-column1054_cdd8c5-ca{position:relative;}@media all and (max-width: 1024px){.kadence-column1054_cdd8c5-ca > .kt-inside-inner-col{flex-direction:column;justify-content:center;}}@media all and (max-width: 767px){.kadence-column1054_cdd8c5-ca > .kt-inside-inner-col{flex-direction:column;justify-content:center;}}<\/style>\n<div class=\"wp-block-kadence-column kadence-column1054_cdd8c5-ca\"><div class=\"kt-inside-inner-col\">\n<h1 class=\"wp-block-heading has--font-size\"><mark style=\"background-color:rgba(0, 0, 0, 0)\" class=\"has-inline-color has-theme-palette-1-color\">La tecnolog\u00eda RFID impulsa el desarrollo sostenible en la industria textil<\/mark><\/h1>\n\n\n\n<p>En 1987, la Comisi\u00f3n Brundtland de las Naciones Unidas defini\u00f3 la sostenibilidad como \"satisfacer las necesidades del presente sin comprometer la capacidad de las generaciones futuras para satisfacer sus propias necesidades\".<\/p>\n\n\n\n<p>En la marea creciente de la automatizaci\u00f3n industrial, la industria de la identificaci\u00f3n autom\u00e1tica se dedica a superar los retos de la gesti\u00f3n industrial tradicional, impulsando su transformaci\u00f3n hacia la digitalizaci\u00f3n, la transparencia y el funcionamiento din\u00e1mico. Enfrentada a los requisitos cada vez m\u00e1s estrictos de <strong>DPP<\/strong> especialmente en el \u00e1mbito de la gesti\u00f3n del ciclo de vida textil, estamos inaugurando un nuevo cap\u00edtulo en el desarrollo sostenible a trav\u00e9s de tecnolog\u00edas de vanguardia.<\/p>\n\n\n\n<p>Las tecnolog\u00edas de identificaci\u00f3n autom\u00e1tica, en particular la profunda integraci\u00f3n de <strong>Identificaci\u00f3n por radiofrecuencia<\/strong> (RFID) y la Inteligencia Artificial (IA), han instigado una revoluci\u00f3n en la gesti\u00f3n del ciclo de vida completo de los textiles. Desde la adquisici\u00f3n de materias primas, pasando por la producci\u00f3n y la fabricaci\u00f3n, hasta la distribuci\u00f3n, la venta, el reciclaje y la eliminaci\u00f3n, en cada etapa se recopilan datos en tiempo real y se realizan an\u00e1lisis precisos. Gracias a <strong><a href=\"https:\/\/tex-bit.com\/rfid-laundry-products\/\">Etiquetas RFID<\/a><\/strong>A los textiles se les asigna una \"tarjeta de identidad digital\" al salir de la l\u00ednea de producci\u00f3n, lo que permite rastrear informaci\u00f3n como la ubicaci\u00f3n, la frecuencia de uso, el estado de lavado, la calidad del lavado, la vida \u00fatil y las opiniones de los usuarios sobre la calidad. Esto mejora significativamente la eficiencia de la gesti\u00f3n y mitiga el despilfarro de recursos. Mientras tanto, los algoritmos de IA predicen la demanda bas\u00e1ndose en datos hist\u00f3ricos, optimizan la gesti\u00f3n del inventario, mejoran la experiencia del cliente en el sector de la hosteler\u00eda, reducen el consumo de energ\u00eda y recursos causado por el exceso de existencias y agilizan la cadena de suministro.<\/p>\n\n\n\n<p>Las tecnolog\u00edas de identificaci\u00f3n autom\u00e1tica tambi\u00e9n desempe\u00f1an un papel fundamental a la hora de garantizar el cumplimiento de la normativa sobre DPP. Mediante la supervisi\u00f3n en tiempo real del proceso de producci\u00f3n textil, garantizamos que las operaciones de producci\u00f3n cumplen las normas de protecci\u00f3n del medio ambiente y sostenibilidad. Durante la fase de reciclado, con una eficacia de escaneado cientos o miles de veces superior a la de los c\u00f3digos de barras y los c\u00f3digos QR, estas tecnolog\u00edas identifican con precisi\u00f3n los materiales reciclables, haciendo que el proceso de reciclado sea altamente operativo, fomentando la circularidad de los recursos y minimizando el impacto medioambiental.<\/p>\n\n\n\n<p>Tomemos como ejemplo un grupo hotelero internacional. Tras la implantaci\u00f3n de tecnolog\u00edas de identificaci\u00f3n autom\u00e1tica, la eficiencia de su gesti\u00f3n textil ha aumentado en 40%, los costes de inventario han disminuido en 30% y se ha reducido el despilfarro de recursos derivado de las compras excesivas y la mala gesti\u00f3n. Esto ha permitido alcanzar con \u00e9xito los objetivos de desarrollo sostenible en la gesti\u00f3n del ciclo de vida textil.<\/p>\n\n\n\n<p>En el futuro, seguiremos profundizando en nuestra experiencia en tecnolog\u00edas de identificaci\u00f3n autom\u00e1tica, impulsando la innovaci\u00f3n continua en la gesti\u00f3n del ciclo de vida textil. Al ofrecer soluciones m\u00e1s eficientes y respetuosas con el medio ambiente, aspiramos a capacitar a las industrias tradicionales para que avancen con paso firme por la senda del desarrollo sostenible.<\/p>\n<\/div><\/div>\n\n<\/div><\/div><\/div><\/div>\n\n\n\n<p><a href=\"https:\/\/tex-bit.com\/rfid-laundry-products\/rfid-linen-tag\/\"><\/a><\/p>\n\n\n<style>.kadence-column1054_0ab0ab-03 > .kt-inside-inner-col,.kadence-column1054_0ab0ab-03 > .kt-inside-inner-col:before{border-top-left-radius:0px;border-top-right-radius:0px;border-bottom-right-radius:0px;border-bottom-left-radius:0px;}.kadence-column1054_0ab0ab-03 > .kt-inside-inner-col{column-gap:var(--global-kb-gap-sm, 1rem);}.kadence-column1054_0ab0ab-03 > .kt-inside-inner-col{flex-direction:column;}.kadence-column1054_0ab0ab-03 > .kt-inside-inner-col > .aligncenter{width:100%;}.kadence-column1054_0ab0ab-03 > .kt-inside-inner-col:before{opacity:0.3;}.kadence-column1054_0ab0ab-03{position:relative;}@media all and (max-width: 1024px){.kadence-column1054_0ab0ab-03 > .kt-inside-inner-col{flex-direction:column;justify-content:center;}}@media all and (max-width: 767px){.kadence-column1054_0ab0ab-03 > .kt-inside-inner-col{flex-direction:column;justify-content:center;}}<\/style>\n<div class=\"wp-block-kadence-column kadence-column1054_0ab0ab-03 alignfull\"><div class=\"kt-inside-inner-col\"><style>.kb-row-layout-id1054_1edbca-d3 > .kt-row-column-wrap{align-content:start;}:where(.kb-row-layout-id1054_1edbca-d3 > .kt-row-column-wrap) > .wp-block-kadence-column{justify-content:start;}.kb-row-layout-id1054_1edbca-d3 > .kt-row-column-wrap{column-gap:var(--global-kb-gap-md, 2rem);row-gap:var(--global-kb-gap-md, 2rem);max-width:var( --global-content-width, 1400px );padding-left:var(--global-content-edge-padding);padding-right:var(--global-content-edge-padding);padding-top:var(--global-kb-spacing-sm, 1.5rem);padding-bottom:var(--global-kb-spacing-sm, 1.5rem);grid-template-columns:minmax(0, 1fr);}.kb-row-layout-id1054_1edbca-d3 > .kt-row-layout-overlay{opacity:0.30;}@media all and (max-width: 1024px){.kb-row-layout-id1054_1edbca-d3 > .kt-row-column-wrap{grid-template-columns:minmax(0, 1fr);}}@media all and (max-width: 767px){.kb-row-layout-id1054_1edbca-d3 > .kt-row-column-wrap{grid-template-columns:minmax(0, 1fr);}}<\/style><div class=\"kb-row-layout-wrap kb-row-layout-id1054_1edbca-d3 alignnone has-theme-palette7-background-color kt-row-has-bg wp-block-kadence-rowlayout\"><div class=\"kt-row-column-wrap kt-has-1-columns kt-row-layout-equal kt-tab-layout-inherit kt-mobile-layout-row kt-row-valign-top kb-theme-content-width\">\n<style>.kadence-column1054_c27ba1-c5 > .kt-inside-inner-col,.kadence-column1054_c27ba1-c5 > .kt-inside-inner-col:before{border-top-left-radius:0px;border-top-right-radius:0px;border-bottom-right-radius:0px;border-bottom-left-radius:0px;}.kadence-column1054_c27ba1-c5 > .kt-inside-inner-col{column-gap:var(--global-kb-gap-sm, 1rem);}.kadence-column1054_c27ba1-c5 > .kt-inside-inner-col{flex-direction:column;}.kadence-column1054_c27ba1-c5 > .kt-inside-inner-col > .aligncenter{width:100%;}.kadence-column1054_c27ba1-c5 > .kt-inside-inner-col:before{opacity:0.3;}.kadence-column1054_c27ba1-c5{position:relative;}@media all and (max-width: 1024px){.kadence-column1054_c27ba1-c5 > .kt-inside-inner-col{flex-direction:column;justify-content:center;}}@media all and (max-width: 767px){.kadence-column1054_c27ba1-c5 > .kt-inside-inner-col{flex-direction:column;justify-content:center;}}<\/style>\n<div class=\"wp-block-kadence-column kadence-column1054_c27ba1-c5\"><div class=\"kt-inside-inner-col\">\n<h4 class=\"wp-block-heading\"><mark style=\"background-color:rgba(0, 0, 0, 0)\" class=\"has-inline-color has-theme-palette-1-color\">Tambi\u00e9n podr\u00edan interesarle estos temas...<\/mark><\/h4>\n\n\n<style>.kb-posts-id-1054_092e19-a3 .kb-post-list-item{display:grid;}<\/style><ul class=\"wp-block-kadence-posts kb-posts kadence-posts-list kb-posts-id-1054_092e19-a3 content-wrap grid-cols kb-posts-style-boxed grid-sm-col-2 grid-lg-col-3 item-image-style-above\"><li class=\"kb-post-list-item\">\n\t<article class=\"entry content-bg loop-entry post-911 post type-post status-publish format-standard has-post-thumbnail hentry category-news\">\n\t\t\t\t<a aria-hidden=\"true\" tabindex=\"-1\" role=\"presentation\" class=\"post-thumbnail kadence-thumbnail-ratio-2-3\" href=\"https:\/\/tex-bit.com\/es\/que-puede-hacer-por-usted-el-rastreo-de-lavanderia-por-rfid\/\" aria-label=\"\u00bfQu\u00e9 puede hacer por usted el seguimiento de lavander\u00edas con RFID?\">\n\t\t\t<div class=\"post-thumbnail-inner\">\n\t\t\t\t<img loading=\"lazy\" decoding=\"async\" width=\"600\" height=\"400\" src=\"https:\/\/tex-bit.com\/wp-content\/uploads\/2024\/05\/What-Can-RFID-Laundry-Tracking-Do-For-You.webp\" class=\"attachment-medium_large size-medium_large wp-post-image\" alt=\"Qu\u00e9 puede hacer por usted el seguimiento de lavander\u00edas con RFID\" srcset=\"https:\/\/tex-bit.com\/wp-content\/uploads\/2024\/05\/What-Can-RFID-Laundry-Tracking-Do-For-You.webp 600w, https:\/\/tex-bit.com\/wp-content\/uploads\/2024\/05\/What-Can-RFID-Laundry-Tracking-Do-For-You-300x200.webp 300w\" sizes=\"auto, (max-width: 600px) 100vw, 600px\" \/>\t\t\t<\/div>\n\t\t<\/a><!-- .post-thumbnail -->\n\t\t\t\t<div class=\"entry-content-wrap\">\n\t\t\t<header class=\"entry-header\">\n\t<h5 class=\"entry-title\"><a href=\"https:\/\/tex-bit.com\/es\/que-puede-hacer-por-usted-el-rastreo-de-lavanderia-por-rfid\/\" rel=\"bookmark\">\u00bfQu\u00e9 puede hacer por usted el seguimiento de lavander\u00edas con RFID?<\/a><\/h5><\/header><!-- .entry-header -->\n<footer class=\"entry-footer\">\n\t<\/footer><!-- .entry-footer -->\t\t<\/div>\n\t<\/article>\n<\/li>\n<li class=\"kb-post-list-item\">\n\t<article class=\"entry content-bg loop-entry post-1560 post type-post status-publish format-standard has-post-thumbnail hentry category-news\">\n\t\t\t\t<a aria-hidden=\"true\" tabindex=\"-1\" role=\"presentation\" class=\"post-thumbnail kadence-thumbnail-ratio-2-3\" href=\"https:\/\/tex-bit.com\/es\/mejore-las-operaciones-de-alquiler-de-alfombras-con-las-etiquetas-tex-bits-rfid-para-alfombras\/\" aria-label=\"Mejore las operaciones de alquiler de alfombrillas con las etiquetas RFID para alfombrillas de TEX-BIT\">\n\t\t\t<div class=\"post-thumbnail-inner\">\n\t\t\t\t<img loading=\"lazy\" decoding=\"async\" width=\"600\" height=\"400\" src=\"https:\/\/tex-bit.com\/wp-content\/uploads\/2025\/04\/RFID-Tags-for-Mats.webp\" class=\"attachment-medium_large size-medium_large wp-post-image\" alt=\"Etiquetas RFID para alfombrillas\" srcset=\"https:\/\/tex-bit.com\/wp-content\/uploads\/2025\/04\/RFID-Tags-for-Mats.webp 600w, https:\/\/tex-bit.com\/wp-content\/uploads\/2025\/04\/RFID-Tags-for-Mats-300x200.webp 300w, https:\/\/tex-bit.com\/wp-content\/uploads\/2025\/04\/RFID-Tags-for-Mats-18x12.webp 18w\" sizes=\"auto, (max-width: 600px) 100vw, 600px\" \/>\t\t\t<\/div>\n\t\t<\/a><!-- .post-thumbnail -->\n\t\t\t\t<div class=\"entry-content-wrap\">\n\t\t\t<header class=\"entry-header\">\n\t<h5 class=\"entry-title\"><a href=\"https:\/\/tex-bit.com\/es\/mejore-las-operaciones-de-alquiler-de-alfombras-con-las-etiquetas-tex-bits-rfid-para-alfombras\/\" rel=\"bookmark\">Mejore las operaciones de alquiler de alfombrillas con las etiquetas RFID para alfombrillas de TEX-BIT<\/a><\/h5><\/header><!-- .entry-header -->\n<footer class=\"entry-footer\">\n\t<\/footer><!-- .entry-footer -->\t\t<\/div>\n\t<\/article>\n<\/li>\n<li class=\"kb-post-list-item\">\n\t<article class=\"entry content-bg loop-entry post-869 post type-post status-publish format-standard has-post-thumbnail hentry category-news\">\n\t\t\t\t<a aria-hidden=\"true\" tabindex=\"-1\" role=\"presentation\" class=\"post-thumbnail kadence-thumbnail-ratio-2-3\" href=\"https:\/\/tex-bit.com\/es\/como-seleccionar-los-mejores-chips-rfid-para-lavanderia\/\" aria-label=\"Elecci\u00f3n de los chips RFID adecuados para el seguimiento de textiles industriales\">\n\t\t\t<div class=\"post-thumbnail-inner\">\n\t\t\t\t<img loading=\"lazy\" decoding=\"async\" width=\"768\" height=\"512\" src=\"https:\/\/tex-bit.com\/wp-content\/uploads\/2024\/05\/How-to-Select-the-Best-RFID-Laundry-Chips-768x512.webp\" class=\"attachment-medium_large size-medium_large wp-post-image\" alt=\"Elecci\u00f3n de los chips RFID adecuados para el seguimiento de textiles industriales\" srcset=\"https:\/\/tex-bit.com\/wp-content\/uploads\/2024\/05\/How-to-Select-the-Best-RFID-Laundry-Chips-768x512.webp 768w, https:\/\/tex-bit.com\/wp-content\/uploads\/2024\/05\/How-to-Select-the-Best-RFID-Laundry-Chips-300x200.webp 300w, https:\/\/tex-bit.com\/wp-content\/uploads\/2024\/05\/How-to-Select-the-Best-RFID-Laundry-Chips.webp 800w\" sizes=\"auto, (max-width: 768px) 100vw, 768px\" \/>\t\t\t<\/div>\n\t\t<\/a><!-- .post-thumbnail -->\n\t\t\t\t<div class=\"entry-content-wrap\">\n\t\t\t<header class=\"entry-header\">\n\t<h5 class=\"entry-title\"><a href=\"https:\/\/tex-bit.com\/es\/como-seleccionar-los-mejores-chips-rfid-para-lavanderia\/\" rel=\"bookmark\">Elecci\u00f3n de los chips RFID adecuados para el seguimiento de textiles industriales<\/a><\/h5><\/header><!-- .entry-header -->\n<footer class=\"entry-footer\">\n\t<\/footer><!-- .entry-footer -->\t\t<\/div>\n\t<\/article>\n<\/li>\n<\/ul><\/div><\/div>\n\n<\/div><\/div><\/div><\/div>","protected":false},"excerpt":{"rendered":"<p>Sostenibilidad La tecnolog\u00eda RFID impulsa el desarrollo sostenible en la industria textil En 1987, la Comisi\u00f3n Brundtland de las Naciones Unidas defini\u00f3 la sostenibilidad como \"satisfacer las necesidades del presente sin comprometer la capacidad de las generaciones futuras para satisfacer sus propias necesidades.\" En la marea creciente de la automatizaci\u00f3n industrial, la industria de la identificaci\u00f3n autom\u00e1tica se dedica a superar los retos...<\/p>","protected":false},"author":2,"featured_media":931,"parent":0,"menu_order":1,"comment_status":"closed","ping_status":"closed","template":"","meta":{"_kad_blocks_custom_css":"","_kad_blocks_head_custom_js":"","_kad_blocks_body_custom_js":"","_kad_blocks_footer_custom_js":"","_kadence_starter_templates_imported_post":false,"_kad_post_transparent":"","_kad_post_title":"","_kad_post_layout":"","_kad_post_sidebar_id":"","_kad_post_content_style":"","_kad_post_vertical_padding":"","_kad_post_feature":"","_kad_post_feature_position":"","_kad_post_header":false,"_kad_post_footer":false,"footnotes":""},"class_list":["post-1054","page","type-page","status-publish","has-post-thumbnail","hentry"],"taxonomy_info":[],"featured_image_src_large":["https:\/\/tex-bit.com\/wp-content\/uploads\/2024\/05\/Sustainability-with-RFID-1024x683.webp",1024,683,true],"author_info":{"display_name":"TB Admin","author_link":"https:\/\/tex-bit.com\/es\/author\/tb-admin\/"},"comment_info":0,"_links":{"self":[{"href":"https:\/\/tex-bit.com\/es\/wp-json\/wp\/v2\/pages\/1054","targetHints":{"allow":["GET"]}}],"collection":[{"href":"https:\/\/tex-bit.com\/es\/wp-json\/wp\/v2\/pages"}],"about":[{"href":"https:\/\/tex-bit.com\/es\/wp-json\/wp\/v2\/types\/page"}],"author":[{"embeddable":true,"href":"https:\/\/tex-bit.com\/es\/wp-json\/wp\/v2\/users\/2"}],"replies":[{"embeddable":true,"href":"https:\/\/tex-bit.com\/es\/wp-json\/wp\/v2\/comments?post=1054"}],"version-history":[{"count":0,"href":"https:\/\/tex-bit.com\/es\/wp-json\/wp\/v2\/pages\/1054\/revisions"}],"wp:featuredmedia":[{"embeddable":true,"href":"https:\/\/tex-bit.com\/es\/wp-json\/wp\/v2\/media\/931"}],"wp:attachment":[{"href":"https:\/\/tex-bit.com\/es\/wp-json\/wp\/v2\/media?parent=1054"}],"curies":[{"name":"wp","href":"https:\/\/api.w.org\/{rel}","templated":true}]}}