{"id":31,"date":"2022-03-17T12:40:59","date_gmt":"2022-03-17T12:40:59","guid":{"rendered":"https:\/\/kadence.pixel-show.com\/blog-affiliate\/?page_id=31"},"modified":"2025-04-23T23:18:38","modified_gmt":"2025-04-24T07:18:38","slug":"sobre-tex-bit","status":"publish","type":"page","link":"https:\/\/tex-bit.com\/es\/sobre-tex-bit\/","title":{"rendered":"Qui\u00e9nes somos"},"content":{"rendered":"<style>.kb-row-layout-id31_79ade9-a8 > .kt-row-column-wrap{align-content:start;}:where(.kb-row-layout-id31_79ade9-a8 > .kt-row-column-wrap) > .wp-block-kadence-column{justify-content:start;}.kb-row-layout-id31_79ade9-a8 > .kt-row-column-wrap{column-gap:var(--global-kb-gap-md, 2rem);row-gap:var(--global-kb-gap-md, 2rem);max-width:600px;margin-left:auto;margin-right:auto;padding-top:120px;padding-right:0px;padding-bottom:120px;padding-left:0px;grid-template-columns:minmax(0, 1fr);}.kb-row-layout-id31_79ade9-a8 > .kt-row-layout-overlay{opacity:0.18;background-image:url('https:\/\/tex-bit.com\/wp-content\/uploads\/2024\/05\/rfid-technology.webp');background-size:cover;background-position:50% 52%;background-attachment:scroll;background-repeat:no-repeat;mix-blend-mode:normal;}@media all and (max-width: 1024px){.kb-row-layout-id31_79ade9-a8 > .kt-row-column-wrap{padding-top:80px;padding-right:20px;padding-bottom:80px;padding-left:20px;grid-template-columns:minmax(0, 1fr);}}@media all and (max-width: 767px){.kb-row-layout-id31_79ade9-a8 > .kt-row-column-wrap{grid-template-columns:minmax(0, 1fr);}}<\/style><div class=\"kb-row-layout-wrap kb-row-layout-id31_79ade9-a8 alignnone has-theme-palette3-background-color kt-row-has-bg wp-block-kadence-rowlayout\"><div class=\"kt-row-layout-overlay kt-row-overlay-normal\"><\/div><div class=\"kt-row-column-wrap kt-has-1-columns kt-row-layout-equal kt-tab-layout-inherit kt-mobile-layout-row kt-row-valign-top\">\n<style>.kadence-column31_0a3860-ab > .kt-inside-inner-col{padding-right:0px;padding-left:0px;}.kadence-column31_0a3860-ab > .kt-inside-inner-col,.kadence-column31_0a3860-ab > .kt-inside-inner-col:before{border-top-left-radius:0px;border-top-right-radius:0px;border-bottom-right-radius:0px;border-bottom-left-radius:0px;}.kadence-column31_0a3860-ab > .kt-inside-inner-col{column-gap:var(--global-kb-gap-sm, 1rem);}.kadence-column31_0a3860-ab > .kt-inside-inner-col{flex-direction:column;}.kadence-column31_0a3860-ab > .kt-inside-inner-col > .aligncenter{width:100%;}.kadence-column31_0a3860-ab > .kt-inside-inner-col:before{opacity:0.3;}.kadence-column31_0a3860-ab{position:relative;}.kadence-column31_0a3860-ab, .kt-inside-inner-col > .kadence-column31_0a3860-ab:not(.specificity){margin-right:0px;margin-left:0px;}@media all and (max-width: 1024px){.kadence-column31_0a3860-ab > .kt-inside-inner-col{flex-direction:column;justify-content:center;}}@media all and (max-width: 767px){.kadence-column31_0a3860-ab > .kt-inside-inner-col{flex-direction:column;justify-content:center;}}<\/style>\n<div class=\"wp-block-kadence-column kadence-column31_0a3860-ab inner-column-1\"><div class=\"kt-inside-inner-col\"><style>.wp-block-kadence-advancedheading.kt-adv-heading31_5872eb-aa, .wp-block-kadence-advancedheading.kt-adv-heading31_5872eb-aa[data-kb-block=\"kb-adv-heading31_5872eb-aa\"]{padding-bottom:20px;margin-top:0px;margin-bottom:0px;text-align:center;font-style:normal;text-transform:capitalize;}.wp-block-kadence-advancedheading.kt-adv-heading31_5872eb-aa mark.kt-highlight, .wp-block-kadence-advancedheading.kt-adv-heading31_5872eb-aa[data-kb-block=\"kb-adv-heading31_5872eb-aa\"] mark.kt-highlight{font-style:normal;color:#f76a0c;-webkit-box-decoration-break:clone;box-decoration-break:clone;padding-top:0px;padding-right:0px;padding-bottom:0px;padding-left:0px;}@media all and (max-width: 767px){.wp-block-kadence-advancedheading.kt-adv-heading31_5872eb-aa, .wp-block-kadence-advancedheading.kt-adv-heading31_5872eb-aa[data-kb-block=\"kb-adv-heading31_5872eb-aa\"]{font-size:30px;text-align:center!important;}}<\/style>\n<h1 class=\"kt-adv-heading31_5872eb-aa wp-block-kadence-advancedheading has-theme-palette-9-color has-text-color\" data-kb-block=\"kb-adv-heading31_5872eb-aa\">sobre TEX-BIT<\/h1>\n<\/div><\/div>\n\n<\/div><\/div>\n\n<style>.kb-row-layout-id31_976374-29 > .kt-row-column-wrap{align-content:start;}:where(.kb-row-layout-id31_976374-29 > .kt-row-column-wrap) > .wp-block-kadence-column{justify-content:start;}.kb-row-layout-id31_976374-29 > .kt-row-column-wrap{column-gap:var(--global-kb-gap-md, 2rem);row-gap:var(--global-kb-gap-md, 2rem);max-width:var( --global-content-width, 1400px );padding-left:var(--global-content-edge-padding);padding-right:var(--global-content-edge-padding);padding-top:80px;padding-right:20px;padding-bottom:80px;padding-left:20px;grid-template-columns:minmax(0, 1fr);}.kb-row-layout-id31_976374-29 > .kt-row-layout-overlay{opacity:0.30;}@media all and (max-width: 1024px){.kb-row-layout-id31_976374-29 > .kt-row-column-wrap{padding-top:60px;padding-right:20px;padding-bottom:60px;padding-left:20px;grid-template-columns:minmax(0, 1fr);}}@media all and (max-width: 767px){.kb-row-layout-id31_976374-29 > .kt-row-column-wrap{padding-top:40px;padding-right:20px;padding-bottom:40px;padding-left:20px;grid-template-columns:minmax(0, 1fr);}}<\/style><div class=\"kb-row-layout-wrap kb-row-layout-id31_976374-29 alignnone wp-block-kadence-rowlayout\"><div class=\"kt-row-column-wrap kt-has-1-columns kt-row-layout-equal kt-tab-layout-inherit kt-mobile-layout-row kt-row-valign-top kb-theme-content-width\">\n<style>.kadence-column31_aa1e35-cb > .kt-inside-inner-col,.kadence-column31_aa1e35-cb > .kt-inside-inner-col:before{border-top-left-radius:0px;border-top-right-radius:0px;border-bottom-right-radius:0px;border-bottom-left-radius:0px;}.kadence-column31_aa1e35-cb > .kt-inside-inner-col{column-gap:var(--global-kb-gap-sm, 1rem);}.kadence-column31_aa1e35-cb > .kt-inside-inner-col{flex-direction:column;}.kadence-column31_aa1e35-cb > .kt-inside-inner-col > .aligncenter{width:100%;}.kadence-column31_aa1e35-cb > .kt-inside-inner-col:before{opacity:0.3;}.kadence-column31_aa1e35-cb{position:relative;}@media all and (max-width: 1024px){.kadence-column31_aa1e35-cb > .kt-inside-inner-col{flex-direction:column;justify-content:center;}}@media all and (max-width: 767px){.kadence-column31_aa1e35-cb > .kt-inside-inner-col{flex-direction:column;justify-content:center;}}<\/style>\n<div class=\"wp-block-kadence-column kadence-column31_aa1e35-cb inner-column-1\"><div class=\"kt-inside-inner-col\"><style>.kb-row-layout-id31_ccacd1-3d > .kt-row-column-wrap{align-content:start;}:where(.kb-row-layout-id31_ccacd1-3d > .kt-row-column-wrap) > .wp-block-kadence-column{justify-content:start;}.kb-row-layout-id31_ccacd1-3d > .kt-row-column-wrap{column-gap:var(--global-kb-gap-md, 2rem);row-gap:var(--global-kb-gap-md, 2rem);padding-top:20px;padding-bottom:20px;grid-template-columns:minmax(0, 1fr);}.kb-row-layout-id31_ccacd1-3d > .kt-row-layout-overlay{opacity:0.30;}@media all and (max-width: 1024px){.kb-row-layout-id31_ccacd1-3d > .kt-row-column-wrap{grid-template-columns:minmax(0, 1fr);}}@media all and (max-width: 767px){.kb-row-layout-id31_ccacd1-3d > .kt-row-column-wrap{grid-template-columns:minmax(0, 1fr);}}<\/style><div class=\"kb-row-layout-wrap kb-row-layout-id31_ccacd1-3d alignnone wp-block-kadence-rowlayout\"><div class=\"kt-row-column-wrap kt-has-1-columns kt-row-layout-equal kt-tab-layout-inherit kt-mobile-layout-row kt-row-valign-top\">\n<style>.kadence-column31_4330a9-a2 > .kt-inside-inner-col,.kadence-column31_4330a9-a2 > .kt-inside-inner-col:before{border-top-left-radius:0px;border-top-right-radius:0px;border-bottom-right-radius:0px;border-bottom-left-radius:0px;}.kadence-column31_4330a9-a2 > .kt-inside-inner-col{column-gap:var(--global-kb-gap-sm, 1rem);}.kadence-column31_4330a9-a2 > .kt-inside-inner-col{flex-direction:column;}.kadence-column31_4330a9-a2 > .kt-inside-inner-col > .aligncenter{width:100%;}.kadence-column31_4330a9-a2 > .kt-inside-inner-col:before{opacity:0.3;}.kadence-column31_4330a9-a2{position:relative;}@media all and (max-width: 1024px){.kadence-column31_4330a9-a2 > .kt-inside-inner-col{flex-direction:column;justify-content:center;}}@media all and (max-width: 767px){.kadence-column31_4330a9-a2 > .kt-inside-inner-col{flex-direction:column;justify-content:center;}}<\/style>\n<div class=\"wp-block-kadence-column kadence-column31_4330a9-a2\"><div class=\"kt-inside-inner-col\">\n<p><strong>TEX-BIT<\/strong> es una empresa tecnol\u00f3gica comprometida con la aceleraci\u00f3n de la transformaci\u00f3n digital e inteligente de las industrias tradicionales. Mediante la integraci\u00f3n de tecnolog\u00edas de vanguardia, como la inteligencia artificial (IA), la identificaci\u00f3n por radiofrecuencia (RFID), el software como servicio (SaaS) y la computaci\u00f3n en la nube, ofrecemos soluciones integrales para la cadena de suministro que son m\u00e1s eficientes, m\u00e1s f\u00e1ciles de utilizar y consumen menos energ\u00eda y mano de obra.<\/p>\n\n\n\n<h2 class=\"wp-block-heading\"><strong>Gesti\u00f3n textil digital pionera<\/strong><\/h2>\n\n\n\n<p>En los \u00faltimos a\u00f1os, hemos desarrollado con \u00e9xito una plataforma integral de gesti\u00f3n textil para varios de los grupos hoteleros internacionales m\u00e1s importantes del mundo. Esta plataforma cubre todo el ciclo de vida textil, desde los fabricantes de textiles, los grupos de servicios textiles, hasta el sistema de reciclaje textil.<\/p>\n\n\n\n<p>Nos complace enormemente comprobar el creciente inter\u00e9s y la gran atenci\u00f3n que prestan a nuestras soluciones sistem\u00e1ticas numerosos grupos hoteleros, sanitarios, de servicios textiles y de servicios de aviaci\u00f3n de todo el mundo.<\/p>\n\n\n\n<h2 class=\"wp-block-heading\"><strong>M\u00e1s de 30 a\u00f1os de experiencia en RFID<\/strong><\/h2>\n\n\n\n<p>Aprovechando tres d\u00e9cadas de profundos conocimientos en tecnolog\u00edas RFID y de identificaci\u00f3n autom\u00e1tica, fortificados por una amplia experiencia pr\u00e1ctica, hemos canalizado importantes recursos en I+D fundamental. Nuestra competencia abarca todas las facetas de los sistemas RFID, incluidos los transpondedores y las soluciones de encapsulaci\u00f3n personalizadas. A trav\u00e9s de la innovaci\u00f3n continua, hemos acumulado un historial probado en el desarrollo de soluciones altamente especializadas adaptadas a un amplio espectro de aplicaciones.<\/p>\n\n\n\n<p>Como especialistas l\u00edderes en ingenier\u00eda RFID, nuestras capacidades se extienden a m\u00faltiples sectores verticales:<\/p>\n\n\n\n<ul class=\"wp-block-list\">\n<li>Marcas textiles de moda<\/li>\n\n\n\n<li>Gesti\u00f3n de ropa de trabajo y uniformes<\/li>\n\n\n\n<li>Gesti\u00f3n de lencer\u00eda de hosteler\u00eda<\/li>\n\n\n\n<li>Gesti\u00f3n textil sanitaria<\/li>\n\n\n\n<li>Servicios de limpieza y saneamiento<\/li>\n<\/ul>\n\n\n\n<p>Nuestras soluciones est\u00e1n dise\u00f1adas para optimizar la eficacia operativa, mejorar la trazabilidad y garantizar el cumplimiento de las normas del sector.<\/p>\n\n\n\n<h2 class=\"wp-block-heading\"><strong>Presencia mundial con un n\u00facleo europeo<\/strong><\/h2>\n\n\n\n<p>Actualmente, nuestras operaciones se concentran en Europa Central y Occidental (90%), con una presencia cada vez mayor en Norteam\u00e9rica (10%). Con la inminente aplicaci\u00f3n de la normativa DPP, existe una creciente demanda de nuestras soluciones digitales integrales por parte de las industrias relacionadas con el sector textil. Estas ofertas se caracterizan por su alto rendimiento, capacidad escalable, consistencia superior y rentabilidad, y proporcionan visibilidad y control de extremo a extremo durante todo el ciclo de vida textil.<\/p>\n<\/div><\/div>\n\n<\/div><\/div><\/div><\/div>\n\n<\/div><\/div>\n\n\n<p><\/p>","protected":false},"excerpt":{"rendered":"<p>Acerca de TEX-BIT TEX-BIT es una empresa tecnol\u00f3gica comprometida con la aceleraci\u00f3n de la transformaci\u00f3n digital e inteligente de las industrias tradicionales. Mediante la integraci\u00f3n de tecnolog\u00edas de vanguardia, como la inteligencia artificial (IA), la identificaci\u00f3n por radiofrecuencia (RFID), el software como servicio (SaaS) y la computaci\u00f3n en la nube, ofrecemos soluciones integrales para la cadena de suministro que son m\u00e1s eficientes, m\u00e1s f\u00e1ciles de utilizar y consumen menos energ\u00eda y mano de obra.....<\/p>","protected":false},"author":2,"featured_media":0,"parent":0,"menu_order":6,"comment_status":"closed","ping_status":"closed","template":"","meta":{"_kad_blocks_custom_css":"","_kad_blocks_head_custom_js":"","_kad_blocks_body_custom_js":"","_kad_blocks_footer_custom_js":"","_kadence_starter_templates_imported_post":true,"_kad_post_transparent":"","_kad_post_title":"hide","_kad_post_layout":"fullwidth","_kad_post_sidebar_id":"","_kad_post_content_style":"unboxed","_kad_post_vertical_padding":"hide","_kad_post_feature":"hide","_kad_post_feature_position":"","_kad_post_header":false,"_kad_post_footer":false,"footnotes":""},"class_list":["post-31","page","type-page","status-publish","hentry"],"taxonomy_info":[],"featured_image_src_large":false,"author_info":{"display_name":"TB Admin","author_link":"https:\/\/tex-bit.com\/es\/author\/tb-admin\/"},"comment_info":0,"_links":{"self":[{"href":"https:\/\/tex-bit.com\/es\/wp-json\/wp\/v2\/pages\/31","targetHints":{"allow":["GET"]}}],"collection":[{"href":"https:\/\/tex-bit.com\/es\/wp-json\/wp\/v2\/pages"}],"about":[{"href":"https:\/\/tex-bit.com\/es\/wp-json\/wp\/v2\/types\/page"}],"author":[{"embeddable":true,"href":"https:\/\/tex-bit.com\/es\/wp-json\/wp\/v2\/users\/2"}],"replies":[{"embeddable":true,"href":"https:\/\/tex-bit.com\/es\/wp-json\/wp\/v2\/comments?post=31"}],"version-history":[{"count":0,"href":"https:\/\/tex-bit.com\/es\/wp-json\/wp\/v2\/pages\/31\/revisions"}],"wp:attachment":[{"href":"https:\/\/tex-bit.com\/es\/wp-json\/wp\/v2\/media?parent=31"}],"curies":[{"name":"wp","href":"https:\/\/api.w.org\/{rel}","templated":true}]}}