{"id":842,"date":"2024-05-23T12:05:48","date_gmt":"2024-05-23T12:05:48","guid":{"rendered":"https:\/\/test.tex-bit.com\/?page_id=842"},"modified":"2025-04-23T18:54:42","modified_gmt":"2025-04-24T02:54:42","slug":"etiquetas-rfid-para-ropa","status":"publish","type":"page","link":"https:\/\/tex-bit.com\/es\/etiquetas-rfid-para-ropa\/","title":{"rendered":"Ropa, Moda"},"content":{"rendered":"<style>.kb-row-layout-id842_fdfbfd-94 > .kt-row-column-wrap{align-content:start;}:where(.kb-row-layout-id842_fdfbfd-94 > .kt-row-column-wrap) > .wp-block-kadence-column{justify-content:start;}.kb-row-layout-id842_fdfbfd-94 > .kt-row-column-wrap{column-gap:var(--global-kb-gap-md, 2rem);row-gap:var(--global-kb-gap-md, 2rem);max-width:600px;margin-left:auto;margin-right:auto;padding-top:120px;padding-right:0px;padding-bottom:120px;padding-left:0px;grid-template-columns:minmax(0, 1fr);}.kb-row-layout-id842_fdfbfd-94 > .kt-row-layout-overlay{opacity:1;background-image:url('https:\/\/tex-bit.com\/wp-content\/uploads\/2024\/05\/RFID-Products-TEXBIT-RFID-Tag-Manufacturer.webp');background-size:cover;background-position:50% 40%;background-attachment:scroll;background-repeat:no-repeat;mix-blend-mode:normal;}@media all and (max-width: 1024px){.kb-row-layout-id842_fdfbfd-94 > .kt-row-column-wrap{padding-top:80px;padding-right:20px;padding-bottom:80px;padding-left:20px;grid-template-columns:minmax(0, 1fr);}}@media all and (max-width: 767px){.kb-row-layout-id842_fdfbfd-94 > .kt-row-column-wrap{grid-template-columns:minmax(0, 1fr);}}<\/style><div class=\"kb-row-layout-wrap kb-row-layout-id842_fdfbfd-94 alignfull has-theme-palette3-background-color kt-row-has-bg wp-block-kadence-rowlayout\"><div class=\"kt-row-layout-overlay kt-row-overlay-normal\"><\/div><div class=\"kt-row-column-wrap kt-has-1-columns kt-row-layout-equal kt-tab-layout-inherit kt-mobile-layout-row kt-row-valign-top\">\n<style>.kadence-column842_e29623-76 > .kt-inside-inner-col{padding-right:0px;padding-left:0px;}.kadence-column842_e29623-76 > .kt-inside-inner-col,.kadence-column842_e29623-76 > .kt-inside-inner-col:before{border-top-left-radius:0px;border-top-right-radius:0px;border-bottom-right-radius:0px;border-bottom-left-radius:0px;}.kadence-column842_e29623-76 > .kt-inside-inner-col{column-gap:var(--global-kb-gap-sm, 1rem);}.kadence-column842_e29623-76 > .kt-inside-inner-col{flex-direction:column;}.kadence-column842_e29623-76 > .kt-inside-inner-col > .aligncenter{width:100%;}.kadence-column842_e29623-76 > .kt-inside-inner-col:before{opacity:0.3;}.kadence-column842_e29623-76{position:relative;}.kadence-column842_e29623-76, .kt-inside-inner-col > .kadence-column842_e29623-76:not(.specificity){margin-right:0px;margin-left:0px;}@media all and (max-width: 1024px){.kadence-column842_e29623-76 > .kt-inside-inner-col{flex-direction:column;justify-content:center;}}@media all and (max-width: 767px){.kadence-column842_e29623-76 > .kt-inside-inner-col{padding-top:20px;padding-right:20px;padding-bottom:20px;padding-left:20px;flex-direction:column;justify-content:center;}}<\/style>\n<div class=\"wp-block-kadence-column kadence-column842_e29623-76 inner-column-1\"><div class=\"kt-inside-inner-col\"><style>.wp-block-kadence-advancedheading.kt-adv-heading842_04d3fb-7c, .wp-block-kadence-advancedheading.kt-adv-heading842_04d3fb-7c[data-kb-block=\"kb-adv-heading842_04d3fb-7c\"]{padding-bottom:20px;margin-top:0px;margin-bottom:0px;text-align:center;font-style:normal;text-transform:capitalize;}.wp-block-kadence-advancedheading.kt-adv-heading842_04d3fb-7c mark.kt-highlight, .wp-block-kadence-advancedheading.kt-adv-heading842_04d3fb-7c[data-kb-block=\"kb-adv-heading842_04d3fb-7c\"] mark.kt-highlight{font-style:normal;color:#f76a0c;-webkit-box-decoration-break:clone;box-decoration-break:clone;padding-top:0px;padding-right:0px;padding-bottom:0px;padding-left:0px;}@media all and (max-width: 767px){.wp-block-kadence-advancedheading.kt-adv-heading842_04d3fb-7c, .wp-block-kadence-advancedheading.kt-adv-heading842_04d3fb-7c[data-kb-block=\"kb-adv-heading842_04d3fb-7c\"]{font-size:30px;text-align:center!important;}}<\/style>\n<h1 class=\"kt-adv-heading842_04d3fb-7c wp-block-kadence-advancedheading has-theme-palette-9-color has-text-color\" data-kb-block=\"kb-adv-heading842_04d3fb-7c\">Ropa, Moda<\/h1>\n<\/div><\/div>\n\n<\/div><\/div>\n\n<style>.kadence-column842_6c251f-45 > .kt-inside-inner-col,.kadence-column842_6c251f-45 > .kt-inside-inner-col:before{border-top-left-radius:0px;border-top-right-radius:0px;border-bottom-right-radius:0px;border-bottom-left-radius:0px;}.kadence-column842_6c251f-45 > .kt-inside-inner-col{column-gap:var(--global-kb-gap-sm, 1rem);}.kadence-column842_6c251f-45 > .kt-inside-inner-col{flex-direction:column;}.kadence-column842_6c251f-45 > .kt-inside-inner-col > .aligncenter{width:100%;}.kadence-column842_6c251f-45 > .kt-inside-inner-col:before{opacity:0.3;}.kadence-column842_6c251f-45{position:relative;}@media all and (max-width: 1024px){.kadence-column842_6c251f-45 > .kt-inside-inner-col{flex-direction:column;justify-content:center;}}@media all and (max-width: 767px){.kadence-column842_6c251f-45 > .kt-inside-inner-col{flex-direction:column;justify-content:center;}}<\/style>\n<div class=\"wp-block-kadence-column kadence-column842_6c251f-45 alignfull\"><div class=\"kt-inside-inner-col\"><style>.kb-row-layout-id842_3056eb-de > .kt-row-column-wrap{align-content:start;}:where(.kb-row-layout-id842_3056eb-de > .kt-row-column-wrap) > .wp-block-kadence-column{justify-content:start;}.kb-row-layout-id842_3056eb-de > .kt-row-column-wrap{column-gap:var(--global-kb-gap-md, 2rem);row-gap:var(--global-kb-gap-md, 2rem);max-width:var( --global-content-width, 1400px );padding-left:var(--global-content-edge-padding);padding-right:var(--global-content-edge-padding);padding-top:var(--global-kb-spacing-lg, 3rem);padding-bottom:var(--global-kb-spacing-lg, 3rem);grid-template-columns:minmax(0, 1fr);}.kb-row-layout-id842_3056eb-de > .kt-row-layout-overlay{opacity:0.30;}@media all and (max-width: 1024px){.kb-row-layout-id842_3056eb-de > .kt-row-column-wrap{grid-template-columns:minmax(0, 1fr);}}@media all and (max-width: 767px){.kb-row-layout-id842_3056eb-de > .kt-row-column-wrap{grid-template-columns:minmax(0, 1fr);}}<\/style><div class=\"kb-row-layout-wrap kb-row-layout-id842_3056eb-de alignnone wp-block-kadence-rowlayout\"><div class=\"kt-row-column-wrap kt-has-1-columns kt-row-layout-equal kt-tab-layout-inherit kt-mobile-layout-row kt-row-valign-top kb-theme-content-width\">\n<style>.kadence-column842_656350-21 > .kt-inside-inner-col,.kadence-column842_656350-21 > .kt-inside-inner-col:before{border-top-left-radius:0px;border-top-right-radius:0px;border-bottom-right-radius:0px;border-bottom-left-radius:0px;}.kadence-column842_656350-21 > .kt-inside-inner-col{column-gap:var(--global-kb-gap-sm, 1rem);}.kadence-column842_656350-21 > .kt-inside-inner-col{flex-direction:column;}.kadence-column842_656350-21 > .kt-inside-inner-col > .aligncenter{width:100%;}.kadence-column842_656350-21 > .kt-inside-inner-col:before{opacity:0.3;}.kadence-column842_656350-21{position:relative;}@media all and (max-width: 1024px){.kadence-column842_656350-21 > .kt-inside-inner-col{flex-direction:column;justify-content:center;}}@media all and (max-width: 767px){.kadence-column842_656350-21 > .kt-inside-inner-col{flex-direction:column;justify-content:center;}}<\/style>\n<div class=\"wp-block-kadence-column kadence-column842_656350-21\"><div class=\"kt-inside-inner-col\">\n<h2 class=\"wp-block-heading\">Etiquetas RFID lavables para ropa<\/h2>\n\n\n\n<p>A medida que la industria de la moda y la confecci\u00f3n sigue evolucionando, la necesidad de soluciones tecnol\u00f3gicas avanzadas para mejorar la eficiencia operativa, mejorar la experiencia del cliente y apoyar los esfuerzos de sostenibilidad es cada vez m\u00e1s importante. La tecnolog\u00eda RFID ha surgido como una potente herramienta para lograr estos objetivos, especialmente en el \u00e1mbito de la gesti\u00f3n textil y de lavander\u00eda. El uso de etiquetas RFID de lavander\u00eda para ropa, prendas de vestir y moda ha revolucionado la forma en que las organizaciones gestionan sus activos de lavander\u00eda y textiles, permitiendo un seguimiento en tiempo real, una mejor gesti\u00f3n del inventario, una mayor visibilidad de la cadena de suministro y una mayor sostenibilidad.<\/p>\n\n\n\n<p>Las etiquetas RFID para lavander\u00eda son chips peque\u00f1os, duraderos y lavables que pueden adherirse a la ropa y otros productos textiles.\u00a0<a href=\"https:\/\/tex-bit.com\/rfid-laundry-products\/\">Etiquetas RFID TEX-BIT para lavander\u00eda<\/a>\u00a0soportan el entorno de lavado m\u00e1s riguroso y tienen una larga vida \u00fatil, con su buen rendimiento y consistencia estable. Las distintas instalaciones pueden satisfacer diferentes requisitos de aplicaci\u00f3n a elecci\u00f3n de los clientes, como coser, termosellar, colgar, embolsar, etc.<\/p>\n\n\n\n<h2 class=\"wp-block-heading\">Las ventajas de un vistazo<\/h2>\n\n\n\n<p><strong>1, Mejora de la gesti\u00f3n de inventarios<\/strong><\/p>\n\n\n\n<p>Las etiquetas RFID permiten el seguimiento en tiempo real de las prendas de vestir, lo que permite a los minoristas localizar r\u00e1pidamente los productos y reducir las roturas de stock. Esto ayuda a los minoristas a optimizar sus niveles de inventario, reducir los residuos y mejorar la satisfacci\u00f3n del cliente. Con las etiquetas RFID, los minoristas pueden controlar y gestionar con precisi\u00f3n los niveles de inventario, reducir el tiempo dedicado al recuento manual de art\u00edculos y automatizar el proceso de reposici\u00f3n de existencias en las estanter\u00edas.<\/p>\n\n\n\n<p><strong>2, Mayor eficacia operativa<\/strong><\/p>\n\n\n\n<p>La ropa y la moda con etiquetas RFID pueden ayudar a los minoristas a optimizar sus operaciones mejorando la visibilidad de la cadena de suministro, reduciendo los errores de env\u00edo y minimizando el exceso de inventario. La tecnolog\u00eda RFID permite a las empresas realizar un seguimiento de los productos a medida que avanzan por la cadena de suministro, lo que proporciona visibilidad y transparencia a minoristas y fabricantes.<\/p>\n\n\n\n<p><strong>3, Mejorar la experiencia del cliente<\/strong><\/p>\n\n\n\n<p>Las etiquetas RFID de doble frecuencia pueden crear experiencias interactivas para los clientes, como escanear las etiquetas de las prendas con sus dispositivos m\u00f3viles para recibir informaci\u00f3n sobre productos, recomendaciones y promociones. Los minoristas tambi\u00e9n pueden utilizar las etiquetas RFID para crear recomendaciones personalizadas y mejorar el servicio al cliente localizando r\u00e1pidamente los art\u00edculos solicitados.<\/p>\n\n\n\n<p><strong>4, Sostenibilidad<\/strong><\/p>\n\n\n\n<p>Las etiquetas RFID pueden ayudar a los minoristas a reducir los residuos mejorando la gesti\u00f3n del inventario, reduciendo la sobreproducci\u00f3n y minimizando el exceso de existencias. La tecnolog\u00eda RFID permite a los minoristas optimizar los niveles de inventario, reduciendo la cantidad de existencias no vendidas que acaban en los vertederos. Esto ayuda a reducir los residuos y apoya los esfuerzos de sostenibilidad.<\/p>\n<\/div><\/div>\n\n<\/div><\/div><\/div><\/div>\n\n\n<style>.kadence-column842_409ea1-2b > .kt-inside-inner-col,.kadence-column842_409ea1-2b > .kt-inside-inner-col:before{border-top-left-radius:0px;border-top-right-radius:0px;border-bottom-right-radius:0px;border-bottom-left-radius:0px;}.kadence-column842_409ea1-2b > .kt-inside-inner-col{column-gap:var(--global-kb-gap-sm, 1rem);}.kadence-column842_409ea1-2b > .kt-inside-inner-col{flex-direction:column;}.kadence-column842_409ea1-2b > .kt-inside-inner-col > .aligncenter{width:100%;}.kadence-column842_409ea1-2b > .kt-inside-inner-col:before{opacity:0.3;}.kadence-column842_409ea1-2b{position:relative;}@media all and (max-width: 1024px){.kadence-column842_409ea1-2b > .kt-inside-inner-col{flex-direction:column;justify-content:center;}}@media all and (max-width: 767px){.kadence-column842_409ea1-2b > .kt-inside-inner-col{flex-direction:column;justify-content:center;}}<\/style>\n<div class=\"wp-block-kadence-column kadence-column842_409ea1-2b alignfull\"><div class=\"kt-inside-inner-col\"><style>.kb-row-layout-id842_ecf3c0-cf > .kt-row-column-wrap{align-content:start;}:where(.kb-row-layout-id842_ecf3c0-cf > .kt-row-column-wrap) > .wp-block-kadence-column{justify-content:start;}.kb-row-layout-id842_ecf3c0-cf > .kt-row-column-wrap{column-gap:var(--global-kb-gap-md, 2rem);row-gap:var(--global-kb-gap-md, 2rem);max-width:var( --global-content-width, 1400px );padding-left:var(--global-content-edge-padding);padding-right:var(--global-content-edge-padding);padding-top:var(--global-kb-spacing-sm, 1.5rem);padding-bottom:var(--global-kb-spacing-sm, 1.5rem);grid-template-columns:minmax(0, 1fr);}.kb-row-layout-id842_ecf3c0-cf > .kt-row-layout-overlay{opacity:0.30;}@media all and (max-width: 1024px){.kb-row-layout-id842_ecf3c0-cf > .kt-row-column-wrap{grid-template-columns:minmax(0, 1fr);}}@media all and (max-width: 767px){.kb-row-layout-id842_ecf3c0-cf > .kt-row-column-wrap{grid-template-columns:minmax(0, 1fr);}}<\/style><div class=\"kb-row-layout-wrap kb-row-layout-id842_ecf3c0-cf alignnone has-theme-palette7-background-color kt-row-has-bg wp-block-kadence-rowlayout\"><div class=\"kt-row-column-wrap kt-has-1-columns kt-row-layout-equal kt-tab-layout-inherit kt-mobile-layout-row kt-row-valign-top kb-theme-content-width\">\n<style>.kadence-column842_bb748b-34 > .kt-inside-inner-col,.kadence-column842_bb748b-34 > .kt-inside-inner-col:before{border-top-left-radius:0px;border-top-right-radius:0px;border-bottom-right-radius:0px;border-bottom-left-radius:0px;}.kadence-column842_bb748b-34 > .kt-inside-inner-col{column-gap:var(--global-kb-gap-sm, 1rem);}.kadence-column842_bb748b-34 > .kt-inside-inner-col{flex-direction:column;}.kadence-column842_bb748b-34 > .kt-inside-inner-col > .aligncenter{width:100%;}.kadence-column842_bb748b-34 > .kt-inside-inner-col:before{opacity:0.3;}.kadence-column842_bb748b-34{position:relative;}@media all and (max-width: 1024px){.kadence-column842_bb748b-34 > .kt-inside-inner-col{flex-direction:column;justify-content:center;}}@media all and (max-width: 767px){.kadence-column842_bb748b-34 > .kt-inside-inner-col{flex-direction:column;justify-content:center;}}<\/style>\n<div class=\"wp-block-kadence-column kadence-column842_bb748b-34\"><div class=\"kt-inside-inner-col\">\n<h4 class=\"wp-block-heading\">Tambi\u00e9n podr\u00edan interesarle estos temas...<\/h4>\n\n\n<style>.kt-post-loop842_7f34c9-e1 .kadence-post-image{padding-top:0px;padding-right:0px;padding-bottom:0px;padding-left:0px;}.kt-post-loop842_7f34c9-e1 .kt-post-grid-wrap{gap:30px 30px;}.kt-post-loop842_7f34c9-e1 .kt-blocks-post-grid-item{border-top-left-radius:0px;border-top-right-radius:0px;border-bottom-right-radius:0px;border-bottom-left-radius:0px;overflow:hidden;}.kt-post-loop842_7f34c9-e1 .kt-blocks-post-grid-item .kt-blocks-post-grid-item-inner{padding-top:15px;padding-right:25px;padding-bottom:25px;padding-left:25px;}.kt-post-loop842_7f34c9-e1 .kt-blocks-post-grid-item header{padding-top:0px;padding-right:0px;padding-bottom:10px;padding-left:0px;margin-top:0px;margin-right:0px;margin-bottom:0px;margin-left:0px;}.kt-post-loop842_7f34c9-e1 .kt-blocks-post-grid-item .entry-title{padding-top:10px;padding-right:0px;padding-bottom:5px;padding-left:0px;margin-top:0px;margin-right:0px;margin-bottom:0px;margin-left:0px;font-size:16px;line-height:5px;}.kt-post-loop842_7f34c9-e1 .kt-blocks-post-grid-item .kt-blocks-post-top-meta{color:#777777;}.kt-post-loop842_7f34c9-e1 .kt-blocks-post-grid-item .kt-blocks-post-top-meta a{color:#777777;}.kt-post-loop842_7f34c9-e1 .kt-blocks-post-grid-item .kt-blocks-post-top-meta a:hover{color:#444444;}.kt-post-loop842_7f34c9-e1 .entry-content{padding-top:0px;padding-right:0px;padding-bottom:0px;padding-left:0px;margin-top:0px;margin-right:0px;margin-bottom:0px;margin-left:0px;}.kt-post-loop842_7f34c9-e1 .kt-blocks-post-footer{color:#777777;border-top-width:0px;border-right-width:0px;border-bottom-width:0px;border-left-width:0px;padding-top:0px;padding-right:0px;padding-bottom:0px;padding-left:0px;margin-top:0px;margin-right:0px;margin-bottom:0px;margin-left:0px;font-size:12px;line-height:20px;}.kt-post-loop842_7f34c9-e1 .entry-content:after{height:0px;}.kt-post-loop842_7f34c9-e1 .kt-blocks-post-footer a{color:#777777;}.kt-post-loop842_7f34c9-e1 .kt-blocks-post-footer a:hover{color:#444444;}.kt-post-loop842_7f34c9-e1 .kb-filter-item{border-top-width:0px;border-right-width:0px;border-bottom-width:2px;border-left-width:0px;padding-top:5px;padding-right:8px;padding-bottom:5px;padding-left:8px;margin-top:0px;margin-right:10px;margin-bottom:0px;margin-left:0px;}<\/style><div class=\"wp-block-kadence-postgrid kt-blocks-post-loop-block aligncenter kt-post-loop842_7f34c9-e1 kt-post-grid-layout-grid\"><div class=\"kt-post-grid-layout-grid-wrap kt-post-grid-wrap\" data-columns-xxl=\"4\" data-columns-xl=\"4\" data-columns-md=\"4\" data-columns-sm=\"3\" data-columns-xs=\"2\" data-columns-ss=\"2\"data-item-selector=\".kt-post-masonry-item\"><article class=\"kt-blocks-post-grid-item post-838 page type-page status-publish has-post-thumbnail hentry\"><div class=\"kt-blocks-post-grid-item-inner-wrap kt-feat-image-align-top kt-feat-image-mobile-align-top\"><div class=\"kadence-post-image\"><div class=\"kadence-post-image-intrisic kt-image-ratio-66-67\" style=\"padding-bottom:66.67%;\"><div class=\"kadence-post-image-inner-intrisic\"><a href=\"https:\/\/tex-bit.com\/es\/etiqueta-rfid-para-alquiler-de-uniformes\/\" aria-label=\"Leer m\u00e1s Uniforme, Vestuario laboral\" class=\"kadence-post-image-inner-wrap\"><img loading=\"lazy\" decoding=\"async\" width=\"600\" height=\"400\" src=\"https:\/\/tex-bit.com\/wp-content\/uploads\/2024\/05\/RFID-Laundry-Chip-for-Workwear.webp\" class=\"attachment-large size-large wp-post-image\" alt=\"Chip de lavander\u00eda RFID para el alquiler de uniformes de trabajo\" srcset=\"https:\/\/tex-bit.com\/wp-content\/uploads\/2024\/05\/RFID-Laundry-Chip-for-Workwear.webp 600w, https:\/\/tex-bit.com\/wp-content\/uploads\/2024\/05\/RFID-Laundry-Chip-for-Workwear-300x200.webp 300w\" sizes=\"auto, (max-width: 600px) 100vw, 600px\" \/><\/a><\/div><\/div><\/div><div class=\"kt-blocks-post-grid-item-inner\"><header><h5 class=\"entry-title\"><a href=\"https:\/\/tex-bit.com\/es\/etiqueta-rfid-para-alquiler-de-uniformes\/\">Uniformes, ropa de trabajo<\/a><\/h5><div class=\"kt-blocks-post-top-meta\"><\/div><\/header><div class=\"entry-content\"><\/div><footer class=\"kt-blocks-post-footer\"><div class=\"kt-blocks-post-footer-left\"><\/div><div class=\"kt-blocks-post-footer-right\"><\/div><\/footer><\/div><\/div><\/article><article class=\"kt-blocks-post-grid-item post-840 page type-page status-publish has-post-thumbnail hentry\"><div class=\"kt-blocks-post-grid-item-inner-wrap kt-feat-image-align-top kt-feat-image-mobile-align-top\"><div class=\"kadence-post-image\"><div class=\"kadence-post-image-intrisic kt-image-ratio-66-67\" style=\"padding-bottom:66.67%;\"><div class=\"kadence-post-image-inner-intrisic\"><a href=\"https:\/\/tex-bit.com\/es\/etiquetas-rfid-para-lavanderias-de-hosteleria\/\" aria-label=\"Leer m\u00e1s Hospitalidad\" class=\"kadence-post-image-inner-wrap\"><img loading=\"lazy\" decoding=\"async\" width=\"600\" height=\"400\" src=\"https:\/\/tex-bit.com\/wp-content\/uploads\/2024\/05\/RFID-Linen-Tag-for-Hotel-Hospitality.webp\" class=\"attachment-large size-large wp-post-image\" alt=\"Etiqueta de ropa blanca RFID para hosteler\u00eda\" srcset=\"https:\/\/tex-bit.com\/wp-content\/uploads\/2024\/05\/RFID-Linen-Tag-for-Hotel-Hospitality.webp 600w, https:\/\/tex-bit.com\/wp-content\/uploads\/2024\/05\/RFID-Linen-Tag-for-Hotel-Hospitality-300x200.webp 300w\" sizes=\"auto, (max-width: 600px) 100vw, 600px\" \/><\/a><\/div><\/div><\/div><div class=\"kt-blocks-post-grid-item-inner\"><header><h5 class=\"entry-title\"><a href=\"https:\/\/tex-bit.com\/es\/etiquetas-rfid-para-lavanderias-de-hosteleria\/\">Hosteler\u00eda<\/a><\/h5><div class=\"kt-blocks-post-top-meta\"><\/div><\/header><div class=\"entry-content\"><\/div><footer class=\"kt-blocks-post-footer\"><div class=\"kt-blocks-post-footer-left\"><\/div><div class=\"kt-blocks-post-footer-right\"><\/div><\/footer><\/div><\/div><\/article><article class=\"kt-blocks-post-grid-item post-844 page type-page status-publish has-post-thumbnail hentry\"><div class=\"kt-blocks-post-grid-item-inner-wrap kt-feat-image-align-top kt-feat-image-mobile-align-top\"><div class=\"kadence-post-image\"><div class=\"kadence-post-image-intrisic kt-image-ratio-66-67\" style=\"padding-bottom:66.67%;\"><div class=\"kadence-post-image-inner-intrisic\"><a href=\"https:\/\/tex-bit.com\/es\/etiquetas-rfid-para-ropa-sanitaria\/\" aria-label=\"Leer m\u00e1s Sanidad\" class=\"kadence-post-image-inner-wrap\"><img loading=\"lazy\" decoding=\"async\" width=\"600\" height=\"400\" src=\"https:\/\/tex-bit.com\/wp-content\/uploads\/2024\/05\/RFID-Smart-Linen-Tag-for-Healthcare.webp\" class=\"attachment-large size-large wp-post-image\" alt=\"Etiqueta de ropa inteligente RFID para sanidad\" srcset=\"https:\/\/tex-bit.com\/wp-content\/uploads\/2024\/05\/RFID-Smart-Linen-Tag-for-Healthcare.webp 600w, https:\/\/tex-bit.com\/wp-content\/uploads\/2024\/05\/RFID-Smart-Linen-Tag-for-Healthcare-300x200.webp 300w\" sizes=\"auto, (max-width: 600px) 100vw, 600px\" \/><\/a><\/div><\/div><\/div><div class=\"kt-blocks-post-grid-item-inner\"><header><h5 class=\"entry-title\"><a href=\"https:\/\/tex-bit.com\/es\/etiquetas-rfid-para-ropa-sanitaria\/\">Sanidad<\/a><\/h5><div class=\"kt-blocks-post-top-meta\"><\/div><\/header><div class=\"entry-content\"><\/div><footer class=\"kt-blocks-post-footer\"><div class=\"kt-blocks-post-footer-left\"><\/div><div class=\"kt-blocks-post-footer-right\"><\/div><\/footer><\/div><\/div><\/article><article class=\"kt-blocks-post-grid-item post-846 page type-page status-publish has-post-thumbnail hentry\"><div class=\"kt-blocks-post-grid-item-inner-wrap kt-feat-image-align-top kt-feat-image-mobile-align-top\"><div class=\"kadence-post-image\"><div class=\"kadence-post-image-intrisic kt-image-ratio-66-67\" style=\"padding-bottom:66.67%;\"><div class=\"kadence-post-image-inner-intrisic\"><a href=\"https:\/\/tex-bit.com\/es\/smart-linen-etiqueta-rfid-para-felpudos\/\" aria-label=\"Leer m\u00e1s Protecci\u00f3n de suelos\" class=\"kadence-post-image-inner-wrap\"><img loading=\"lazy\" decoding=\"async\" width=\"600\" height=\"400\" src=\"https:\/\/tex-bit.com\/wp-content\/uploads\/2024\/05\/Smart-Linen-Tag-for-Cleaning.webp\" class=\"attachment-large size-large wp-post-image\" alt=\"Etiqueta de lino inteligente para limpieza\" srcset=\"https:\/\/tex-bit.com\/wp-content\/uploads\/2024\/05\/Smart-Linen-Tag-for-Cleaning.webp 600w, https:\/\/tex-bit.com\/wp-content\/uploads\/2024\/05\/Smart-Linen-Tag-for-Cleaning-300x200.webp 300w\" sizes=\"auto, (max-width: 600px) 100vw, 600px\" \/><\/a><\/div><\/div><\/div><div class=\"kt-blocks-post-grid-item-inner\"><header><h5 class=\"entry-title\"><a href=\"https:\/\/tex-bit.com\/es\/smart-linen-etiqueta-rfid-para-felpudos\/\">Protecci\u00f3n del suelo<\/a><\/h5><div class=\"kt-blocks-post-top-meta\"><\/div><\/header><div class=\"entry-content\"><\/div><footer class=\"kt-blocks-post-footer\"><div class=\"kt-blocks-post-footer-left\"><\/div><div class=\"kt-blocks-post-footer-right\"><\/div><\/footer><\/div><\/div><\/article><\/div><\/div><!-- .wp-block-kadence-postgrid --><\/div><\/div>\n\n<\/div><\/div><\/div><\/div>","protected":false},"excerpt":{"rendered":"<p>Ropa, Moda Etiquetas RFID lavables para ropa A medida que la industria de la moda y la confecci\u00f3n sigue evolucionando, la necesidad de soluciones tecnol\u00f3gicas avanzadas para mejorar la eficiencia operativa, mejorar la experiencia del cliente y apoyar los esfuerzos de sostenibilidad se ha vuelto cada vez m\u00e1s importante. La tecnolog\u00eda RFID se ha revelado como una poderosa herramienta para alcanzar estos objetivos, especialmente en el...<\/p>","protected":false},"author":2,"featured_media":850,"parent":0,"menu_order":3,"comment_status":"closed","ping_status":"closed","template":"","meta":{"_kad_blocks_custom_css":"","_kad_blocks_head_custom_js":"","_kad_blocks_body_custom_js":"","_kad_blocks_footer_custom_js":"","_kadence_starter_templates_imported_post":false,"_kad_post_transparent":"","_kad_post_title":"","_kad_post_layout":"","_kad_post_sidebar_id":"","_kad_post_content_style":"","_kad_post_vertical_padding":"","_kad_post_feature":"","_kad_post_feature_position":"","_kad_post_header":false,"_kad_post_footer":false,"footnotes":""},"class_list":["post-842","page","type-page","status-publish","has-post-thumbnail","hentry"],"taxonomy_info":[],"featured_image_src_large":["https:\/\/tex-bit.com\/wp-content\/uploads\/2024\/05\/RFID-Laundry-Tag-for-Fashion-Apparel.webp",600,400,false],"author_info":{"display_name":"TB Admin","author_link":"https:\/\/tex-bit.com\/es\/author\/tb-admin\/"},"comment_info":0,"_links":{"self":[{"href":"https:\/\/tex-bit.com\/es\/wp-json\/wp\/v2\/pages\/842","targetHints":{"allow":["GET"]}}],"collection":[{"href":"https:\/\/tex-bit.com\/es\/wp-json\/wp\/v2\/pages"}],"about":[{"href":"https:\/\/tex-bit.com\/es\/wp-json\/wp\/v2\/types\/page"}],"author":[{"embeddable":true,"href":"https:\/\/tex-bit.com\/es\/wp-json\/wp\/v2\/users\/2"}],"replies":[{"embeddable":true,"href":"https:\/\/tex-bit.com\/es\/wp-json\/wp\/v2\/comments?post=842"}],"version-history":[{"count":0,"href":"https:\/\/tex-bit.com\/es\/wp-json\/wp\/v2\/pages\/842\/revisions"}],"wp:featuredmedia":[{"embeddable":true,"href":"https:\/\/tex-bit.com\/es\/wp-json\/wp\/v2\/media\/850"}],"wp:attachment":[{"href":"https:\/\/tex-bit.com\/es\/wp-json\/wp\/v2\/media?parent=842"}],"curies":[{"name":"wp","href":"https:\/\/api.w.org\/{rel}","templated":true}]}}