{"id":844,"date":"2024-05-23T12:06:04","date_gmt":"2024-05-23T12:06:04","guid":{"rendered":"https:\/\/test.tex-bit.com\/?page_id=844"},"modified":"2025-06-12T00:37:03","modified_gmt":"2025-06-12T08:37:03","slug":"etiquetas-rfid-para-ropa-sanitaria","status":"publish","type":"page","link":"https:\/\/tex-bit.com\/es\/etiquetas-rfid-para-ropa-sanitaria\/","title":{"rendered":"Sanidad"},"content":{"rendered":"<style>.kb-row-layout-id844_545b43-0f > .kt-row-column-wrap{align-content:start;}:where(.kb-row-layout-id844_545b43-0f > .kt-row-column-wrap) > .wp-block-kadence-column{justify-content:start;}.kb-row-layout-id844_545b43-0f > .kt-row-column-wrap{column-gap:var(--global-kb-gap-md, 2rem);row-gap:var(--global-kb-gap-md, 2rem);max-width:600px;margin-left:auto;margin-right:auto;padding-top:120px;padding-right:0px;padding-bottom:120px;padding-left:0px;grid-template-columns:minmax(0, 1fr);}.kb-row-layout-id844_545b43-0f > .kt-row-layout-overlay{opacity:1;background-image:url('https:\/\/tex-bit.com\/wp-content\/uploads\/2024\/05\/RFID-Products-TEXBIT-RFID-Tag-Manufacturer.webp');background-size:cover;background-position:50% 40%;background-attachment:scroll;background-repeat:no-repeat;mix-blend-mode:normal;}@media all and (max-width: 1024px){.kb-row-layout-id844_545b43-0f > .kt-row-column-wrap{padding-top:80px;padding-right:20px;padding-bottom:80px;padding-left:20px;grid-template-columns:minmax(0, 1fr);}}@media all and (max-width: 767px){.kb-row-layout-id844_545b43-0f > .kt-row-column-wrap{grid-template-columns:minmax(0, 1fr);}}<\/style><div class=\"kb-row-layout-wrap kb-row-layout-id844_545b43-0f alignfull has-theme-palette3-background-color kt-row-has-bg wp-block-kadence-rowlayout\"><div class=\"kt-row-layout-overlay kt-row-overlay-normal\"><\/div><div class=\"kt-row-column-wrap kt-has-1-columns kt-row-layout-equal kt-tab-layout-inherit kt-mobile-layout-row kt-row-valign-top\">\n<style>.kadence-column844_6683fa-03 > .kt-inside-inner-col{padding-right:0px;padding-left:0px;}.kadence-column844_6683fa-03 > .kt-inside-inner-col,.kadence-column844_6683fa-03 > .kt-inside-inner-col:before{border-top-left-radius:0px;border-top-right-radius:0px;border-bottom-right-radius:0px;border-bottom-left-radius:0px;}.kadence-column844_6683fa-03 > .kt-inside-inner-col{column-gap:var(--global-kb-gap-sm, 1rem);}.kadence-column844_6683fa-03 > .kt-inside-inner-col{flex-direction:column;}.kadence-column844_6683fa-03 > .kt-inside-inner-col > .aligncenter{width:100%;}.kadence-column844_6683fa-03 > .kt-inside-inner-col:before{opacity:0.3;}.kadence-column844_6683fa-03{position:relative;}.kadence-column844_6683fa-03, .kt-inside-inner-col > .kadence-column844_6683fa-03:not(.specificity){margin-right:0px;margin-left:0px;}@media all and (max-width: 1024px){.kadence-column844_6683fa-03 > .kt-inside-inner-col{flex-direction:column;justify-content:center;}}@media all and (max-width: 767px){.kadence-column844_6683fa-03 > .kt-inside-inner-col{padding-top:20px;padding-right:20px;padding-bottom:20px;padding-left:20px;flex-direction:column;justify-content:center;}}<\/style>\n<div class=\"wp-block-kadence-column kadence-column844_6683fa-03 inner-column-1\"><div class=\"kt-inside-inner-col\"><style>.wp-block-kadence-advancedheading.kt-adv-heading844_d93390-d4, .wp-block-kadence-advancedheading.kt-adv-heading844_d93390-d4[data-kb-block=\"kb-adv-heading844_d93390-d4\"]{padding-bottom:20px;margin-top:0px;margin-bottom:0px;text-align:center;font-style:normal;text-transform:capitalize;}.wp-block-kadence-advancedheading.kt-adv-heading844_d93390-d4 mark.kt-highlight, .wp-block-kadence-advancedheading.kt-adv-heading844_d93390-d4[data-kb-block=\"kb-adv-heading844_d93390-d4\"] mark.kt-highlight{font-style:normal;color:#f76a0c;-webkit-box-decoration-break:clone;box-decoration-break:clone;padding-top:0px;padding-right:0px;padding-bottom:0px;padding-left:0px;}@media all and (max-width: 767px){.wp-block-kadence-advancedheading.kt-adv-heading844_d93390-d4, .wp-block-kadence-advancedheading.kt-adv-heading844_d93390-d4[data-kb-block=\"kb-adv-heading844_d93390-d4\"]{font-size:30px;text-align:center!important;}}<\/style>\n<h1 class=\"kt-adv-heading844_d93390-d4 wp-block-kadence-advancedheading has-theme-palette-9-color has-text-color\" data-kb-block=\"kb-adv-heading844_d93390-d4\">Sanidad<\/h1>\n<\/div><\/div>\n\n<\/div><\/div>\n\n<style>.kadence-column844_5e38fc-69 > .kt-inside-inner-col,.kadence-column844_5e38fc-69 > .kt-inside-inner-col:before{border-top-left-radius:0px;border-top-right-radius:0px;border-bottom-right-radius:0px;border-bottom-left-radius:0px;}.kadence-column844_5e38fc-69 > .kt-inside-inner-col{column-gap:var(--global-kb-gap-sm, 1rem);}.kadence-column844_5e38fc-69 > .kt-inside-inner-col{flex-direction:column;}.kadence-column844_5e38fc-69 > .kt-inside-inner-col > .aligncenter{width:100%;}.kadence-column844_5e38fc-69 > .kt-inside-inner-col:before{opacity:0.3;}.kadence-column844_5e38fc-69{position:relative;}@media all and (max-width: 1024px){.kadence-column844_5e38fc-69 > .kt-inside-inner-col{flex-direction:column;justify-content:center;}}@media all and (max-width: 767px){.kadence-column844_5e38fc-69 > .kt-inside-inner-col{flex-direction:column;justify-content:center;}}<\/style>\n<div class=\"wp-block-kadence-column kadence-column844_5e38fc-69 alignfull\"><div class=\"kt-inside-inner-col\"><style>.kb-row-layout-id844_28388e-76 > .kt-row-column-wrap{align-content:start;}:where(.kb-row-layout-id844_28388e-76 > .kt-row-column-wrap) > .wp-block-kadence-column{justify-content:start;}.kb-row-layout-id844_28388e-76 > .kt-row-column-wrap{column-gap:var(--global-kb-gap-md, 2rem);row-gap:var(--global-kb-gap-md, 2rem);max-width:var( --global-content-width, 1400px );padding-left:var(--global-content-edge-padding);padding-right:var(--global-content-edge-padding);padding-top:var(--global-kb-spacing-lg, 3rem);padding-bottom:var(--global-kb-spacing-lg, 3rem);grid-template-columns:minmax(0, 1fr);}.kb-row-layout-id844_28388e-76 > .kt-row-layout-overlay{opacity:0.30;}@media all and (max-width: 1024px){.kb-row-layout-id844_28388e-76 > .kt-row-column-wrap{grid-template-columns:minmax(0, 1fr);}}@media all and (max-width: 767px){.kb-row-layout-id844_28388e-76 > .kt-row-column-wrap{grid-template-columns:minmax(0, 1fr);}}<\/style><div class=\"kb-row-layout-wrap kb-row-layout-id844_28388e-76 alignnone wp-block-kadence-rowlayout\"><div class=\"kt-row-column-wrap kt-has-1-columns kt-row-layout-equal kt-tab-layout-inherit kt-mobile-layout-row kt-row-valign-top kb-theme-content-width\">\n<style>.kadence-column844_eefdf7-dc > .kt-inside-inner-col,.kadence-column844_eefdf7-dc > .kt-inside-inner-col:before{border-top-left-radius:0px;border-top-right-radius:0px;border-bottom-right-radius:0px;border-bottom-left-radius:0px;}.kadence-column844_eefdf7-dc > .kt-inside-inner-col{column-gap:var(--global-kb-gap-sm, 1rem);}.kadence-column844_eefdf7-dc > .kt-inside-inner-col{flex-direction:column;}.kadence-column844_eefdf7-dc > .kt-inside-inner-col > .aligncenter{width:100%;}.kadence-column844_eefdf7-dc > .kt-inside-inner-col:before{opacity:0.3;}.kadence-column844_eefdf7-dc{position:relative;}@media all and (max-width: 1024px){.kadence-column844_eefdf7-dc > .kt-inside-inner-col{flex-direction:column;justify-content:center;}}@media all and (max-width: 767px){.kadence-column844_eefdf7-dc > .kt-inside-inner-col{flex-direction:column;justify-content:center;}}<\/style>\n<div class=\"wp-block-kadence-column kadence-column844_eefdf7-dc\"><div class=\"kt-inside-inner-col\">\n<h2 class=\"wp-block-heading\">Etiquetas RFID para ropa blanca sanitaria<\/h2>\n\n\n\n<p>El sector sanitario evoluciona constantemente, y con \u00e9l surge la necesidad de soluciones innovadoras para mejorar la eficacia y la precisi\u00f3n. Una de estas soluciones es el uso de la tecnolog\u00eda RFID. Las etiquetas RFID para ropa sanitaria son cada vez m\u00e1s populares en hospitales, centros de rehabilitaci\u00f3n, cl\u00ednicas ambulatorias y residencias de ancianos. Estas etiquetas ayudan a las instalaciones sanitarias a funcionar de forma m\u00e1s fluida y eficaz.<\/p>\n\n\n\n<p>Las etiquetas RFID para ropa blanca son transpondedores peque\u00f1os, duraderos y lavables que utilizan ondas de radio para comunicarse con los lectores. Pueden colocarse en diversos art\u00edculos, como textiles de pabell\u00f3n, ropa del personal y art\u00edculos quir\u00fargicos est\u00e9riles, como batas y pa\u00f1os. TEX-BIT <a href=\"https:\/\/tex-bit.com\/rfid-laundry-products\/rfid-linen-tag\/\">Etiquetas RFID para lavander\u00eda<\/a> para ropa sanitaria est\u00e1n dise\u00f1ados para ser duraderos, f\u00e1ciles de colocar y capaces de soportar lavados y esterilizaciones repetidos.<\/p>\n\n\n\n<h2 class=\"wp-block-heading\">Ventajas de las etiquetas RFID para la ropa sanitaria<\/h2>\n\n\n\n<p><strong>Gesti\u00f3n de existencias<\/strong>: Las etiquetas RFID para lavander\u00eda pueden ayudar a los hospitales a realizar un seguimiento m\u00e1s preciso y eficaz de su inventario de ropa blanca. Pueden utilizarse para controlar la cantidad y la ubicaci\u00f3n de los art\u00edculos de ropa blanca, lo que puede ayudar a los hospitales a reducir el riesgo de que se agoten las existencias o de que haya un exceso de existencias.<\/p>\n\n\n\n<p><strong>Mejora de los procesos de lavado<\/strong>: Las etiquetas RFID para ropa blanca pueden ayudar a los centros sanitarios a mejorar sus procesos de lavander\u00eda. Pueden ayudar a garantizar que los art\u00edculos de ropa blanca correctos se lavan a la temperatura adecuada, durante el tiempo correcto y no se mezclan con otros art\u00edculos que puedan estar contaminados.<\/p>\n\n\n\n<p><strong>Costes reducidos<\/strong>: Las etiquetas RFID para ropa sanitaria pueden ayudar a los hospitales a reducir los costes asociados a la gesti\u00f3n de la ropa. Mediante el seguimiento de la ubicaci\u00f3n de la ropa blanca, los hospitales pueden reducir la cantidad de ropa perdida o extraviada. Adem\u00e1s, las etiquetas RFID pueden ayudar a los hospitales a optimizar sus procesos de lavander\u00eda, reduciendo la necesidad de mano de obra y, potencialmente, la cantidad de ropa que debe sustituirse por da\u00f1os o p\u00e9rdidas.<\/p>\n\n\n\n<p><strong>Mejora del control de las infecciones<\/strong>: Los chips RFID para ropa blanca pueden ayudar a los hospitales a mejorar sus procesos de control de infecciones garantizando que los art\u00edculos de ropa blanca no se contaminen ni se mezclen con otros art\u00edculos que puedan estar contaminados. Mediante el seguimiento de la ubicaci\u00f3n de los art\u00edculos de ropa blanca, los hospitales pueden garantizar que los art\u00edculos potencialmente contaminados se retiran de la circulaci\u00f3n y se limpian y desinfectan adecuadamente.<\/p>\n<\/div><\/div>\n\n<\/div><\/div><\/div><\/div>\n\n\n<style>.kadence-column844_f87925-77 > .kt-inside-inner-col,.kadence-column844_f87925-77 > .kt-inside-inner-col:before{border-top-left-radius:0px;border-top-right-radius:0px;border-bottom-right-radius:0px;border-bottom-left-radius:0px;}.kadence-column844_f87925-77 > .kt-inside-inner-col{column-gap:var(--global-kb-gap-sm, 1rem);}.kadence-column844_f87925-77 > .kt-inside-inner-col{flex-direction:column;}.kadence-column844_f87925-77 > .kt-inside-inner-col > .aligncenter{width:100%;}.kadence-column844_f87925-77 > .kt-inside-inner-col:before{opacity:0.3;}.kadence-column844_f87925-77{position:relative;}@media all and (max-width: 1024px){.kadence-column844_f87925-77 > .kt-inside-inner-col{flex-direction:column;justify-content:center;}}@media all and (max-width: 767px){.kadence-column844_f87925-77 > .kt-inside-inner-col{flex-direction:column;justify-content:center;}}<\/style>\n<div class=\"wp-block-kadence-column kadence-column844_f87925-77 alignfull\"><div class=\"kt-inside-inner-col\"><style>.kb-row-layout-id844_bf674b-9c > .kt-row-column-wrap{align-content:start;}:where(.kb-row-layout-id844_bf674b-9c > .kt-row-column-wrap) > .wp-block-kadence-column{justify-content:start;}.kb-row-layout-id844_bf674b-9c > .kt-row-column-wrap{column-gap:var(--global-kb-gap-md, 2rem);row-gap:var(--global-kb-gap-md, 2rem);max-width:var( --global-content-width, 1400px );padding-left:var(--global-content-edge-padding);padding-right:var(--global-content-edge-padding);padding-top:var(--global-kb-spacing-sm, 1.5rem);padding-bottom:var(--global-kb-spacing-sm, 1.5rem);grid-template-columns:minmax(0, 1fr);}.kb-row-layout-id844_bf674b-9c > .kt-row-layout-overlay{opacity:0.30;}@media all and (max-width: 1024px){.kb-row-layout-id844_bf674b-9c > .kt-row-column-wrap{grid-template-columns:minmax(0, 1fr);}}@media all and (max-width: 767px){.kb-row-layout-id844_bf674b-9c > .kt-row-column-wrap{grid-template-columns:minmax(0, 1fr);}}<\/style><div class=\"kb-row-layout-wrap kb-row-layout-id844_bf674b-9c alignnone has-theme-palette7-background-color kt-row-has-bg wp-block-kadence-rowlayout\"><div class=\"kt-row-column-wrap kt-has-1-columns kt-row-layout-equal kt-tab-layout-inherit kt-mobile-layout-row kt-row-valign-top kb-theme-content-width\">\n<style>.kadence-column844_283cc8-98 > .kt-inside-inner-col,.kadence-column844_283cc8-98 > .kt-inside-inner-col:before{border-top-left-radius:0px;border-top-right-radius:0px;border-bottom-right-radius:0px;border-bottom-left-radius:0px;}.kadence-column844_283cc8-98 > .kt-inside-inner-col{column-gap:var(--global-kb-gap-sm, 1rem);}.kadence-column844_283cc8-98 > .kt-inside-inner-col{flex-direction:column;}.kadence-column844_283cc8-98 > .kt-inside-inner-col > .aligncenter{width:100%;}.kadence-column844_283cc8-98 > .kt-inside-inner-col:before{opacity:0.3;}.kadence-column844_283cc8-98{position:relative;}@media all and (max-width: 1024px){.kadence-column844_283cc8-98 > .kt-inside-inner-col{flex-direction:column;justify-content:center;}}@media all and (max-width: 767px){.kadence-column844_283cc8-98 > .kt-inside-inner-col{flex-direction:column;justify-content:center;}}<\/style>\n<div class=\"wp-block-kadence-column kadence-column844_283cc8-98\"><div class=\"kt-inside-inner-col\">\n<h4 class=\"wp-block-heading\">Tambi\u00e9n podr\u00edan interesarle estos temas...<\/h4>\n\n\n<style>.kt-post-loop844_2b13bd-4e .kadence-post-image{padding-top:0px;padding-right:0px;padding-bottom:0px;padding-left:0px;}.kt-post-loop844_2b13bd-4e .kt-post-grid-wrap{gap:30px 30px;}.kt-post-loop844_2b13bd-4e .kt-blocks-post-grid-item{border-top-left-radius:0px;border-top-right-radius:0px;border-bottom-right-radius:0px;border-bottom-left-radius:0px;overflow:hidden;}.kt-post-loop844_2b13bd-4e .kt-blocks-post-grid-item .kt-blocks-post-grid-item-inner{padding-top:15px;padding-right:25px;padding-bottom:25px;padding-left:25px;}.kt-post-loop844_2b13bd-4e .kt-blocks-post-grid-item header{padding-top:0px;padding-right:0px;padding-bottom:10px;padding-left:0px;margin-top:0px;margin-right:0px;margin-bottom:0px;margin-left:0px;}.kt-post-loop844_2b13bd-4e .kt-blocks-post-grid-item .entry-title{padding-top:10px;padding-right:0px;padding-bottom:5px;padding-left:0px;margin-top:0px;margin-right:0px;margin-bottom:0px;margin-left:0px;font-size:16px;line-height:5px;}.kt-post-loop844_2b13bd-4e .kt-blocks-post-grid-item .kt-blocks-post-top-meta{color:#777777;}.kt-post-loop844_2b13bd-4e .kt-blocks-post-grid-item .kt-blocks-post-top-meta a{color:#777777;}.kt-post-loop844_2b13bd-4e .kt-blocks-post-grid-item .kt-blocks-post-top-meta a:hover{color:#444444;}.kt-post-loop844_2b13bd-4e .entry-content{padding-top:0px;padding-right:0px;padding-bottom:0px;padding-left:0px;margin-top:0px;margin-right:0px;margin-bottom:0px;margin-left:0px;}.kt-post-loop844_2b13bd-4e .kt-blocks-post-footer{color:#777777;border-top-width:0px;border-right-width:0px;border-bottom-width:0px;border-left-width:0px;padding-top:0px;padding-right:0px;padding-bottom:0px;padding-left:0px;margin-top:0px;margin-right:0px;margin-bottom:0px;margin-left:0px;font-size:12px;line-height:20px;}.kt-post-loop844_2b13bd-4e .entry-content:after{height:0px;}.kt-post-loop844_2b13bd-4e .kt-blocks-post-footer a{color:#777777;}.kt-post-loop844_2b13bd-4e .kt-blocks-post-footer a:hover{color:#444444;}.kt-post-loop844_2b13bd-4e .kb-filter-item{border-top-width:0px;border-right-width:0px;border-bottom-width:2px;border-left-width:0px;padding-top:5px;padding-right:8px;padding-bottom:5px;padding-left:8px;margin-top:0px;margin-right:10px;margin-bottom:0px;margin-left:0px;}<\/style><div class=\"wp-block-kadence-postgrid kt-blocks-post-loop-block aligncenter kt-post-loop844_2b13bd-4e kt-post-grid-layout-grid\"><div class=\"kt-post-grid-layout-grid-wrap kt-post-grid-wrap\" data-columns-xxl=\"4\" data-columns-xl=\"4\" data-columns-md=\"4\" data-columns-sm=\"3\" data-columns-xs=\"2\" data-columns-ss=\"2\"data-item-selector=\".kt-post-masonry-item\"><article class=\"kt-blocks-post-grid-item post-838 page type-page status-publish has-post-thumbnail hentry\"><div class=\"kt-blocks-post-grid-item-inner-wrap kt-feat-image-align-top kt-feat-image-mobile-align-top\"><div class=\"kadence-post-image\"><div class=\"kadence-post-image-intrisic kt-image-ratio-66-67\" style=\"padding-bottom:66.67%;\"><div class=\"kadence-post-image-inner-intrisic\"><a href=\"https:\/\/tex-bit.com\/es\/etiqueta-rfid-para-alquiler-de-uniformes\/\" aria-label=\"Leer m\u00e1s Uniforme, Vestuario laboral\" class=\"kadence-post-image-inner-wrap\"><img loading=\"lazy\" decoding=\"async\" width=\"600\" height=\"400\" src=\"https:\/\/tex-bit.com\/wp-content\/uploads\/2024\/05\/RFID-Laundry-Chip-for-Workwear.webp\" class=\"attachment-large size-large wp-post-image\" alt=\"Chip de lavander\u00eda RFID para el alquiler de uniformes de trabajo\" srcset=\"https:\/\/tex-bit.com\/wp-content\/uploads\/2024\/05\/RFID-Laundry-Chip-for-Workwear.webp 600w, https:\/\/tex-bit.com\/wp-content\/uploads\/2024\/05\/RFID-Laundry-Chip-for-Workwear-300x200.webp 300w\" sizes=\"auto, (max-width: 600px) 100vw, 600px\" \/><\/a><\/div><\/div><\/div><div class=\"kt-blocks-post-grid-item-inner\"><header><h5 class=\"entry-title\"><a href=\"https:\/\/tex-bit.com\/es\/etiqueta-rfid-para-alquiler-de-uniformes\/\">Uniformes, ropa de trabajo<\/a><\/h5><div class=\"kt-blocks-post-top-meta\"><\/div><\/header><div class=\"entry-content\"><\/div><footer class=\"kt-blocks-post-footer\"><div class=\"kt-blocks-post-footer-left\"><\/div><div class=\"kt-blocks-post-footer-right\"><\/div><\/footer><\/div><\/div><\/article><article class=\"kt-blocks-post-grid-item post-840 page type-page status-publish has-post-thumbnail hentry\"><div class=\"kt-blocks-post-grid-item-inner-wrap kt-feat-image-align-top kt-feat-image-mobile-align-top\"><div class=\"kadence-post-image\"><div class=\"kadence-post-image-intrisic kt-image-ratio-66-67\" style=\"padding-bottom:66.67%;\"><div class=\"kadence-post-image-inner-intrisic\"><a href=\"https:\/\/tex-bit.com\/es\/etiquetas-rfid-para-lavanderias-de-hosteleria\/\" aria-label=\"Leer m\u00e1s Hospitalidad\" class=\"kadence-post-image-inner-wrap\"><img loading=\"lazy\" decoding=\"async\" width=\"600\" height=\"400\" src=\"https:\/\/tex-bit.com\/wp-content\/uploads\/2024\/05\/RFID-Linen-Tag-for-Hotel-Hospitality.webp\" class=\"attachment-large size-large wp-post-image\" alt=\"Etiqueta de ropa blanca RFID para hosteler\u00eda\" srcset=\"https:\/\/tex-bit.com\/wp-content\/uploads\/2024\/05\/RFID-Linen-Tag-for-Hotel-Hospitality.webp 600w, https:\/\/tex-bit.com\/wp-content\/uploads\/2024\/05\/RFID-Linen-Tag-for-Hotel-Hospitality-300x200.webp 300w\" sizes=\"auto, (max-width: 600px) 100vw, 600px\" \/><\/a><\/div><\/div><\/div><div class=\"kt-blocks-post-grid-item-inner\"><header><h5 class=\"entry-title\"><a href=\"https:\/\/tex-bit.com\/es\/etiquetas-rfid-para-lavanderias-de-hosteleria\/\">Hosteler\u00eda<\/a><\/h5><div class=\"kt-blocks-post-top-meta\"><\/div><\/header><div class=\"entry-content\"><\/div><footer class=\"kt-blocks-post-footer\"><div class=\"kt-blocks-post-footer-left\"><\/div><div class=\"kt-blocks-post-footer-right\"><\/div><\/footer><\/div><\/div><\/article><article class=\"kt-blocks-post-grid-item post-842 page type-page status-publish has-post-thumbnail hentry\"><div class=\"kt-blocks-post-grid-item-inner-wrap kt-feat-image-align-top kt-feat-image-mobile-align-top\"><div class=\"kadence-post-image\"><div class=\"kadence-post-image-intrisic kt-image-ratio-66-67\" style=\"padding-bottom:66.67%;\"><div class=\"kadence-post-image-inner-intrisic\"><a href=\"https:\/\/tex-bit.com\/es\/etiquetas-rfid-para-ropa\/\" aria-label=\"Seguir leyendo Ropa, Moda\" class=\"kadence-post-image-inner-wrap\"><img loading=\"lazy\" decoding=\"async\" width=\"600\" height=\"400\" src=\"https:\/\/tex-bit.com\/wp-content\/uploads\/2024\/05\/RFID-Laundry-Tag-for-Fashion-Apparel.webp\" class=\"attachment-large size-large wp-post-image\" alt=\"Etiqueta RFID para ropa de moda\" srcset=\"https:\/\/tex-bit.com\/wp-content\/uploads\/2024\/05\/RFID-Laundry-Tag-for-Fashion-Apparel.webp 600w, https:\/\/tex-bit.com\/wp-content\/uploads\/2024\/05\/RFID-Laundry-Tag-for-Fashion-Apparel-300x200.webp 300w\" sizes=\"auto, (max-width: 600px) 100vw, 600px\" \/><\/a><\/div><\/div><\/div><div class=\"kt-blocks-post-grid-item-inner\"><header><h5 class=\"entry-title\"><a href=\"https:\/\/tex-bit.com\/es\/etiquetas-rfid-para-ropa\/\">Ropa, Moda<\/a><\/h5><div class=\"kt-blocks-post-top-meta\"><\/div><\/header><div class=\"entry-content\"><\/div><footer class=\"kt-blocks-post-footer\"><div class=\"kt-blocks-post-footer-left\"><\/div><div class=\"kt-blocks-post-footer-right\"><\/div><\/footer><\/div><\/div><\/article><article class=\"kt-blocks-post-grid-item post-846 page type-page status-publish has-post-thumbnail hentry\"><div class=\"kt-blocks-post-grid-item-inner-wrap kt-feat-image-align-top kt-feat-image-mobile-align-top\"><div class=\"kadence-post-image\"><div class=\"kadence-post-image-intrisic kt-image-ratio-66-67\" style=\"padding-bottom:66.67%;\"><div class=\"kadence-post-image-inner-intrisic\"><a href=\"https:\/\/tex-bit.com\/es\/smart-linen-etiqueta-rfid-para-felpudos\/\" aria-label=\"Leer m\u00e1s Protecci\u00f3n de suelos\" class=\"kadence-post-image-inner-wrap\"><img loading=\"lazy\" decoding=\"async\" width=\"600\" height=\"400\" src=\"https:\/\/tex-bit.com\/wp-content\/uploads\/2024\/05\/Smart-Linen-Tag-for-Cleaning.webp\" class=\"attachment-large size-large wp-post-image\" alt=\"Etiqueta de lino inteligente para limpieza\" srcset=\"https:\/\/tex-bit.com\/wp-content\/uploads\/2024\/05\/Smart-Linen-Tag-for-Cleaning.webp 600w, https:\/\/tex-bit.com\/wp-content\/uploads\/2024\/05\/Smart-Linen-Tag-for-Cleaning-300x200.webp 300w\" sizes=\"auto, (max-width: 600px) 100vw, 600px\" \/><\/a><\/div><\/div><\/div><div class=\"kt-blocks-post-grid-item-inner\"><header><h5 class=\"entry-title\"><a href=\"https:\/\/tex-bit.com\/es\/smart-linen-etiqueta-rfid-para-felpudos\/\">Protecci\u00f3n del suelo<\/a><\/h5><div class=\"kt-blocks-post-top-meta\"><\/div><\/header><div class=\"entry-content\"><\/div><footer class=\"kt-blocks-post-footer\"><div class=\"kt-blocks-post-footer-left\"><\/div><div class=\"kt-blocks-post-footer-right\"><\/div><\/footer><\/div><\/div><\/article><\/div><\/div><!-- .wp-block-kadence-postgrid --><\/div><\/div>\n\n<\/div><\/div><\/div><\/div>","protected":false},"excerpt":{"rendered":"<p>Lavander\u00eda sanitaria Etiquetas RFID para ropa sanitaria El sector sanitario evoluciona constantemente, y con \u00e9l surge la necesidad de soluciones innovadoras para mejorar la eficacia y la precisi\u00f3n. Una de estas soluciones es el uso de la tecnolog\u00eda RFID. Las etiquetas RFID para ropa sanitaria son cada vez m\u00e1s populares en hospitales, centros de rehabilitaci\u00f3n, cl\u00ednicas ambulatorias y residencias de ancianos. Estas...<\/p>","protected":false},"author":2,"featured_media":851,"parent":0,"menu_order":3,"comment_status":"closed","ping_status":"closed","template":"","meta":{"_kad_blocks_custom_css":"","_kad_blocks_head_custom_js":"","_kad_blocks_body_custom_js":"","_kad_blocks_footer_custom_js":"","_kadence_starter_templates_imported_post":false,"_kad_post_transparent":"","_kad_post_title":"","_kad_post_layout":"","_kad_post_sidebar_id":"","_kad_post_content_style":"","_kad_post_vertical_padding":"","_kad_post_feature":"","_kad_post_feature_position":"","_kad_post_header":false,"_kad_post_footer":false,"footnotes":""},"class_list":["post-844","page","type-page","status-publish","has-post-thumbnail","hentry"],"taxonomy_info":[],"featured_image_src_large":["https:\/\/tex-bit.com\/wp-content\/uploads\/2024\/05\/RFID-Smart-Linen-Tag-for-Healthcare.webp",600,400,false],"author_info":{"display_name":"TB Admin","author_link":"https:\/\/tex-bit.com\/es\/author\/tb-admin\/"},"comment_info":0,"_links":{"self":[{"href":"https:\/\/tex-bit.com\/es\/wp-json\/wp\/v2\/pages\/844","targetHints":{"allow":["GET"]}}],"collection":[{"href":"https:\/\/tex-bit.com\/es\/wp-json\/wp\/v2\/pages"}],"about":[{"href":"https:\/\/tex-bit.com\/es\/wp-json\/wp\/v2\/types\/page"}],"author":[{"embeddable":true,"href":"https:\/\/tex-bit.com\/es\/wp-json\/wp\/v2\/users\/2"}],"replies":[{"embeddable":true,"href":"https:\/\/tex-bit.com\/es\/wp-json\/wp\/v2\/comments?post=844"}],"version-history":[{"count":0,"href":"https:\/\/tex-bit.com\/es\/wp-json\/wp\/v2\/pages\/844\/revisions"}],"wp:featuredmedia":[{"embeddable":true,"href":"https:\/\/tex-bit.com\/es\/wp-json\/wp\/v2\/media\/851"}],"wp:attachment":[{"href":"https:\/\/tex-bit.com\/es\/wp-json\/wp\/v2\/media?parent=844"}],"curies":[{"name":"wp","href":"https:\/\/api.w.org\/{rel}","templated":true}]}}