{"id":985,"date":"2024-01-01T00:00:36","date_gmt":"2024-01-01T08:00:36","guid":{"rendered":"https:\/\/test.tex-bit.com\/?page_id=985"},"modified":"2024-07-22T19:19:51","modified_gmt":"2024-07-23T03:19:51","slug":"politica-de-privacidad","status":"publish","type":"page","link":"https:\/\/tex-bit.com\/es\/politica-de-privacidad\/","title":{"rendered":"Pol\u00edtica de privacidad"},"content":{"rendered":"<p><strong>\u00daltima actualizaci\u00f3n: Julio 2024<\/strong><\/p>\n\n\n\n<p>La presente Pol\u00edtica de Privacidad describe las pol\u00edticas de Shanghai HUAYUAN Electronic Co., Ltd, 517, B-Bld, No. 399 Hengnan Rd, Shanghai 201112, China, email: info@tex-bit.com, phone: +86 21 54246151 sobre la recopilaci\u00f3n, el uso y la divulgaci\u00f3n de su informaci\u00f3n que recopilamos cuando utiliza nuestro sitio web ( https:\/\/tex-bit.com ). (el \"Servicio\"). Al acceder o utilizar el Servicio, usted consiente la recopilaci\u00f3n, uso y divulgaci\u00f3n de su informaci\u00f3n de conformidad con la presente Pol\u00edtica de Privacidad. Si no da su consentimiento, le rogamos que no acceda al Servicio ni lo utilice.<br>Podemos modificar esta Pol\u00edtica de Privacidad en cualquier momento sin previo aviso y publicaremos la Pol\u00edtica de Privacidad revisada en el Servicio. La Pol\u00edtica revisada entrar\u00e1 en vigor a los 180 d\u00edas de su publicaci\u00f3n en el Servicio y su acceso o uso continuado del Servicio despu\u00e9s de dicho plazo constituir\u00e1 su aceptaci\u00f3n de la Pol\u00edtica de Privacidad revisada. Por lo tanto, le recomendamos que revise peri\u00f3dicamente esta p\u00e1gina.<\/p>\n\n\n\n<hr class=\"wp-block-separator has-text-color has-theme-palette-8-color has-alpha-channel-opacity has-theme-palette-8-background-color has-background is-style-wide\"\/>\n\n\n<style>.kb-table-of-content-nav.kb-table-of-content-id985_205f47-2b .kb-table-of-content-wrap{padding-top:var(--global-kb-spacing-sm, 1.5rem);padding-right:var(--global-kb-spacing-sm, 1.5rem);padding-bottom:var(--global-kb-spacing-sm, 1.5rem);padding-left:var(--global-kb-spacing-sm, 1.5rem);}.kb-table-of-content-nav.kb-table-of-content-id985_205f47-2b .kb-table-of-contents-title-wrap{padding-top:0px;padding-right:0px;padding-bottom:0px;padding-left:0px;}.kb-table-of-content-nav.kb-table-of-content-id985_205f47-2b .kb-table-of-contents-title{font-weight:regular;font-style:normal;}.kb-table-of-content-nav.kb-table-of-content-id985_205f47-2b .kb-table-of-content-wrap .kb-table-of-content-list{font-weight:regular;font-style:normal;margin-top:var(--global-kb-spacing-sm, 1.5rem);margin-right:0px;margin-bottom:0px;margin-left:0px;}<\/style>\n\n\n<h2 class=\"wp-block-heading has--font-size\">Informaci\u00f3n que recopilamos:<\/h2>\n\n\n\n<p>Recopilaremos y procesaremos la siguiente informaci\u00f3n personal sobre usted:<\/p>\n\n\n\n<ul class=\"wp-block-list\">\n<li>G\u00e9nero<\/li>\n\n\n\n<li>Nombre<\/li>\n\n\n\n<li>Correo electr\u00f3nico<\/li>\n\n\n\n<li>Tel\u00e9fono<\/li>\n\n\n\n<li>Nombre de la empresa<\/li>\n\n\n\n<li>P\u00e1gina web<\/li>\n\n\n\n<li>Direcci\u00f3n de trabajo<\/li>\n\n\n\n<li>Segmento de actividad<\/li>\n\n\n\n<li>Tipo de cliente<\/li>\n\n\n\n<li>Volumen potencial<\/li>\n\n\n\n<li>Trayectoria del usuario<\/li>\n<\/ul>\n\n\n\n<h2 class=\"wp-block-heading has--font-size\">C\u00f3mo utilizamos su informaci\u00f3n:<\/h2>\n\n\n\n<p>Utilizaremos la informaci\u00f3n que recopilemos sobre usted para los siguientes fines:<\/p>\n\n\n\n<ul class=\"wp-block-list\">\n<li>Marketing\/Promoci\u00f3n<\/li>\n\n\n\n<li>Ayuda<\/li>\n\n\n\n<li>Gestionar los pedidos de los clientes<\/li>\n<\/ul>\n\n\n\n<p>Si deseamos utilizar su informaci\u00f3n para cualquier otro fin, le pediremos su consentimiento y utilizaremos su informaci\u00f3n s\u00f3lo cuando recibamos su consentimiento y, en ese caso, s\u00f3lo para el fin o fines para los que otorgamos el consentimiento, a menos que la ley nos obligue a hacer otra cosa.<\/p>\n\n\n\n<h2 class=\"wp-block-heading has--font-size\">C\u00f3mo compartimos su informaci\u00f3n:<\/h2>\n\n\n\n<p>No transferiremos su informaci\u00f3n personal a ning\u00fan tercero sin solicitar su consentimiento, excepto en las circunstancias limitadas que se describen a continuaci\u00f3n:<\/p>\n\n\n\n<ul class=\"wp-block-list\">\n<li>Servicio de anuncios<\/li>\n\n\n\n<li>Anal\u00edtica<\/li>\n\n\n\n<li>Recogida y proceso de datos<\/li>\n<\/ul>\n\n\n\n<p>Exigimos a dichos terceros que utilicen la informaci\u00f3n personal que les transferimos \u00fanicamente para el fin para el que fue transferida y que no la conserven durante m\u00e1s tiempo del necesario para cumplir dicho fin.<br>Tambi\u00e9n podemos revelar su informaci\u00f3n personal para lo siguiente: (1) para cumplir con la legislaci\u00f3n aplicable, reglamentos, \u00f3rdenes judiciales u otros procesos legales; (2) para hacer cumplir sus acuerdos con nosotros, incluyendo esta Pol\u00edtica de Privacidad; o (3) para responder a reclamaciones de que su uso del Servicio viola cualquier derecho de terceros. Si el Servicio o nuestra empresa se fusionan o adquieren con otra empresa, su informaci\u00f3n ser\u00e1 uno de los activos que se transfieran al nuevo propietario.<\/p>\n\n\n\n<h2 class=\"wp-block-heading has--font-size\">Conservaci\u00f3n de su informaci\u00f3n:<\/h2>\n\n\n\n<p>Conservaremos su informaci\u00f3n personal durante 90 d\u00edas o mientras la necesitemos para cumplir los fines para los que fue recopilada, tal y como se detalla en esta Pol\u00edtica de privacidad. Es posible que necesitemos conservar determinada informaci\u00f3n durante per\u00edodos m\u00e1s largos, como el mantenimiento de registros o la elaboraci\u00f3n de informes de conformidad con la legislaci\u00f3n aplicable, o por otros motivos leg\u00edtimos, como el ejercicio de derechos legales, la prevenci\u00f3n del fraude, etc. La informaci\u00f3n an\u00f3nima residual y la informaci\u00f3n agregada, ninguna de las cuales le identifica (directa o indirectamente), pueden almacenarse indefinidamente.<\/p>\n\n\n\n<h2 class=\"wp-block-heading has--font-size\">Sus derechos:<\/h2>\n\n\n\n<p>En funci\u00f3n de la legislaci\u00f3n aplicable, usted puede tener derecho a acceder a sus datos personales y rectificarlos o borrarlos o recibir una copia de los mismos, limitar el tratamiento activo de sus datos u oponerse a \u00e9l, solicitarnos que compartamos (portemos) su informaci\u00f3n personal a otra entidad, retirar cualquier consentimiento que nos haya dado para tratar sus datos, derecho a presentar una reclamaci\u00f3n ante una autoridad legal y otros derechos que puedan corresponderle en virtud de la legislaci\u00f3n aplicable. Para ejercer estos derechos, puede escribirnos a info@tex-bit.com. Responderemos a su solicitud de conformidad con la legislaci\u00f3n aplicable.<br>Tenga en cuenta que si no nos permite recopilar o procesar la informaci\u00f3n personal requerida o retira el consentimiento para procesar la misma para los fines requeridos, es posible que no pueda acceder o utilizar los servicios para los que se solicit\u00f3 su informaci\u00f3n.<\/p>\n\n\n\n<h2 class=\"wp-block-heading has--font-size\">Cookies Etc.<\/h2>\n\n\n\n<p>Para obtener m\u00e1s informaci\u00f3n sobre c\u00f3mo las utilizamos y sus opciones en relaci\u00f3n con estas tecnolog\u00edas de seguimiento, consulte nuestra Pol\u00edtica de cookies.<\/p>\n\n\n\n<h2 class=\"wp-block-heading\">Seguridad:<\/h2>\n\n\n\n<p>La seguridad de su informaci\u00f3n es importante para nosotros y utilizaremos medidas de seguridad razonables para evitar la p\u00e9rdida, el uso indebido o la alteraci\u00f3n no autorizada de su informaci\u00f3n bajo nuestro control. Sin embargo, dados los riesgos inherentes, no podemos garantizar una seguridad absoluta y, en consecuencia, no podemos asegurar o garantizar la seguridad de cualquier informaci\u00f3n que nos transmita y usted lo hace bajo su propio riesgo.<\/p>\n\n\n\n<h2 class=\"wp-block-heading\">Enlaces de terceros y uso de su informaci\u00f3n:<\/h2>\n\n\n\n<p>Nuestro Servicio puede contener enlaces a otros sitios web que no son operados por nosotros. Esta Pol\u00edtica de Privacidad no se refiere a la pol\u00edtica de privacidad y otras pr\u00e1cticas de terceros, incluyendo cualquier tercero que opere cualquier sitio web o servicio que pueda ser accesible a trav\u00e9s de un enlace en el Servicio. Le recomendamos encarecidamente que revise la pol\u00edtica de privacidad de cada sitio que visite. No tenemos ning\u00fan control ni asumimos ninguna responsabilidad por el contenido, las pol\u00edticas de privacidad o las pr\u00e1cticas de los sitios o servicios de terceros.<\/p>\n\n\n\n<h2 class=\"wp-block-heading\">Responsable de quejas y protecci\u00f3n de datos:<\/h2>\n\n\n\n<p>Si tiene alguna pregunta o duda sobre el tratamiento de la informaci\u00f3n de que disponemos, puede enviar un correo electr\u00f3nico a nuestro responsable de quejas a Shanghai HUAYUAN Electronic Co., Ltd, 517, B-Bld, No. 399 Hengnan Rd, email: <a href=\"mailto:info@tex-bit.com\">info@tex-bit.com<\/a>. Trataremos sus preocupaciones de conformidad con la legislaci\u00f3n aplicable.<\/p>","protected":false},"excerpt":{"rendered":"<p>\u00daltima actualizaci\u00f3n: Julio 2024 Esta Pol\u00edtica de Privacidad describe las pol\u00edticas de Shanghai HUAYUAN Electronic Co, Ltd, 517, B-Bld, No. 399 Hengnan Rd, Shanghai 201112, China, email: info@tex-bit.com, phone: +86 21 54246151 sobre la recopilaci\u00f3n, el uso y la divulgaci\u00f3n de la informaci\u00f3n que recopilamos cuando usted utiliza nuestro sitio web ( https:\/\/tex-bit.com ). (el \"Servicio\"). Al acceder a...<\/p>","protected":false},"author":2,"featured_media":0,"parent":0,"menu_order":9,"comment_status":"closed","ping_status":"closed","template":"","meta":{"_kad_blocks_custom_css":"","_kad_blocks_head_custom_js":"","_kad_blocks_body_custom_js":"","_kad_blocks_footer_custom_js":"","_kadence_starter_templates_imported_post":false,"_kad_post_transparent":"","_kad_post_title":"show","_kad_post_layout":"","_kad_post_sidebar_id":"","_kad_post_content_style":"","_kad_post_vertical_padding":"show","_kad_post_feature":"","_kad_post_feature_position":"","_kad_post_header":false,"_kad_post_footer":false,"footnotes":""},"class_list":["post-985","page","type-page","status-publish","hentry"],"taxonomy_info":[],"featured_image_src_large":false,"author_info":{"display_name":"TB Admin","author_link":"https:\/\/tex-bit.com\/es\/author\/tb-admin\/"},"comment_info":0,"_links":{"self":[{"href":"https:\/\/tex-bit.com\/es\/wp-json\/wp\/v2\/pages\/985","targetHints":{"allow":["GET"]}}],"collection":[{"href":"https:\/\/tex-bit.com\/es\/wp-json\/wp\/v2\/pages"}],"about":[{"href":"https:\/\/tex-bit.com\/es\/wp-json\/wp\/v2\/types\/page"}],"author":[{"embeddable":true,"href":"https:\/\/tex-bit.com\/es\/wp-json\/wp\/v2\/users\/2"}],"replies":[{"embeddable":true,"href":"https:\/\/tex-bit.com\/es\/wp-json\/wp\/v2\/comments?post=985"}],"version-history":[{"count":0,"href":"https:\/\/tex-bit.com\/es\/wp-json\/wp\/v2\/pages\/985\/revisions"}],"wp:attachment":[{"href":"https:\/\/tex-bit.com\/es\/wp-json\/wp\/v2\/media?parent=985"}],"curies":[{"name":"wp","href":"https:\/\/api.w.org\/{rel}","templated":true}]}}