{"id":1054,"date":"2024-05-24T08:30:31","date_gmt":"2024-05-24T08:30:31","guid":{"rendered":"https:\/\/test.tex-bit.com\/?page_id=1054"},"modified":"2025-04-23T19:32:22","modified_gmt":"2025-04-24T03:32:22","slug":"la-durabilite","status":"publish","type":"page","link":"https:\/\/tex-bit.com\/fr\/la-durabilite\/","title":{"rendered":"Durabilit\u00e9"},"content":{"rendered":"<style>.kb-row-layout-id1054_d879b5-90 > .kt-row-column-wrap{align-content:start;}:where(.kb-row-layout-id1054_d879b5-90 > .kt-row-column-wrap) > .wp-block-kadence-column{justify-content:start;}.kb-row-layout-id1054_d879b5-90 > .kt-row-column-wrap{column-gap:var(--global-kb-gap-md, 2rem);row-gap:var(--global-kb-gap-md, 2rem);max-width:600px;margin-left:auto;margin-right:auto;padding-top:120px;padding-right:0px;padding-bottom:120px;padding-left:0px;grid-template-columns:minmax(0, 1fr);}.kb-row-layout-id1054_d879b5-90 > .kt-row-layout-overlay{opacity:1;background-image:url('https:\/\/tex-bit.com\/wp-content\/uploads\/2024\/05\/Sustainability-in-Textile-Industry-with-RFID-Tag.webp');background-size:cover;background-position:50% 30%;background-attachment:scroll;background-repeat:no-repeat;mix-blend-mode:normal;}@media all and (max-width: 1024px){.kb-row-layout-id1054_d879b5-90 > .kt-row-column-wrap{padding-top:80px;padding-right:20px;padding-bottom:80px;padding-left:20px;grid-template-columns:minmax(0, 1fr);}}@media all and (max-width: 767px){.kb-row-layout-id1054_d879b5-90 > .kt-row-column-wrap{grid-template-columns:minmax(0, 1fr);}}<\/style><div class=\"kb-row-layout-wrap kb-row-layout-id1054_d879b5-90 alignfull has-theme-palette3-background-color kt-row-has-bg wp-block-kadence-rowlayout\"><div class=\"kt-row-layout-overlay kt-row-overlay-normal\"><\/div><div class=\"kt-row-column-wrap kt-has-1-columns kt-row-layout-equal kt-tab-layout-inherit kt-mobile-layout-row kt-row-valign-top\">\n<style>.kadence-column1054_390dd2-4c > .kt-inside-inner-col{padding-right:0px;padding-left:0px;}.kadence-column1054_390dd2-4c > .kt-inside-inner-col,.kadence-column1054_390dd2-4c > .kt-inside-inner-col:before{border-top-left-radius:0px;border-top-right-radius:0px;border-bottom-right-radius:0px;border-bottom-left-radius:0px;}.kadence-column1054_390dd2-4c > .kt-inside-inner-col{column-gap:var(--global-kb-gap-sm, 1rem);}.kadence-column1054_390dd2-4c > .kt-inside-inner-col{flex-direction:column;}.kadence-column1054_390dd2-4c > .kt-inside-inner-col > .aligncenter{width:100%;}.kadence-column1054_390dd2-4c > .kt-inside-inner-col:before{opacity:0.3;}.kadence-column1054_390dd2-4c{position:relative;}.kadence-column1054_390dd2-4c, .kt-inside-inner-col > .kadence-column1054_390dd2-4c:not(.specificity){margin-right:0px;margin-left:0px;}@media all and (max-width: 1024px){.kadence-column1054_390dd2-4c > .kt-inside-inner-col{flex-direction:column;justify-content:center;}}@media all and (max-width: 767px){.kadence-column1054_390dd2-4c > .kt-inside-inner-col{padding-top:20px;padding-right:20px;padding-bottom:20px;padding-left:20px;flex-direction:column;justify-content:center;}}<\/style>\n<div class=\"wp-block-kadence-column kadence-column1054_390dd2-4c inner-column-1\"><div class=\"kt-inside-inner-col\"><style>.wp-block-kadence-advancedheading.kt-adv-heading1054_cb25a0-05, .wp-block-kadence-advancedheading.kt-adv-heading1054_cb25a0-05[data-kb-block=\"kb-adv-heading1054_cb25a0-05\"]{padding-bottom:20px;margin-top:0px;margin-bottom:0px;text-align:center;font-style:normal;text-transform:capitalize;}.wp-block-kadence-advancedheading.kt-adv-heading1054_cb25a0-05 mark.kt-highlight, .wp-block-kadence-advancedheading.kt-adv-heading1054_cb25a0-05[data-kb-block=\"kb-adv-heading1054_cb25a0-05\"] mark.kt-highlight{font-style:normal;color:#f76a0c;-webkit-box-decoration-break:clone;box-decoration-break:clone;padding-top:0px;padding-right:0px;padding-bottom:0px;padding-left:0px;}@media all and (max-width: 767px){.wp-block-kadence-advancedheading.kt-adv-heading1054_cb25a0-05, .wp-block-kadence-advancedheading.kt-adv-heading1054_cb25a0-05[data-kb-block=\"kb-adv-heading1054_cb25a0-05\"]{font-size:30px;text-align:center!important;}}<\/style>\n<h1 class=\"kt-adv-heading1054_cb25a0-05 wp-block-kadence-advancedheading has-theme-palette-9-color has-text-color\" data-kb-block=\"kb-adv-heading1054_cb25a0-05\">Durabilit\u00e9<\/h1>\n<\/div><\/div>\n\n<\/div><\/div>\n\n<style>.kadence-column1054_f92d8b-63 > .kt-inside-inner-col,.kadence-column1054_f92d8b-63 > .kt-inside-inner-col:before{border-top-left-radius:0px;border-top-right-radius:0px;border-bottom-right-radius:0px;border-bottom-left-radius:0px;}.kadence-column1054_f92d8b-63 > .kt-inside-inner-col{column-gap:var(--global-kb-gap-sm, 1rem);}.kadence-column1054_f92d8b-63 > .kt-inside-inner-col{flex-direction:column;}.kadence-column1054_f92d8b-63 > .kt-inside-inner-col > .aligncenter{width:100%;}.kadence-column1054_f92d8b-63 > .kt-inside-inner-col:before{opacity:0.3;}.kadence-column1054_f92d8b-63{position:relative;}@media all and (max-width: 1024px){.kadence-column1054_f92d8b-63 > .kt-inside-inner-col{flex-direction:column;justify-content:center;}}@media all and (max-width: 767px){.kadence-column1054_f92d8b-63 > .kt-inside-inner-col{flex-direction:column;justify-content:center;}}<\/style>\n<div class=\"wp-block-kadence-column kadence-column1054_f92d8b-63 alignfull\"><div class=\"kt-inside-inner-col\"><style>.kb-row-layout-id1054_926bd4-67 > .kt-row-column-wrap{align-content:start;}:where(.kb-row-layout-id1054_926bd4-67 > .kt-row-column-wrap) > .wp-block-kadence-column{justify-content:start;}.kb-row-layout-id1054_926bd4-67 > .kt-row-column-wrap{column-gap:var(--global-kb-gap-md, 2rem);row-gap:var(--global-kb-gap-md, 2rem);max-width:var( --global-content-width, 1400px );padding-left:var(--global-content-edge-padding);padding-right:var(--global-content-edge-padding);padding-top:var(--global-kb-spacing-lg, 3rem);padding-bottom:var(--global-kb-spacing-lg, 3rem);grid-template-columns:minmax(0, 1fr);}.kb-row-layout-id1054_926bd4-67 > .kt-row-layout-overlay{opacity:0.30;}@media all and (max-width: 1024px){.kb-row-layout-id1054_926bd4-67 > .kt-row-column-wrap{grid-template-columns:minmax(0, 1fr);}}@media all and (max-width: 767px){.kb-row-layout-id1054_926bd4-67 > .kt-row-column-wrap{grid-template-columns:minmax(0, 1fr);}}<\/style><div class=\"kb-row-layout-wrap kb-row-layout-id1054_926bd4-67 alignnone wp-block-kadence-rowlayout\"><div class=\"kt-row-column-wrap kt-has-1-columns kt-row-layout-equal kt-tab-layout-inherit kt-mobile-layout-row kt-row-valign-top kb-theme-content-width\">\n<style>.kadence-column1054_cdd8c5-ca > .kt-inside-inner-col,.kadence-column1054_cdd8c5-ca > .kt-inside-inner-col:before{border-top-left-radius:0px;border-top-right-radius:0px;border-bottom-right-radius:0px;border-bottom-left-radius:0px;}.kadence-column1054_cdd8c5-ca > .kt-inside-inner-col{column-gap:var(--global-kb-gap-sm, 1rem);}.kadence-column1054_cdd8c5-ca > .kt-inside-inner-col{flex-direction:column;}.kadence-column1054_cdd8c5-ca > .kt-inside-inner-col > .aligncenter{width:100%;}.kadence-column1054_cdd8c5-ca > .kt-inside-inner-col:before{opacity:0.3;}.kadence-column1054_cdd8c5-ca{position:relative;}@media all and (max-width: 1024px){.kadence-column1054_cdd8c5-ca > .kt-inside-inner-col{flex-direction:column;justify-content:center;}}@media all and (max-width: 767px){.kadence-column1054_cdd8c5-ca > .kt-inside-inner-col{flex-direction:column;justify-content:center;}}<\/style>\n<div class=\"wp-block-kadence-column kadence-column1054_cdd8c5-ca\"><div class=\"kt-inside-inner-col\">\n<h1 class=\"wp-block-heading has--font-size\"><mark style=\"background-color:rgba(0, 0, 0, 0)\" class=\"has-inline-color has-theme-palette-1-color\">La technologie RFID au service du d\u00e9veloppement durable dans l'industrie textile<\/mark><\/h1>\n\n\n\n<p>En 1987, la Commission Brundtland des Nations Unies a d\u00e9fini la durabilit\u00e9 comme \"r\u00e9pondre aux besoins du pr\u00e9sent sans compromettre la capacit\u00e9 des g\u00e9n\u00e9rations futures \u00e0 r\u00e9pondre \u00e0 leurs propres besoins\".<\/p>\n\n\n\n<p>Dans la vague d\u00e9ferlante de l'automatisation industrielle, l'industrie de l'identification automatique se consacre \u00e0 relever les d\u00e9fis de la gestion industrielle traditionnelle, en conduisant sa transformation vers la num\u00e9risation, la transparence et le fonctionnement dynamique. Confront\u00e9 aux exigences de plus en plus strictes des <strong>DPP<\/strong> notamment dans le domaine de la gestion du cycle de vie des textiles, nous inaugurons un nouveau chapitre du d\u00e9veloppement durable gr\u00e2ce \u00e0 des technologies de pointe.<\/p>\n\n\n\n<p>Les technologies d'identification automatique, en particulier l'int\u00e9gration profonde de la technologie de l'information et de la communication (TIC), sont de plus en plus utilis\u00e9es. <strong>Identification par radiofr\u00e9quence<\/strong> (RFID) et l'intelligence artificielle (IA) ont d\u00e9clench\u00e9 une r\u00e9volution dans la gestion du cycle de vie complet des textiles. Depuis l'approvisionnement en mati\u00e8res premi\u00e8res, la production et la fabrication, jusqu'\u00e0 la distribution, la vente, le recyclage et l'\u00e9limination, la collecte de donn\u00e9es en temps r\u00e9el et l'analyse pr\u00e9cise sont r\u00e9alis\u00e9es \u00e0 chaque \u00e9tape. Gr\u00e2ce \u00e0 <strong><a href=\"https:\/\/tex-bit.com\/rfid-laundry-products\/\">\u00c9tiquettes RFID<\/a><\/strong>Gr\u00e2ce \u00e0 ce syst\u00e8me, les textiles se voient attribuer une \"carte d'identit\u00e9 num\u00e9rique\" d\u00e8s leur sortie de la cha\u00eene de production, ce qui permet de suivre des informations telles que l'emplacement, la fr\u00e9quence d'utilisation, l'\u00e9tat du lavage, la qualit\u00e9 du lavage, la dur\u00e9e de vie et le retour d'information de l'utilisateur sur la qualit\u00e9. Cela am\u00e9liore consid\u00e9rablement l'efficacit\u00e9 de la gestion et limite le gaspillage des ressources. Parall\u00e8lement, les algorithmes d'IA pr\u00e9disent la demande sur la base de donn\u00e9es historiques, optimisent la gestion des stocks, am\u00e9liorent l'exp\u00e9rience client dans le secteur de l'h\u00f4tellerie, r\u00e9duisent la consommation d'\u00e9nergie et de ressources caus\u00e9e par le surstockage et rationalisent la cha\u00eene d'approvisionnement.<\/p>\n\n\n\n<p>Les technologies d'identification automatique jouent \u00e9galement un r\u00f4le essentiel dans le respect des r\u00e9glementations du DPP. Gr\u00e2ce \u00e0 la surveillance en temps r\u00e9el du processus de production textile, nous garantissons que les op\u00e9rations de production respectent les normes de protection de l'environnement et de d\u00e9veloppement durable. Au cours de la phase de recyclage, avec une efficacit\u00e9 de lecture des centaines, voire des milliers de fois sup\u00e9rieure \u00e0 celle des codes-barres et des codes QR, ces technologies identifient avec pr\u00e9cision les mat\u00e9riaux recyclables, ce qui rend le processus de recyclage hautement op\u00e9rationnel, favorise la circularit\u00e9 des ressources et minimise l'impact sur l'environnement.<\/p>\n\n\n\n<p>Prenons l'exemple d'un groupe h\u00f4telier international. Apr\u00e8s la mise en \u0153uvre des technologies d'identification automatique, l'efficacit\u00e9 de sa gestion des textiles a augment\u00e9 de 40%, les co\u00fbts d'inventaire ont diminu\u00e9 de 30% et le gaspillage des ressources r\u00e9sultant d'achats excessifs et d'une mauvaise gestion a \u00e9t\u00e9 r\u00e9duit. Cela a permis de r\u00e9aliser avec succ\u00e8s les objectifs de d\u00e9veloppement durable dans la gestion du cycle de vie des textiles.<\/p>\n\n\n\n<p>\u00c0 l'avenir, nous continuerons d'approfondir notre expertise dans les technologies d'identification automatique, en encourageant l'innovation continue dans la gestion du cycle de vie des textiles. En proposant des solutions plus efficaces et plus respectueuses de l'environnement, nous souhaitons permettre aux industries traditionnelles de progresser r\u00e9guli\u00e8rement sur la voie du d\u00e9veloppement durable.<\/p>\n<\/div><\/div>\n\n<\/div><\/div><\/div><\/div>\n\n\n\n<p><a href=\"https:\/\/tex-bit.com\/rfid-laundry-products\/rfid-linen-tag\/\"><\/a><\/p>\n\n\n<style>.kadence-column1054_0ab0ab-03 > .kt-inside-inner-col,.kadence-column1054_0ab0ab-03 > .kt-inside-inner-col:before{border-top-left-radius:0px;border-top-right-radius:0px;border-bottom-right-radius:0px;border-bottom-left-radius:0px;}.kadence-column1054_0ab0ab-03 > .kt-inside-inner-col{column-gap:var(--global-kb-gap-sm, 1rem);}.kadence-column1054_0ab0ab-03 > .kt-inside-inner-col{flex-direction:column;}.kadence-column1054_0ab0ab-03 > .kt-inside-inner-col > .aligncenter{width:100%;}.kadence-column1054_0ab0ab-03 > .kt-inside-inner-col:before{opacity:0.3;}.kadence-column1054_0ab0ab-03{position:relative;}@media all and (max-width: 1024px){.kadence-column1054_0ab0ab-03 > .kt-inside-inner-col{flex-direction:column;justify-content:center;}}@media all and (max-width: 767px){.kadence-column1054_0ab0ab-03 > .kt-inside-inner-col{flex-direction:column;justify-content:center;}}<\/style>\n<div class=\"wp-block-kadence-column kadence-column1054_0ab0ab-03 alignfull\"><div class=\"kt-inside-inner-col\"><style>.kb-row-layout-id1054_1edbca-d3 > .kt-row-column-wrap{align-content:start;}:where(.kb-row-layout-id1054_1edbca-d3 > .kt-row-column-wrap) > .wp-block-kadence-column{justify-content:start;}.kb-row-layout-id1054_1edbca-d3 > .kt-row-column-wrap{column-gap:var(--global-kb-gap-md, 2rem);row-gap:var(--global-kb-gap-md, 2rem);max-width:var( --global-content-width, 1400px );padding-left:var(--global-content-edge-padding);padding-right:var(--global-content-edge-padding);padding-top:var(--global-kb-spacing-sm, 1.5rem);padding-bottom:var(--global-kb-spacing-sm, 1.5rem);grid-template-columns:minmax(0, 1fr);}.kb-row-layout-id1054_1edbca-d3 > .kt-row-layout-overlay{opacity:0.30;}@media all and (max-width: 1024px){.kb-row-layout-id1054_1edbca-d3 > .kt-row-column-wrap{grid-template-columns:minmax(0, 1fr);}}@media all and (max-width: 767px){.kb-row-layout-id1054_1edbca-d3 > .kt-row-column-wrap{grid-template-columns:minmax(0, 1fr);}}<\/style><div class=\"kb-row-layout-wrap kb-row-layout-id1054_1edbca-d3 alignnone has-theme-palette7-background-color kt-row-has-bg wp-block-kadence-rowlayout\"><div class=\"kt-row-column-wrap kt-has-1-columns kt-row-layout-equal kt-tab-layout-inherit kt-mobile-layout-row kt-row-valign-top kb-theme-content-width\">\n<style>.kadence-column1054_c27ba1-c5 > .kt-inside-inner-col,.kadence-column1054_c27ba1-c5 > .kt-inside-inner-col:before{border-top-left-radius:0px;border-top-right-radius:0px;border-bottom-right-radius:0px;border-bottom-left-radius:0px;}.kadence-column1054_c27ba1-c5 > .kt-inside-inner-col{column-gap:var(--global-kb-gap-sm, 1rem);}.kadence-column1054_c27ba1-c5 > .kt-inside-inner-col{flex-direction:column;}.kadence-column1054_c27ba1-c5 > .kt-inside-inner-col > .aligncenter{width:100%;}.kadence-column1054_c27ba1-c5 > .kt-inside-inner-col:before{opacity:0.3;}.kadence-column1054_c27ba1-c5{position:relative;}@media all and (max-width: 1024px){.kadence-column1054_c27ba1-c5 > .kt-inside-inner-col{flex-direction:column;justify-content:center;}}@media all and (max-width: 767px){.kadence-column1054_c27ba1-c5 > .kt-inside-inner-col{flex-direction:column;justify-content:center;}}<\/style>\n<div class=\"wp-block-kadence-column kadence-column1054_c27ba1-c5\"><div class=\"kt-inside-inner-col\">\n<h4 class=\"wp-block-heading\"><mark style=\"background-color:rgba(0, 0, 0, 0)\" class=\"has-inline-color has-theme-palette-1-color\">Ces th\u00e8mes pourraient \u00e9galement vous int\u00e9resser...<\/mark><\/h4>\n\n\n<style>.kb-posts-id-1054_092e19-a3 .kb-post-list-item{display:grid;}<\/style><ul class=\"wp-block-kadence-posts kb-posts kadence-posts-list kb-posts-id-1054_092e19-a3 content-wrap grid-cols kb-posts-style-boxed grid-sm-col-2 grid-lg-col-3 item-image-style-above\"><li class=\"kb-post-list-item\">\n\t<article class=\"entry content-bg loop-entry post-1560 post type-post status-publish format-standard has-post-thumbnail hentry category-news\">\n\t\t\t\t<a aria-hidden=\"true\" tabindex=\"-1\" role=\"presentation\" class=\"post-thumbnail kadence-thumbnail-ratio-2-3\" href=\"https:\/\/tex-bit.com\/fr\/ameliorer-les-operations-de-location-de-tapis-avec-les-etiquettes-rfid-tex-bits-pour-les-tapis\/\" aria-label=\"Am\u00e9liorer les op\u00e9rations de location de tapis gr\u00e2ce aux \u00e9tiquettes RFID pour tapis de TEX-BIT\">\n\t\t\t<div class=\"post-thumbnail-inner\">\n\t\t\t\t<img loading=\"lazy\" decoding=\"async\" width=\"600\" height=\"400\" src=\"https:\/\/tex-bit.com\/wp-content\/uploads\/2025\/04\/RFID-Tags-for-Mats.webp\" class=\"attachment-medium_large size-medium_large wp-post-image\" alt=\"Etiquettes RFID pour tapis\" srcset=\"https:\/\/tex-bit.com\/wp-content\/uploads\/2025\/04\/RFID-Tags-for-Mats.webp 600w, https:\/\/tex-bit.com\/wp-content\/uploads\/2025\/04\/RFID-Tags-for-Mats-300x200.webp 300w, https:\/\/tex-bit.com\/wp-content\/uploads\/2025\/04\/RFID-Tags-for-Mats-18x12.webp 18w\" sizes=\"auto, (max-width: 600px) 100vw, 600px\" \/>\t\t\t<\/div>\n\t\t<\/a><!-- .post-thumbnail -->\n\t\t\t\t<div class=\"entry-content-wrap\">\n\t\t\t<header class=\"entry-header\">\n\t<h5 class=\"entry-title\"><a href=\"https:\/\/tex-bit.com\/fr\/ameliorer-les-operations-de-location-de-tapis-avec-les-etiquettes-rfid-tex-bits-pour-les-tapis\/\" rel=\"bookmark\">Am\u00e9liorer les op\u00e9rations de location de tapis gr\u00e2ce aux \u00e9tiquettes RFID pour tapis de TEX-BIT<\/a><\/h5><\/header><!-- .entry-header -->\n<footer class=\"entry-footer\">\n\t<\/footer><!-- .entry-footer -->\t\t<\/div>\n\t<\/article>\n<\/li>\n<li class=\"kb-post-list-item\">\n\t<article class=\"entry content-bg loop-entry post-1125 post type-post status-publish format-standard has-post-thumbnail hentry category-uncategorized\">\n\t\t\t\t<a aria-hidden=\"true\" tabindex=\"-1\" role=\"presentation\" class=\"post-thumbnail kadence-thumbnail-ratio-2-3\" href=\"https:\/\/tex-bit.com\/fr\/faqs-of-tex-bit-uhf-linen-rfid-tags\/\" aria-label=\"FAQs des \u00e9tiquettes RFID TEX-BIT Linen\">\n\t\t\t<div class=\"post-thumbnail-inner\">\n\t\t\t\t<img loading=\"lazy\" decoding=\"async\" width=\"600\" height=\"400\" src=\"https:\/\/tex-bit.com\/wp-content\/uploads\/2024\/05\/FAQs-of-TEXBIT-UHF-Linen-RFID-Tags.webp\" class=\"attachment-medium_large size-medium_large wp-post-image\" alt=\"FAQs des \u00e9tiquettes RFID UHF pour le linge TEXBIT\" srcset=\"https:\/\/tex-bit.com\/wp-content\/uploads\/2024\/05\/FAQs-of-TEXBIT-UHF-Linen-RFID-Tags.webp 600w, https:\/\/tex-bit.com\/wp-content\/uploads\/2024\/05\/FAQs-of-TEXBIT-UHF-Linen-RFID-Tags-300x200.webp 300w\" sizes=\"auto, (max-width: 600px) 100vw, 600px\" \/>\t\t\t<\/div>\n\t\t<\/a><!-- .post-thumbnail -->\n\t\t\t\t<div class=\"entry-content-wrap\">\n\t\t\t<header class=\"entry-header\">\n\t<h5 class=\"entry-title\"><a href=\"https:\/\/tex-bit.com\/fr\/faqs-of-tex-bit-uhf-linen-rfid-tags\/\" rel=\"bookmark\">FAQs des \u00e9tiquettes RFID TEX-BIT Linen<\/a><\/h5><\/header><!-- .entry-header -->\n<footer class=\"entry-footer\">\n\t<\/footer><!-- .entry-footer -->\t\t<\/div>\n\t<\/article>\n<\/li>\n<li class=\"kb-post-list-item\">\n\t<article class=\"entry content-bg loop-entry post-869 post type-post status-publish format-standard has-post-thumbnail hentry category-news\">\n\t\t\t\t<a aria-hidden=\"true\" tabindex=\"-1\" role=\"presentation\" class=\"post-thumbnail kadence-thumbnail-ratio-2-3\" href=\"https:\/\/tex-bit.com\/fr\/comment-choisir-les-meilleures-puces-rfid-pour-le-linge\/\" aria-label=\"Choisir les bonnes puces RFID pour le suivi des textiles industriels\">\n\t\t\t<div class=\"post-thumbnail-inner\">\n\t\t\t\t<img loading=\"lazy\" decoding=\"async\" width=\"768\" height=\"512\" src=\"https:\/\/tex-bit.com\/wp-content\/uploads\/2024\/05\/How-to-Select-the-Best-RFID-Laundry-Chips-768x512.webp\" class=\"attachment-medium_large size-medium_large wp-post-image\" alt=\"Choisir les bonnes puces RFID pour le suivi des textiles industriels\" srcset=\"https:\/\/tex-bit.com\/wp-content\/uploads\/2024\/05\/How-to-Select-the-Best-RFID-Laundry-Chips-768x512.webp 768w, https:\/\/tex-bit.com\/wp-content\/uploads\/2024\/05\/How-to-Select-the-Best-RFID-Laundry-Chips-300x200.webp 300w, https:\/\/tex-bit.com\/wp-content\/uploads\/2024\/05\/How-to-Select-the-Best-RFID-Laundry-Chips.webp 800w\" sizes=\"auto, (max-width: 768px) 100vw, 768px\" \/>\t\t\t<\/div>\n\t\t<\/a><!-- .post-thumbnail -->\n\t\t\t\t<div class=\"entry-content-wrap\">\n\t\t\t<header class=\"entry-header\">\n\t<h5 class=\"entry-title\"><a href=\"https:\/\/tex-bit.com\/fr\/comment-choisir-les-meilleures-puces-rfid-pour-le-linge\/\" rel=\"bookmark\">Choisir les bonnes puces RFID pour le suivi des textiles industriels<\/a><\/h5><\/header><!-- .entry-header -->\n<footer class=\"entry-footer\">\n\t<\/footer><!-- .entry-footer -->\t\t<\/div>\n\t<\/article>\n<\/li>\n<\/ul><\/div><\/div>\n\n<\/div><\/div><\/div><\/div>","protected":false},"excerpt":{"rendered":"<p>Durabilit\u00e9 La technologie RFID au service du d\u00e9veloppement durable dans l'industrie textile En 1987, la Commission Brundtland des Nations Unies a d\u00e9fini la durabilit\u00e9 comme \"le fait de r\u00e9pondre aux besoins du pr\u00e9sent sans compromettre la capacit\u00e9 des g\u00e9n\u00e9rations futures \u00e0 r\u00e9pondre aux leurs\". Dans la vague d\u00e9ferlante de l'automatisation industrielle, l'industrie de l'identification automatique s'est engag\u00e9e \u00e0 relever les d\u00e9fis...<\/p>","protected":false},"author":2,"featured_media":931,"parent":0,"menu_order":1,"comment_status":"closed","ping_status":"closed","template":"","meta":{"_kad_blocks_custom_css":"","_kad_blocks_head_custom_js":"","_kad_blocks_body_custom_js":"","_kad_blocks_footer_custom_js":"","_kadence_starter_templates_imported_post":false,"_kad_post_transparent":"","_kad_post_title":"","_kad_post_layout":"","_kad_post_sidebar_id":"","_kad_post_content_style":"","_kad_post_vertical_padding":"","_kad_post_feature":"","_kad_post_feature_position":"","_kad_post_header":false,"_kad_post_footer":false,"footnotes":""},"class_list":["post-1054","page","type-page","status-publish","has-post-thumbnail","hentry"],"taxonomy_info":[],"featured_image_src_large":["https:\/\/tex-bit.com\/wp-content\/uploads\/2024\/05\/Sustainability-with-RFID-1024x683.webp",1024,683,true],"author_info":{"display_name":"TB Admin","author_link":"https:\/\/tex-bit.com\/fr\/author\/tb-admin\/"},"comment_info":0,"_links":{"self":[{"href":"https:\/\/tex-bit.com\/fr\/wp-json\/wp\/v2\/pages\/1054","targetHints":{"allow":["GET"]}}],"collection":[{"href":"https:\/\/tex-bit.com\/fr\/wp-json\/wp\/v2\/pages"}],"about":[{"href":"https:\/\/tex-bit.com\/fr\/wp-json\/wp\/v2\/types\/page"}],"author":[{"embeddable":true,"href":"https:\/\/tex-bit.com\/fr\/wp-json\/wp\/v2\/users\/2"}],"replies":[{"embeddable":true,"href":"https:\/\/tex-bit.com\/fr\/wp-json\/wp\/v2\/comments?post=1054"}],"version-history":[{"count":0,"href":"https:\/\/tex-bit.com\/fr\/wp-json\/wp\/v2\/pages\/1054\/revisions"}],"wp:featuredmedia":[{"embeddable":true,"href":"https:\/\/tex-bit.com\/fr\/wp-json\/wp\/v2\/media\/931"}],"wp:attachment":[{"href":"https:\/\/tex-bit.com\/fr\/wp-json\/wp\/v2\/media?parent=1054"}],"curies":[{"name":"wp","href":"https:\/\/api.w.org\/{rel}","templated":true}]}}