{"id":31,"date":"2022-03-17T12:40:59","date_gmt":"2022-03-17T12:40:59","guid":{"rendered":"https:\/\/kadence.pixel-show.com\/blog-affiliate\/?page_id=31"},"modified":"2025-04-23T23:18:38","modified_gmt":"2025-04-24T07:18:38","slug":"a-propos-de-tex-bit","status":"publish","type":"page","link":"https:\/\/tex-bit.com\/fr\/a-propos-de-tex-bit\/","title":{"rendered":"\u00c0 propos de nous"},"content":{"rendered":"<style>.kb-row-layout-id31_79ade9-a8 > .kt-row-column-wrap{align-content:start;}:where(.kb-row-layout-id31_79ade9-a8 > .kt-row-column-wrap) > .wp-block-kadence-column{justify-content:start;}.kb-row-layout-id31_79ade9-a8 > .kt-row-column-wrap{column-gap:var(--global-kb-gap-md, 2rem);row-gap:var(--global-kb-gap-md, 2rem);max-width:600px;margin-left:auto;margin-right:auto;padding-top:120px;padding-right:0px;padding-bottom:120px;padding-left:0px;grid-template-columns:minmax(0, 1fr);}.kb-row-layout-id31_79ade9-a8 > .kt-row-layout-overlay{opacity:0.18;background-image:url('https:\/\/tex-bit.com\/wp-content\/uploads\/2024\/05\/rfid-technology.webp');background-size:cover;background-position:50% 52%;background-attachment:scroll;background-repeat:no-repeat;mix-blend-mode:normal;}@media all and (max-width: 1024px){.kb-row-layout-id31_79ade9-a8 > .kt-row-column-wrap{padding-top:80px;padding-right:20px;padding-bottom:80px;padding-left:20px;grid-template-columns:minmax(0, 1fr);}}@media all and (max-width: 767px){.kb-row-layout-id31_79ade9-a8 > .kt-row-column-wrap{grid-template-columns:minmax(0, 1fr);}}<\/style><div class=\"kb-row-layout-wrap kb-row-layout-id31_79ade9-a8 alignnone has-theme-palette3-background-color kt-row-has-bg wp-block-kadence-rowlayout\"><div class=\"kt-row-layout-overlay kt-row-overlay-normal\"><\/div><div class=\"kt-row-column-wrap kt-has-1-columns kt-row-layout-equal kt-tab-layout-inherit kt-mobile-layout-row kt-row-valign-top\">\n<style>.kadence-column31_0a3860-ab > .kt-inside-inner-col{padding-right:0px;padding-left:0px;}.kadence-column31_0a3860-ab > .kt-inside-inner-col,.kadence-column31_0a3860-ab > .kt-inside-inner-col:before{border-top-left-radius:0px;border-top-right-radius:0px;border-bottom-right-radius:0px;border-bottom-left-radius:0px;}.kadence-column31_0a3860-ab > .kt-inside-inner-col{column-gap:var(--global-kb-gap-sm, 1rem);}.kadence-column31_0a3860-ab > .kt-inside-inner-col{flex-direction:column;}.kadence-column31_0a3860-ab > .kt-inside-inner-col > .aligncenter{width:100%;}.kadence-column31_0a3860-ab > .kt-inside-inner-col:before{opacity:0.3;}.kadence-column31_0a3860-ab{position:relative;}.kadence-column31_0a3860-ab, .kt-inside-inner-col > .kadence-column31_0a3860-ab:not(.specificity){margin-right:0px;margin-left:0px;}@media all and (max-width: 1024px){.kadence-column31_0a3860-ab > .kt-inside-inner-col{flex-direction:column;justify-content:center;}}@media all and (max-width: 767px){.kadence-column31_0a3860-ab > .kt-inside-inner-col{flex-direction:column;justify-content:center;}}<\/style>\n<div class=\"wp-block-kadence-column kadence-column31_0a3860-ab inner-column-1\"><div class=\"kt-inside-inner-col\"><style>.wp-block-kadence-advancedheading.kt-adv-heading31_5872eb-aa, .wp-block-kadence-advancedheading.kt-adv-heading31_5872eb-aa[data-kb-block=\"kb-adv-heading31_5872eb-aa\"]{padding-bottom:20px;margin-top:0px;margin-bottom:0px;text-align:center;font-style:normal;text-transform:capitalize;}.wp-block-kadence-advancedheading.kt-adv-heading31_5872eb-aa mark.kt-highlight, .wp-block-kadence-advancedheading.kt-adv-heading31_5872eb-aa[data-kb-block=\"kb-adv-heading31_5872eb-aa\"] mark.kt-highlight{font-style:normal;color:#f76a0c;-webkit-box-decoration-break:clone;box-decoration-break:clone;padding-top:0px;padding-right:0px;padding-bottom:0px;padding-left:0px;}@media all and (max-width: 767px){.wp-block-kadence-advancedheading.kt-adv-heading31_5872eb-aa, .wp-block-kadence-advancedheading.kt-adv-heading31_5872eb-aa[data-kb-block=\"kb-adv-heading31_5872eb-aa\"]{font-size:30px;text-align:center!important;}}<\/style>\n<h1 class=\"kt-adv-heading31_5872eb-aa wp-block-kadence-advancedheading has-theme-palette-9-color has-text-color\" data-kb-block=\"kb-adv-heading31_5872eb-aa\">\u00e0 propos de TEX-BIT<\/h1>\n<\/div><\/div>\n\n<\/div><\/div>\n\n<style>.kb-row-layout-id31_976374-29 > .kt-row-column-wrap{align-content:start;}:where(.kb-row-layout-id31_976374-29 > .kt-row-column-wrap) > .wp-block-kadence-column{justify-content:start;}.kb-row-layout-id31_976374-29 > .kt-row-column-wrap{column-gap:var(--global-kb-gap-md, 2rem);row-gap:var(--global-kb-gap-md, 2rem);max-width:var( --global-content-width, 1400px );padding-left:var(--global-content-edge-padding);padding-right:var(--global-content-edge-padding);padding-top:80px;padding-right:20px;padding-bottom:80px;padding-left:20px;grid-template-columns:minmax(0, 1fr);}.kb-row-layout-id31_976374-29 > .kt-row-layout-overlay{opacity:0.30;}@media all and (max-width: 1024px){.kb-row-layout-id31_976374-29 > .kt-row-column-wrap{padding-top:60px;padding-right:20px;padding-bottom:60px;padding-left:20px;grid-template-columns:minmax(0, 1fr);}}@media all and (max-width: 767px){.kb-row-layout-id31_976374-29 > .kt-row-column-wrap{padding-top:40px;padding-right:20px;padding-bottom:40px;padding-left:20px;grid-template-columns:minmax(0, 1fr);}}<\/style><div class=\"kb-row-layout-wrap kb-row-layout-id31_976374-29 alignnone wp-block-kadence-rowlayout\"><div class=\"kt-row-column-wrap kt-has-1-columns kt-row-layout-equal kt-tab-layout-inherit kt-mobile-layout-row kt-row-valign-top kb-theme-content-width\">\n<style>.kadence-column31_aa1e35-cb > .kt-inside-inner-col,.kadence-column31_aa1e35-cb > .kt-inside-inner-col:before{border-top-left-radius:0px;border-top-right-radius:0px;border-bottom-right-radius:0px;border-bottom-left-radius:0px;}.kadence-column31_aa1e35-cb > .kt-inside-inner-col{column-gap:var(--global-kb-gap-sm, 1rem);}.kadence-column31_aa1e35-cb > .kt-inside-inner-col{flex-direction:column;}.kadence-column31_aa1e35-cb > .kt-inside-inner-col > .aligncenter{width:100%;}.kadence-column31_aa1e35-cb > .kt-inside-inner-col:before{opacity:0.3;}.kadence-column31_aa1e35-cb{position:relative;}@media all and (max-width: 1024px){.kadence-column31_aa1e35-cb > .kt-inside-inner-col{flex-direction:column;justify-content:center;}}@media all and (max-width: 767px){.kadence-column31_aa1e35-cb > .kt-inside-inner-col{flex-direction:column;justify-content:center;}}<\/style>\n<div class=\"wp-block-kadence-column kadence-column31_aa1e35-cb inner-column-1\"><div class=\"kt-inside-inner-col\"><style>.kb-row-layout-id31_ccacd1-3d > .kt-row-column-wrap{align-content:start;}:where(.kb-row-layout-id31_ccacd1-3d > .kt-row-column-wrap) > .wp-block-kadence-column{justify-content:start;}.kb-row-layout-id31_ccacd1-3d > .kt-row-column-wrap{column-gap:var(--global-kb-gap-md, 2rem);row-gap:var(--global-kb-gap-md, 2rem);padding-top:20px;padding-bottom:20px;grid-template-columns:minmax(0, 1fr);}.kb-row-layout-id31_ccacd1-3d > .kt-row-layout-overlay{opacity:0.30;}@media all and (max-width: 1024px){.kb-row-layout-id31_ccacd1-3d > .kt-row-column-wrap{grid-template-columns:minmax(0, 1fr);}}@media all and (max-width: 767px){.kb-row-layout-id31_ccacd1-3d > .kt-row-column-wrap{grid-template-columns:minmax(0, 1fr);}}<\/style><div class=\"kb-row-layout-wrap kb-row-layout-id31_ccacd1-3d alignnone wp-block-kadence-rowlayout\"><div class=\"kt-row-column-wrap kt-has-1-columns kt-row-layout-equal kt-tab-layout-inherit kt-mobile-layout-row kt-row-valign-top\">\n<style>.kadence-column31_4330a9-a2 > .kt-inside-inner-col,.kadence-column31_4330a9-a2 > .kt-inside-inner-col:before{border-top-left-radius:0px;border-top-right-radius:0px;border-bottom-right-radius:0px;border-bottom-left-radius:0px;}.kadence-column31_4330a9-a2 > .kt-inside-inner-col{column-gap:var(--global-kb-gap-sm, 1rem);}.kadence-column31_4330a9-a2 > .kt-inside-inner-col{flex-direction:column;}.kadence-column31_4330a9-a2 > .kt-inside-inner-col > .aligncenter{width:100%;}.kadence-column31_4330a9-a2 > .kt-inside-inner-col:before{opacity:0.3;}.kadence-column31_4330a9-a2{position:relative;}@media all and (max-width: 1024px){.kadence-column31_4330a9-a2 > .kt-inside-inner-col{flex-direction:column;justify-content:center;}}@media all and (max-width: 767px){.kadence-column31_4330a9-a2 > .kt-inside-inner-col{flex-direction:column;justify-content:center;}}<\/style>\n<div class=\"wp-block-kadence-column kadence-column31_4330a9-a2\"><div class=\"kt-inside-inner-col\">\n<p><strong>TEX-BIT<\/strong> est une entreprise ax\u00e9e sur la technologie qui s'engage \u00e0 acc\u00e9l\u00e9rer la transformation num\u00e9rique et intelligente des industries traditionnelles. En int\u00e9grant des technologies de pointe, notamment l'intelligence artificielle (IA), l'identification par radiofr\u00e9quence (RFID), le logiciel en tant que service (SaaS) et l'informatique en nuage, nous proposons une solution de cha\u00eene d'approvisionnement de bout en bout qui est plus efficace, plus facile \u00e0 exploiter et qui consomme moins d'\u00e9nergie et de main-d'\u0153uvre.<\/p>\n\n\n\n<h2 class=\"wp-block-heading\"><strong>Pionnier de la gestion num\u00e9rique des textiles<\/strong><\/h2>\n\n\n\n<p>Ces derni\u00e8res ann\u00e9es, nous avons d\u00e9velopp\u00e9 avec succ\u00e8s une plateforme compl\u00e8te de gestion des textiles pour plusieurs groupes h\u00f4teliers internationaux de premier plan. Cette plateforme couvre l'ensemble du cycle de vie des textiles, depuis les fabricants de textiles, les groupes de services textiles, jusqu'au syst\u00e8me de recyclage des textiles.<\/p>\n\n\n\n<p>Nous sommes extr\u00eamement heureux de constater l'int\u00e9r\u00eat croissant et l'attention significative de nombreux groupes h\u00f4teliers, groupes de soins de sant\u00e9, groupes de services textiles et groupes de services d'aviation dans le monde entier pour nos solutions syst\u00e9matiques.<\/p>\n\n\n\n<h2 class=\"wp-block-heading\"><strong>Plus de 30 ans d'expertise en RFID<\/strong><\/h2>\n\n\n\n<p>Tirant parti de trois d\u00e9cennies d'expertise approfondie dans les technologies RFID et d'identification automatique, renforc\u00e9e par une vaste exp\u00e9rience pratique, nous avons consacr\u00e9 d'importantes ressources \u00e0 la recherche et au d\u00e9veloppement fondamentaux. Nos comp\u00e9tences englobent toutes les facettes des syst\u00e8mes RFID, y compris les transpondeurs et les solutions d'encapsulation sur mesure. Gr\u00e2ce \u00e0 une innovation continue, nous avons acquis une exp\u00e9rience reconnue dans le d\u00e9veloppement de solutions hautement sp\u00e9cialis\u00e9es adapt\u00e9es \u00e0 un large \u00e9ventail d'applications.<\/p>\n\n\n\n<p>En tant que sp\u00e9cialistes de l'ing\u00e9nierie RFID, nos capacit\u00e9s s'\u00e9tendent \u00e0 plusieurs secteurs verticaux :<\/p>\n\n\n\n<ul class=\"wp-block-list\">\n<li>Marques de textiles de mode<\/li>\n\n\n\n<li>Gestion des v\u00eatements de travail et des uniformes<\/li>\n\n\n\n<li>Gestion du linge de maison dans l'h\u00f4tellerie et la restauration<\/li>\n\n\n\n<li>Gestion des textiles dans le secteur de la sant\u00e9<\/li>\n\n\n\n<li>Services de nettoyage et d'assainissement<\/li>\n<\/ul>\n\n\n\n<p>Nos solutions sont con\u00e7ues pour optimiser l'efficacit\u00e9 op\u00e9rationnelle, am\u00e9liorer la tra\u00e7abilit\u00e9 et garantir la conformit\u00e9 aux normes industrielles.<\/p>\n\n\n\n<h2 class=\"wp-block-heading\"><strong>Une pr\u00e9sence mondiale avec un noyau europ\u00e9en<\/strong><\/h2>\n\n\n\n<p>Actuellement, nos activit\u00e9s sont concentr\u00e9es en Europe centrale et occidentale (90%), avec une empreinte croissante en Am\u00e9rique du Nord (10%). Avec la mise en \u0153uvre imminente de la r\u00e9glementation DPP, les industries textiles et connexes sont de plus en plus demandeuses de nos solutions num\u00e9riques compl\u00e8tes. Ces offres se caract\u00e9risent par des performances \u00e9lev\u00e9es, une capacit\u00e9 \u00e9volutive, une coh\u00e9rence sup\u00e9rieure et un bon rapport co\u00fbt-efficacit\u00e9, offrant une visibilit\u00e9 et un contr\u00f4le de bout en bout tout au long du cycle de vie du textile.<\/p>\n<\/div><\/div>\n\n<\/div><\/div><\/div><\/div>\n\n<\/div><\/div>\n\n\n<p><\/p>","protected":false},"excerpt":{"rendered":"<p>\u00e0 propos de TEX-BIT TEX-BIT est une entreprise technologique qui s'engage \u00e0 acc\u00e9l\u00e9rer la transformation num\u00e9rique et intelligente des industries traditionnelles. En int\u00e9grant des technologies de pointe - notamment l'intelligence artificielle (IA), l'identification par radiofr\u00e9quence (RFID), le logiciel en tant que service (SaaS) et l'informatique en nuage - nous fournissons une solution de cha\u00eene d'approvisionnement de bout en bout qui est plus efficace, plus facile \u00e0 exploiter et qui consomme moins d'\u00e9nergie et de main-d'\u0153uvre.....<\/p>","protected":false},"author":2,"featured_media":0,"parent":0,"menu_order":6,"comment_status":"closed","ping_status":"closed","template":"","meta":{"_kad_blocks_custom_css":"","_kad_blocks_head_custom_js":"","_kad_blocks_body_custom_js":"","_kad_blocks_footer_custom_js":"","_kadence_starter_templates_imported_post":true,"_kad_post_transparent":"","_kad_post_title":"hide","_kad_post_layout":"fullwidth","_kad_post_sidebar_id":"","_kad_post_content_style":"unboxed","_kad_post_vertical_padding":"hide","_kad_post_feature":"hide","_kad_post_feature_position":"","_kad_post_header":false,"_kad_post_footer":false,"footnotes":""},"class_list":["post-31","page","type-page","status-publish","hentry"],"taxonomy_info":[],"featured_image_src_large":false,"author_info":{"display_name":"TB Admin","author_link":"https:\/\/tex-bit.com\/fr\/author\/tb-admin\/"},"comment_info":0,"_links":{"self":[{"href":"https:\/\/tex-bit.com\/fr\/wp-json\/wp\/v2\/pages\/31","targetHints":{"allow":["GET"]}}],"collection":[{"href":"https:\/\/tex-bit.com\/fr\/wp-json\/wp\/v2\/pages"}],"about":[{"href":"https:\/\/tex-bit.com\/fr\/wp-json\/wp\/v2\/types\/page"}],"author":[{"embeddable":true,"href":"https:\/\/tex-bit.com\/fr\/wp-json\/wp\/v2\/users\/2"}],"replies":[{"embeddable":true,"href":"https:\/\/tex-bit.com\/fr\/wp-json\/wp\/v2\/comments?post=31"}],"version-history":[{"count":0,"href":"https:\/\/tex-bit.com\/fr\/wp-json\/wp\/v2\/pages\/31\/revisions"}],"wp:attachment":[{"href":"https:\/\/tex-bit.com\/fr\/wp-json\/wp\/v2\/media?parent=31"}],"curies":[{"name":"wp","href":"https:\/\/api.w.org\/{rel}","templated":true}]}}