{"id":842,"date":"2024-05-23T12:05:48","date_gmt":"2024-05-23T12:05:48","guid":{"rendered":"https:\/\/test.tex-bit.com\/?page_id=842"},"modified":"2025-04-23T18:54:42","modified_gmt":"2025-04-24T02:54:42","slug":"etiquettes-rfid-pour-vetements","status":"publish","type":"page","link":"https:\/\/tex-bit.com\/fr\/etiquettes-rfid-pour-vetements\/","title":{"rendered":"Habillement, Mode"},"content":{"rendered":"<style>.kb-row-layout-id842_fdfbfd-94 > .kt-row-column-wrap{align-content:start;}:where(.kb-row-layout-id842_fdfbfd-94 > .kt-row-column-wrap) > .wp-block-kadence-column{justify-content:start;}.kb-row-layout-id842_fdfbfd-94 > .kt-row-column-wrap{column-gap:var(--global-kb-gap-md, 2rem);row-gap:var(--global-kb-gap-md, 2rem);max-width:600px;margin-left:auto;margin-right:auto;padding-top:120px;padding-right:0px;padding-bottom:120px;padding-left:0px;grid-template-columns:minmax(0, 1fr);}.kb-row-layout-id842_fdfbfd-94 > .kt-row-layout-overlay{opacity:1;background-image:url('https:\/\/tex-bit.com\/wp-content\/uploads\/2024\/05\/RFID-Products-TEXBIT-RFID-Tag-Manufacturer.webp');background-size:cover;background-position:50% 40%;background-attachment:scroll;background-repeat:no-repeat;mix-blend-mode:normal;}@media all and (max-width: 1024px){.kb-row-layout-id842_fdfbfd-94 > .kt-row-column-wrap{padding-top:80px;padding-right:20px;padding-bottom:80px;padding-left:20px;grid-template-columns:minmax(0, 1fr);}}@media all and (max-width: 767px){.kb-row-layout-id842_fdfbfd-94 > .kt-row-column-wrap{grid-template-columns:minmax(0, 1fr);}}<\/style><div class=\"kb-row-layout-wrap kb-row-layout-id842_fdfbfd-94 alignfull has-theme-palette3-background-color kt-row-has-bg wp-block-kadence-rowlayout\"><div class=\"kt-row-layout-overlay kt-row-overlay-normal\"><\/div><div class=\"kt-row-column-wrap kt-has-1-columns kt-row-layout-equal kt-tab-layout-inherit kt-mobile-layout-row kt-row-valign-top\">\n<style>.kadence-column842_e29623-76 > .kt-inside-inner-col{padding-right:0px;padding-left:0px;}.kadence-column842_e29623-76 > .kt-inside-inner-col,.kadence-column842_e29623-76 > .kt-inside-inner-col:before{border-top-left-radius:0px;border-top-right-radius:0px;border-bottom-right-radius:0px;border-bottom-left-radius:0px;}.kadence-column842_e29623-76 > .kt-inside-inner-col{column-gap:var(--global-kb-gap-sm, 1rem);}.kadence-column842_e29623-76 > .kt-inside-inner-col{flex-direction:column;}.kadence-column842_e29623-76 > .kt-inside-inner-col > .aligncenter{width:100%;}.kadence-column842_e29623-76 > .kt-inside-inner-col:before{opacity:0.3;}.kadence-column842_e29623-76{position:relative;}.kadence-column842_e29623-76, .kt-inside-inner-col > .kadence-column842_e29623-76:not(.specificity){margin-right:0px;margin-left:0px;}@media all and (max-width: 1024px){.kadence-column842_e29623-76 > .kt-inside-inner-col{flex-direction:column;justify-content:center;}}@media all and (max-width: 767px){.kadence-column842_e29623-76 > .kt-inside-inner-col{padding-top:20px;padding-right:20px;padding-bottom:20px;padding-left:20px;flex-direction:column;justify-content:center;}}<\/style>\n<div class=\"wp-block-kadence-column kadence-column842_e29623-76 inner-column-1\"><div class=\"kt-inside-inner-col\"><style>.wp-block-kadence-advancedheading.kt-adv-heading842_04d3fb-7c, .wp-block-kadence-advancedheading.kt-adv-heading842_04d3fb-7c[data-kb-block=\"kb-adv-heading842_04d3fb-7c\"]{padding-bottom:20px;margin-top:0px;margin-bottom:0px;text-align:center;font-style:normal;text-transform:capitalize;}.wp-block-kadence-advancedheading.kt-adv-heading842_04d3fb-7c mark.kt-highlight, .wp-block-kadence-advancedheading.kt-adv-heading842_04d3fb-7c[data-kb-block=\"kb-adv-heading842_04d3fb-7c\"] mark.kt-highlight{font-style:normal;color:#f76a0c;-webkit-box-decoration-break:clone;box-decoration-break:clone;padding-top:0px;padding-right:0px;padding-bottom:0px;padding-left:0px;}@media all and (max-width: 767px){.wp-block-kadence-advancedheading.kt-adv-heading842_04d3fb-7c, .wp-block-kadence-advancedheading.kt-adv-heading842_04d3fb-7c[data-kb-block=\"kb-adv-heading842_04d3fb-7c\"]{font-size:30px;text-align:center!important;}}<\/style>\n<h1 class=\"kt-adv-heading842_04d3fb-7c wp-block-kadence-advancedheading has-theme-palette-9-color has-text-color\" data-kb-block=\"kb-adv-heading842_04d3fb-7c\">Habillement, Mode<\/h1>\n<\/div><\/div>\n\n<\/div><\/div>\n\n<style>.kadence-column842_6c251f-45 > .kt-inside-inner-col,.kadence-column842_6c251f-45 > .kt-inside-inner-col:before{border-top-left-radius:0px;border-top-right-radius:0px;border-bottom-right-radius:0px;border-bottom-left-radius:0px;}.kadence-column842_6c251f-45 > .kt-inside-inner-col{column-gap:var(--global-kb-gap-sm, 1rem);}.kadence-column842_6c251f-45 > .kt-inside-inner-col{flex-direction:column;}.kadence-column842_6c251f-45 > .kt-inside-inner-col > .aligncenter{width:100%;}.kadence-column842_6c251f-45 > .kt-inside-inner-col:before{opacity:0.3;}.kadence-column842_6c251f-45{position:relative;}@media all and (max-width: 1024px){.kadence-column842_6c251f-45 > .kt-inside-inner-col{flex-direction:column;justify-content:center;}}@media all and (max-width: 767px){.kadence-column842_6c251f-45 > .kt-inside-inner-col{flex-direction:column;justify-content:center;}}<\/style>\n<div class=\"wp-block-kadence-column kadence-column842_6c251f-45 alignfull\"><div class=\"kt-inside-inner-col\"><style>.kb-row-layout-id842_3056eb-de > .kt-row-column-wrap{align-content:start;}:where(.kb-row-layout-id842_3056eb-de > .kt-row-column-wrap) > .wp-block-kadence-column{justify-content:start;}.kb-row-layout-id842_3056eb-de > .kt-row-column-wrap{column-gap:var(--global-kb-gap-md, 2rem);row-gap:var(--global-kb-gap-md, 2rem);max-width:var( --global-content-width, 1400px );padding-left:var(--global-content-edge-padding);padding-right:var(--global-content-edge-padding);padding-top:var(--global-kb-spacing-lg, 3rem);padding-bottom:var(--global-kb-spacing-lg, 3rem);grid-template-columns:minmax(0, 1fr);}.kb-row-layout-id842_3056eb-de > .kt-row-layout-overlay{opacity:0.30;}@media all and (max-width: 1024px){.kb-row-layout-id842_3056eb-de > .kt-row-column-wrap{grid-template-columns:minmax(0, 1fr);}}@media all and (max-width: 767px){.kb-row-layout-id842_3056eb-de > .kt-row-column-wrap{grid-template-columns:minmax(0, 1fr);}}<\/style><div class=\"kb-row-layout-wrap kb-row-layout-id842_3056eb-de alignnone wp-block-kadence-rowlayout\"><div class=\"kt-row-column-wrap kt-has-1-columns kt-row-layout-equal kt-tab-layout-inherit kt-mobile-layout-row kt-row-valign-top kb-theme-content-width\">\n<style>.kadence-column842_656350-21 > .kt-inside-inner-col,.kadence-column842_656350-21 > .kt-inside-inner-col:before{border-top-left-radius:0px;border-top-right-radius:0px;border-bottom-right-radius:0px;border-bottom-left-radius:0px;}.kadence-column842_656350-21 > .kt-inside-inner-col{column-gap:var(--global-kb-gap-sm, 1rem);}.kadence-column842_656350-21 > .kt-inside-inner-col{flex-direction:column;}.kadence-column842_656350-21 > .kt-inside-inner-col > .aligncenter{width:100%;}.kadence-column842_656350-21 > .kt-inside-inner-col:before{opacity:0.3;}.kadence-column842_656350-21{position:relative;}@media all and (max-width: 1024px){.kadence-column842_656350-21 > .kt-inside-inner-col{flex-direction:column;justify-content:center;}}@media all and (max-width: 767px){.kadence-column842_656350-21 > .kt-inside-inner-col{flex-direction:column;justify-content:center;}}<\/style>\n<div class=\"wp-block-kadence-column kadence-column842_656350-21\"><div class=\"kt-inside-inner-col\">\n<h2 class=\"wp-block-heading\">\u00c9tiquettes RFID lavables pour v\u00eatements<\/h2>\n\n\n\n<p>Alors que l'industrie de la mode et de l'habillement continue d'\u00e9voluer, le besoin de solutions technologiques avanc\u00e9es pour am\u00e9liorer l'efficacit\u00e9 op\u00e9rationnelle, l'exp\u00e9rience du client et soutenir les efforts de d\u00e9veloppement durable est devenu de plus en plus important. La technologie RFID s'est impos\u00e9e comme un outil puissant pour atteindre ces objectifs, en particulier dans le domaine de la blanchisserie et de la gestion des textiles. L'utilisation d'\u00e9tiquettes RFID pour les v\u00eatements, l'habillement et la mode a r\u00e9volutionn\u00e9 la fa\u00e7on dont les organisations g\u00e8rent leurs actifs textiles et de blanchisserie, permettant un suivi en temps r\u00e9el, une meilleure gestion des stocks, une meilleure visibilit\u00e9 de la cha\u00eene d'approvisionnement et une plus grande durabilit\u00e9.<\/p>\n\n\n\n<p>Les \u00e9tiquettes RFID pour le linge sont de petites puces durables et lavables qui peuvent \u00eatre fix\u00e9es sur les v\u00eatements et autres produits textiles.\u00a0<a href=\"https:\/\/tex-bit.com\/rfid-laundry-products\/\">Etiquettes RFID pour le linge TEX-BIT<\/a>\u00a0r\u00e9sistent aux environnements de blanchisserie les plus rigoureux et ont une longue dur\u00e9e de vie, gr\u00e2ce \u00e0 leurs bonnes performances et \u00e0 leur constance. Diff\u00e9rentes installations peuvent r\u00e9pondre \u00e0 diff\u00e9rentes exigences d'application selon le choix du client, telles que la couture, la thermosoudure, la suspension, la mise en pochette, etc.<\/p>\n\n\n\n<h2 class=\"wp-block-heading\">Les avantages en un coup d'\u0153il<\/h2>\n\n\n\n<p><strong>1, Am\u00e9lioration de la gestion des stocks<\/strong><\/p>\n\n\n\n<p>Les \u00e9tiquettes RFID permettent un suivi en temps r\u00e9el des articles vestimentaires, ce qui permet aux d\u00e9taillants de localiser rapidement les produits et de r\u00e9duire les ruptures de stock. Les d\u00e9taillants peuvent ainsi optimiser leurs niveaux de stocks, r\u00e9duire le gaspillage et am\u00e9liorer la satisfaction des clients. Gr\u00e2ce aux \u00e9tiquettes RFID, les d\u00e9taillants peuvent suivre et g\u00e9rer avec pr\u00e9cision les niveaux de stock, r\u00e9duire le temps pass\u00e9 \u00e0 compter manuellement les articles et automatiser le processus de r\u00e9approvisionnement des rayons.<\/p>\n\n\n\n<p><strong>2. Augmentation de l'efficacit\u00e9 op\u00e9rationnelle<\/strong><\/p>\n\n\n\n<p>Les v\u00eatements et les articles de mode munis d'\u00e9tiquettes RFID peuvent aider les d\u00e9taillants \u00e0 optimiser leurs op\u00e9rations en am\u00e9liorant la visibilit\u00e9 de la cha\u00eene d'approvisionnement, en r\u00e9duisant les erreurs d'exp\u00e9dition et en limitant les stocks exc\u00e9dentaires. La technologie RFID permet aux entreprises de suivre les produits tout au long de la cha\u00eene d'approvisionnement, offrant ainsi visibilit\u00e9 et transparence aux d\u00e9taillants et aux fabricants.<\/p>\n\n\n\n<p><strong>3, Am\u00e9liorer l'exp\u00e9rience des clients<\/strong><\/p>\n\n\n\n<p>Les \u00e9tiquettes RFID \u00e0 double fr\u00e9quence peuvent cr\u00e9er des exp\u00e9riences interactives pour les clients, qui peuvent par exemple scanner les \u00e9tiquettes des v\u00eatements avec leur appareil mobile pour recevoir des informations sur les produits, des recommandations et des promotions. Les d\u00e9taillants peuvent \u00e9galement utiliser les \u00e9tiquettes RFID pour cr\u00e9er des recommandations personnalis\u00e9es et am\u00e9liorer le service \u00e0 la client\u00e8le en localisant rapidement les articles demand\u00e9s.<\/p>\n\n\n\n<p><strong>4, Durabilit\u00e9<\/strong><\/p>\n\n\n\n<p>Les \u00e9tiquettes RFID peuvent aider les d\u00e9taillants \u00e0 r\u00e9duire les d\u00e9chets en am\u00e9liorant la gestion des stocks, en r\u00e9duisant la surproduction et en minimisant les stocks exc\u00e9dentaires. La technologie RFID permet aux d\u00e9taillants d'optimiser les niveaux de stocks, r\u00e9duisant ainsi la quantit\u00e9 d'invendus qui finissent dans les d\u00e9charges. Cela permet de r\u00e9duire les d\u00e9chets et de soutenir les efforts en mati\u00e8re de d\u00e9veloppement durable.<\/p>\n<\/div><\/div>\n\n<\/div><\/div><\/div><\/div>\n\n\n<style>.kadence-column842_409ea1-2b > .kt-inside-inner-col,.kadence-column842_409ea1-2b > .kt-inside-inner-col:before{border-top-left-radius:0px;border-top-right-radius:0px;border-bottom-right-radius:0px;border-bottom-left-radius:0px;}.kadence-column842_409ea1-2b > .kt-inside-inner-col{column-gap:var(--global-kb-gap-sm, 1rem);}.kadence-column842_409ea1-2b > .kt-inside-inner-col{flex-direction:column;}.kadence-column842_409ea1-2b > .kt-inside-inner-col > .aligncenter{width:100%;}.kadence-column842_409ea1-2b > .kt-inside-inner-col:before{opacity:0.3;}.kadence-column842_409ea1-2b{position:relative;}@media all and (max-width: 1024px){.kadence-column842_409ea1-2b > .kt-inside-inner-col{flex-direction:column;justify-content:center;}}@media all and (max-width: 767px){.kadence-column842_409ea1-2b > .kt-inside-inner-col{flex-direction:column;justify-content:center;}}<\/style>\n<div class=\"wp-block-kadence-column kadence-column842_409ea1-2b alignfull\"><div class=\"kt-inside-inner-col\"><style>.kb-row-layout-id842_ecf3c0-cf > .kt-row-column-wrap{align-content:start;}:where(.kb-row-layout-id842_ecf3c0-cf > .kt-row-column-wrap) > .wp-block-kadence-column{justify-content:start;}.kb-row-layout-id842_ecf3c0-cf > .kt-row-column-wrap{column-gap:var(--global-kb-gap-md, 2rem);row-gap:var(--global-kb-gap-md, 2rem);max-width:var( --global-content-width, 1400px );padding-left:var(--global-content-edge-padding);padding-right:var(--global-content-edge-padding);padding-top:var(--global-kb-spacing-sm, 1.5rem);padding-bottom:var(--global-kb-spacing-sm, 1.5rem);grid-template-columns:minmax(0, 1fr);}.kb-row-layout-id842_ecf3c0-cf > .kt-row-layout-overlay{opacity:0.30;}@media all and (max-width: 1024px){.kb-row-layout-id842_ecf3c0-cf > .kt-row-column-wrap{grid-template-columns:minmax(0, 1fr);}}@media all and (max-width: 767px){.kb-row-layout-id842_ecf3c0-cf > .kt-row-column-wrap{grid-template-columns:minmax(0, 1fr);}}<\/style><div class=\"kb-row-layout-wrap kb-row-layout-id842_ecf3c0-cf alignnone has-theme-palette7-background-color kt-row-has-bg wp-block-kadence-rowlayout\"><div class=\"kt-row-column-wrap kt-has-1-columns kt-row-layout-equal kt-tab-layout-inherit kt-mobile-layout-row kt-row-valign-top kb-theme-content-width\">\n<style>.kadence-column842_bb748b-34 > .kt-inside-inner-col,.kadence-column842_bb748b-34 > .kt-inside-inner-col:before{border-top-left-radius:0px;border-top-right-radius:0px;border-bottom-right-radius:0px;border-bottom-left-radius:0px;}.kadence-column842_bb748b-34 > .kt-inside-inner-col{column-gap:var(--global-kb-gap-sm, 1rem);}.kadence-column842_bb748b-34 > .kt-inside-inner-col{flex-direction:column;}.kadence-column842_bb748b-34 > .kt-inside-inner-col > .aligncenter{width:100%;}.kadence-column842_bb748b-34 > .kt-inside-inner-col:before{opacity:0.3;}.kadence-column842_bb748b-34{position:relative;}@media all and (max-width: 1024px){.kadence-column842_bb748b-34 > .kt-inside-inner-col{flex-direction:column;justify-content:center;}}@media all and (max-width: 767px){.kadence-column842_bb748b-34 > .kt-inside-inner-col{flex-direction:column;justify-content:center;}}<\/style>\n<div class=\"wp-block-kadence-column kadence-column842_bb748b-34\"><div class=\"kt-inside-inner-col\">\n<h4 class=\"wp-block-heading\">Ces th\u00e8mes pourraient \u00e9galement vous int\u00e9resser...<\/h4>\n\n\n<style>.kt-post-loop842_7f34c9-e1 .kadence-post-image{padding-top:0px;padding-right:0px;padding-bottom:0px;padding-left:0px;}.kt-post-loop842_7f34c9-e1 .kt-post-grid-wrap{gap:30px 30px;}.kt-post-loop842_7f34c9-e1 .kt-blocks-post-grid-item{border-top-left-radius:0px;border-top-right-radius:0px;border-bottom-right-radius:0px;border-bottom-left-radius:0px;overflow:hidden;}.kt-post-loop842_7f34c9-e1 .kt-blocks-post-grid-item .kt-blocks-post-grid-item-inner{padding-top:15px;padding-right:25px;padding-bottom:25px;padding-left:25px;}.kt-post-loop842_7f34c9-e1 .kt-blocks-post-grid-item header{padding-top:0px;padding-right:0px;padding-bottom:10px;padding-left:0px;margin-top:0px;margin-right:0px;margin-bottom:0px;margin-left:0px;}.kt-post-loop842_7f34c9-e1 .kt-blocks-post-grid-item .entry-title{padding-top:10px;padding-right:0px;padding-bottom:5px;padding-left:0px;margin-top:0px;margin-right:0px;margin-bottom:0px;margin-left:0px;font-size:16px;line-height:5px;}.kt-post-loop842_7f34c9-e1 .kt-blocks-post-grid-item .kt-blocks-post-top-meta{color:#777777;}.kt-post-loop842_7f34c9-e1 .kt-blocks-post-grid-item .kt-blocks-post-top-meta a{color:#777777;}.kt-post-loop842_7f34c9-e1 .kt-blocks-post-grid-item .kt-blocks-post-top-meta a:hover{color:#444444;}.kt-post-loop842_7f34c9-e1 .entry-content{padding-top:0px;padding-right:0px;padding-bottom:0px;padding-left:0px;margin-top:0px;margin-right:0px;margin-bottom:0px;margin-left:0px;}.kt-post-loop842_7f34c9-e1 .kt-blocks-post-footer{color:#777777;border-top-width:0px;border-right-width:0px;border-bottom-width:0px;border-left-width:0px;padding-top:0px;padding-right:0px;padding-bottom:0px;padding-left:0px;margin-top:0px;margin-right:0px;margin-bottom:0px;margin-left:0px;font-size:12px;line-height:20px;}.kt-post-loop842_7f34c9-e1 .entry-content:after{height:0px;}.kt-post-loop842_7f34c9-e1 .kt-blocks-post-footer a{color:#777777;}.kt-post-loop842_7f34c9-e1 .kt-blocks-post-footer a:hover{color:#444444;}.kt-post-loop842_7f34c9-e1 .kb-filter-item{border-top-width:0px;border-right-width:0px;border-bottom-width:2px;border-left-width:0px;padding-top:5px;padding-right:8px;padding-bottom:5px;padding-left:8px;margin-top:0px;margin-right:10px;margin-bottom:0px;margin-left:0px;}<\/style><div class=\"wp-block-kadence-postgrid kt-blocks-post-loop-block aligncenter kt-post-loop842_7f34c9-e1 kt-post-grid-layout-grid\"><div class=\"kt-post-grid-layout-grid-wrap kt-post-grid-wrap\" data-columns-xxl=\"4\" data-columns-xl=\"4\" data-columns-md=\"4\" data-columns-sm=\"3\" data-columns-xs=\"2\" data-columns-ss=\"2\"data-item-selector=\".kt-post-masonry-item\"><article class=\"kt-blocks-post-grid-item post-838 page type-page status-publish has-post-thumbnail hentry\"><div class=\"kt-blocks-post-grid-item-inner-wrap kt-feat-image-align-top kt-feat-image-mobile-align-top\"><div class=\"kadence-post-image\"><div class=\"kadence-post-image-intrisic kt-image-ratio-66-67\" style=\"padding-bottom:66.67%;\"><div class=\"kadence-post-image-inner-intrisic\"><a href=\"https:\/\/tex-bit.com\/fr\/etiquette-rfid-pour-la-location-duniformes\/\" aria-label=\"En savoir plus Uniformes, v\u00eatements de travail\" class=\"kadence-post-image-inner-wrap\"><img loading=\"lazy\" decoding=\"async\" width=\"600\" height=\"400\" src=\"https:\/\/tex-bit.com\/wp-content\/uploads\/2024\/05\/RFID-Laundry-Chip-for-Workwear.webp\" class=\"attachment-large size-large wp-post-image\" alt=\"Puce de lavage RFID pour la location d&#039;uniformes de travail\" srcset=\"https:\/\/tex-bit.com\/wp-content\/uploads\/2024\/05\/RFID-Laundry-Chip-for-Workwear.webp 600w, https:\/\/tex-bit.com\/wp-content\/uploads\/2024\/05\/RFID-Laundry-Chip-for-Workwear-300x200.webp 300w\" sizes=\"auto, (max-width: 600px) 100vw, 600px\" \/><\/a><\/div><\/div><\/div><div class=\"kt-blocks-post-grid-item-inner\"><header><h5 class=\"entry-title\"><a href=\"https:\/\/tex-bit.com\/fr\/etiquette-rfid-pour-la-location-duniformes\/\">Uniformes, v\u00eatements de travail<\/a><\/h5><div class=\"kt-blocks-post-top-meta\"><\/div><\/header><div class=\"entry-content\"><\/div><footer class=\"kt-blocks-post-footer\"><div class=\"kt-blocks-post-footer-left\"><\/div><div class=\"kt-blocks-post-footer-right\"><\/div><\/footer><\/div><\/div><\/article><article class=\"kt-blocks-post-grid-item post-840 page type-page status-publish has-post-thumbnail hentry\"><div class=\"kt-blocks-post-grid-item-inner-wrap kt-feat-image-align-top kt-feat-image-mobile-align-top\"><div class=\"kadence-post-image\"><div class=\"kadence-post-image-intrisic kt-image-ratio-66-67\" style=\"padding-bottom:66.67%;\"><div class=\"kadence-post-image-inner-intrisic\"><a href=\"https:\/\/tex-bit.com\/fr\/etiquettes-rfid-pour-la-blanchisserie-daccueil\/\" aria-label=\"En savoir plus L&#039;hospitalit\u00e9\" class=\"kadence-post-image-inner-wrap\"><img loading=\"lazy\" decoding=\"async\" width=\"600\" height=\"400\" src=\"https:\/\/tex-bit.com\/wp-content\/uploads\/2024\/05\/RFID-Linen-Tag-for-Hotel-Hospitality.webp\" class=\"attachment-large size-large wp-post-image\" alt=\"\u00c9tiquette RFID pour le linge dans l&#039;h\u00f4tellerie\" srcset=\"https:\/\/tex-bit.com\/wp-content\/uploads\/2024\/05\/RFID-Linen-Tag-for-Hotel-Hospitality.webp 600w, https:\/\/tex-bit.com\/wp-content\/uploads\/2024\/05\/RFID-Linen-Tag-for-Hotel-Hospitality-300x200.webp 300w\" sizes=\"auto, (max-width: 600px) 100vw, 600px\" \/><\/a><\/div><\/div><\/div><div class=\"kt-blocks-post-grid-item-inner\"><header><h5 class=\"entry-title\"><a href=\"https:\/\/tex-bit.com\/fr\/etiquettes-rfid-pour-la-blanchisserie-daccueil\/\">L'hospitalit\u00e9<\/a><\/h5><div class=\"kt-blocks-post-top-meta\"><\/div><\/header><div class=\"entry-content\"><\/div><footer class=\"kt-blocks-post-footer\"><div class=\"kt-blocks-post-footer-left\"><\/div><div class=\"kt-blocks-post-footer-right\"><\/div><\/footer><\/div><\/div><\/article><article class=\"kt-blocks-post-grid-item post-844 page type-page status-publish has-post-thumbnail hentry\"><div class=\"kt-blocks-post-grid-item-inner-wrap kt-feat-image-align-top kt-feat-image-mobile-align-top\"><div class=\"kadence-post-image\"><div class=\"kadence-post-image-intrisic kt-image-ratio-66-67\" style=\"padding-bottom:66.67%;\"><div class=\"kadence-post-image-inner-intrisic\"><a href=\"https:\/\/tex-bit.com\/fr\/etiquettes-rfid-pour-le-linge-medical\/\" aria-label=\"En savoir plus Soins de sant\u00e9\" class=\"kadence-post-image-inner-wrap\"><img loading=\"lazy\" decoding=\"async\" width=\"600\" height=\"400\" src=\"https:\/\/tex-bit.com\/wp-content\/uploads\/2024\/05\/RFID-Smart-Linen-Tag-for-Healthcare.webp\" class=\"attachment-large size-large wp-post-image\" alt=\"\u00c9tiquette RFID intelligente pour le linge dans le secteur de la sant\u00e9\" srcset=\"https:\/\/tex-bit.com\/wp-content\/uploads\/2024\/05\/RFID-Smart-Linen-Tag-for-Healthcare.webp 600w, https:\/\/tex-bit.com\/wp-content\/uploads\/2024\/05\/RFID-Smart-Linen-Tag-for-Healthcare-300x200.webp 300w\" sizes=\"auto, (max-width: 600px) 100vw, 600px\" \/><\/a><\/div><\/div><\/div><div class=\"kt-blocks-post-grid-item-inner\"><header><h5 class=\"entry-title\"><a href=\"https:\/\/tex-bit.com\/fr\/etiquettes-rfid-pour-le-linge-medical\/\">Soins de sant\u00e9<\/a><\/h5><div class=\"kt-blocks-post-top-meta\"><\/div><\/header><div class=\"entry-content\"><\/div><footer class=\"kt-blocks-post-footer\"><div class=\"kt-blocks-post-footer-left\"><\/div><div class=\"kt-blocks-post-footer-right\"><\/div><\/footer><\/div><\/div><\/article><article class=\"kt-blocks-post-grid-item post-846 page type-page status-publish has-post-thumbnail hentry\"><div class=\"kt-blocks-post-grid-item-inner-wrap kt-feat-image-align-top kt-feat-image-mobile-align-top\"><div class=\"kadence-post-image\"><div class=\"kadence-post-image-intrisic kt-image-ratio-66-67\" style=\"padding-bottom:66.67%;\"><div class=\"kadence-post-image-inner-intrisic\"><a href=\"https:\/\/tex-bit.com\/fr\/etiquette-smart-linen-rfid-pour-tapis\/\" aria-label=\"En savoir plus Protection des sols\" class=\"kadence-post-image-inner-wrap\"><img loading=\"lazy\" decoding=\"async\" width=\"600\" height=\"400\" src=\"https:\/\/tex-bit.com\/wp-content\/uploads\/2024\/05\/Smart-Linen-Tag-for-Cleaning.webp\" class=\"attachment-large size-large wp-post-image\" alt=\"\u00c9tiquette intelligente pour le nettoyage du linge\" srcset=\"https:\/\/tex-bit.com\/wp-content\/uploads\/2024\/05\/Smart-Linen-Tag-for-Cleaning.webp 600w, https:\/\/tex-bit.com\/wp-content\/uploads\/2024\/05\/Smart-Linen-Tag-for-Cleaning-300x200.webp 300w\" sizes=\"auto, (max-width: 600px) 100vw, 600px\" \/><\/a><\/div><\/div><\/div><div class=\"kt-blocks-post-grid-item-inner\"><header><h5 class=\"entry-title\"><a href=\"https:\/\/tex-bit.com\/fr\/etiquette-smart-linen-rfid-pour-tapis\/\">Protection des sols<\/a><\/h5><div class=\"kt-blocks-post-top-meta\"><\/div><\/header><div class=\"entry-content\"><\/div><footer class=\"kt-blocks-post-footer\"><div class=\"kt-blocks-post-footer-left\"><\/div><div class=\"kt-blocks-post-footer-right\"><\/div><\/footer><\/div><\/div><\/article><\/div><\/div><!-- .wp-block-kadence-postgrid --><\/div><\/div>\n\n<\/div><\/div><\/div><\/div>","protected":false},"excerpt":{"rendered":"<p>V\u00eatements, mode Etiquettes RFID lavables pour v\u00eatements Alors que l'industrie de la mode et de l'habillement continue d'\u00e9voluer, le besoin de solutions technologiques avanc\u00e9es pour am\u00e9liorer l'efficacit\u00e9 op\u00e9rationnelle, am\u00e9liorer l'exp\u00e9rience du client et soutenir les efforts de d\u00e9veloppement durable est devenu de plus en plus important. La technologie RFID s'est impos\u00e9e comme un outil puissant pour atteindre ces objectifs, en particulier dans les secteurs de la blanchisserie et de la...<\/p>","protected":false},"author":2,"featured_media":850,"parent":0,"menu_order":3,"comment_status":"closed","ping_status":"closed","template":"","meta":{"_kad_blocks_custom_css":"","_kad_blocks_head_custom_js":"","_kad_blocks_body_custom_js":"","_kad_blocks_footer_custom_js":"","_kadence_starter_templates_imported_post":false,"_kad_post_transparent":"","_kad_post_title":"","_kad_post_layout":"","_kad_post_sidebar_id":"","_kad_post_content_style":"","_kad_post_vertical_padding":"","_kad_post_feature":"","_kad_post_feature_position":"","_kad_post_header":false,"_kad_post_footer":false,"footnotes":""},"class_list":["post-842","page","type-page","status-publish","has-post-thumbnail","hentry"],"taxonomy_info":[],"featured_image_src_large":["https:\/\/tex-bit.com\/wp-content\/uploads\/2024\/05\/RFID-Laundry-Tag-for-Fashion-Apparel.webp",600,400,false],"author_info":{"display_name":"TB Admin","author_link":"https:\/\/tex-bit.com\/fr\/author\/tb-admin\/"},"comment_info":0,"_links":{"self":[{"href":"https:\/\/tex-bit.com\/fr\/wp-json\/wp\/v2\/pages\/842","targetHints":{"allow":["GET"]}}],"collection":[{"href":"https:\/\/tex-bit.com\/fr\/wp-json\/wp\/v2\/pages"}],"about":[{"href":"https:\/\/tex-bit.com\/fr\/wp-json\/wp\/v2\/types\/page"}],"author":[{"embeddable":true,"href":"https:\/\/tex-bit.com\/fr\/wp-json\/wp\/v2\/users\/2"}],"replies":[{"embeddable":true,"href":"https:\/\/tex-bit.com\/fr\/wp-json\/wp\/v2\/comments?post=842"}],"version-history":[{"count":0,"href":"https:\/\/tex-bit.com\/fr\/wp-json\/wp\/v2\/pages\/842\/revisions"}],"wp:featuredmedia":[{"embeddable":true,"href":"https:\/\/tex-bit.com\/fr\/wp-json\/wp\/v2\/media\/850"}],"wp:attachment":[{"href":"https:\/\/tex-bit.com\/fr\/wp-json\/wp\/v2\/media?parent=842"}],"curies":[{"name":"wp","href":"https:\/\/api.w.org\/{rel}","templated":true}]}}