{"id":844,"date":"2024-05-23T12:06:04","date_gmt":"2024-05-23T12:06:04","guid":{"rendered":"https:\/\/test.tex-bit.com\/?page_id=844"},"modified":"2025-06-12T00:37:03","modified_gmt":"2025-06-12T08:37:03","slug":"etiquettes-rfid-pour-le-linge-medical","status":"publish","type":"page","link":"https:\/\/tex-bit.com\/fr\/etiquettes-rfid-pour-le-linge-medical\/","title":{"rendered":"Soins de sant\u00e9"},"content":{"rendered":"<style>.kb-row-layout-id844_545b43-0f > .kt-row-column-wrap{align-content:start;}:where(.kb-row-layout-id844_545b43-0f > .kt-row-column-wrap) > .wp-block-kadence-column{justify-content:start;}.kb-row-layout-id844_545b43-0f > .kt-row-column-wrap{column-gap:var(--global-kb-gap-md, 2rem);row-gap:var(--global-kb-gap-md, 2rem);max-width:600px;margin-left:auto;margin-right:auto;padding-top:120px;padding-right:0px;padding-bottom:120px;padding-left:0px;grid-template-columns:minmax(0, 1fr);}.kb-row-layout-id844_545b43-0f > .kt-row-layout-overlay{opacity:1;background-image:url('https:\/\/tex-bit.com\/wp-content\/uploads\/2024\/05\/RFID-Products-TEXBIT-RFID-Tag-Manufacturer.webp');background-size:cover;background-position:50% 40%;background-attachment:scroll;background-repeat:no-repeat;mix-blend-mode:normal;}@media all and (max-width: 1024px){.kb-row-layout-id844_545b43-0f > .kt-row-column-wrap{padding-top:80px;padding-right:20px;padding-bottom:80px;padding-left:20px;grid-template-columns:minmax(0, 1fr);}}@media all and (max-width: 767px){.kb-row-layout-id844_545b43-0f > .kt-row-column-wrap{grid-template-columns:minmax(0, 1fr);}}<\/style><div class=\"kb-row-layout-wrap kb-row-layout-id844_545b43-0f alignfull has-theme-palette3-background-color kt-row-has-bg wp-block-kadence-rowlayout\"><div class=\"kt-row-layout-overlay kt-row-overlay-normal\"><\/div><div class=\"kt-row-column-wrap kt-has-1-columns kt-row-layout-equal kt-tab-layout-inherit kt-mobile-layout-row kt-row-valign-top\">\n<style>.kadence-column844_6683fa-03 > .kt-inside-inner-col{padding-right:0px;padding-left:0px;}.kadence-column844_6683fa-03 > .kt-inside-inner-col,.kadence-column844_6683fa-03 > .kt-inside-inner-col:before{border-top-left-radius:0px;border-top-right-radius:0px;border-bottom-right-radius:0px;border-bottom-left-radius:0px;}.kadence-column844_6683fa-03 > .kt-inside-inner-col{column-gap:var(--global-kb-gap-sm, 1rem);}.kadence-column844_6683fa-03 > .kt-inside-inner-col{flex-direction:column;}.kadence-column844_6683fa-03 > .kt-inside-inner-col > .aligncenter{width:100%;}.kadence-column844_6683fa-03 > .kt-inside-inner-col:before{opacity:0.3;}.kadence-column844_6683fa-03{position:relative;}.kadence-column844_6683fa-03, .kt-inside-inner-col > .kadence-column844_6683fa-03:not(.specificity){margin-right:0px;margin-left:0px;}@media all and (max-width: 1024px){.kadence-column844_6683fa-03 > .kt-inside-inner-col{flex-direction:column;justify-content:center;}}@media all and (max-width: 767px){.kadence-column844_6683fa-03 > .kt-inside-inner-col{padding-top:20px;padding-right:20px;padding-bottom:20px;padding-left:20px;flex-direction:column;justify-content:center;}}<\/style>\n<div class=\"wp-block-kadence-column kadence-column844_6683fa-03 inner-column-1\"><div class=\"kt-inside-inner-col\"><style>.wp-block-kadence-advancedheading.kt-adv-heading844_d93390-d4, .wp-block-kadence-advancedheading.kt-adv-heading844_d93390-d4[data-kb-block=\"kb-adv-heading844_d93390-d4\"]{padding-bottom:20px;margin-top:0px;margin-bottom:0px;text-align:center;font-style:normal;text-transform:capitalize;}.wp-block-kadence-advancedheading.kt-adv-heading844_d93390-d4 mark.kt-highlight, .wp-block-kadence-advancedheading.kt-adv-heading844_d93390-d4[data-kb-block=\"kb-adv-heading844_d93390-d4\"] mark.kt-highlight{font-style:normal;color:#f76a0c;-webkit-box-decoration-break:clone;box-decoration-break:clone;padding-top:0px;padding-right:0px;padding-bottom:0px;padding-left:0px;}@media all and (max-width: 767px){.wp-block-kadence-advancedheading.kt-adv-heading844_d93390-d4, .wp-block-kadence-advancedheading.kt-adv-heading844_d93390-d4[data-kb-block=\"kb-adv-heading844_d93390-d4\"]{font-size:30px;text-align:center!important;}}<\/style>\n<h1 class=\"kt-adv-heading844_d93390-d4 wp-block-kadence-advancedheading has-theme-palette-9-color has-text-color\" data-kb-block=\"kb-adv-heading844_d93390-d4\">Soins de sant\u00e9<\/h1>\n<\/div><\/div>\n\n<\/div><\/div>\n\n<style>.kadence-column844_5e38fc-69 > .kt-inside-inner-col,.kadence-column844_5e38fc-69 > .kt-inside-inner-col:before{border-top-left-radius:0px;border-top-right-radius:0px;border-bottom-right-radius:0px;border-bottom-left-radius:0px;}.kadence-column844_5e38fc-69 > .kt-inside-inner-col{column-gap:var(--global-kb-gap-sm, 1rem);}.kadence-column844_5e38fc-69 > .kt-inside-inner-col{flex-direction:column;}.kadence-column844_5e38fc-69 > .kt-inside-inner-col > .aligncenter{width:100%;}.kadence-column844_5e38fc-69 > .kt-inside-inner-col:before{opacity:0.3;}.kadence-column844_5e38fc-69{position:relative;}@media all and (max-width: 1024px){.kadence-column844_5e38fc-69 > .kt-inside-inner-col{flex-direction:column;justify-content:center;}}@media all and (max-width: 767px){.kadence-column844_5e38fc-69 > .kt-inside-inner-col{flex-direction:column;justify-content:center;}}<\/style>\n<div class=\"wp-block-kadence-column kadence-column844_5e38fc-69 alignfull\"><div class=\"kt-inside-inner-col\"><style>.kb-row-layout-id844_28388e-76 > .kt-row-column-wrap{align-content:start;}:where(.kb-row-layout-id844_28388e-76 > .kt-row-column-wrap) > .wp-block-kadence-column{justify-content:start;}.kb-row-layout-id844_28388e-76 > .kt-row-column-wrap{column-gap:var(--global-kb-gap-md, 2rem);row-gap:var(--global-kb-gap-md, 2rem);max-width:var( --global-content-width, 1400px );padding-left:var(--global-content-edge-padding);padding-right:var(--global-content-edge-padding);padding-top:var(--global-kb-spacing-lg, 3rem);padding-bottom:var(--global-kb-spacing-lg, 3rem);grid-template-columns:minmax(0, 1fr);}.kb-row-layout-id844_28388e-76 > .kt-row-layout-overlay{opacity:0.30;}@media all and (max-width: 1024px){.kb-row-layout-id844_28388e-76 > .kt-row-column-wrap{grid-template-columns:minmax(0, 1fr);}}@media all and (max-width: 767px){.kb-row-layout-id844_28388e-76 > .kt-row-column-wrap{grid-template-columns:minmax(0, 1fr);}}<\/style><div class=\"kb-row-layout-wrap kb-row-layout-id844_28388e-76 alignnone wp-block-kadence-rowlayout\"><div class=\"kt-row-column-wrap kt-has-1-columns kt-row-layout-equal kt-tab-layout-inherit kt-mobile-layout-row kt-row-valign-top kb-theme-content-width\">\n<style>.kadence-column844_eefdf7-dc > .kt-inside-inner-col,.kadence-column844_eefdf7-dc > .kt-inside-inner-col:before{border-top-left-radius:0px;border-top-right-radius:0px;border-bottom-right-radius:0px;border-bottom-left-radius:0px;}.kadence-column844_eefdf7-dc > .kt-inside-inner-col{column-gap:var(--global-kb-gap-sm, 1rem);}.kadence-column844_eefdf7-dc > .kt-inside-inner-col{flex-direction:column;}.kadence-column844_eefdf7-dc > .kt-inside-inner-col > .aligncenter{width:100%;}.kadence-column844_eefdf7-dc > .kt-inside-inner-col:before{opacity:0.3;}.kadence-column844_eefdf7-dc{position:relative;}@media all and (max-width: 1024px){.kadence-column844_eefdf7-dc > .kt-inside-inner-col{flex-direction:column;justify-content:center;}}@media all and (max-width: 767px){.kadence-column844_eefdf7-dc > .kt-inside-inner-col{flex-direction:column;justify-content:center;}}<\/style>\n<div class=\"wp-block-kadence-column kadence-column844_eefdf7-dc\"><div class=\"kt-inside-inner-col\">\n<h2 class=\"wp-block-heading\">\u00c9tiquettes RFID pour le linge de maison<\/h2>\n\n\n\n<p>Le secteur des soins de sant\u00e9 est en constante \u00e9volution et, avec lui, le besoin de solutions innovantes pour am\u00e9liorer l'efficacit\u00e9 et la pr\u00e9cision. L'une de ces solutions est l'utilisation de la technologie RFID. Les \u00e9tiquettes RFID pour le linge m\u00e9dical sont devenues de plus en plus populaires dans les h\u00f4pitaux, les centres de r\u00e9\u00e9ducation, les cliniques ambulatoires et les maisons de retraite. Ces \u00e9tiquettes aident les \u00e9tablissements de sant\u00e9 \u00e0 fonctionner de mani\u00e8re plus harmonieuse et plus efficace.<\/p>\n\n\n\n<p>Les \u00e9tiquettes RFID pour le linge sont de petits transpondeurs durables et lavables qui utilisent les ondes radio pour communiquer avec les lecteurs. Elles peuvent \u00eatre appos\u00e9es sur divers articles, notamment les textiles des services, les v\u00eatements du personnel et les articles chirurgicaux st\u00e9riles tels que les blouses et les draps. TEX-BIT <a href=\"https:\/\/tex-bit.com\/rfid-laundry-products\/rfid-linen-tag\/\">Etiquettes RFID pour le linge<\/a> pour le linge de sant\u00e9 sont con\u00e7us pour \u00eatre durables, faciles \u00e0 attacher et capables de r\u00e9sister \u00e0 des lavages r\u00e9p\u00e9t\u00e9s et \u00e0 la st\u00e9rilisation.<\/p>\n\n\n\n<h2 class=\"wp-block-heading\">Les avantages des \u00e9tiquettes RFID pour le linge m\u00e9dical<\/h2>\n\n\n\n<p><strong>Gestion des stocks<\/strong>: Les \u00e9tiquettes RFID pour le linge peuvent aider les h\u00f4pitaux \u00e0 suivre leur inventaire de linge de mani\u00e8re plus pr\u00e9cise et plus efficace. Elles peuvent \u00eatre utilis\u00e9es pour contr\u00f4ler la quantit\u00e9 et l'emplacement des articles de linge, ce qui peut aider les h\u00f4pitaux \u00e0 r\u00e9duire le risque de rupture de stock ou de surstockage.<\/p>\n\n\n\n<p><strong>Am\u00e9lioration des processus de blanchissage<\/strong>: Les \u00e9tiquettes RFID pour le linge peuvent aider les \u00e9tablissements de sant\u00e9 \u00e0 am\u00e9liorer leurs processus de blanchisserie. Elles permettent de s'assurer que les bons articles de linge sont lav\u00e9s \u00e0 la bonne temp\u00e9rature, pendant la bonne dur\u00e9e et qu'ils ne sont pas m\u00e9lang\u00e9s \u00e0 d'autres articles susceptibles d'\u00eatre contamin\u00e9s.<\/p>\n\n\n\n<p><strong>R\u00e9duction des co\u00fbts<\/strong>: Les \u00e9tiquettes RFID pour le linge m\u00e9dical peuvent aider les h\u00f4pitaux \u00e0 r\u00e9duire les co\u00fbts associ\u00e9s \u00e0 la gestion du linge. En suivant l'emplacement des articles de linge, les h\u00f4pitaux peuvent r\u00e9duire la quantit\u00e9 de linge perdu ou \u00e9gar\u00e9. En outre, les \u00e9tiquettes RFID peuvent aider les h\u00f4pitaux \u00e0 optimiser leurs processus de blanchisserie, en r\u00e9duisant le besoin de travail manuel et en r\u00e9duisant potentiellement la quantit\u00e9 de linge qui doit \u00eatre remplac\u00e9e en raison de dommages ou de pertes.<\/p>\n\n\n\n<p><strong>Am\u00e9lioration de la lutte contre les infections<\/strong>: Les puces RFID pour le linge peuvent aider les h\u00f4pitaux \u00e0 am\u00e9liorer leurs processus de contr\u00f4le des infections en garantissant que les articles de linge ne sont pas contamin\u00e9s ou m\u00e9lang\u00e9s \u00e0 d'autres articles susceptibles d'\u00eatre contamin\u00e9s. En suivant l'emplacement des articles de linge, les h\u00f4pitaux peuvent s'assurer que les articles potentiellement contamin\u00e9s sont retir\u00e9s de la circulation et correctement nettoy\u00e9s et d\u00e9sinfect\u00e9s.<\/p>\n<\/div><\/div>\n\n<\/div><\/div><\/div><\/div>\n\n\n<style>.kadence-column844_f87925-77 > .kt-inside-inner-col,.kadence-column844_f87925-77 > .kt-inside-inner-col:before{border-top-left-radius:0px;border-top-right-radius:0px;border-bottom-right-radius:0px;border-bottom-left-radius:0px;}.kadence-column844_f87925-77 > .kt-inside-inner-col{column-gap:var(--global-kb-gap-sm, 1rem);}.kadence-column844_f87925-77 > .kt-inside-inner-col{flex-direction:column;}.kadence-column844_f87925-77 > .kt-inside-inner-col > .aligncenter{width:100%;}.kadence-column844_f87925-77 > .kt-inside-inner-col:before{opacity:0.3;}.kadence-column844_f87925-77{position:relative;}@media all and (max-width: 1024px){.kadence-column844_f87925-77 > .kt-inside-inner-col{flex-direction:column;justify-content:center;}}@media all and (max-width: 767px){.kadence-column844_f87925-77 > .kt-inside-inner-col{flex-direction:column;justify-content:center;}}<\/style>\n<div class=\"wp-block-kadence-column kadence-column844_f87925-77 alignfull\"><div class=\"kt-inside-inner-col\"><style>.kb-row-layout-id844_bf674b-9c > .kt-row-column-wrap{align-content:start;}:where(.kb-row-layout-id844_bf674b-9c > .kt-row-column-wrap) > .wp-block-kadence-column{justify-content:start;}.kb-row-layout-id844_bf674b-9c > .kt-row-column-wrap{column-gap:var(--global-kb-gap-md, 2rem);row-gap:var(--global-kb-gap-md, 2rem);max-width:var( --global-content-width, 1400px );padding-left:var(--global-content-edge-padding);padding-right:var(--global-content-edge-padding);padding-top:var(--global-kb-spacing-sm, 1.5rem);padding-bottom:var(--global-kb-spacing-sm, 1.5rem);grid-template-columns:minmax(0, 1fr);}.kb-row-layout-id844_bf674b-9c > .kt-row-layout-overlay{opacity:0.30;}@media all and (max-width: 1024px){.kb-row-layout-id844_bf674b-9c > .kt-row-column-wrap{grid-template-columns:minmax(0, 1fr);}}@media all and (max-width: 767px){.kb-row-layout-id844_bf674b-9c > .kt-row-column-wrap{grid-template-columns:minmax(0, 1fr);}}<\/style><div class=\"kb-row-layout-wrap kb-row-layout-id844_bf674b-9c alignnone has-theme-palette7-background-color kt-row-has-bg wp-block-kadence-rowlayout\"><div class=\"kt-row-column-wrap kt-has-1-columns kt-row-layout-equal kt-tab-layout-inherit kt-mobile-layout-row kt-row-valign-top kb-theme-content-width\">\n<style>.kadence-column844_283cc8-98 > .kt-inside-inner-col,.kadence-column844_283cc8-98 > .kt-inside-inner-col:before{border-top-left-radius:0px;border-top-right-radius:0px;border-bottom-right-radius:0px;border-bottom-left-radius:0px;}.kadence-column844_283cc8-98 > .kt-inside-inner-col{column-gap:var(--global-kb-gap-sm, 1rem);}.kadence-column844_283cc8-98 > .kt-inside-inner-col{flex-direction:column;}.kadence-column844_283cc8-98 > .kt-inside-inner-col > .aligncenter{width:100%;}.kadence-column844_283cc8-98 > .kt-inside-inner-col:before{opacity:0.3;}.kadence-column844_283cc8-98{position:relative;}@media all and (max-width: 1024px){.kadence-column844_283cc8-98 > .kt-inside-inner-col{flex-direction:column;justify-content:center;}}@media all and (max-width: 767px){.kadence-column844_283cc8-98 > .kt-inside-inner-col{flex-direction:column;justify-content:center;}}<\/style>\n<div class=\"wp-block-kadence-column kadence-column844_283cc8-98\"><div class=\"kt-inside-inner-col\">\n<h4 class=\"wp-block-heading\">Ces th\u00e8mes pourraient \u00e9galement vous int\u00e9resser...<\/h4>\n\n\n<style>.kt-post-loop844_2b13bd-4e .kadence-post-image{padding-top:0px;padding-right:0px;padding-bottom:0px;padding-left:0px;}.kt-post-loop844_2b13bd-4e .kt-post-grid-wrap{gap:30px 30px;}.kt-post-loop844_2b13bd-4e .kt-blocks-post-grid-item{border-top-left-radius:0px;border-top-right-radius:0px;border-bottom-right-radius:0px;border-bottom-left-radius:0px;overflow:hidden;}.kt-post-loop844_2b13bd-4e .kt-blocks-post-grid-item .kt-blocks-post-grid-item-inner{padding-top:15px;padding-right:25px;padding-bottom:25px;padding-left:25px;}.kt-post-loop844_2b13bd-4e .kt-blocks-post-grid-item header{padding-top:0px;padding-right:0px;padding-bottom:10px;padding-left:0px;margin-top:0px;margin-right:0px;margin-bottom:0px;margin-left:0px;}.kt-post-loop844_2b13bd-4e .kt-blocks-post-grid-item .entry-title{padding-top:10px;padding-right:0px;padding-bottom:5px;padding-left:0px;margin-top:0px;margin-right:0px;margin-bottom:0px;margin-left:0px;font-size:16px;line-height:5px;}.kt-post-loop844_2b13bd-4e .kt-blocks-post-grid-item .kt-blocks-post-top-meta{color:#777777;}.kt-post-loop844_2b13bd-4e .kt-blocks-post-grid-item .kt-blocks-post-top-meta a{color:#777777;}.kt-post-loop844_2b13bd-4e .kt-blocks-post-grid-item .kt-blocks-post-top-meta a:hover{color:#444444;}.kt-post-loop844_2b13bd-4e .entry-content{padding-top:0px;padding-right:0px;padding-bottom:0px;padding-left:0px;margin-top:0px;margin-right:0px;margin-bottom:0px;margin-left:0px;}.kt-post-loop844_2b13bd-4e .kt-blocks-post-footer{color:#777777;border-top-width:0px;border-right-width:0px;border-bottom-width:0px;border-left-width:0px;padding-top:0px;padding-right:0px;padding-bottom:0px;padding-left:0px;margin-top:0px;margin-right:0px;margin-bottom:0px;margin-left:0px;font-size:12px;line-height:20px;}.kt-post-loop844_2b13bd-4e .entry-content:after{height:0px;}.kt-post-loop844_2b13bd-4e .kt-blocks-post-footer a{color:#777777;}.kt-post-loop844_2b13bd-4e .kt-blocks-post-footer a:hover{color:#444444;}.kt-post-loop844_2b13bd-4e .kb-filter-item{border-top-width:0px;border-right-width:0px;border-bottom-width:2px;border-left-width:0px;padding-top:5px;padding-right:8px;padding-bottom:5px;padding-left:8px;margin-top:0px;margin-right:10px;margin-bottom:0px;margin-left:0px;}<\/style><div class=\"wp-block-kadence-postgrid kt-blocks-post-loop-block aligncenter kt-post-loop844_2b13bd-4e kt-post-grid-layout-grid\"><div class=\"kt-post-grid-layout-grid-wrap kt-post-grid-wrap\" data-columns-xxl=\"4\" data-columns-xl=\"4\" data-columns-md=\"4\" data-columns-sm=\"3\" data-columns-xs=\"2\" data-columns-ss=\"2\"data-item-selector=\".kt-post-masonry-item\"><article class=\"kt-blocks-post-grid-item post-838 page type-page status-publish has-post-thumbnail hentry\"><div class=\"kt-blocks-post-grid-item-inner-wrap kt-feat-image-align-top kt-feat-image-mobile-align-top\"><div class=\"kadence-post-image\"><div class=\"kadence-post-image-intrisic kt-image-ratio-66-67\" style=\"padding-bottom:66.67%;\"><div class=\"kadence-post-image-inner-intrisic\"><a href=\"https:\/\/tex-bit.com\/fr\/etiquette-rfid-pour-la-location-duniformes\/\" aria-label=\"En savoir plus Uniformes, v\u00eatements de travail\" class=\"kadence-post-image-inner-wrap\"><img loading=\"lazy\" decoding=\"async\" width=\"600\" height=\"400\" src=\"https:\/\/tex-bit.com\/wp-content\/uploads\/2024\/05\/RFID-Laundry-Chip-for-Workwear.webp\" class=\"attachment-large size-large wp-post-image\" alt=\"Puce de lavage RFID pour la location d&#039;uniformes de travail\" srcset=\"https:\/\/tex-bit.com\/wp-content\/uploads\/2024\/05\/RFID-Laundry-Chip-for-Workwear.webp 600w, https:\/\/tex-bit.com\/wp-content\/uploads\/2024\/05\/RFID-Laundry-Chip-for-Workwear-300x200.webp 300w\" sizes=\"auto, (max-width: 600px) 100vw, 600px\" \/><\/a><\/div><\/div><\/div><div class=\"kt-blocks-post-grid-item-inner\"><header><h5 class=\"entry-title\"><a href=\"https:\/\/tex-bit.com\/fr\/etiquette-rfid-pour-la-location-duniformes\/\">Uniformes, v\u00eatements de travail<\/a><\/h5><div class=\"kt-blocks-post-top-meta\"><\/div><\/header><div class=\"entry-content\"><\/div><footer class=\"kt-blocks-post-footer\"><div class=\"kt-blocks-post-footer-left\"><\/div><div class=\"kt-blocks-post-footer-right\"><\/div><\/footer><\/div><\/div><\/article><article class=\"kt-blocks-post-grid-item post-840 page type-page status-publish has-post-thumbnail hentry\"><div class=\"kt-blocks-post-grid-item-inner-wrap kt-feat-image-align-top kt-feat-image-mobile-align-top\"><div class=\"kadence-post-image\"><div class=\"kadence-post-image-intrisic kt-image-ratio-66-67\" style=\"padding-bottom:66.67%;\"><div class=\"kadence-post-image-inner-intrisic\"><a href=\"https:\/\/tex-bit.com\/fr\/etiquettes-rfid-pour-la-blanchisserie-daccueil\/\" aria-label=\"En savoir plus L&#039;hospitalit\u00e9\" class=\"kadence-post-image-inner-wrap\"><img loading=\"lazy\" decoding=\"async\" width=\"600\" height=\"400\" src=\"https:\/\/tex-bit.com\/wp-content\/uploads\/2024\/05\/RFID-Linen-Tag-for-Hotel-Hospitality.webp\" class=\"attachment-large size-large wp-post-image\" alt=\"\u00c9tiquette RFID pour le linge dans l&#039;h\u00f4tellerie\" srcset=\"https:\/\/tex-bit.com\/wp-content\/uploads\/2024\/05\/RFID-Linen-Tag-for-Hotel-Hospitality.webp 600w, https:\/\/tex-bit.com\/wp-content\/uploads\/2024\/05\/RFID-Linen-Tag-for-Hotel-Hospitality-300x200.webp 300w\" sizes=\"auto, (max-width: 600px) 100vw, 600px\" \/><\/a><\/div><\/div><\/div><div class=\"kt-blocks-post-grid-item-inner\"><header><h5 class=\"entry-title\"><a href=\"https:\/\/tex-bit.com\/fr\/etiquettes-rfid-pour-la-blanchisserie-daccueil\/\">L'hospitalit\u00e9<\/a><\/h5><div class=\"kt-blocks-post-top-meta\"><\/div><\/header><div class=\"entry-content\"><\/div><footer class=\"kt-blocks-post-footer\"><div class=\"kt-blocks-post-footer-left\"><\/div><div class=\"kt-blocks-post-footer-right\"><\/div><\/footer><\/div><\/div><\/article><article class=\"kt-blocks-post-grid-item post-842 page type-page status-publish has-post-thumbnail hentry\"><div class=\"kt-blocks-post-grid-item-inner-wrap kt-feat-image-align-top kt-feat-image-mobile-align-top\"><div class=\"kadence-post-image\"><div class=\"kadence-post-image-intrisic kt-image-ratio-66-67\" style=\"padding-bottom:66.67%;\"><div class=\"kadence-post-image-inner-intrisic\"><a href=\"https:\/\/tex-bit.com\/fr\/etiquettes-rfid-pour-vetements\/\" aria-label=\"En savoir plus Habillement, Mode\" class=\"kadence-post-image-inner-wrap\"><img loading=\"lazy\" decoding=\"async\" width=\"600\" height=\"400\" src=\"https:\/\/tex-bit.com\/wp-content\/uploads\/2024\/05\/RFID-Laundry-Tag-for-Fashion-Apparel.webp\" class=\"attachment-large size-large wp-post-image\" alt=\"\u00c9tiquette de blanchisserie RFID pour les v\u00eatements de mode\" srcset=\"https:\/\/tex-bit.com\/wp-content\/uploads\/2024\/05\/RFID-Laundry-Tag-for-Fashion-Apparel.webp 600w, https:\/\/tex-bit.com\/wp-content\/uploads\/2024\/05\/RFID-Laundry-Tag-for-Fashion-Apparel-300x200.webp 300w\" sizes=\"auto, (max-width: 600px) 100vw, 600px\" \/><\/a><\/div><\/div><\/div><div class=\"kt-blocks-post-grid-item-inner\"><header><h5 class=\"entry-title\"><a href=\"https:\/\/tex-bit.com\/fr\/etiquettes-rfid-pour-vetements\/\">Habillement, Mode<\/a><\/h5><div class=\"kt-blocks-post-top-meta\"><\/div><\/header><div class=\"entry-content\"><\/div><footer class=\"kt-blocks-post-footer\"><div class=\"kt-blocks-post-footer-left\"><\/div><div class=\"kt-blocks-post-footer-right\"><\/div><\/footer><\/div><\/div><\/article><article class=\"kt-blocks-post-grid-item post-846 page type-page status-publish has-post-thumbnail hentry\"><div class=\"kt-blocks-post-grid-item-inner-wrap kt-feat-image-align-top kt-feat-image-mobile-align-top\"><div class=\"kadence-post-image\"><div class=\"kadence-post-image-intrisic kt-image-ratio-66-67\" style=\"padding-bottom:66.67%;\"><div class=\"kadence-post-image-inner-intrisic\"><a href=\"https:\/\/tex-bit.com\/fr\/etiquette-smart-linen-rfid-pour-tapis\/\" aria-label=\"En savoir plus Protection des sols\" class=\"kadence-post-image-inner-wrap\"><img loading=\"lazy\" decoding=\"async\" width=\"600\" height=\"400\" src=\"https:\/\/tex-bit.com\/wp-content\/uploads\/2024\/05\/Smart-Linen-Tag-for-Cleaning.webp\" class=\"attachment-large size-large wp-post-image\" alt=\"\u00c9tiquette intelligente pour le nettoyage du linge\" srcset=\"https:\/\/tex-bit.com\/wp-content\/uploads\/2024\/05\/Smart-Linen-Tag-for-Cleaning.webp 600w, https:\/\/tex-bit.com\/wp-content\/uploads\/2024\/05\/Smart-Linen-Tag-for-Cleaning-300x200.webp 300w\" sizes=\"auto, (max-width: 600px) 100vw, 600px\" \/><\/a><\/div><\/div><\/div><div class=\"kt-blocks-post-grid-item-inner\"><header><h5 class=\"entry-title\"><a href=\"https:\/\/tex-bit.com\/fr\/etiquette-smart-linen-rfid-pour-tapis\/\">Protection des sols<\/a><\/h5><div class=\"kt-blocks-post-top-meta\"><\/div><\/header><div class=\"entry-content\"><\/div><footer class=\"kt-blocks-post-footer\"><div class=\"kt-blocks-post-footer-left\"><\/div><div class=\"kt-blocks-post-footer-right\"><\/div><\/footer><\/div><\/div><\/article><\/div><\/div><!-- .wp-block-kadence-postgrid --><\/div><\/div>\n\n<\/div><\/div><\/div><\/div>","protected":false},"excerpt":{"rendered":"<p>Etiquettes RFID pour le linge de sant\u00e9 L'industrie de la sant\u00e9 est en constante \u00e9volution et, avec elle, le besoin de solutions innovantes pour am\u00e9liorer l'efficacit\u00e9 et la pr\u00e9cision. L'une de ces solutions est l'utilisation de la technologie RFID. Les \u00e9tiquettes RFID pour le linge m\u00e9dical sont devenues de plus en plus populaires dans les h\u00f4pitaux, les centres de r\u00e9\u00e9ducation, les cliniques ambulatoires et les maisons de retraite. Ces...<\/p>","protected":false},"author":2,"featured_media":851,"parent":0,"menu_order":3,"comment_status":"closed","ping_status":"closed","template":"","meta":{"_kad_blocks_custom_css":"","_kad_blocks_head_custom_js":"","_kad_blocks_body_custom_js":"","_kad_blocks_footer_custom_js":"","_kadence_starter_templates_imported_post":false,"_kad_post_transparent":"","_kad_post_title":"","_kad_post_layout":"","_kad_post_sidebar_id":"","_kad_post_content_style":"","_kad_post_vertical_padding":"","_kad_post_feature":"","_kad_post_feature_position":"","_kad_post_header":false,"_kad_post_footer":false,"footnotes":""},"class_list":["post-844","page","type-page","status-publish","has-post-thumbnail","hentry"],"taxonomy_info":[],"featured_image_src_large":["https:\/\/tex-bit.com\/wp-content\/uploads\/2024\/05\/RFID-Smart-Linen-Tag-for-Healthcare.webp",600,400,false],"author_info":{"display_name":"TB Admin","author_link":"https:\/\/tex-bit.com\/fr\/author\/tb-admin\/"},"comment_info":0,"_links":{"self":[{"href":"https:\/\/tex-bit.com\/fr\/wp-json\/wp\/v2\/pages\/844","targetHints":{"allow":["GET"]}}],"collection":[{"href":"https:\/\/tex-bit.com\/fr\/wp-json\/wp\/v2\/pages"}],"about":[{"href":"https:\/\/tex-bit.com\/fr\/wp-json\/wp\/v2\/types\/page"}],"author":[{"embeddable":true,"href":"https:\/\/tex-bit.com\/fr\/wp-json\/wp\/v2\/users\/2"}],"replies":[{"embeddable":true,"href":"https:\/\/tex-bit.com\/fr\/wp-json\/wp\/v2\/comments?post=844"}],"version-history":[{"count":0,"href":"https:\/\/tex-bit.com\/fr\/wp-json\/wp\/v2\/pages\/844\/revisions"}],"wp:featuredmedia":[{"embeddable":true,"href":"https:\/\/tex-bit.com\/fr\/wp-json\/wp\/v2\/media\/851"}],"wp:attachment":[{"href":"https:\/\/tex-bit.com\/fr\/wp-json\/wp\/v2\/media?parent=844"}],"curies":[{"name":"wp","href":"https:\/\/api.w.org\/{rel}","templated":true}]}}