{"id":846,"date":"2024-05-23T12:05:56","date_gmt":"2024-05-23T12:05:56","guid":{"rendered":"https:\/\/test.tex-bit.com\/?page_id=846"},"modified":"2025-04-23T18:53:48","modified_gmt":"2025-04-24T02:53:48","slug":"etiquette-smart-linen-rfid-pour-tapis","status":"publish","type":"page","link":"https:\/\/tex-bit.com\/fr\/etiquette-smart-linen-rfid-pour-tapis\/","title":{"rendered":"Protection des sols"},"content":{"rendered":"<style>.kb-row-layout-id846_3c8ffa-19 > .kt-row-column-wrap{align-content:start;}:where(.kb-row-layout-id846_3c8ffa-19 > .kt-row-column-wrap) > .wp-block-kadence-column{justify-content:start;}.kb-row-layout-id846_3c8ffa-19 > .kt-row-column-wrap{column-gap:var(--global-kb-gap-md, 2rem);row-gap:var(--global-kb-gap-md, 2rem);max-width:600px;margin-left:auto;margin-right:auto;padding-top:120px;padding-right:0px;padding-bottom:120px;padding-left:0px;grid-template-columns:minmax(0, 1fr);}.kb-row-layout-id846_3c8ffa-19 > .kt-row-layout-overlay{opacity:1;background-image:url('https:\/\/tex-bit.com\/wp-content\/uploads\/2024\/05\/RFID-Products-TEXBIT-RFID-Tag-Manufacturer.webp');background-size:cover;background-position:50% 40%;background-attachment:scroll;background-repeat:no-repeat;mix-blend-mode:normal;}@media all and (max-width: 1024px){.kb-row-layout-id846_3c8ffa-19 > .kt-row-column-wrap{padding-top:80px;padding-right:20px;padding-bottom:80px;padding-left:20px;grid-template-columns:minmax(0, 1fr);}}@media all and (max-width: 767px){.kb-row-layout-id846_3c8ffa-19 > .kt-row-column-wrap{grid-template-columns:minmax(0, 1fr);}}<\/style><div class=\"kb-row-layout-wrap kb-row-layout-id846_3c8ffa-19 alignfull has-theme-palette3-background-color kt-row-has-bg wp-block-kadence-rowlayout\"><div class=\"kt-row-layout-overlay kt-row-overlay-normal\"><\/div><div class=\"kt-row-column-wrap kt-has-1-columns kt-row-layout-equal kt-tab-layout-inherit kt-mobile-layout-row kt-row-valign-top\">\n<style>.kadence-column846_06d0ce-e3 > .kt-inside-inner-col{padding-right:0px;padding-left:0px;}.kadence-column846_06d0ce-e3 > .kt-inside-inner-col,.kadence-column846_06d0ce-e3 > .kt-inside-inner-col:before{border-top-left-radius:0px;border-top-right-radius:0px;border-bottom-right-radius:0px;border-bottom-left-radius:0px;}.kadence-column846_06d0ce-e3 > .kt-inside-inner-col{column-gap:var(--global-kb-gap-sm, 1rem);}.kadence-column846_06d0ce-e3 > .kt-inside-inner-col{flex-direction:column;}.kadence-column846_06d0ce-e3 > .kt-inside-inner-col > .aligncenter{width:100%;}.kadence-column846_06d0ce-e3 > .kt-inside-inner-col:before{opacity:0.3;}.kadence-column846_06d0ce-e3{position:relative;}.kadence-column846_06d0ce-e3, .kt-inside-inner-col > .kadence-column846_06d0ce-e3:not(.specificity){margin-right:0px;margin-left:0px;}@media all and (max-width: 1024px){.kadence-column846_06d0ce-e3 > .kt-inside-inner-col{flex-direction:column;justify-content:center;}}@media all and (max-width: 767px){.kadence-column846_06d0ce-e3 > .kt-inside-inner-col{padding-top:20px;padding-right:20px;padding-bottom:20px;padding-left:20px;flex-direction:column;justify-content:center;}}<\/style>\n<div class=\"wp-block-kadence-column kadence-column846_06d0ce-e3 inner-column-1\"><div class=\"kt-inside-inner-col\"><style>.wp-block-kadence-advancedheading.kt-adv-heading846_fc4b09-73, .wp-block-kadence-advancedheading.kt-adv-heading846_fc4b09-73[data-kb-block=\"kb-adv-heading846_fc4b09-73\"]{padding-bottom:20px;margin-top:0px;margin-bottom:0px;text-align:center;font-style:normal;text-transform:capitalize;}.wp-block-kadence-advancedheading.kt-adv-heading846_fc4b09-73 mark.kt-highlight, .wp-block-kadence-advancedheading.kt-adv-heading846_fc4b09-73[data-kb-block=\"kb-adv-heading846_fc4b09-73\"] mark.kt-highlight{font-style:normal;color:#f76a0c;-webkit-box-decoration-break:clone;box-decoration-break:clone;padding-top:0px;padding-right:0px;padding-bottom:0px;padding-left:0px;}@media all and (max-width: 767px){.wp-block-kadence-advancedheading.kt-adv-heading846_fc4b09-73, .wp-block-kadence-advancedheading.kt-adv-heading846_fc4b09-73[data-kb-block=\"kb-adv-heading846_fc4b09-73\"]{font-size:30px;text-align:center!important;}}<\/style>\n<h1 class=\"kt-adv-heading846_fc4b09-73 wp-block-kadence-advancedheading has-theme-palette-9-color has-text-color\" data-kb-block=\"kb-adv-heading846_fc4b09-73\">Protection des sols<\/h1>\n<\/div><\/div>\n\n<\/div><\/div>\n\n<style>.kadence-column846_2b602e-39 > .kt-inside-inner-col,.kadence-column846_2b602e-39 > .kt-inside-inner-col:before{border-top-left-radius:0px;border-top-right-radius:0px;border-bottom-right-radius:0px;border-bottom-left-radius:0px;}.kadence-column846_2b602e-39 > .kt-inside-inner-col{column-gap:var(--global-kb-gap-sm, 1rem);}.kadence-column846_2b602e-39 > .kt-inside-inner-col{flex-direction:column;}.kadence-column846_2b602e-39 > .kt-inside-inner-col > .aligncenter{width:100%;}.kadence-column846_2b602e-39 > .kt-inside-inner-col:before{opacity:0.3;}.kadence-column846_2b602e-39{position:relative;}@media all and (max-width: 1024px){.kadence-column846_2b602e-39 > .kt-inside-inner-col{flex-direction:column;justify-content:center;}}@media all and (max-width: 767px){.kadence-column846_2b602e-39 > .kt-inside-inner-col{flex-direction:column;justify-content:center;}}<\/style>\n<div class=\"wp-block-kadence-column kadence-column846_2b602e-39 alignfull\"><div class=\"kt-inside-inner-col\"><style>.kb-row-layout-id846_af53f0-5d > .kt-row-column-wrap{align-content:start;}:where(.kb-row-layout-id846_af53f0-5d > .kt-row-column-wrap) > .wp-block-kadence-column{justify-content:start;}.kb-row-layout-id846_af53f0-5d > .kt-row-column-wrap{column-gap:var(--global-kb-gap-md, 2rem);row-gap:var(--global-kb-gap-md, 2rem);max-width:var( --global-content-width, 1400px );padding-left:var(--global-content-edge-padding);padding-right:var(--global-content-edge-padding);padding-top:var(--global-kb-spacing-lg, 3rem);padding-bottom:var(--global-kb-spacing-lg, 3rem);grid-template-columns:minmax(0, 1fr);}.kb-row-layout-id846_af53f0-5d > .kt-row-layout-overlay{opacity:0.30;}@media all and (max-width: 1024px){.kb-row-layout-id846_af53f0-5d > .kt-row-column-wrap{grid-template-columns:minmax(0, 1fr);}}@media all and (max-width: 767px){.kb-row-layout-id846_af53f0-5d > .kt-row-column-wrap{grid-template-columns:minmax(0, 1fr);}}<\/style><div class=\"kb-row-layout-wrap kb-row-layout-id846_af53f0-5d alignnone wp-block-kadence-rowlayout\"><div class=\"kt-row-column-wrap kt-has-1-columns kt-row-layout-equal kt-tab-layout-inherit kt-mobile-layout-row kt-row-valign-top kb-theme-content-width\">\n<style>.kadence-column846_19c9f9-0d > .kt-inside-inner-col,.kadence-column846_19c9f9-0d > .kt-inside-inner-col:before{border-top-left-radius:0px;border-top-right-radius:0px;border-bottom-right-radius:0px;border-bottom-left-radius:0px;}.kadence-column846_19c9f9-0d > .kt-inside-inner-col{column-gap:var(--global-kb-gap-sm, 1rem);}.kadence-column846_19c9f9-0d > .kt-inside-inner-col{flex-direction:column;}.kadence-column846_19c9f9-0d > .kt-inside-inner-col > .aligncenter{width:100%;}.kadence-column846_19c9f9-0d > .kt-inside-inner-col:before{opacity:0.3;}.kadence-column846_19c9f9-0d{position:relative;}@media all and (max-width: 1024px){.kadence-column846_19c9f9-0d > .kt-inside-inner-col{flex-direction:column;justify-content:center;}}@media all and (max-width: 767px){.kadence-column846_19c9f9-0d > .kt-inside-inner-col{flex-direction:column;justify-content:center;}}<\/style>\n<div class=\"wp-block-kadence-column kadence-column846_19c9f9-0d\"><div class=\"kt-inside-inner-col\">\n<h2 class=\"wp-block-heading\">\u00c9tiquette RFID pour le suivi des tapis de protection des sols<\/h2>\n\n\n\n<p>La protection des sols a toujours \u00e9t\u00e9 un \u00e9l\u00e9ment essentiel de notre vie, garantissant l'hygi\u00e8ne et la s\u00e9curit\u00e9 de nos lieux de travail et de nos espaces publics. Avec l'av\u00e8nement de la technologie, le secteur a connu des changements significatifs, l'une des innovations \u00e9tant l'utilisation d'\u00e9tiquettes RFID pour le suivi d'articles tels que les tapis, les serpilli\u00e8res, les moquettes et les carpettes.<\/p>\n\n\n\n<p>Les \u00e9tiquettes RFID pour linge intelligent r\u00e9sistent au processus de vulcanisation et permettent de lire les tapis et les serpilli\u00e8res dans les machines \u00e0 rouler. Elles sont extr\u00eamement fines et tr\u00e8s petites, ce qui les rend imperceptibles une fois install\u00e9es sur les tapis ou les serpilli\u00e8res. La performance de lecture est la plus avanc\u00e9e, il n'y a pas d'erreur de lecture. La num\u00e9rotation de donn\u00e9es variables ou l'encodage EPC sont les bienvenus si vous en avez besoin.<\/p>\n\n\n\n<p>TEX-BIT\u00a0<a href=\"https:\/\/tex-bit.com\/rfid-laundry-products\/\">\u00c9tiquettes RFID pour le linge<\/a>\u00a0pour les tapis et les serpilli\u00e8res peuvent \u00eatre \u00e0 lecture unique ou \u00e0 lecture group\u00e9e et utiliser des cabines extra-larges ou des syst\u00e8mes RFID complets en fonction des dimensions des tapis.<\/p>\n\n\n\n<h2 class=\"wp-block-heading\">Les avantages en un coup d'\u0153il<\/h2>\n\n\n\n<ol class=\"wp-block-list\">\n<li><strong>Am\u00e9lioration de la gestion des stocks<\/strong>: <a href=\"https:\/\/tex-bit.com\/enhance-mat-rental-operations-with-tex-bits-rfid-tags-for-mats\/\">Etiquette RFID pour tapis<\/a> permet aux gestionnaires de suivre les articles en temps r\u00e9el, en fournissant des donn\u00e9es pr\u00e9cises sur l'utilisation, l'emplacement et le statut. Ces informations permettent d'optimiser les niveaux d'inventaire, de r\u00e9duire les stocks excessifs et d'\u00e9viter les p\u00e9nuries.<\/li>\n\n\n\n<li><strong>Am\u00e9lioration du contr\u00f4le de la qualit\u00e9<\/strong>: La technologie RFID permet aux responsables de contr\u00f4ler le processus de nettoyage et de s'assurer que tous les articles sont nettoy\u00e9s et entretenus conform\u00e9ment aux normes \u00e9tablies. La qualit\u00e9 du nettoyage s'en trouve am\u00e9lior\u00e9e, ce qui favorise un environnement hygi\u00e9nique pour les utilisateurs.<\/li>\n\n\n\n<li><strong>R\u00e9duction des co\u00fbts<\/strong>: La technologie RFID permet de r\u00e9aliser des \u00e9conomies de diverses mani\u00e8res, notamment en r\u00e9duisant les stocks exc\u00e9dentaires, en \u00e9vitant la perte ou le vol d'articles de nettoyage et en minimisant la n\u00e9cessit\u00e9 de tenir des registres manuels. En optimisant les niveaux de stock, les entreprises peuvent r\u00e9duire le gaspillage et \u00e9conomiser de l'argent.<\/li>\n\n\n\n<li><strong>Durabilit\u00e9<\/strong>: En adoptant la technologie RFID, le secteur du nettoyage peut r\u00e9duire de mani\u00e8re significative l'utilisation du papier, ce qui favorise le d\u00e9veloppement durable et contribue \u00e0 un environnement plus propre. En outre, la technologie RFID r\u00e9duit la n\u00e9cessit\u00e9 de recourir \u00e0 des processus manuels, ce qui entra\u00eene une diminution de la consommation d'\u00e9nergie et des \u00e9missions de carbone.<\/li>\n<\/ol>\n<\/div><\/div>\n\n<\/div><\/div><\/div><\/div>\n\n\n<style>.kadence-column846_a7d756-aa > .kt-inside-inner-col,.kadence-column846_a7d756-aa > .kt-inside-inner-col:before{border-top-left-radius:0px;border-top-right-radius:0px;border-bottom-right-radius:0px;border-bottom-left-radius:0px;}.kadence-column846_a7d756-aa > .kt-inside-inner-col{column-gap:var(--global-kb-gap-sm, 1rem);}.kadence-column846_a7d756-aa > .kt-inside-inner-col{flex-direction:column;}.kadence-column846_a7d756-aa > .kt-inside-inner-col > .aligncenter{width:100%;}.kadence-column846_a7d756-aa > .kt-inside-inner-col:before{opacity:0.3;}.kadence-column846_a7d756-aa{position:relative;}@media all and (max-width: 1024px){.kadence-column846_a7d756-aa > .kt-inside-inner-col{flex-direction:column;justify-content:center;}}@media all and (max-width: 767px){.kadence-column846_a7d756-aa > .kt-inside-inner-col{flex-direction:column;justify-content:center;}}<\/style>\n<div class=\"wp-block-kadence-column kadence-column846_a7d756-aa alignfull\"><div class=\"kt-inside-inner-col\"><style>.kb-row-layout-id846_c6dd7e-df > .kt-row-column-wrap{align-content:start;}:where(.kb-row-layout-id846_c6dd7e-df > .kt-row-column-wrap) > .wp-block-kadence-column{justify-content:start;}.kb-row-layout-id846_c6dd7e-df > .kt-row-column-wrap{column-gap:var(--global-kb-gap-md, 2rem);row-gap:var(--global-kb-gap-md, 2rem);max-width:var( --global-content-width, 1400px );padding-left:var(--global-content-edge-padding);padding-right:var(--global-content-edge-padding);padding-top:var(--global-kb-spacing-sm, 1.5rem);padding-bottom:var(--global-kb-spacing-sm, 1.5rem);grid-template-columns:minmax(0, 1fr);}.kb-row-layout-id846_c6dd7e-df > .kt-row-layout-overlay{opacity:0.30;}@media all and (max-width: 1024px){.kb-row-layout-id846_c6dd7e-df > .kt-row-column-wrap{grid-template-columns:minmax(0, 1fr);}}@media all and (max-width: 767px){.kb-row-layout-id846_c6dd7e-df > .kt-row-column-wrap{grid-template-columns:minmax(0, 1fr);}}<\/style><div class=\"kb-row-layout-wrap kb-row-layout-id846_c6dd7e-df alignnone has-theme-palette7-background-color kt-row-has-bg wp-block-kadence-rowlayout\"><div class=\"kt-row-column-wrap kt-has-1-columns kt-row-layout-equal kt-tab-layout-inherit kt-mobile-layout-row kt-row-valign-top kb-theme-content-width\">\n<style>.kadence-column846_cd68a2-1d > .kt-inside-inner-col,.kadence-column846_cd68a2-1d > .kt-inside-inner-col:before{border-top-left-radius:0px;border-top-right-radius:0px;border-bottom-right-radius:0px;border-bottom-left-radius:0px;}.kadence-column846_cd68a2-1d > .kt-inside-inner-col{column-gap:var(--global-kb-gap-sm, 1rem);}.kadence-column846_cd68a2-1d > .kt-inside-inner-col{flex-direction:column;}.kadence-column846_cd68a2-1d > .kt-inside-inner-col > .aligncenter{width:100%;}.kadence-column846_cd68a2-1d > .kt-inside-inner-col:before{opacity:0.3;}.kadence-column846_cd68a2-1d{position:relative;}@media all and (max-width: 1024px){.kadence-column846_cd68a2-1d > .kt-inside-inner-col{flex-direction:column;justify-content:center;}}@media all and (max-width: 767px){.kadence-column846_cd68a2-1d > .kt-inside-inner-col{flex-direction:column;justify-content:center;}}<\/style>\n<div class=\"wp-block-kadence-column kadence-column846_cd68a2-1d\"><div class=\"kt-inside-inner-col\">\n<h4 class=\"wp-block-heading\">Ces th\u00e8mes pourraient \u00e9galement vous int\u00e9resser...<\/h4>\n\n\n<style>.kt-post-loop846_6b0d91-dd .kadence-post-image{padding-top:0px;padding-right:0px;padding-bottom:0px;padding-left:0px;}.kt-post-loop846_6b0d91-dd .kt-post-grid-wrap{gap:30px 30px;}.kt-post-loop846_6b0d91-dd .kt-blocks-post-grid-item{border-top-left-radius:0px;border-top-right-radius:0px;border-bottom-right-radius:0px;border-bottom-left-radius:0px;overflow:hidden;}.kt-post-loop846_6b0d91-dd .kt-blocks-post-grid-item .kt-blocks-post-grid-item-inner{padding-top:15px;padding-right:25px;padding-bottom:25px;padding-left:25px;}.kt-post-loop846_6b0d91-dd .kt-blocks-post-grid-item header{padding-top:0px;padding-right:0px;padding-bottom:10px;padding-left:0px;margin-top:0px;margin-right:0px;margin-bottom:0px;margin-left:0px;}.kt-post-loop846_6b0d91-dd .kt-blocks-post-grid-item .entry-title{padding-top:10px;padding-right:0px;padding-bottom:5px;padding-left:0px;margin-top:0px;margin-right:0px;margin-bottom:0px;margin-left:0px;font-size:16px;line-height:5px;}.kt-post-loop846_6b0d91-dd .kt-blocks-post-grid-item .kt-blocks-post-top-meta{color:#777777;}.kt-post-loop846_6b0d91-dd .kt-blocks-post-grid-item .kt-blocks-post-top-meta a{color:#777777;}.kt-post-loop846_6b0d91-dd .kt-blocks-post-grid-item .kt-blocks-post-top-meta a:hover{color:#444444;}.kt-post-loop846_6b0d91-dd .entry-content{padding-top:0px;padding-right:0px;padding-bottom:0px;padding-left:0px;margin-top:0px;margin-right:0px;margin-bottom:0px;margin-left:0px;}.kt-post-loop846_6b0d91-dd .kt-blocks-post-footer{color:#777777;border-top-width:0px;border-right-width:0px;border-bottom-width:0px;border-left-width:0px;padding-top:0px;padding-right:0px;padding-bottom:0px;padding-left:0px;margin-top:0px;margin-right:0px;margin-bottom:0px;margin-left:0px;font-size:12px;line-height:20px;}.kt-post-loop846_6b0d91-dd .entry-content:after{height:0px;}.kt-post-loop846_6b0d91-dd .kt-blocks-post-footer a{color:#777777;}.kt-post-loop846_6b0d91-dd .kt-blocks-post-footer a:hover{color:#444444;}.kt-post-loop846_6b0d91-dd .kb-filter-item{border-top-width:0px;border-right-width:0px;border-bottom-width:2px;border-left-width:0px;padding-top:5px;padding-right:8px;padding-bottom:5px;padding-left:8px;margin-top:0px;margin-right:10px;margin-bottom:0px;margin-left:0px;}<\/style><div class=\"wp-block-kadence-postgrid kt-blocks-post-loop-block aligncenter kt-post-loop846_6b0d91-dd kt-post-grid-layout-grid\"><div class=\"kt-post-grid-layout-grid-wrap kt-post-grid-wrap\" data-columns-xxl=\"4\" data-columns-xl=\"4\" data-columns-md=\"4\" data-columns-sm=\"3\" data-columns-xs=\"2\" data-columns-ss=\"2\"data-item-selector=\".kt-post-masonry-item\"><article class=\"kt-blocks-post-grid-item post-838 page type-page status-publish has-post-thumbnail hentry\"><div class=\"kt-blocks-post-grid-item-inner-wrap kt-feat-image-align-top kt-feat-image-mobile-align-top\"><div class=\"kadence-post-image\"><div class=\"kadence-post-image-intrisic kt-image-ratio-66-67\" style=\"padding-bottom:66.67%;\"><div class=\"kadence-post-image-inner-intrisic\"><a href=\"https:\/\/tex-bit.com\/fr\/etiquette-rfid-pour-la-location-duniformes\/\" aria-label=\"En savoir plus Uniformes, v\u00eatements de travail\" class=\"kadence-post-image-inner-wrap\"><img loading=\"lazy\" decoding=\"async\" width=\"600\" height=\"400\" src=\"https:\/\/tex-bit.com\/wp-content\/uploads\/2024\/05\/RFID-Laundry-Chip-for-Workwear.webp\" class=\"attachment-large size-large wp-post-image\" alt=\"Puce de lavage RFID pour la location d&#039;uniformes de travail\" srcset=\"https:\/\/tex-bit.com\/wp-content\/uploads\/2024\/05\/RFID-Laundry-Chip-for-Workwear.webp 600w, https:\/\/tex-bit.com\/wp-content\/uploads\/2024\/05\/RFID-Laundry-Chip-for-Workwear-300x200.webp 300w\" sizes=\"auto, (max-width: 600px) 100vw, 600px\" \/><\/a><\/div><\/div><\/div><div class=\"kt-blocks-post-grid-item-inner\"><header><h5 class=\"entry-title\"><a href=\"https:\/\/tex-bit.com\/fr\/etiquette-rfid-pour-la-location-duniformes\/\">Uniformes, v\u00eatements de travail<\/a><\/h5><div class=\"kt-blocks-post-top-meta\"><\/div><\/header><div class=\"entry-content\"><\/div><footer class=\"kt-blocks-post-footer\"><div class=\"kt-blocks-post-footer-left\"><\/div><div class=\"kt-blocks-post-footer-right\"><\/div><\/footer><\/div><\/div><\/article><article class=\"kt-blocks-post-grid-item post-840 page type-page status-publish has-post-thumbnail hentry\"><div class=\"kt-blocks-post-grid-item-inner-wrap kt-feat-image-align-top kt-feat-image-mobile-align-top\"><div class=\"kadence-post-image\"><div class=\"kadence-post-image-intrisic kt-image-ratio-66-67\" style=\"padding-bottom:66.67%;\"><div class=\"kadence-post-image-inner-intrisic\"><a href=\"https:\/\/tex-bit.com\/fr\/etiquettes-rfid-pour-la-blanchisserie-daccueil\/\" aria-label=\"En savoir plus L&#039;hospitalit\u00e9\" class=\"kadence-post-image-inner-wrap\"><img loading=\"lazy\" decoding=\"async\" width=\"600\" height=\"400\" src=\"https:\/\/tex-bit.com\/wp-content\/uploads\/2024\/05\/RFID-Linen-Tag-for-Hotel-Hospitality.webp\" class=\"attachment-large size-large wp-post-image\" alt=\"\u00c9tiquette RFID pour le linge dans l&#039;h\u00f4tellerie\" srcset=\"https:\/\/tex-bit.com\/wp-content\/uploads\/2024\/05\/RFID-Linen-Tag-for-Hotel-Hospitality.webp 600w, https:\/\/tex-bit.com\/wp-content\/uploads\/2024\/05\/RFID-Linen-Tag-for-Hotel-Hospitality-300x200.webp 300w\" sizes=\"auto, (max-width: 600px) 100vw, 600px\" \/><\/a><\/div><\/div><\/div><div class=\"kt-blocks-post-grid-item-inner\"><header><h5 class=\"entry-title\"><a href=\"https:\/\/tex-bit.com\/fr\/etiquettes-rfid-pour-la-blanchisserie-daccueil\/\">L'hospitalit\u00e9<\/a><\/h5><div class=\"kt-blocks-post-top-meta\"><\/div><\/header><div class=\"entry-content\"><\/div><footer class=\"kt-blocks-post-footer\"><div class=\"kt-blocks-post-footer-left\"><\/div><div class=\"kt-blocks-post-footer-right\"><\/div><\/footer><\/div><\/div><\/article><article class=\"kt-blocks-post-grid-item post-844 page type-page status-publish has-post-thumbnail hentry\"><div class=\"kt-blocks-post-grid-item-inner-wrap kt-feat-image-align-top kt-feat-image-mobile-align-top\"><div class=\"kadence-post-image\"><div class=\"kadence-post-image-intrisic kt-image-ratio-66-67\" style=\"padding-bottom:66.67%;\"><div class=\"kadence-post-image-inner-intrisic\"><a href=\"https:\/\/tex-bit.com\/fr\/etiquettes-rfid-pour-le-linge-medical\/\" aria-label=\"En savoir plus Soins de sant\u00e9\" class=\"kadence-post-image-inner-wrap\"><img loading=\"lazy\" decoding=\"async\" width=\"600\" height=\"400\" src=\"https:\/\/tex-bit.com\/wp-content\/uploads\/2024\/05\/RFID-Smart-Linen-Tag-for-Healthcare.webp\" class=\"attachment-large size-large wp-post-image\" alt=\"\u00c9tiquette RFID intelligente pour le linge dans le secteur de la sant\u00e9\" srcset=\"https:\/\/tex-bit.com\/wp-content\/uploads\/2024\/05\/RFID-Smart-Linen-Tag-for-Healthcare.webp 600w, https:\/\/tex-bit.com\/wp-content\/uploads\/2024\/05\/RFID-Smart-Linen-Tag-for-Healthcare-300x200.webp 300w\" sizes=\"auto, (max-width: 600px) 100vw, 600px\" \/><\/a><\/div><\/div><\/div><div class=\"kt-blocks-post-grid-item-inner\"><header><h5 class=\"entry-title\"><a href=\"https:\/\/tex-bit.com\/fr\/etiquettes-rfid-pour-le-linge-medical\/\">Soins de sant\u00e9<\/a><\/h5><div class=\"kt-blocks-post-top-meta\"><\/div><\/header><div class=\"entry-content\"><\/div><footer class=\"kt-blocks-post-footer\"><div class=\"kt-blocks-post-footer-left\"><\/div><div class=\"kt-blocks-post-footer-right\"><\/div><\/footer><\/div><\/div><\/article><article class=\"kt-blocks-post-grid-item post-842 page type-page status-publish has-post-thumbnail hentry\"><div class=\"kt-blocks-post-grid-item-inner-wrap kt-feat-image-align-top kt-feat-image-mobile-align-top\"><div class=\"kadence-post-image\"><div class=\"kadence-post-image-intrisic kt-image-ratio-66-67\" style=\"padding-bottom:66.67%;\"><div class=\"kadence-post-image-inner-intrisic\"><a href=\"https:\/\/tex-bit.com\/fr\/etiquettes-rfid-pour-vetements\/\" aria-label=\"En savoir plus Habillement, Mode\" class=\"kadence-post-image-inner-wrap\"><img loading=\"lazy\" decoding=\"async\" width=\"600\" height=\"400\" src=\"https:\/\/tex-bit.com\/wp-content\/uploads\/2024\/05\/RFID-Laundry-Tag-for-Fashion-Apparel.webp\" class=\"attachment-large size-large wp-post-image\" alt=\"\u00c9tiquette de blanchisserie RFID pour les v\u00eatements de mode\" srcset=\"https:\/\/tex-bit.com\/wp-content\/uploads\/2024\/05\/RFID-Laundry-Tag-for-Fashion-Apparel.webp 600w, https:\/\/tex-bit.com\/wp-content\/uploads\/2024\/05\/RFID-Laundry-Tag-for-Fashion-Apparel-300x200.webp 300w\" sizes=\"auto, (max-width: 600px) 100vw, 600px\" \/><\/a><\/div><\/div><\/div><div class=\"kt-blocks-post-grid-item-inner\"><header><h5 class=\"entry-title\"><a href=\"https:\/\/tex-bit.com\/fr\/etiquettes-rfid-pour-vetements\/\">Habillement, Mode<\/a><\/h5><div class=\"kt-blocks-post-top-meta\"><\/div><\/header><div class=\"entry-content\"><\/div><footer class=\"kt-blocks-post-footer\"><div class=\"kt-blocks-post-footer-left\"><\/div><div class=\"kt-blocks-post-footer-right\"><\/div><\/footer><\/div><\/div><\/article><\/div><\/div><!-- .wp-block-kadence-postgrid --><\/div><\/div>\n\n<\/div><\/div><\/div><\/div>","protected":false},"excerpt":{"rendered":"<p>Protection des sols \u00c9tiquette RFID pour le suivi des tapis de protection des sols La protection des sols a toujours \u00e9t\u00e9 un \u00e9l\u00e9ment essentiel de notre vie, garantissant que nos lieux de travail et nos espaces publics restent hygi\u00e9niques et s\u00fbrs. Avec l'av\u00e8nement de la technologie, le secteur a connu des changements significatifs. L'une des innovations est l'utilisation d'\u00e9tiquettes RFID pour le suivi d'articles tels que...<\/p>","protected":false},"author":2,"featured_media":852,"parent":0,"menu_order":3,"comment_status":"closed","ping_status":"closed","template":"","meta":{"_kad_blocks_custom_css":"","_kad_blocks_head_custom_js":"","_kad_blocks_body_custom_js":"","_kad_blocks_footer_custom_js":"","_kadence_starter_templates_imported_post":false,"_kad_post_transparent":"","_kad_post_title":"","_kad_post_layout":"","_kad_post_sidebar_id":"","_kad_post_content_style":"","_kad_post_vertical_padding":"","_kad_post_feature":"","_kad_post_feature_position":"","_kad_post_header":false,"_kad_post_footer":false,"footnotes":""},"class_list":["post-846","page","type-page","status-publish","has-post-thumbnail","hentry"],"taxonomy_info":[],"featured_image_src_large":["https:\/\/tex-bit.com\/wp-content\/uploads\/2024\/05\/Smart-Linen-Tag-for-Cleaning.webp",600,400,false],"author_info":{"display_name":"TB Admin","author_link":"https:\/\/tex-bit.com\/fr\/author\/tb-admin\/"},"comment_info":0,"_links":{"self":[{"href":"https:\/\/tex-bit.com\/fr\/wp-json\/wp\/v2\/pages\/846","targetHints":{"allow":["GET"]}}],"collection":[{"href":"https:\/\/tex-bit.com\/fr\/wp-json\/wp\/v2\/pages"}],"about":[{"href":"https:\/\/tex-bit.com\/fr\/wp-json\/wp\/v2\/types\/page"}],"author":[{"embeddable":true,"href":"https:\/\/tex-bit.com\/fr\/wp-json\/wp\/v2\/users\/2"}],"replies":[{"embeddable":true,"href":"https:\/\/tex-bit.com\/fr\/wp-json\/wp\/v2\/comments?post=846"}],"version-history":[{"count":0,"href":"https:\/\/tex-bit.com\/fr\/wp-json\/wp\/v2\/pages\/846\/revisions"}],"wp:featuredmedia":[{"embeddable":true,"href":"https:\/\/tex-bit.com\/fr\/wp-json\/wp\/v2\/media\/852"}],"wp:attachment":[{"href":"https:\/\/tex-bit.com\/fr\/wp-json\/wp\/v2\/media?parent=846"}],"curies":[{"name":"wp","href":"https:\/\/api.w.org\/{rel}","templated":true}]}}