{"id":1054,"date":"2024-05-24T08:30:31","date_gmt":"2024-05-24T08:30:31","guid":{"rendered":"https:\/\/test.tex-bit.com\/?page_id=1054"},"modified":"2025-04-23T19:32:22","modified_gmt":"2025-04-24T03:32:22","slug":"sostenibilita","status":"publish","type":"page","link":"https:\/\/tex-bit.com\/it\/sostenibilita\/","title":{"rendered":"Sostenibilit\u00e0"},"content":{"rendered":"<style>.kb-row-layout-id1054_d879b5-90 > .kt-row-column-wrap{align-content:start;}:where(.kb-row-layout-id1054_d879b5-90 > .kt-row-column-wrap) > .wp-block-kadence-column{justify-content:start;}.kb-row-layout-id1054_d879b5-90 > .kt-row-column-wrap{column-gap:var(--global-kb-gap-md, 2rem);row-gap:var(--global-kb-gap-md, 2rem);max-width:600px;margin-left:auto;margin-right:auto;padding-top:120px;padding-right:0px;padding-bottom:120px;padding-left:0px;grid-template-columns:minmax(0, 1fr);}.kb-row-layout-id1054_d879b5-90 > .kt-row-layout-overlay{opacity:1;background-image:url('https:\/\/tex-bit.com\/wp-content\/uploads\/2024\/05\/Sustainability-in-Textile-Industry-with-RFID-Tag.webp');background-size:cover;background-position:50% 30%;background-attachment:scroll;background-repeat:no-repeat;mix-blend-mode:normal;}@media all and (max-width: 1024px){.kb-row-layout-id1054_d879b5-90 > .kt-row-column-wrap{padding-top:80px;padding-right:20px;padding-bottom:80px;padding-left:20px;grid-template-columns:minmax(0, 1fr);}}@media all and (max-width: 767px){.kb-row-layout-id1054_d879b5-90 > .kt-row-column-wrap{grid-template-columns:minmax(0, 1fr);}}<\/style><div class=\"kb-row-layout-wrap kb-row-layout-id1054_d879b5-90 alignfull has-theme-palette3-background-color kt-row-has-bg wp-block-kadence-rowlayout\"><div class=\"kt-row-layout-overlay kt-row-overlay-normal\"><\/div><div class=\"kt-row-column-wrap kt-has-1-columns kt-row-layout-equal kt-tab-layout-inherit kt-mobile-layout-row kt-row-valign-top\">\n<style>.kadence-column1054_390dd2-4c > .kt-inside-inner-col{padding-right:0px;padding-left:0px;}.kadence-column1054_390dd2-4c > .kt-inside-inner-col,.kadence-column1054_390dd2-4c > .kt-inside-inner-col:before{border-top-left-radius:0px;border-top-right-radius:0px;border-bottom-right-radius:0px;border-bottom-left-radius:0px;}.kadence-column1054_390dd2-4c > .kt-inside-inner-col{column-gap:var(--global-kb-gap-sm, 1rem);}.kadence-column1054_390dd2-4c > .kt-inside-inner-col{flex-direction:column;}.kadence-column1054_390dd2-4c > .kt-inside-inner-col > .aligncenter{width:100%;}.kadence-column1054_390dd2-4c > .kt-inside-inner-col:before{opacity:0.3;}.kadence-column1054_390dd2-4c{position:relative;}.kadence-column1054_390dd2-4c, .kt-inside-inner-col > .kadence-column1054_390dd2-4c:not(.specificity){margin-right:0px;margin-left:0px;}@media all and (max-width: 1024px){.kadence-column1054_390dd2-4c > .kt-inside-inner-col{flex-direction:column;justify-content:center;}}@media all and (max-width: 767px){.kadence-column1054_390dd2-4c > .kt-inside-inner-col{padding-top:20px;padding-right:20px;padding-bottom:20px;padding-left:20px;flex-direction:column;justify-content:center;}}<\/style>\n<div class=\"wp-block-kadence-column kadence-column1054_390dd2-4c inner-column-1\"><div class=\"kt-inside-inner-col\"><style>.wp-block-kadence-advancedheading.kt-adv-heading1054_cb25a0-05, .wp-block-kadence-advancedheading.kt-adv-heading1054_cb25a0-05[data-kb-block=\"kb-adv-heading1054_cb25a0-05\"]{padding-bottom:20px;margin-top:0px;margin-bottom:0px;text-align:center;font-style:normal;text-transform:capitalize;}.wp-block-kadence-advancedheading.kt-adv-heading1054_cb25a0-05 mark.kt-highlight, .wp-block-kadence-advancedheading.kt-adv-heading1054_cb25a0-05[data-kb-block=\"kb-adv-heading1054_cb25a0-05\"] mark.kt-highlight{font-style:normal;color:#f76a0c;-webkit-box-decoration-break:clone;box-decoration-break:clone;padding-top:0px;padding-right:0px;padding-bottom:0px;padding-left:0px;}@media all and (max-width: 767px){.wp-block-kadence-advancedheading.kt-adv-heading1054_cb25a0-05, .wp-block-kadence-advancedheading.kt-adv-heading1054_cb25a0-05[data-kb-block=\"kb-adv-heading1054_cb25a0-05\"]{font-size:30px;text-align:center!important;}}<\/style>\n<h1 class=\"kt-adv-heading1054_cb25a0-05 wp-block-kadence-advancedheading has-theme-palette-9-color has-text-color\" data-kb-block=\"kb-adv-heading1054_cb25a0-05\">Sostenibilit\u00e0<\/h1>\n<\/div><\/div>\n\n<\/div><\/div>\n\n<style>.kadence-column1054_f92d8b-63 > .kt-inside-inner-col,.kadence-column1054_f92d8b-63 > .kt-inside-inner-col:before{border-top-left-radius:0px;border-top-right-radius:0px;border-bottom-right-radius:0px;border-bottom-left-radius:0px;}.kadence-column1054_f92d8b-63 > .kt-inside-inner-col{column-gap:var(--global-kb-gap-sm, 1rem);}.kadence-column1054_f92d8b-63 > .kt-inside-inner-col{flex-direction:column;}.kadence-column1054_f92d8b-63 > .kt-inside-inner-col > .aligncenter{width:100%;}.kadence-column1054_f92d8b-63 > .kt-inside-inner-col:before{opacity:0.3;}.kadence-column1054_f92d8b-63{position:relative;}@media all and (max-width: 1024px){.kadence-column1054_f92d8b-63 > .kt-inside-inner-col{flex-direction:column;justify-content:center;}}@media all and (max-width: 767px){.kadence-column1054_f92d8b-63 > .kt-inside-inner-col{flex-direction:column;justify-content:center;}}<\/style>\n<div class=\"wp-block-kadence-column kadence-column1054_f92d8b-63 alignfull\"><div class=\"kt-inside-inner-col\"><style>.kb-row-layout-id1054_926bd4-67 > .kt-row-column-wrap{align-content:start;}:where(.kb-row-layout-id1054_926bd4-67 > .kt-row-column-wrap) > .wp-block-kadence-column{justify-content:start;}.kb-row-layout-id1054_926bd4-67 > .kt-row-column-wrap{column-gap:var(--global-kb-gap-md, 2rem);row-gap:var(--global-kb-gap-md, 2rem);max-width:var( --global-content-width, 1400px );padding-left:var(--global-content-edge-padding);padding-right:var(--global-content-edge-padding);padding-top:var(--global-kb-spacing-lg, 3rem);padding-bottom:var(--global-kb-spacing-lg, 3rem);grid-template-columns:minmax(0, 1fr);}.kb-row-layout-id1054_926bd4-67 > .kt-row-layout-overlay{opacity:0.30;}@media all and (max-width: 1024px){.kb-row-layout-id1054_926bd4-67 > .kt-row-column-wrap{grid-template-columns:minmax(0, 1fr);}}@media all and (max-width: 767px){.kb-row-layout-id1054_926bd4-67 > .kt-row-column-wrap{grid-template-columns:minmax(0, 1fr);}}<\/style><div class=\"kb-row-layout-wrap kb-row-layout-id1054_926bd4-67 alignnone wp-block-kadence-rowlayout\"><div class=\"kt-row-column-wrap kt-has-1-columns kt-row-layout-equal kt-tab-layout-inherit kt-mobile-layout-row kt-row-valign-top kb-theme-content-width\">\n<style>.kadence-column1054_cdd8c5-ca > .kt-inside-inner-col,.kadence-column1054_cdd8c5-ca > .kt-inside-inner-col:before{border-top-left-radius:0px;border-top-right-radius:0px;border-bottom-right-radius:0px;border-bottom-left-radius:0px;}.kadence-column1054_cdd8c5-ca > .kt-inside-inner-col{column-gap:var(--global-kb-gap-sm, 1rem);}.kadence-column1054_cdd8c5-ca > .kt-inside-inner-col{flex-direction:column;}.kadence-column1054_cdd8c5-ca > .kt-inside-inner-col > .aligncenter{width:100%;}.kadence-column1054_cdd8c5-ca > .kt-inside-inner-col:before{opacity:0.3;}.kadence-column1054_cdd8c5-ca{position:relative;}@media all and (max-width: 1024px){.kadence-column1054_cdd8c5-ca > .kt-inside-inner-col{flex-direction:column;justify-content:center;}}@media all and (max-width: 767px){.kadence-column1054_cdd8c5-ca > .kt-inside-inner-col{flex-direction:column;justify-content:center;}}<\/style>\n<div class=\"wp-block-kadence-column kadence-column1054_cdd8c5-ca\"><div class=\"kt-inside-inner-col\">\n<h1 class=\"wp-block-heading has--font-size\"><mark style=\"background-color:rgba(0, 0, 0, 0)\" class=\"has-inline-color has-theme-palette-1-color\">La tecnologia RFID favorisce lo sviluppo sostenibile dell'industria tessile<\/mark><\/h1>\n\n\n\n<p>Nel 1987, la Commissione Brundtland delle Nazioni Unite ha definito la sostenibilit\u00e0 come \"soddisfare i bisogni del presente senza compromettere la capacit\u00e0 delle generazioni future di soddisfare i propri\".<\/p>\n\n\n\n<p>Nella marea montante dell'automazione industriale, il settore dell'identificazione automatica si dedica a superare le sfide della gestione industriale tradizionale, guidando la sua trasformazione verso la digitalizzazione, la trasparenza e il funzionamento dinamico. Di fronte ai requisiti sempre pi\u00f9 stringenti di <strong>DPP<\/strong> in particolare nell'ambito della gestione del ciclo di vita dei prodotti tessili, stiamo inaugurando un nuovo capitolo dello sviluppo sostenibile attraverso tecnologie all'avanguardia.<\/p>\n\n\n\n<p>Le tecnologie di identificazione automatica, in particolare l'integrazione profonda di <strong>Identificazione a radiofrequenza<\/strong> (RFID) e l'intelligenza artificiale (AI) hanno dato vita a una rivoluzione nella gestione dell'intero ciclo di vita dei prodotti tessili. Dall'approvvigionamento delle materie prime, alla produzione e alla fabbricazione, fino alla distribuzione, alla vendita, al riciclaggio e allo smaltimento, la raccolta dei dati in tempo reale e l'analisi precisa vengono effettuate in ogni fase. Grazie a <strong><a href=\"https:\/\/tex-bit.com\/rfid-laundry-products\/\">Tag RFID<\/a><\/strong>I tessuti vengono dotati di una \"carta d'identit\u00e0 digitale\" al momento dell'uscita dalla linea di produzione, che consente di tracciare informazioni quali la posizione, la frequenza di utilizzo, lo stato di lavaggio, la qualit\u00e0 del lavaggio, la durata di vita e il feedback degli utenti sulla qualit\u00e0. Ci\u00f2 migliora significativamente l'efficienza della gestione e riduce lo spreco di risorse. Nel frattempo, gli algoritmi di intelligenza artificiale prevedono la domanda sulla base dei dati storici, ottimizzano la gestione delle scorte, migliorano l'esperienza del cliente nel settore dell'ospitalit\u00e0, riducono il consumo di energia e di risorse causato dall'eccesso di scorte e snelliscono la catena di approvvigionamento.<\/p>\n\n\n\n<p>Le tecnologie di identificazione automatica svolgono inoltre un ruolo fondamentale nel garantire la conformit\u00e0 alle normative DPP. Grazie al monitoraggio in tempo reale del processo di produzione tessile, garantiamo che le operazioni di produzione rispettino gli standard di protezione ambientale e sostenibilit\u00e0. Durante la fase di riciclaggio, con un'efficienza di scansione da centinaia a migliaia di volte superiore a quella dei codici a barre e dei codici QR, queste tecnologie identificano con precisione i materiali riciclabili, rendendo il processo di riciclaggio altamente operativo, promuovendo la circolarit\u00e0 delle risorse e riducendo al minimo l'impatto ambientale.<\/p>\n\n\n\n<p>Prendiamo ad esempio un gruppo alberghiero internazionale. Dopo l'implementazione delle tecnologie di identificazione automatica, l'efficienza della gestione dei tessuti \u00e8 aumentata di 40%, i costi di inventario sono diminuiti di 30% e lo spreco di risorse derivante da acquisti eccessivi e cattiva gestione \u00e8 stato ridotto. Ci\u00f2 ha permesso di realizzare con successo gli obiettivi di sviluppo sostenibile nella gestione del ciclo di vita dei prodotti tessili.<\/p>\n\n\n\n<p>In futuro, continueremo ad approfondire la nostra esperienza nelle tecnologie di identificazione automatica, promuovendo una continua innovazione nella gestione del ciclo di vita dei tessuti. Fornendo soluzioni pi\u00f9 efficienti e rispettose dell'ambiente, puntiamo a consentire alle industrie tradizionali di compiere progressi costanti sulla strada dello sviluppo sostenibile.<\/p>\n<\/div><\/div>\n\n<\/div><\/div><\/div><\/div>\n\n\n\n<p><a href=\"https:\/\/tex-bit.com\/rfid-laundry-products\/rfid-linen-tag\/\"><\/a><\/p>\n\n\n<style>.kadence-column1054_0ab0ab-03 > .kt-inside-inner-col,.kadence-column1054_0ab0ab-03 > .kt-inside-inner-col:before{border-top-left-radius:0px;border-top-right-radius:0px;border-bottom-right-radius:0px;border-bottom-left-radius:0px;}.kadence-column1054_0ab0ab-03 > .kt-inside-inner-col{column-gap:var(--global-kb-gap-sm, 1rem);}.kadence-column1054_0ab0ab-03 > .kt-inside-inner-col{flex-direction:column;}.kadence-column1054_0ab0ab-03 > .kt-inside-inner-col > .aligncenter{width:100%;}.kadence-column1054_0ab0ab-03 > .kt-inside-inner-col:before{opacity:0.3;}.kadence-column1054_0ab0ab-03{position:relative;}@media all and (max-width: 1024px){.kadence-column1054_0ab0ab-03 > .kt-inside-inner-col{flex-direction:column;justify-content:center;}}@media all and (max-width: 767px){.kadence-column1054_0ab0ab-03 > .kt-inside-inner-col{flex-direction:column;justify-content:center;}}<\/style>\n<div class=\"wp-block-kadence-column kadence-column1054_0ab0ab-03 alignfull\"><div class=\"kt-inside-inner-col\"><style>.kb-row-layout-id1054_1edbca-d3 > .kt-row-column-wrap{align-content:start;}:where(.kb-row-layout-id1054_1edbca-d3 > .kt-row-column-wrap) > .wp-block-kadence-column{justify-content:start;}.kb-row-layout-id1054_1edbca-d3 > .kt-row-column-wrap{column-gap:var(--global-kb-gap-md, 2rem);row-gap:var(--global-kb-gap-md, 2rem);max-width:var( --global-content-width, 1400px );padding-left:var(--global-content-edge-padding);padding-right:var(--global-content-edge-padding);padding-top:var(--global-kb-spacing-sm, 1.5rem);padding-bottom:var(--global-kb-spacing-sm, 1.5rem);grid-template-columns:minmax(0, 1fr);}.kb-row-layout-id1054_1edbca-d3 > .kt-row-layout-overlay{opacity:0.30;}@media all and (max-width: 1024px){.kb-row-layout-id1054_1edbca-d3 > .kt-row-column-wrap{grid-template-columns:minmax(0, 1fr);}}@media all and (max-width: 767px){.kb-row-layout-id1054_1edbca-d3 > .kt-row-column-wrap{grid-template-columns:minmax(0, 1fr);}}<\/style><div class=\"kb-row-layout-wrap kb-row-layout-id1054_1edbca-d3 alignnone has-theme-palette7-background-color kt-row-has-bg wp-block-kadence-rowlayout\"><div class=\"kt-row-column-wrap kt-has-1-columns kt-row-layout-equal kt-tab-layout-inherit kt-mobile-layout-row kt-row-valign-top kb-theme-content-width\">\n<style>.kadence-column1054_c27ba1-c5 > .kt-inside-inner-col,.kadence-column1054_c27ba1-c5 > .kt-inside-inner-col:before{border-top-left-radius:0px;border-top-right-radius:0px;border-bottom-right-radius:0px;border-bottom-left-radius:0px;}.kadence-column1054_c27ba1-c5 > .kt-inside-inner-col{column-gap:var(--global-kb-gap-sm, 1rem);}.kadence-column1054_c27ba1-c5 > .kt-inside-inner-col{flex-direction:column;}.kadence-column1054_c27ba1-c5 > .kt-inside-inner-col > .aligncenter{width:100%;}.kadence-column1054_c27ba1-c5 > .kt-inside-inner-col:before{opacity:0.3;}.kadence-column1054_c27ba1-c5{position:relative;}@media all and (max-width: 1024px){.kadence-column1054_c27ba1-c5 > .kt-inside-inner-col{flex-direction:column;justify-content:center;}}@media all and (max-width: 767px){.kadence-column1054_c27ba1-c5 > .kt-inside-inner-col{flex-direction:column;justify-content:center;}}<\/style>\n<div class=\"wp-block-kadence-column kadence-column1054_c27ba1-c5\"><div class=\"kt-inside-inner-col\">\n<h4 class=\"wp-block-heading\"><mark style=\"background-color:rgba(0, 0, 0, 0)\" class=\"has-inline-color has-theme-palette-1-color\">Potrebbero interessarti anche questi argomenti...<\/mark><\/h4>\n\n\n<style>.kb-posts-id-1054_092e19-a3 .kb-post-list-item{display:grid;}<\/style><ul class=\"wp-block-kadence-posts kb-posts kadence-posts-list kb-posts-id-1054_092e19-a3 content-wrap grid-cols kb-posts-style-boxed grid-sm-col-2 grid-lg-col-3 item-image-style-above\"><li class=\"kb-post-list-item\">\n\t<article class=\"entry content-bg loop-entry post-911 post type-post status-publish format-standard has-post-thumbnail hentry category-news\">\n\t\t\t\t<a aria-hidden=\"true\" tabindex=\"-1\" role=\"presentation\" class=\"post-thumbnail kadence-thumbnail-ratio-2-3\" href=\"https:\/\/tex-bit.com\/it\/che-cosa-puo-fare-per-voi-la-tracciabilita-della-biancheria-con-lrfid\/\" aria-label=\"Cosa pu\u00f2 fare per voi la tracciabilit\u00e0 RFID della biancheria?\">\n\t\t\t<div class=\"post-thumbnail-inner\">\n\t\t\t\t<img loading=\"lazy\" decoding=\"async\" width=\"600\" height=\"400\" src=\"https:\/\/tex-bit.com\/wp-content\/uploads\/2024\/05\/What-Can-RFID-Laundry-Tracking-Do-For-You.webp\" class=\"attachment-medium_large size-medium_large wp-post-image\" alt=\"Cosa pu\u00f2 fare per voi la tracciabilit\u00e0 della biancheria RFID\" srcset=\"https:\/\/tex-bit.com\/wp-content\/uploads\/2024\/05\/What-Can-RFID-Laundry-Tracking-Do-For-You.webp 600w, https:\/\/tex-bit.com\/wp-content\/uploads\/2024\/05\/What-Can-RFID-Laundry-Tracking-Do-For-You-300x200.webp 300w\" sizes=\"auto, (max-width: 600px) 100vw, 600px\" \/>\t\t\t<\/div>\n\t\t<\/a><!-- .post-thumbnail -->\n\t\t\t\t<div class=\"entry-content-wrap\">\n\t\t\t<header class=\"entry-header\">\n\t<h5 class=\"entry-title\"><a href=\"https:\/\/tex-bit.com\/it\/che-cosa-puo-fare-per-voi-la-tracciabilita-della-biancheria-con-lrfid\/\" rel=\"bookmark\">Cosa pu\u00f2 fare per voi la tracciabilit\u00e0 RFID della biancheria?<\/a><\/h5><\/header><!-- .entry-header -->\n<footer class=\"entry-footer\">\n\t<\/footer><!-- .entry-footer -->\t\t<\/div>\n\t<\/article>\n<\/li>\n<li class=\"kb-post-list-item\">\n\t<article class=\"entry content-bg loop-entry post-1125 post type-post status-publish format-standard has-post-thumbnail hentry category-uncategorized\">\n\t\t\t\t<a aria-hidden=\"true\" tabindex=\"-1\" role=\"presentation\" class=\"post-thumbnail kadence-thumbnail-ratio-2-3\" href=\"https:\/\/tex-bit.com\/it\/faq-dei-tag-rfid-di-lino-tex-bit-uhf\/\" aria-label=\"FAQ delle etichette RFID TEX-BIT Linen\">\n\t\t\t<div class=\"post-thumbnail-inner\">\n\t\t\t\t<img loading=\"lazy\" decoding=\"async\" width=\"600\" height=\"400\" src=\"https:\/\/tex-bit.com\/wp-content\/uploads\/2024\/05\/FAQs-of-TEXBIT-UHF-Linen-RFID-Tags.webp\" class=\"attachment-medium_large size-medium_large wp-post-image\" alt=\"FAQ delle etichette RFID TEXBIT UHF per biancheria\" srcset=\"https:\/\/tex-bit.com\/wp-content\/uploads\/2024\/05\/FAQs-of-TEXBIT-UHF-Linen-RFID-Tags.webp 600w, https:\/\/tex-bit.com\/wp-content\/uploads\/2024\/05\/FAQs-of-TEXBIT-UHF-Linen-RFID-Tags-300x200.webp 300w\" sizes=\"auto, (max-width: 600px) 100vw, 600px\" \/>\t\t\t<\/div>\n\t\t<\/a><!-- .post-thumbnail -->\n\t\t\t\t<div class=\"entry-content-wrap\">\n\t\t\t<header class=\"entry-header\">\n\t<h5 class=\"entry-title\"><a href=\"https:\/\/tex-bit.com\/it\/faq-dei-tag-rfid-di-lino-tex-bit-uhf\/\" rel=\"bookmark\">FAQ delle etichette RFID TEX-BIT Linen<\/a><\/h5><\/header><!-- .entry-header -->\n<footer class=\"entry-footer\">\n\t<\/footer><!-- .entry-footer -->\t\t<\/div>\n\t<\/article>\n<\/li>\n<li class=\"kb-post-list-item\">\n\t<article class=\"entry content-bg loop-entry post-869 post type-post status-publish format-standard has-post-thumbnail hentry category-news\">\n\t\t\t\t<a aria-hidden=\"true\" tabindex=\"-1\" role=\"presentation\" class=\"post-thumbnail kadence-thumbnail-ratio-2-3\" href=\"https:\/\/tex-bit.com\/it\/come-selezionare-i-migliori-chip-rfid-per-la-lavanderia\/\" aria-label=\"Scelta dei giusti chip RFID per lavanderia per il tracciamento dei tessuti industriali\">\n\t\t\t<div class=\"post-thumbnail-inner\">\n\t\t\t\t<img loading=\"lazy\" decoding=\"async\" width=\"768\" height=\"512\" src=\"https:\/\/tex-bit.com\/wp-content\/uploads\/2024\/05\/How-to-Select-the-Best-RFID-Laundry-Chips-768x512.webp\" class=\"attachment-medium_large size-medium_large wp-post-image\" alt=\"Scelta dei giusti chip RFID per lavanderia per il tracciamento dei tessuti industriali\" srcset=\"https:\/\/tex-bit.com\/wp-content\/uploads\/2024\/05\/How-to-Select-the-Best-RFID-Laundry-Chips-768x512.webp 768w, https:\/\/tex-bit.com\/wp-content\/uploads\/2024\/05\/How-to-Select-the-Best-RFID-Laundry-Chips-300x200.webp 300w, https:\/\/tex-bit.com\/wp-content\/uploads\/2024\/05\/How-to-Select-the-Best-RFID-Laundry-Chips.webp 800w\" sizes=\"auto, (max-width: 768px) 100vw, 768px\" \/>\t\t\t<\/div>\n\t\t<\/a><!-- .post-thumbnail -->\n\t\t\t\t<div class=\"entry-content-wrap\">\n\t\t\t<header class=\"entry-header\">\n\t<h5 class=\"entry-title\"><a href=\"https:\/\/tex-bit.com\/it\/come-selezionare-i-migliori-chip-rfid-per-la-lavanderia\/\" rel=\"bookmark\">Scelta dei giusti chip RFID per lavanderia per il tracciamento dei tessuti industriali<\/a><\/h5><\/header><!-- .entry-header -->\n<footer class=\"entry-footer\">\n\t<\/footer><!-- .entry-footer -->\t\t<\/div>\n\t<\/article>\n<\/li>\n<\/ul><\/div><\/div>\n\n<\/div><\/div><\/div><\/div>","protected":false},"excerpt":{"rendered":"<p>Sostenibilit\u00e0 La tecnologia RFID favorisce lo sviluppo sostenibile nell'industria tessile Nel 1987 la Commissione Brundtland delle Nazioni Unite ha definito la sostenibilit\u00e0 come \"soddisfare le esigenze del presente senza compromettere la capacit\u00e0 delle generazioni future di soddisfare le proprie\". Nella marea montante dell'automazione industriale, il settore dell'identificazione automatica \u00e8 impegnato a superare le sfide...<\/p>","protected":false},"author":2,"featured_media":931,"parent":0,"menu_order":1,"comment_status":"closed","ping_status":"closed","template":"","meta":{"_kad_blocks_custom_css":"","_kad_blocks_head_custom_js":"","_kad_blocks_body_custom_js":"","_kad_blocks_footer_custom_js":"","_kadence_starter_templates_imported_post":false,"_kad_post_transparent":"","_kad_post_title":"","_kad_post_layout":"","_kad_post_sidebar_id":"","_kad_post_content_style":"","_kad_post_vertical_padding":"","_kad_post_feature":"","_kad_post_feature_position":"","_kad_post_header":false,"_kad_post_footer":false,"footnotes":""},"class_list":["post-1054","page","type-page","status-publish","has-post-thumbnail","hentry"],"taxonomy_info":[],"featured_image_src_large":["https:\/\/tex-bit.com\/wp-content\/uploads\/2024\/05\/Sustainability-with-RFID-1024x683.webp",1024,683,true],"author_info":{"display_name":"TB Admin","author_link":"https:\/\/tex-bit.com\/it\/author\/tb-admin\/"},"comment_info":0,"_links":{"self":[{"href":"https:\/\/tex-bit.com\/it\/wp-json\/wp\/v2\/pages\/1054","targetHints":{"allow":["GET"]}}],"collection":[{"href":"https:\/\/tex-bit.com\/it\/wp-json\/wp\/v2\/pages"}],"about":[{"href":"https:\/\/tex-bit.com\/it\/wp-json\/wp\/v2\/types\/page"}],"author":[{"embeddable":true,"href":"https:\/\/tex-bit.com\/it\/wp-json\/wp\/v2\/users\/2"}],"replies":[{"embeddable":true,"href":"https:\/\/tex-bit.com\/it\/wp-json\/wp\/v2\/comments?post=1054"}],"version-history":[{"count":0,"href":"https:\/\/tex-bit.com\/it\/wp-json\/wp\/v2\/pages\/1054\/revisions"}],"wp:featuredmedia":[{"embeddable":true,"href":"https:\/\/tex-bit.com\/it\/wp-json\/wp\/v2\/media\/931"}],"wp:attachment":[{"href":"https:\/\/tex-bit.com\/it\/wp-json\/wp\/v2\/media?parent=1054"}],"curies":[{"name":"wp","href":"https:\/\/api.w.org\/{rel}","templated":true}]}}