{"id":31,"date":"2022-03-17T12:40:59","date_gmt":"2022-03-17T12:40:59","guid":{"rendered":"https:\/\/kadence.pixel-show.com\/blog-affiliate\/?page_id=31"},"modified":"2025-04-23T23:18:38","modified_gmt":"2025-04-24T07:18:38","slug":"su-tex-bit","status":"publish","type":"page","link":"https:\/\/tex-bit.com\/it\/su-tex-bit\/","title":{"rendered":"Chi siamo"},"content":{"rendered":"<style>.kb-row-layout-id31_79ade9-a8 > .kt-row-column-wrap{align-content:start;}:where(.kb-row-layout-id31_79ade9-a8 > .kt-row-column-wrap) > .wp-block-kadence-column{justify-content:start;}.kb-row-layout-id31_79ade9-a8 > .kt-row-column-wrap{column-gap:var(--global-kb-gap-md, 2rem);row-gap:var(--global-kb-gap-md, 2rem);max-width:600px;margin-left:auto;margin-right:auto;padding-top:120px;padding-right:0px;padding-bottom:120px;padding-left:0px;grid-template-columns:minmax(0, 1fr);}.kb-row-layout-id31_79ade9-a8 > .kt-row-layout-overlay{opacity:0.18;background-image:url('https:\/\/tex-bit.com\/wp-content\/uploads\/2024\/05\/rfid-technology.webp');background-size:cover;background-position:50% 52%;background-attachment:scroll;background-repeat:no-repeat;mix-blend-mode:normal;}@media all and (max-width: 1024px){.kb-row-layout-id31_79ade9-a8 > .kt-row-column-wrap{padding-top:80px;padding-right:20px;padding-bottom:80px;padding-left:20px;grid-template-columns:minmax(0, 1fr);}}@media all and (max-width: 767px){.kb-row-layout-id31_79ade9-a8 > .kt-row-column-wrap{grid-template-columns:minmax(0, 1fr);}}<\/style><div class=\"kb-row-layout-wrap kb-row-layout-id31_79ade9-a8 alignnone has-theme-palette3-background-color kt-row-has-bg wp-block-kadence-rowlayout\"><div class=\"kt-row-layout-overlay kt-row-overlay-normal\"><\/div><div class=\"kt-row-column-wrap kt-has-1-columns kt-row-layout-equal kt-tab-layout-inherit kt-mobile-layout-row kt-row-valign-top\">\n<style>.kadence-column31_0a3860-ab > .kt-inside-inner-col{padding-right:0px;padding-left:0px;}.kadence-column31_0a3860-ab > .kt-inside-inner-col,.kadence-column31_0a3860-ab > .kt-inside-inner-col:before{border-top-left-radius:0px;border-top-right-radius:0px;border-bottom-right-radius:0px;border-bottom-left-radius:0px;}.kadence-column31_0a3860-ab > .kt-inside-inner-col{column-gap:var(--global-kb-gap-sm, 1rem);}.kadence-column31_0a3860-ab > .kt-inside-inner-col{flex-direction:column;}.kadence-column31_0a3860-ab > .kt-inside-inner-col > .aligncenter{width:100%;}.kadence-column31_0a3860-ab > .kt-inside-inner-col:before{opacity:0.3;}.kadence-column31_0a3860-ab{position:relative;}.kadence-column31_0a3860-ab, .kt-inside-inner-col > .kadence-column31_0a3860-ab:not(.specificity){margin-right:0px;margin-left:0px;}@media all and (max-width: 1024px){.kadence-column31_0a3860-ab > .kt-inside-inner-col{flex-direction:column;justify-content:center;}}@media all and (max-width: 767px){.kadence-column31_0a3860-ab > .kt-inside-inner-col{flex-direction:column;justify-content:center;}}<\/style>\n<div class=\"wp-block-kadence-column kadence-column31_0a3860-ab inner-column-1\"><div class=\"kt-inside-inner-col\"><style>.wp-block-kadence-advancedheading.kt-adv-heading31_5872eb-aa, .wp-block-kadence-advancedheading.kt-adv-heading31_5872eb-aa[data-kb-block=\"kb-adv-heading31_5872eb-aa\"]{padding-bottom:20px;margin-top:0px;margin-bottom:0px;text-align:center;font-style:normal;text-transform:capitalize;}.wp-block-kadence-advancedheading.kt-adv-heading31_5872eb-aa mark.kt-highlight, .wp-block-kadence-advancedheading.kt-adv-heading31_5872eb-aa[data-kb-block=\"kb-adv-heading31_5872eb-aa\"] mark.kt-highlight{font-style:normal;color:#f76a0c;-webkit-box-decoration-break:clone;box-decoration-break:clone;padding-top:0px;padding-right:0px;padding-bottom:0px;padding-left:0px;}@media all and (max-width: 767px){.wp-block-kadence-advancedheading.kt-adv-heading31_5872eb-aa, .wp-block-kadence-advancedheading.kt-adv-heading31_5872eb-aa[data-kb-block=\"kb-adv-heading31_5872eb-aa\"]{font-size:30px;text-align:center!important;}}<\/style>\n<h1 class=\"kt-adv-heading31_5872eb-aa wp-block-kadence-advancedheading has-theme-palette-9-color has-text-color\" data-kb-block=\"kb-adv-heading31_5872eb-aa\">su TEX-BIT<\/h1>\n<\/div><\/div>\n\n<\/div><\/div>\n\n<style>.kb-row-layout-id31_976374-29 > .kt-row-column-wrap{align-content:start;}:where(.kb-row-layout-id31_976374-29 > .kt-row-column-wrap) > .wp-block-kadence-column{justify-content:start;}.kb-row-layout-id31_976374-29 > .kt-row-column-wrap{column-gap:var(--global-kb-gap-md, 2rem);row-gap:var(--global-kb-gap-md, 2rem);max-width:var( --global-content-width, 1400px );padding-left:var(--global-content-edge-padding);padding-right:var(--global-content-edge-padding);padding-top:80px;padding-right:20px;padding-bottom:80px;padding-left:20px;grid-template-columns:minmax(0, 1fr);}.kb-row-layout-id31_976374-29 > .kt-row-layout-overlay{opacity:0.30;}@media all and (max-width: 1024px){.kb-row-layout-id31_976374-29 > .kt-row-column-wrap{padding-top:60px;padding-right:20px;padding-bottom:60px;padding-left:20px;grid-template-columns:minmax(0, 1fr);}}@media all and (max-width: 767px){.kb-row-layout-id31_976374-29 > .kt-row-column-wrap{padding-top:40px;padding-right:20px;padding-bottom:40px;padding-left:20px;grid-template-columns:minmax(0, 1fr);}}<\/style><div class=\"kb-row-layout-wrap kb-row-layout-id31_976374-29 alignnone wp-block-kadence-rowlayout\"><div class=\"kt-row-column-wrap kt-has-1-columns kt-row-layout-equal kt-tab-layout-inherit kt-mobile-layout-row kt-row-valign-top kb-theme-content-width\">\n<style>.kadence-column31_aa1e35-cb > .kt-inside-inner-col,.kadence-column31_aa1e35-cb > .kt-inside-inner-col:before{border-top-left-radius:0px;border-top-right-radius:0px;border-bottom-right-radius:0px;border-bottom-left-radius:0px;}.kadence-column31_aa1e35-cb > .kt-inside-inner-col{column-gap:var(--global-kb-gap-sm, 1rem);}.kadence-column31_aa1e35-cb > .kt-inside-inner-col{flex-direction:column;}.kadence-column31_aa1e35-cb > .kt-inside-inner-col > .aligncenter{width:100%;}.kadence-column31_aa1e35-cb > .kt-inside-inner-col:before{opacity:0.3;}.kadence-column31_aa1e35-cb{position:relative;}@media all and (max-width: 1024px){.kadence-column31_aa1e35-cb > .kt-inside-inner-col{flex-direction:column;justify-content:center;}}@media all and (max-width: 767px){.kadence-column31_aa1e35-cb > .kt-inside-inner-col{flex-direction:column;justify-content:center;}}<\/style>\n<div class=\"wp-block-kadence-column kadence-column31_aa1e35-cb inner-column-1\"><div class=\"kt-inside-inner-col\"><style>.kb-row-layout-id31_ccacd1-3d > .kt-row-column-wrap{align-content:start;}:where(.kb-row-layout-id31_ccacd1-3d > .kt-row-column-wrap) > .wp-block-kadence-column{justify-content:start;}.kb-row-layout-id31_ccacd1-3d > .kt-row-column-wrap{column-gap:var(--global-kb-gap-md, 2rem);row-gap:var(--global-kb-gap-md, 2rem);padding-top:20px;padding-bottom:20px;grid-template-columns:minmax(0, 1fr);}.kb-row-layout-id31_ccacd1-3d > .kt-row-layout-overlay{opacity:0.30;}@media all and (max-width: 1024px){.kb-row-layout-id31_ccacd1-3d > .kt-row-column-wrap{grid-template-columns:minmax(0, 1fr);}}@media all and (max-width: 767px){.kb-row-layout-id31_ccacd1-3d > .kt-row-column-wrap{grid-template-columns:minmax(0, 1fr);}}<\/style><div class=\"kb-row-layout-wrap kb-row-layout-id31_ccacd1-3d alignnone wp-block-kadence-rowlayout\"><div class=\"kt-row-column-wrap kt-has-1-columns kt-row-layout-equal kt-tab-layout-inherit kt-mobile-layout-row kt-row-valign-top\">\n<style>.kadence-column31_4330a9-a2 > .kt-inside-inner-col,.kadence-column31_4330a9-a2 > .kt-inside-inner-col:before{border-top-left-radius:0px;border-top-right-radius:0px;border-bottom-right-radius:0px;border-bottom-left-radius:0px;}.kadence-column31_4330a9-a2 > .kt-inside-inner-col{column-gap:var(--global-kb-gap-sm, 1rem);}.kadence-column31_4330a9-a2 > .kt-inside-inner-col{flex-direction:column;}.kadence-column31_4330a9-a2 > .kt-inside-inner-col > .aligncenter{width:100%;}.kadence-column31_4330a9-a2 > .kt-inside-inner-col:before{opacity:0.3;}.kadence-column31_4330a9-a2{position:relative;}@media all and (max-width: 1024px){.kadence-column31_4330a9-a2 > .kt-inside-inner-col{flex-direction:column;justify-content:center;}}@media all and (max-width: 767px){.kadence-column31_4330a9-a2 > .kt-inside-inner-col{flex-direction:column;justify-content:center;}}<\/style>\n<div class=\"wp-block-kadence-column kadence-column31_4330a9-a2\"><div class=\"kt-inside-inner-col\">\n<p><strong>TEX-BIT<\/strong> \u00e8 un'azienda guidata dalla tecnologia e impegnata ad accelerare la trasformazione digitale e intelligente dei settori tradizionali. Grazie all'integrazione di tecnologie all'avanguardia, tra cui l'intelligenza artificiale (AI), l'identificazione a radiofrequenza (RFID), il software as a service (SaaS) e il cloud computing, forniamo soluzioni end-to-end per la supply chain che sono pi\u00f9 efficienti, pi\u00f9 facili da gestire e consumano meno energia e manodopera.<\/p>\n\n\n\n<h2 class=\"wp-block-heading\"><strong>Pionieri della gestione digitale dei tessuti<\/strong><\/h2>\n\n\n\n<p>Negli ultimi anni abbiamo sviluppato con successo una piattaforma di gestione tessile completa per diversi gruppi alberghieri internazionali di primo livello. Questa piattaforma copre l'intero ciclo di vita dei tessuti, dai produttori di tessuti, ai gruppi di servizi tessili, fino al sistema di riciclaggio dei tessuti.<\/p>\n\n\n\n<p>Siamo estremamente entusiasti di constatare il crescente interesse e la significativa attenzione di numerosi gruppi di ospitalit\u00e0, gruppi sanitari, gruppi di servizi tessili e gruppi di servizi per l'aviazione in tutto il mondo verso le nostre soluzioni sistematiche.<\/p>\n\n\n\n<h2 class=\"wp-block-heading\"><strong>Oltre 30 anni di esperienza RFID<\/strong><\/h2>\n\n\n\n<p>Facendo leva su tre decenni di esperienza approfondita nelle tecnologie RFID e Auto-ID, rafforzata da una vasta esperienza pratica, abbiamo convogliato risorse significative nella ricerca e sviluppo fondamentale. La nostra competenza comprende ogni aspetto dei sistemi RFID, compresi i transponder e le soluzioni di incapsulamento personalizzate. Grazie alla continua innovazione, abbiamo accumulato una comprovata esperienza nello sviluppo di soluzioni altamente specializzate e adatte a un ampio spettro di applicazioni.<\/p>\n\n\n\n<p>In qualit\u00e0 di specialisti leader nella progettazione RFID, le nostre capacit\u00e0 si estendono a diversi settori verticali:<\/p>\n\n\n\n<ul class=\"wp-block-list\">\n<li>Marchi tessili di moda<\/li>\n\n\n\n<li>Gestione dell'abbigliamento da lavoro e delle uniformi<\/li>\n\n\n\n<li>Gestione della biancheria alberghiera e dell'ospitalit\u00e0<\/li>\n\n\n\n<li>Gestione del tessile sanitario<\/li>\n\n\n\n<li>Servizi di pulizia e sanificazione<\/li>\n<\/ul>\n\n\n\n<p>Le nostre soluzioni sono progettate per ottimizzare l'efficienza operativa, migliorare la tracciabilit\u00e0 e garantire la conformit\u00e0 agli standard del settore.<\/p>\n\n\n\n<h2 class=\"wp-block-heading\"><strong>Presenza globale con un nucleo europeo<\/strong><\/h2>\n\n\n\n<p>Attualmente, le nostre attivit\u00e0 sono concentrate in Europa centrale e occidentale (90%), con una presenza crescente in Nord America (10%). Con l'imminente implementazione delle normative DPP, le industrie del settore tessile e affini richiedono sempre pi\u00f9 le nostre soluzioni digitali complete. Queste offerte sono caratterizzate da prestazioni elevate, capacit\u00e0 scalabile, coerenza superiore e convenienza, fornendo visibilit\u00e0 e controllo end-to-end per tutto il ciclo di vita del tessuto.<\/p>\n<\/div><\/div>\n\n<\/div><\/div><\/div><\/div>\n\n<\/div><\/div>\n\n\n<p><\/p>","protected":false},"excerpt":{"rendered":"<p>TEX-BIT TEX-BIT \u00e8 un'azienda guidata dalla tecnologia e impegnata ad accelerare la trasformazione digitale e intelligente dei settori tradizionali. Grazie all'integrazione di tecnologie all'avanguardia, tra cui l'intelligenza artificiale (AI), l'identificazione a radiofrequenza (RFID), il software come servizio (SaaS) e il cloud computing, TEX-BIT offre soluzioni per la supply chain end-to-end pi\u00f9 efficienti, pi\u00f9 facili da gestire e con un minor consumo di energia e lavoro....<\/p>","protected":false},"author":2,"featured_media":0,"parent":0,"menu_order":6,"comment_status":"closed","ping_status":"closed","template":"","meta":{"_kad_blocks_custom_css":"","_kad_blocks_head_custom_js":"","_kad_blocks_body_custom_js":"","_kad_blocks_footer_custom_js":"","_kadence_starter_templates_imported_post":true,"_kad_post_transparent":"","_kad_post_title":"hide","_kad_post_layout":"fullwidth","_kad_post_sidebar_id":"","_kad_post_content_style":"unboxed","_kad_post_vertical_padding":"hide","_kad_post_feature":"hide","_kad_post_feature_position":"","_kad_post_header":false,"_kad_post_footer":false,"footnotes":""},"class_list":["post-31","page","type-page","status-publish","hentry"],"taxonomy_info":[],"featured_image_src_large":false,"author_info":{"display_name":"TB Admin","author_link":"https:\/\/tex-bit.com\/it\/author\/tb-admin\/"},"comment_info":0,"_links":{"self":[{"href":"https:\/\/tex-bit.com\/it\/wp-json\/wp\/v2\/pages\/31","targetHints":{"allow":["GET"]}}],"collection":[{"href":"https:\/\/tex-bit.com\/it\/wp-json\/wp\/v2\/pages"}],"about":[{"href":"https:\/\/tex-bit.com\/it\/wp-json\/wp\/v2\/types\/page"}],"author":[{"embeddable":true,"href":"https:\/\/tex-bit.com\/it\/wp-json\/wp\/v2\/users\/2"}],"replies":[{"embeddable":true,"href":"https:\/\/tex-bit.com\/it\/wp-json\/wp\/v2\/comments?post=31"}],"version-history":[{"count":0,"href":"https:\/\/tex-bit.com\/it\/wp-json\/wp\/v2\/pages\/31\/revisions"}],"wp:attachment":[{"href":"https:\/\/tex-bit.com\/it\/wp-json\/wp\/v2\/media?parent=31"}],"curies":[{"name":"wp","href":"https:\/\/api.w.org\/{rel}","templated":true}]}}