{"id":842,"date":"2024-05-23T12:05:48","date_gmt":"2024-05-23T12:05:48","guid":{"rendered":"https:\/\/test.tex-bit.com\/?page_id=842"},"modified":"2025-04-23T18:54:42","modified_gmt":"2025-04-24T02:54:42","slug":"etichette-rfid-per-indumenti","status":"publish","type":"page","link":"https:\/\/tex-bit.com\/it\/etichette-rfid-per-indumenti\/","title":{"rendered":"Abbigliamento, moda"},"content":{"rendered":"<style>.kb-row-layout-id842_fdfbfd-94 > .kt-row-column-wrap{align-content:start;}:where(.kb-row-layout-id842_fdfbfd-94 > .kt-row-column-wrap) > .wp-block-kadence-column{justify-content:start;}.kb-row-layout-id842_fdfbfd-94 > .kt-row-column-wrap{column-gap:var(--global-kb-gap-md, 2rem);row-gap:var(--global-kb-gap-md, 2rem);max-width:600px;margin-left:auto;margin-right:auto;padding-top:120px;padding-right:0px;padding-bottom:120px;padding-left:0px;grid-template-columns:minmax(0, 1fr);}.kb-row-layout-id842_fdfbfd-94 > .kt-row-layout-overlay{opacity:1;background-image:url('https:\/\/tex-bit.com\/wp-content\/uploads\/2024\/05\/RFID-Products-TEXBIT-RFID-Tag-Manufacturer.webp');background-size:cover;background-position:50% 40%;background-attachment:scroll;background-repeat:no-repeat;mix-blend-mode:normal;}@media all and (max-width: 1024px){.kb-row-layout-id842_fdfbfd-94 > .kt-row-column-wrap{padding-top:80px;padding-right:20px;padding-bottom:80px;padding-left:20px;grid-template-columns:minmax(0, 1fr);}}@media all and (max-width: 767px){.kb-row-layout-id842_fdfbfd-94 > .kt-row-column-wrap{grid-template-columns:minmax(0, 1fr);}}<\/style><div class=\"kb-row-layout-wrap kb-row-layout-id842_fdfbfd-94 alignfull has-theme-palette3-background-color kt-row-has-bg wp-block-kadence-rowlayout\"><div class=\"kt-row-layout-overlay kt-row-overlay-normal\"><\/div><div class=\"kt-row-column-wrap kt-has-1-columns kt-row-layout-equal kt-tab-layout-inherit kt-mobile-layout-row kt-row-valign-top\">\n<style>.kadence-column842_e29623-76 > .kt-inside-inner-col{padding-right:0px;padding-left:0px;}.kadence-column842_e29623-76 > .kt-inside-inner-col,.kadence-column842_e29623-76 > .kt-inside-inner-col:before{border-top-left-radius:0px;border-top-right-radius:0px;border-bottom-right-radius:0px;border-bottom-left-radius:0px;}.kadence-column842_e29623-76 > .kt-inside-inner-col{column-gap:var(--global-kb-gap-sm, 1rem);}.kadence-column842_e29623-76 > .kt-inside-inner-col{flex-direction:column;}.kadence-column842_e29623-76 > .kt-inside-inner-col > .aligncenter{width:100%;}.kadence-column842_e29623-76 > .kt-inside-inner-col:before{opacity:0.3;}.kadence-column842_e29623-76{position:relative;}.kadence-column842_e29623-76, .kt-inside-inner-col > .kadence-column842_e29623-76:not(.specificity){margin-right:0px;margin-left:0px;}@media all and (max-width: 1024px){.kadence-column842_e29623-76 > .kt-inside-inner-col{flex-direction:column;justify-content:center;}}@media all and (max-width: 767px){.kadence-column842_e29623-76 > .kt-inside-inner-col{padding-top:20px;padding-right:20px;padding-bottom:20px;padding-left:20px;flex-direction:column;justify-content:center;}}<\/style>\n<div class=\"wp-block-kadence-column kadence-column842_e29623-76 inner-column-1\"><div class=\"kt-inside-inner-col\"><style>.wp-block-kadence-advancedheading.kt-adv-heading842_04d3fb-7c, .wp-block-kadence-advancedheading.kt-adv-heading842_04d3fb-7c[data-kb-block=\"kb-adv-heading842_04d3fb-7c\"]{padding-bottom:20px;margin-top:0px;margin-bottom:0px;text-align:center;font-style:normal;text-transform:capitalize;}.wp-block-kadence-advancedheading.kt-adv-heading842_04d3fb-7c mark.kt-highlight, .wp-block-kadence-advancedheading.kt-adv-heading842_04d3fb-7c[data-kb-block=\"kb-adv-heading842_04d3fb-7c\"] mark.kt-highlight{font-style:normal;color:#f76a0c;-webkit-box-decoration-break:clone;box-decoration-break:clone;padding-top:0px;padding-right:0px;padding-bottom:0px;padding-left:0px;}@media all and (max-width: 767px){.wp-block-kadence-advancedheading.kt-adv-heading842_04d3fb-7c, .wp-block-kadence-advancedheading.kt-adv-heading842_04d3fb-7c[data-kb-block=\"kb-adv-heading842_04d3fb-7c\"]{font-size:30px;text-align:center!important;}}<\/style>\n<h1 class=\"kt-adv-heading842_04d3fb-7c wp-block-kadence-advancedheading has-theme-palette-9-color has-text-color\" data-kb-block=\"kb-adv-heading842_04d3fb-7c\">Abbigliamento, moda<\/h1>\n<\/div><\/div>\n\n<\/div><\/div>\n\n<style>.kadence-column842_6c251f-45 > .kt-inside-inner-col,.kadence-column842_6c251f-45 > .kt-inside-inner-col:before{border-top-left-radius:0px;border-top-right-radius:0px;border-bottom-right-radius:0px;border-bottom-left-radius:0px;}.kadence-column842_6c251f-45 > .kt-inside-inner-col{column-gap:var(--global-kb-gap-sm, 1rem);}.kadence-column842_6c251f-45 > .kt-inside-inner-col{flex-direction:column;}.kadence-column842_6c251f-45 > .kt-inside-inner-col > .aligncenter{width:100%;}.kadence-column842_6c251f-45 > .kt-inside-inner-col:before{opacity:0.3;}.kadence-column842_6c251f-45{position:relative;}@media all and (max-width: 1024px){.kadence-column842_6c251f-45 > .kt-inside-inner-col{flex-direction:column;justify-content:center;}}@media all and (max-width: 767px){.kadence-column842_6c251f-45 > .kt-inside-inner-col{flex-direction:column;justify-content:center;}}<\/style>\n<div class=\"wp-block-kadence-column kadence-column842_6c251f-45 alignfull\"><div class=\"kt-inside-inner-col\"><style>.kb-row-layout-id842_3056eb-de > .kt-row-column-wrap{align-content:start;}:where(.kb-row-layout-id842_3056eb-de > .kt-row-column-wrap) > .wp-block-kadence-column{justify-content:start;}.kb-row-layout-id842_3056eb-de > .kt-row-column-wrap{column-gap:var(--global-kb-gap-md, 2rem);row-gap:var(--global-kb-gap-md, 2rem);max-width:var( --global-content-width, 1400px );padding-left:var(--global-content-edge-padding);padding-right:var(--global-content-edge-padding);padding-top:var(--global-kb-spacing-lg, 3rem);padding-bottom:var(--global-kb-spacing-lg, 3rem);grid-template-columns:minmax(0, 1fr);}.kb-row-layout-id842_3056eb-de > .kt-row-layout-overlay{opacity:0.30;}@media all and (max-width: 1024px){.kb-row-layout-id842_3056eb-de > .kt-row-column-wrap{grid-template-columns:minmax(0, 1fr);}}@media all and (max-width: 767px){.kb-row-layout-id842_3056eb-de > .kt-row-column-wrap{grid-template-columns:minmax(0, 1fr);}}<\/style><div class=\"kb-row-layout-wrap kb-row-layout-id842_3056eb-de alignnone wp-block-kadence-rowlayout\"><div class=\"kt-row-column-wrap kt-has-1-columns kt-row-layout-equal kt-tab-layout-inherit kt-mobile-layout-row kt-row-valign-top kb-theme-content-width\">\n<style>.kadence-column842_656350-21 > .kt-inside-inner-col,.kadence-column842_656350-21 > .kt-inside-inner-col:before{border-top-left-radius:0px;border-top-right-radius:0px;border-bottom-right-radius:0px;border-bottom-left-radius:0px;}.kadence-column842_656350-21 > .kt-inside-inner-col{column-gap:var(--global-kb-gap-sm, 1rem);}.kadence-column842_656350-21 > .kt-inside-inner-col{flex-direction:column;}.kadence-column842_656350-21 > .kt-inside-inner-col > .aligncenter{width:100%;}.kadence-column842_656350-21 > .kt-inside-inner-col:before{opacity:0.3;}.kadence-column842_656350-21{position:relative;}@media all and (max-width: 1024px){.kadence-column842_656350-21 > .kt-inside-inner-col{flex-direction:column;justify-content:center;}}@media all and (max-width: 767px){.kadence-column842_656350-21 > .kt-inside-inner-col{flex-direction:column;justify-content:center;}}<\/style>\n<div class=\"wp-block-kadence-column kadence-column842_656350-21\"><div class=\"kt-inside-inner-col\">\n<h2 class=\"wp-block-heading\">Etichette RFID lavabili per abbigliamento<\/h2>\n\n\n\n<p>Con la continua evoluzione dell'industria della moda e dell'abbigliamento, la necessit\u00e0 di soluzioni tecnologiche avanzate per migliorare l'efficienza operativa, migliorare l'esperienza del cliente e sostenere gli sforzi di sostenibilit\u00e0 \u00e8 diventata sempre pi\u00f9 importante. La tecnologia RFID \u00e8 emersa come uno strumento potente per raggiungere questi obiettivi, in particolare nel settore della lavanderia e della gestione dei tessuti. L'uso di etichette RFID per lavanderie, abbigliamento e moda ha rivoluzionato il modo in cui le organizzazioni gestiscono i propri beni tessili e di lavanderia, consentendo la tracciabilit\u00e0 in tempo reale, una migliore gestione dell'inventario, una maggiore visibilit\u00e0 della catena di fornitura e una maggiore sostenibilit\u00e0.<\/p>\n\n\n\n<p>Le etichette RFID per lavanderia sono chip piccoli, resistenti e lavabili che possono essere applicati agli indumenti e ad altri prodotti tessili.\u00a0<a href=\"https:\/\/tex-bit.com\/rfid-laundry-products\/\">Etichette per biancheria TEX-BIT RFID<\/a>\u00a0resistono all'ambiente di lavanderia pi\u00f9 rigoroso e hanno una lunga vita lavorativa, grazie alle loro buone prestazioni e alla loro consistenza stabile. Le diverse installazioni possono soddisfare le diverse esigenze applicative a scelta del cliente, come la cucitura, la termosaldatura, l'appendimento, l'imbustamento, ecc.<\/p>\n\n\n\n<h2 class=\"wp-block-heading\">I vantaggi in sintesi<\/h2>\n\n\n\n<p><strong>1, migliore gestione dell'inventario<\/strong><\/p>\n\n\n\n<p>Le etichette RFID consentono di tracciare in tempo reale gli articoli di abbigliamento, permettendo ai rivenditori di individuare rapidamente i prodotti e di ridurre le scorte. Ci\u00f2 aiuta i rivenditori a ottimizzare i livelli di inventario, a ridurre gli sprechi e a migliorare la soddisfazione dei clienti. Con i tag RFID, i rivenditori possono tracciare e gestire con precisione i livelli di inventario, ridurre il tempo dedicato al conteggio manuale degli articoli e automatizzare il processo di rifornimento degli scaffali.<\/p>\n\n\n\n<p><strong>2, maggiore efficienza operativa<\/strong><\/p>\n\n\n\n<p>L'abbigliamento e la moda con tag RFID possono aiutare i rivenditori a ottimizzare le loro operazioni migliorando la visibilit\u00e0 della catena di fornitura, riducendo gli errori di spedizione e minimizzando le scorte in eccesso. La tecnologia RFID consente alle aziende di tracciare i prodotti mentre si muovono lungo la catena di fornitura, fornendo visibilit\u00e0 e trasparenza a rivenditori e produttori.<\/p>\n\n\n\n<p><strong>3, migliorare l'esperienza del cliente<\/strong><\/p>\n\n\n\n<p>I tag RFID a doppia frequenza possono creare esperienze interattive per i clienti, come la scansione dei tag sui capi di abbigliamento con i loro dispositivi mobili per ricevere informazioni sui prodotti, raccomandazioni e promozioni. I rivenditori possono anche utilizzare le etichette RFID per creare raccomandazioni personalizzate e migliorare il servizio ai clienti localizzando rapidamente gli articoli richiesti.<\/p>\n\n\n\n<p><strong>4, Sostenibilit\u00e0<\/strong><\/p>\n\n\n\n<p>Le etichette RFID possono aiutare i rivenditori a ridurre gli sprechi migliorando la gestione dell'inventario, riducendo la sovrapproduzione e minimizzando le scorte in eccesso. La tecnologia RFID consente ai rivenditori di ottimizzare i livelli di inventario, riducendo la quantit\u00e0 di scorte invendute che finiscono in discarica. Ci\u00f2 contribuisce a ridurre gli sprechi e a sostenere gli sforzi di sostenibilit\u00e0.<\/p>\n<\/div><\/div>\n\n<\/div><\/div><\/div><\/div>\n\n\n<style>.kadence-column842_409ea1-2b > .kt-inside-inner-col,.kadence-column842_409ea1-2b > .kt-inside-inner-col:before{border-top-left-radius:0px;border-top-right-radius:0px;border-bottom-right-radius:0px;border-bottom-left-radius:0px;}.kadence-column842_409ea1-2b > .kt-inside-inner-col{column-gap:var(--global-kb-gap-sm, 1rem);}.kadence-column842_409ea1-2b > .kt-inside-inner-col{flex-direction:column;}.kadence-column842_409ea1-2b > .kt-inside-inner-col > .aligncenter{width:100%;}.kadence-column842_409ea1-2b > .kt-inside-inner-col:before{opacity:0.3;}.kadence-column842_409ea1-2b{position:relative;}@media all and (max-width: 1024px){.kadence-column842_409ea1-2b > .kt-inside-inner-col{flex-direction:column;justify-content:center;}}@media all and (max-width: 767px){.kadence-column842_409ea1-2b > .kt-inside-inner-col{flex-direction:column;justify-content:center;}}<\/style>\n<div class=\"wp-block-kadence-column kadence-column842_409ea1-2b alignfull\"><div class=\"kt-inside-inner-col\"><style>.kb-row-layout-id842_ecf3c0-cf > .kt-row-column-wrap{align-content:start;}:where(.kb-row-layout-id842_ecf3c0-cf > .kt-row-column-wrap) > .wp-block-kadence-column{justify-content:start;}.kb-row-layout-id842_ecf3c0-cf > .kt-row-column-wrap{column-gap:var(--global-kb-gap-md, 2rem);row-gap:var(--global-kb-gap-md, 2rem);max-width:var( --global-content-width, 1400px );padding-left:var(--global-content-edge-padding);padding-right:var(--global-content-edge-padding);padding-top:var(--global-kb-spacing-sm, 1.5rem);padding-bottom:var(--global-kb-spacing-sm, 1.5rem);grid-template-columns:minmax(0, 1fr);}.kb-row-layout-id842_ecf3c0-cf > .kt-row-layout-overlay{opacity:0.30;}@media all and (max-width: 1024px){.kb-row-layout-id842_ecf3c0-cf > .kt-row-column-wrap{grid-template-columns:minmax(0, 1fr);}}@media all and (max-width: 767px){.kb-row-layout-id842_ecf3c0-cf > .kt-row-column-wrap{grid-template-columns:minmax(0, 1fr);}}<\/style><div class=\"kb-row-layout-wrap kb-row-layout-id842_ecf3c0-cf alignnone has-theme-palette7-background-color kt-row-has-bg wp-block-kadence-rowlayout\"><div class=\"kt-row-column-wrap kt-has-1-columns kt-row-layout-equal kt-tab-layout-inherit kt-mobile-layout-row kt-row-valign-top kb-theme-content-width\">\n<style>.kadence-column842_bb748b-34 > .kt-inside-inner-col,.kadence-column842_bb748b-34 > .kt-inside-inner-col:before{border-top-left-radius:0px;border-top-right-radius:0px;border-bottom-right-radius:0px;border-bottom-left-radius:0px;}.kadence-column842_bb748b-34 > .kt-inside-inner-col{column-gap:var(--global-kb-gap-sm, 1rem);}.kadence-column842_bb748b-34 > .kt-inside-inner-col{flex-direction:column;}.kadence-column842_bb748b-34 > .kt-inside-inner-col > .aligncenter{width:100%;}.kadence-column842_bb748b-34 > .kt-inside-inner-col:before{opacity:0.3;}.kadence-column842_bb748b-34{position:relative;}@media all and (max-width: 1024px){.kadence-column842_bb748b-34 > .kt-inside-inner-col{flex-direction:column;justify-content:center;}}@media all and (max-width: 767px){.kadence-column842_bb748b-34 > .kt-inside-inner-col{flex-direction:column;justify-content:center;}}<\/style>\n<div class=\"wp-block-kadence-column kadence-column842_bb748b-34\"><div class=\"kt-inside-inner-col\">\n<h4 class=\"wp-block-heading\">Potrebbero interessarti anche questi argomenti...<\/h4>\n\n\n<style>.kt-post-loop842_7f34c9-e1 .kadence-post-image{padding-top:0px;padding-right:0px;padding-bottom:0px;padding-left:0px;}.kt-post-loop842_7f34c9-e1 .kt-post-grid-wrap{gap:30px 30px;}.kt-post-loop842_7f34c9-e1 .kt-blocks-post-grid-item{border-top-left-radius:0px;border-top-right-radius:0px;border-bottom-right-radius:0px;border-bottom-left-radius:0px;overflow:hidden;}.kt-post-loop842_7f34c9-e1 .kt-blocks-post-grid-item .kt-blocks-post-grid-item-inner{padding-top:15px;padding-right:25px;padding-bottom:25px;padding-left:25px;}.kt-post-loop842_7f34c9-e1 .kt-blocks-post-grid-item header{padding-top:0px;padding-right:0px;padding-bottom:10px;padding-left:0px;margin-top:0px;margin-right:0px;margin-bottom:0px;margin-left:0px;}.kt-post-loop842_7f34c9-e1 .kt-blocks-post-grid-item .entry-title{padding-top:10px;padding-right:0px;padding-bottom:5px;padding-left:0px;margin-top:0px;margin-right:0px;margin-bottom:0px;margin-left:0px;font-size:16px;line-height:5px;}.kt-post-loop842_7f34c9-e1 .kt-blocks-post-grid-item .kt-blocks-post-top-meta{color:#777777;}.kt-post-loop842_7f34c9-e1 .kt-blocks-post-grid-item .kt-blocks-post-top-meta a{color:#777777;}.kt-post-loop842_7f34c9-e1 .kt-blocks-post-grid-item .kt-blocks-post-top-meta a:hover{color:#444444;}.kt-post-loop842_7f34c9-e1 .entry-content{padding-top:0px;padding-right:0px;padding-bottom:0px;padding-left:0px;margin-top:0px;margin-right:0px;margin-bottom:0px;margin-left:0px;}.kt-post-loop842_7f34c9-e1 .kt-blocks-post-footer{color:#777777;border-top-width:0px;border-right-width:0px;border-bottom-width:0px;border-left-width:0px;padding-top:0px;padding-right:0px;padding-bottom:0px;padding-left:0px;margin-top:0px;margin-right:0px;margin-bottom:0px;margin-left:0px;font-size:12px;line-height:20px;}.kt-post-loop842_7f34c9-e1 .entry-content:after{height:0px;}.kt-post-loop842_7f34c9-e1 .kt-blocks-post-footer a{color:#777777;}.kt-post-loop842_7f34c9-e1 .kt-blocks-post-footer a:hover{color:#444444;}.kt-post-loop842_7f34c9-e1 .kb-filter-item{border-top-width:0px;border-right-width:0px;border-bottom-width:2px;border-left-width:0px;padding-top:5px;padding-right:8px;padding-bottom:5px;padding-left:8px;margin-top:0px;margin-right:10px;margin-bottom:0px;margin-left:0px;}<\/style><div class=\"wp-block-kadence-postgrid kt-blocks-post-loop-block aligncenter kt-post-loop842_7f34c9-e1 kt-post-grid-layout-grid\"><div class=\"kt-post-grid-layout-grid-wrap kt-post-grid-wrap\" data-columns-xxl=\"4\" data-columns-xl=\"4\" data-columns-md=\"4\" data-columns-sm=\"3\" data-columns-xs=\"2\" data-columns-ss=\"2\"data-item-selector=\".kt-post-masonry-item\"><article class=\"kt-blocks-post-grid-item post-838 page type-page status-publish has-post-thumbnail hentry\"><div class=\"kt-blocks-post-grid-item-inner-wrap kt-feat-image-align-top kt-feat-image-mobile-align-top\"><div class=\"kadence-post-image\"><div class=\"kadence-post-image-intrisic kt-image-ratio-66-67\" style=\"padding-bottom:66.67%;\"><div class=\"kadence-post-image-inner-intrisic\"><a href=\"https:\/\/tex-bit.com\/it\/tag-rfid-per-il-noleggio-di-uniformi\/\" aria-label=\"Per saperne di pi\u00f9 Uniforme, Abbigliamento da lavoro\" class=\"kadence-post-image-inner-wrap\"><img loading=\"lazy\" decoding=\"async\" width=\"600\" height=\"400\" src=\"https:\/\/tex-bit.com\/wp-content\/uploads\/2024\/05\/RFID-Laundry-Chip-for-Workwear.webp\" class=\"attachment-large size-large wp-post-image\" alt=\"Chip RFID per lavanderia per il noleggio di uniformi da lavoro\" srcset=\"https:\/\/tex-bit.com\/wp-content\/uploads\/2024\/05\/RFID-Laundry-Chip-for-Workwear.webp 600w, https:\/\/tex-bit.com\/wp-content\/uploads\/2024\/05\/RFID-Laundry-Chip-for-Workwear-300x200.webp 300w\" sizes=\"auto, (max-width: 600px) 100vw, 600px\" \/><\/a><\/div><\/div><\/div><div class=\"kt-blocks-post-grid-item-inner\"><header><h5 class=\"entry-title\"><a href=\"https:\/\/tex-bit.com\/it\/tag-rfid-per-il-noleggio-di-uniformi\/\">Uniformi, abbigliamento da lavoro<\/a><\/h5><div class=\"kt-blocks-post-top-meta\"><\/div><\/header><div class=\"entry-content\"><\/div><footer class=\"kt-blocks-post-footer\"><div class=\"kt-blocks-post-footer-left\"><\/div><div class=\"kt-blocks-post-footer-right\"><\/div><\/footer><\/div><\/div><\/article><article class=\"kt-blocks-post-grid-item post-840 page type-page status-publish has-post-thumbnail hentry\"><div class=\"kt-blocks-post-grid-item-inner-wrap kt-feat-image-align-top kt-feat-image-mobile-align-top\"><div class=\"kadence-post-image\"><div class=\"kadence-post-image-intrisic kt-image-ratio-66-67\" style=\"padding-bottom:66.67%;\"><div class=\"kadence-post-image-inner-intrisic\"><a href=\"https:\/\/tex-bit.com\/it\/tag-rfid-per-la-lavanderia-dellospitalita\/\" aria-label=\"Leggi tutto Ospitalit\u00e0\" class=\"kadence-post-image-inner-wrap\"><img loading=\"lazy\" decoding=\"async\" width=\"600\" height=\"400\" src=\"https:\/\/tex-bit.com\/wp-content\/uploads\/2024\/05\/RFID-Linen-Tag-for-Hotel-Hospitality.webp\" class=\"attachment-large size-large wp-post-image\" alt=\"Etichetta per biancheria RFID per l&#039;ospitalit\u00e0 alberghiera\" srcset=\"https:\/\/tex-bit.com\/wp-content\/uploads\/2024\/05\/RFID-Linen-Tag-for-Hotel-Hospitality.webp 600w, https:\/\/tex-bit.com\/wp-content\/uploads\/2024\/05\/RFID-Linen-Tag-for-Hotel-Hospitality-300x200.webp 300w\" sizes=\"auto, (max-width: 600px) 100vw, 600px\" \/><\/a><\/div><\/div><\/div><div class=\"kt-blocks-post-grid-item-inner\"><header><h5 class=\"entry-title\"><a href=\"https:\/\/tex-bit.com\/it\/tag-rfid-per-la-lavanderia-dellospitalita\/\">Ospitalit\u00e0<\/a><\/h5><div class=\"kt-blocks-post-top-meta\"><\/div><\/header><div class=\"entry-content\"><\/div><footer class=\"kt-blocks-post-footer\"><div class=\"kt-blocks-post-footer-left\"><\/div><div class=\"kt-blocks-post-footer-right\"><\/div><\/footer><\/div><\/div><\/article><article class=\"kt-blocks-post-grid-item post-844 page type-page status-publish has-post-thumbnail hentry\"><div class=\"kt-blocks-post-grid-item-inner-wrap kt-feat-image-align-top kt-feat-image-mobile-align-top\"><div class=\"kadence-post-image\"><div class=\"kadence-post-image-intrisic kt-image-ratio-66-67\" style=\"padding-bottom:66.67%;\"><div class=\"kadence-post-image-inner-intrisic\"><a href=\"https:\/\/tex-bit.com\/it\/tag-rfid-per-la-biancheria-sanitaria\/\" aria-label=\"Per saperne di pi\u00f9 Assistenza sanitaria\" class=\"kadence-post-image-inner-wrap\"><img loading=\"lazy\" decoding=\"async\" width=\"600\" height=\"400\" src=\"https:\/\/tex-bit.com\/wp-content\/uploads\/2024\/05\/RFID-Smart-Linen-Tag-for-Healthcare.webp\" class=\"attachment-large size-large wp-post-image\" alt=\"Etichetta per biancheria intelligente RFID per l&#039;assistenza sanitaria\" srcset=\"https:\/\/tex-bit.com\/wp-content\/uploads\/2024\/05\/RFID-Smart-Linen-Tag-for-Healthcare.webp 600w, https:\/\/tex-bit.com\/wp-content\/uploads\/2024\/05\/RFID-Smart-Linen-Tag-for-Healthcare-300x200.webp 300w\" sizes=\"auto, (max-width: 600px) 100vw, 600px\" \/><\/a><\/div><\/div><\/div><div class=\"kt-blocks-post-grid-item-inner\"><header><h5 class=\"entry-title\"><a href=\"https:\/\/tex-bit.com\/it\/tag-rfid-per-la-biancheria-sanitaria\/\">Assistenza sanitaria<\/a><\/h5><div class=\"kt-blocks-post-top-meta\"><\/div><\/header><div class=\"entry-content\"><\/div><footer class=\"kt-blocks-post-footer\"><div class=\"kt-blocks-post-footer-left\"><\/div><div class=\"kt-blocks-post-footer-right\"><\/div><\/footer><\/div><\/div><\/article><article class=\"kt-blocks-post-grid-item post-846 page type-page status-publish has-post-thumbnail hentry\"><div class=\"kt-blocks-post-grid-item-inner-wrap kt-feat-image-align-top kt-feat-image-mobile-align-top\"><div class=\"kadence-post-image\"><div class=\"kadence-post-image-intrisic kt-image-ratio-66-67\" style=\"padding-bottom:66.67%;\"><div class=\"kadence-post-image-inner-intrisic\"><a href=\"https:\/\/tex-bit.com\/it\/tag-rfid-di-lino-intelligente-per-tappetini\/\" aria-label=\"Per saperne di pi\u00f9 Protezione del pavimento\" class=\"kadence-post-image-inner-wrap\"><img loading=\"lazy\" decoding=\"async\" width=\"600\" height=\"400\" src=\"https:\/\/tex-bit.com\/wp-content\/uploads\/2024\/05\/Smart-Linen-Tag-for-Cleaning.webp\" class=\"attachment-large size-large wp-post-image\" alt=\"Etichetta intelligente per la pulizia della biancheria\" srcset=\"https:\/\/tex-bit.com\/wp-content\/uploads\/2024\/05\/Smart-Linen-Tag-for-Cleaning.webp 600w, https:\/\/tex-bit.com\/wp-content\/uploads\/2024\/05\/Smart-Linen-Tag-for-Cleaning-300x200.webp 300w\" sizes=\"auto, (max-width: 600px) 100vw, 600px\" \/><\/a><\/div><\/div><\/div><div class=\"kt-blocks-post-grid-item-inner\"><header><h5 class=\"entry-title\"><a href=\"https:\/\/tex-bit.com\/it\/tag-rfid-di-lino-intelligente-per-tappetini\/\">Protezione del pavimento<\/a><\/h5><div class=\"kt-blocks-post-top-meta\"><\/div><\/header><div class=\"entry-content\"><\/div><footer class=\"kt-blocks-post-footer\"><div class=\"kt-blocks-post-footer-left\"><\/div><div class=\"kt-blocks-post-footer-right\"><\/div><\/footer><\/div><\/div><\/article><\/div><\/div><!-- .wp-block-kadence-postgrid --><\/div><\/div>\n\n<\/div><\/div><\/div><\/div>","protected":false},"excerpt":{"rendered":"<p>Abbigliamento, moda Etichette RFID lavabili per abbigliamento Con la continua evoluzione del settore della moda e dell'abbigliamento, la necessit\u00e0 di soluzioni tecnologiche avanzate per migliorare l'efficienza operativa, migliorare l'esperienza del cliente e sostenere gli sforzi di sostenibilit\u00e0 \u00e8 diventata sempre pi\u00f9 importante. La tecnologia RFID \u00e8 emersa come un potente strumento per raggiungere questi obiettivi, in particolare nel settore della lavanderia e...<\/p>","protected":false},"author":2,"featured_media":850,"parent":0,"menu_order":3,"comment_status":"closed","ping_status":"closed","template":"","meta":{"_kad_blocks_custom_css":"","_kad_blocks_head_custom_js":"","_kad_blocks_body_custom_js":"","_kad_blocks_footer_custom_js":"","_kadence_starter_templates_imported_post":false,"_kad_post_transparent":"","_kad_post_title":"","_kad_post_layout":"","_kad_post_sidebar_id":"","_kad_post_content_style":"","_kad_post_vertical_padding":"","_kad_post_feature":"","_kad_post_feature_position":"","_kad_post_header":false,"_kad_post_footer":false,"footnotes":""},"class_list":["post-842","page","type-page","status-publish","has-post-thumbnail","hentry"],"taxonomy_info":[],"featured_image_src_large":["https:\/\/tex-bit.com\/wp-content\/uploads\/2024\/05\/RFID-Laundry-Tag-for-Fashion-Apparel.webp",600,400,false],"author_info":{"display_name":"TB Admin","author_link":"https:\/\/tex-bit.com\/it\/author\/tb-admin\/"},"comment_info":0,"_links":{"self":[{"href":"https:\/\/tex-bit.com\/it\/wp-json\/wp\/v2\/pages\/842","targetHints":{"allow":["GET"]}}],"collection":[{"href":"https:\/\/tex-bit.com\/it\/wp-json\/wp\/v2\/pages"}],"about":[{"href":"https:\/\/tex-bit.com\/it\/wp-json\/wp\/v2\/types\/page"}],"author":[{"embeddable":true,"href":"https:\/\/tex-bit.com\/it\/wp-json\/wp\/v2\/users\/2"}],"replies":[{"embeddable":true,"href":"https:\/\/tex-bit.com\/it\/wp-json\/wp\/v2\/comments?post=842"}],"version-history":[{"count":0,"href":"https:\/\/tex-bit.com\/it\/wp-json\/wp\/v2\/pages\/842\/revisions"}],"wp:featuredmedia":[{"embeddable":true,"href":"https:\/\/tex-bit.com\/it\/wp-json\/wp\/v2\/media\/850"}],"wp:attachment":[{"href":"https:\/\/tex-bit.com\/it\/wp-json\/wp\/v2\/media?parent=842"}],"curies":[{"name":"wp","href":"https:\/\/api.w.org\/{rel}","templated":true}]}}