{"id":844,"date":"2024-05-23T12:06:04","date_gmt":"2024-05-23T12:06:04","guid":{"rendered":"https:\/\/test.tex-bit.com\/?page_id=844"},"modified":"2025-06-12T00:37:03","modified_gmt":"2025-06-12T08:37:03","slug":"tag-rfid-per-la-biancheria-sanitaria","status":"publish","type":"page","link":"https:\/\/tex-bit.com\/it\/tag-rfid-per-la-biancheria-sanitaria\/","title":{"rendered":"Assistenza sanitaria"},"content":{"rendered":"<style>.kb-row-layout-id844_545b43-0f > .kt-row-column-wrap{align-content:start;}:where(.kb-row-layout-id844_545b43-0f > .kt-row-column-wrap) > .wp-block-kadence-column{justify-content:start;}.kb-row-layout-id844_545b43-0f > .kt-row-column-wrap{column-gap:var(--global-kb-gap-md, 2rem);row-gap:var(--global-kb-gap-md, 2rem);max-width:600px;margin-left:auto;margin-right:auto;padding-top:120px;padding-right:0px;padding-bottom:120px;padding-left:0px;grid-template-columns:minmax(0, 1fr);}.kb-row-layout-id844_545b43-0f > .kt-row-layout-overlay{opacity:1;background-image:url('https:\/\/tex-bit.com\/wp-content\/uploads\/2024\/05\/RFID-Products-TEXBIT-RFID-Tag-Manufacturer.webp');background-size:cover;background-position:50% 40%;background-attachment:scroll;background-repeat:no-repeat;mix-blend-mode:normal;}@media all and (max-width: 1024px){.kb-row-layout-id844_545b43-0f > .kt-row-column-wrap{padding-top:80px;padding-right:20px;padding-bottom:80px;padding-left:20px;grid-template-columns:minmax(0, 1fr);}}@media all and (max-width: 767px){.kb-row-layout-id844_545b43-0f > .kt-row-column-wrap{grid-template-columns:minmax(0, 1fr);}}<\/style><div class=\"kb-row-layout-wrap kb-row-layout-id844_545b43-0f alignfull has-theme-palette3-background-color kt-row-has-bg wp-block-kadence-rowlayout\"><div class=\"kt-row-layout-overlay kt-row-overlay-normal\"><\/div><div class=\"kt-row-column-wrap kt-has-1-columns kt-row-layout-equal kt-tab-layout-inherit kt-mobile-layout-row kt-row-valign-top\">\n<style>.kadence-column844_6683fa-03 > .kt-inside-inner-col{padding-right:0px;padding-left:0px;}.kadence-column844_6683fa-03 > .kt-inside-inner-col,.kadence-column844_6683fa-03 > .kt-inside-inner-col:before{border-top-left-radius:0px;border-top-right-radius:0px;border-bottom-right-radius:0px;border-bottom-left-radius:0px;}.kadence-column844_6683fa-03 > .kt-inside-inner-col{column-gap:var(--global-kb-gap-sm, 1rem);}.kadence-column844_6683fa-03 > .kt-inside-inner-col{flex-direction:column;}.kadence-column844_6683fa-03 > .kt-inside-inner-col > .aligncenter{width:100%;}.kadence-column844_6683fa-03 > .kt-inside-inner-col:before{opacity:0.3;}.kadence-column844_6683fa-03{position:relative;}.kadence-column844_6683fa-03, .kt-inside-inner-col > .kadence-column844_6683fa-03:not(.specificity){margin-right:0px;margin-left:0px;}@media all and (max-width: 1024px){.kadence-column844_6683fa-03 > .kt-inside-inner-col{flex-direction:column;justify-content:center;}}@media all and (max-width: 767px){.kadence-column844_6683fa-03 > .kt-inside-inner-col{padding-top:20px;padding-right:20px;padding-bottom:20px;padding-left:20px;flex-direction:column;justify-content:center;}}<\/style>\n<div class=\"wp-block-kadence-column kadence-column844_6683fa-03 inner-column-1\"><div class=\"kt-inside-inner-col\"><style>.wp-block-kadence-advancedheading.kt-adv-heading844_d93390-d4, .wp-block-kadence-advancedheading.kt-adv-heading844_d93390-d4[data-kb-block=\"kb-adv-heading844_d93390-d4\"]{padding-bottom:20px;margin-top:0px;margin-bottom:0px;text-align:center;font-style:normal;text-transform:capitalize;}.wp-block-kadence-advancedheading.kt-adv-heading844_d93390-d4 mark.kt-highlight, .wp-block-kadence-advancedheading.kt-adv-heading844_d93390-d4[data-kb-block=\"kb-adv-heading844_d93390-d4\"] mark.kt-highlight{font-style:normal;color:#f76a0c;-webkit-box-decoration-break:clone;box-decoration-break:clone;padding-top:0px;padding-right:0px;padding-bottom:0px;padding-left:0px;}@media all and (max-width: 767px){.wp-block-kadence-advancedheading.kt-adv-heading844_d93390-d4, .wp-block-kadence-advancedheading.kt-adv-heading844_d93390-d4[data-kb-block=\"kb-adv-heading844_d93390-d4\"]{font-size:30px;text-align:center!important;}}<\/style>\n<h1 class=\"kt-adv-heading844_d93390-d4 wp-block-kadence-advancedheading has-theme-palette-9-color has-text-color\" data-kb-block=\"kb-adv-heading844_d93390-d4\">Assistenza sanitaria<\/h1>\n<\/div><\/div>\n\n<\/div><\/div>\n\n<style>.kadence-column844_5e38fc-69 > .kt-inside-inner-col,.kadence-column844_5e38fc-69 > .kt-inside-inner-col:before{border-top-left-radius:0px;border-top-right-radius:0px;border-bottom-right-radius:0px;border-bottom-left-radius:0px;}.kadence-column844_5e38fc-69 > .kt-inside-inner-col{column-gap:var(--global-kb-gap-sm, 1rem);}.kadence-column844_5e38fc-69 > .kt-inside-inner-col{flex-direction:column;}.kadence-column844_5e38fc-69 > .kt-inside-inner-col > .aligncenter{width:100%;}.kadence-column844_5e38fc-69 > .kt-inside-inner-col:before{opacity:0.3;}.kadence-column844_5e38fc-69{position:relative;}@media all and (max-width: 1024px){.kadence-column844_5e38fc-69 > .kt-inside-inner-col{flex-direction:column;justify-content:center;}}@media all and (max-width: 767px){.kadence-column844_5e38fc-69 > .kt-inside-inner-col{flex-direction:column;justify-content:center;}}<\/style>\n<div class=\"wp-block-kadence-column kadence-column844_5e38fc-69 alignfull\"><div class=\"kt-inside-inner-col\"><style>.kb-row-layout-id844_28388e-76 > .kt-row-column-wrap{align-content:start;}:where(.kb-row-layout-id844_28388e-76 > .kt-row-column-wrap) > .wp-block-kadence-column{justify-content:start;}.kb-row-layout-id844_28388e-76 > .kt-row-column-wrap{column-gap:var(--global-kb-gap-md, 2rem);row-gap:var(--global-kb-gap-md, 2rem);max-width:var( --global-content-width, 1400px );padding-left:var(--global-content-edge-padding);padding-right:var(--global-content-edge-padding);padding-top:var(--global-kb-spacing-lg, 3rem);padding-bottom:var(--global-kb-spacing-lg, 3rem);grid-template-columns:minmax(0, 1fr);}.kb-row-layout-id844_28388e-76 > .kt-row-layout-overlay{opacity:0.30;}@media all and (max-width: 1024px){.kb-row-layout-id844_28388e-76 > .kt-row-column-wrap{grid-template-columns:minmax(0, 1fr);}}@media all and (max-width: 767px){.kb-row-layout-id844_28388e-76 > .kt-row-column-wrap{grid-template-columns:minmax(0, 1fr);}}<\/style><div class=\"kb-row-layout-wrap kb-row-layout-id844_28388e-76 alignnone wp-block-kadence-rowlayout\"><div class=\"kt-row-column-wrap kt-has-1-columns kt-row-layout-equal kt-tab-layout-inherit kt-mobile-layout-row kt-row-valign-top kb-theme-content-width\">\n<style>.kadence-column844_eefdf7-dc > .kt-inside-inner-col,.kadence-column844_eefdf7-dc > .kt-inside-inner-col:before{border-top-left-radius:0px;border-top-right-radius:0px;border-bottom-right-radius:0px;border-bottom-left-radius:0px;}.kadence-column844_eefdf7-dc > .kt-inside-inner-col{column-gap:var(--global-kb-gap-sm, 1rem);}.kadence-column844_eefdf7-dc > .kt-inside-inner-col{flex-direction:column;}.kadence-column844_eefdf7-dc > .kt-inside-inner-col > .aligncenter{width:100%;}.kadence-column844_eefdf7-dc > .kt-inside-inner-col:before{opacity:0.3;}.kadence-column844_eefdf7-dc{position:relative;}@media all and (max-width: 1024px){.kadence-column844_eefdf7-dc > .kt-inside-inner-col{flex-direction:column;justify-content:center;}}@media all and (max-width: 767px){.kadence-column844_eefdf7-dc > .kt-inside-inner-col{flex-direction:column;justify-content:center;}}<\/style>\n<div class=\"wp-block-kadence-column kadence-column844_eefdf7-dc\"><div class=\"kt-inside-inner-col\">\n<h2 class=\"wp-block-heading\">Etichette RFID per biancheria sanitaria<\/h2>\n\n\n\n<p>Il settore sanitario \u00e8 in continua evoluzione e con esso la necessit\u00e0 di soluzioni innovative per migliorare l'efficienza e l'accuratezza. Una di queste soluzioni \u00e8 l'uso della tecnologia RFID. I tag RFID per la biancheria sanitaria sono diventati sempre pi\u00f9 popolari in ospedali, centri di riabilitazione, ambulatori e case di cura. Queste etichette aiutano le strutture sanitarie a funzionare in modo pi\u00f9 fluido ed efficace.<\/p>\n\n\n\n<p>Le etichette RFID per la biancheria sono transponder piccoli, resistenti e lavabili che utilizzano le onde radio per comunicare con i lettori. Possono essere applicati a una variet\u00e0 di articoli, compresi i tessuti del reparto, gli indumenti del personale e gli articoli chirurgici sterili come camici e teli. TEX-BIT <a href=\"https:\/\/tex-bit.com\/rfid-laundry-products\/rfid-linen-tag\/\">Etichette RFID per lavanderia<\/a> per la biancheria sanitaria sono progettati per essere durevoli, facili da applicare e in grado di resistere a ripetuti lavaggi e sterilizzazioni.<\/p>\n\n\n\n<h2 class=\"wp-block-heading\">I vantaggi delle etichette RFID per la biancheria sanitaria<\/h2>\n\n\n\n<p><strong>Gestione dell'inventario<\/strong>: Le etichette RFID per la biancheria possono aiutare gli ospedali a tenere traccia dell'inventario della biancheria in modo pi\u00f9 accurato ed efficiente. Possono essere utilizzati per monitorare la quantit\u00e0 e la posizione degli articoli di biancheria, aiutando gli ospedali a ridurre il rischio di esaurimento delle scorte o di un eccesso di scorte.<\/p>\n\n\n\n<p><strong>Miglioramento dei processi di lavanderia<\/strong>: Le etichette RFID per la biancheria possono aiutare le strutture sanitarie a migliorare i processi di lavanderia. Possono contribuire a garantire che i capi di biancheria corretti siano lavati alla temperatura appropriata, per la durata corretta e non siano mescolati con altri capi che potrebbero essere contaminati.<\/p>\n\n\n\n<p><strong>Costi ridotti<\/strong>: Le etichette RFID per la biancheria sanitaria possono aiutare gli ospedali a ridurre i costi associati alla gestione della biancheria. Tracciando la posizione degli articoli di biancheria, gli ospedali possono ridurre la quantit\u00e0 di biancheria persa o smarrita. Inoltre, i tag RFID possono aiutare gli ospedali a ottimizzare i processi di lavanderia, riducendo la necessit\u00e0 di lavoro manuale e potenzialmente riducendo la quantit\u00e0 di biancheria che deve essere sostituita a causa di danni o perdite.<\/p>\n\n\n\n<p><strong>Miglioramento del controllo delle infezioni<\/strong>: I chip RFID per la biancheria possono aiutare gli ospedali a migliorare i processi di controllo delle infezioni, garantendo che gli articoli di biancheria non vengano contaminati o mescolati con altri articoli che potrebbero essere contaminati. Tracciando la posizione degli articoli di biancheria, gli ospedali possono garantire che gli articoli potenzialmente contaminati siano rimossi dalla circolazione e adeguatamente puliti e disinfettati.<\/p>\n<\/div><\/div>\n\n<\/div><\/div><\/div><\/div>\n\n\n<style>.kadence-column844_f87925-77 > .kt-inside-inner-col,.kadence-column844_f87925-77 > .kt-inside-inner-col:before{border-top-left-radius:0px;border-top-right-radius:0px;border-bottom-right-radius:0px;border-bottom-left-radius:0px;}.kadence-column844_f87925-77 > .kt-inside-inner-col{column-gap:var(--global-kb-gap-sm, 1rem);}.kadence-column844_f87925-77 > .kt-inside-inner-col{flex-direction:column;}.kadence-column844_f87925-77 > .kt-inside-inner-col > .aligncenter{width:100%;}.kadence-column844_f87925-77 > .kt-inside-inner-col:before{opacity:0.3;}.kadence-column844_f87925-77{position:relative;}@media all and (max-width: 1024px){.kadence-column844_f87925-77 > .kt-inside-inner-col{flex-direction:column;justify-content:center;}}@media all and (max-width: 767px){.kadence-column844_f87925-77 > .kt-inside-inner-col{flex-direction:column;justify-content:center;}}<\/style>\n<div class=\"wp-block-kadence-column kadence-column844_f87925-77 alignfull\"><div class=\"kt-inside-inner-col\"><style>.kb-row-layout-id844_bf674b-9c > .kt-row-column-wrap{align-content:start;}:where(.kb-row-layout-id844_bf674b-9c > .kt-row-column-wrap) > .wp-block-kadence-column{justify-content:start;}.kb-row-layout-id844_bf674b-9c > .kt-row-column-wrap{column-gap:var(--global-kb-gap-md, 2rem);row-gap:var(--global-kb-gap-md, 2rem);max-width:var( --global-content-width, 1400px );padding-left:var(--global-content-edge-padding);padding-right:var(--global-content-edge-padding);padding-top:var(--global-kb-spacing-sm, 1.5rem);padding-bottom:var(--global-kb-spacing-sm, 1.5rem);grid-template-columns:minmax(0, 1fr);}.kb-row-layout-id844_bf674b-9c > .kt-row-layout-overlay{opacity:0.30;}@media all and (max-width: 1024px){.kb-row-layout-id844_bf674b-9c > .kt-row-column-wrap{grid-template-columns:minmax(0, 1fr);}}@media all and (max-width: 767px){.kb-row-layout-id844_bf674b-9c > .kt-row-column-wrap{grid-template-columns:minmax(0, 1fr);}}<\/style><div class=\"kb-row-layout-wrap kb-row-layout-id844_bf674b-9c alignnone has-theme-palette7-background-color kt-row-has-bg wp-block-kadence-rowlayout\"><div class=\"kt-row-column-wrap kt-has-1-columns kt-row-layout-equal kt-tab-layout-inherit kt-mobile-layout-row kt-row-valign-top kb-theme-content-width\">\n<style>.kadence-column844_283cc8-98 > .kt-inside-inner-col,.kadence-column844_283cc8-98 > .kt-inside-inner-col:before{border-top-left-radius:0px;border-top-right-radius:0px;border-bottom-right-radius:0px;border-bottom-left-radius:0px;}.kadence-column844_283cc8-98 > .kt-inside-inner-col{column-gap:var(--global-kb-gap-sm, 1rem);}.kadence-column844_283cc8-98 > .kt-inside-inner-col{flex-direction:column;}.kadence-column844_283cc8-98 > .kt-inside-inner-col > .aligncenter{width:100%;}.kadence-column844_283cc8-98 > .kt-inside-inner-col:before{opacity:0.3;}.kadence-column844_283cc8-98{position:relative;}@media all and (max-width: 1024px){.kadence-column844_283cc8-98 > .kt-inside-inner-col{flex-direction:column;justify-content:center;}}@media all and (max-width: 767px){.kadence-column844_283cc8-98 > .kt-inside-inner-col{flex-direction:column;justify-content:center;}}<\/style>\n<div class=\"wp-block-kadence-column kadence-column844_283cc8-98\"><div class=\"kt-inside-inner-col\">\n<h4 class=\"wp-block-heading\">Potrebbero interessarti anche questi argomenti...<\/h4>\n\n\n<style>.kt-post-loop844_2b13bd-4e .kadence-post-image{padding-top:0px;padding-right:0px;padding-bottom:0px;padding-left:0px;}.kt-post-loop844_2b13bd-4e .kt-post-grid-wrap{gap:30px 30px;}.kt-post-loop844_2b13bd-4e .kt-blocks-post-grid-item{border-top-left-radius:0px;border-top-right-radius:0px;border-bottom-right-radius:0px;border-bottom-left-radius:0px;overflow:hidden;}.kt-post-loop844_2b13bd-4e .kt-blocks-post-grid-item .kt-blocks-post-grid-item-inner{padding-top:15px;padding-right:25px;padding-bottom:25px;padding-left:25px;}.kt-post-loop844_2b13bd-4e .kt-blocks-post-grid-item header{padding-top:0px;padding-right:0px;padding-bottom:10px;padding-left:0px;margin-top:0px;margin-right:0px;margin-bottom:0px;margin-left:0px;}.kt-post-loop844_2b13bd-4e .kt-blocks-post-grid-item .entry-title{padding-top:10px;padding-right:0px;padding-bottom:5px;padding-left:0px;margin-top:0px;margin-right:0px;margin-bottom:0px;margin-left:0px;font-size:16px;line-height:5px;}.kt-post-loop844_2b13bd-4e .kt-blocks-post-grid-item .kt-blocks-post-top-meta{color:#777777;}.kt-post-loop844_2b13bd-4e .kt-blocks-post-grid-item .kt-blocks-post-top-meta a{color:#777777;}.kt-post-loop844_2b13bd-4e .kt-blocks-post-grid-item .kt-blocks-post-top-meta a:hover{color:#444444;}.kt-post-loop844_2b13bd-4e .entry-content{padding-top:0px;padding-right:0px;padding-bottom:0px;padding-left:0px;margin-top:0px;margin-right:0px;margin-bottom:0px;margin-left:0px;}.kt-post-loop844_2b13bd-4e .kt-blocks-post-footer{color:#777777;border-top-width:0px;border-right-width:0px;border-bottom-width:0px;border-left-width:0px;padding-top:0px;padding-right:0px;padding-bottom:0px;padding-left:0px;margin-top:0px;margin-right:0px;margin-bottom:0px;margin-left:0px;font-size:12px;line-height:20px;}.kt-post-loop844_2b13bd-4e .entry-content:after{height:0px;}.kt-post-loop844_2b13bd-4e .kt-blocks-post-footer a{color:#777777;}.kt-post-loop844_2b13bd-4e .kt-blocks-post-footer a:hover{color:#444444;}.kt-post-loop844_2b13bd-4e .kb-filter-item{border-top-width:0px;border-right-width:0px;border-bottom-width:2px;border-left-width:0px;padding-top:5px;padding-right:8px;padding-bottom:5px;padding-left:8px;margin-top:0px;margin-right:10px;margin-bottom:0px;margin-left:0px;}<\/style><div class=\"wp-block-kadence-postgrid kt-blocks-post-loop-block aligncenter kt-post-loop844_2b13bd-4e kt-post-grid-layout-grid\"><div class=\"kt-post-grid-layout-grid-wrap kt-post-grid-wrap\" data-columns-xxl=\"4\" data-columns-xl=\"4\" data-columns-md=\"4\" data-columns-sm=\"3\" data-columns-xs=\"2\" data-columns-ss=\"2\"data-item-selector=\".kt-post-masonry-item\"><article class=\"kt-blocks-post-grid-item post-838 page type-page status-publish has-post-thumbnail hentry\"><div class=\"kt-blocks-post-grid-item-inner-wrap kt-feat-image-align-top kt-feat-image-mobile-align-top\"><div class=\"kadence-post-image\"><div class=\"kadence-post-image-intrisic kt-image-ratio-66-67\" style=\"padding-bottom:66.67%;\"><div class=\"kadence-post-image-inner-intrisic\"><a href=\"https:\/\/tex-bit.com\/it\/tag-rfid-per-il-noleggio-di-uniformi\/\" aria-label=\"Per saperne di pi\u00f9 Uniforme, Abbigliamento da lavoro\" class=\"kadence-post-image-inner-wrap\"><img loading=\"lazy\" decoding=\"async\" width=\"600\" height=\"400\" src=\"https:\/\/tex-bit.com\/wp-content\/uploads\/2024\/05\/RFID-Laundry-Chip-for-Workwear.webp\" class=\"attachment-large size-large wp-post-image\" alt=\"Chip RFID per lavanderia per il noleggio di uniformi da lavoro\" srcset=\"https:\/\/tex-bit.com\/wp-content\/uploads\/2024\/05\/RFID-Laundry-Chip-for-Workwear.webp 600w, https:\/\/tex-bit.com\/wp-content\/uploads\/2024\/05\/RFID-Laundry-Chip-for-Workwear-300x200.webp 300w\" sizes=\"auto, (max-width: 600px) 100vw, 600px\" \/><\/a><\/div><\/div><\/div><div class=\"kt-blocks-post-grid-item-inner\"><header><h5 class=\"entry-title\"><a href=\"https:\/\/tex-bit.com\/it\/tag-rfid-per-il-noleggio-di-uniformi\/\">Uniformi, abbigliamento da lavoro<\/a><\/h5><div class=\"kt-blocks-post-top-meta\"><\/div><\/header><div class=\"entry-content\"><\/div><footer class=\"kt-blocks-post-footer\"><div class=\"kt-blocks-post-footer-left\"><\/div><div class=\"kt-blocks-post-footer-right\"><\/div><\/footer><\/div><\/div><\/article><article class=\"kt-blocks-post-grid-item post-840 page type-page status-publish has-post-thumbnail hentry\"><div class=\"kt-blocks-post-grid-item-inner-wrap kt-feat-image-align-top kt-feat-image-mobile-align-top\"><div class=\"kadence-post-image\"><div class=\"kadence-post-image-intrisic kt-image-ratio-66-67\" style=\"padding-bottom:66.67%;\"><div class=\"kadence-post-image-inner-intrisic\"><a href=\"https:\/\/tex-bit.com\/it\/tag-rfid-per-la-lavanderia-dellospitalita\/\" aria-label=\"Leggi tutto Ospitalit\u00e0\" class=\"kadence-post-image-inner-wrap\"><img loading=\"lazy\" decoding=\"async\" width=\"600\" height=\"400\" src=\"https:\/\/tex-bit.com\/wp-content\/uploads\/2024\/05\/RFID-Linen-Tag-for-Hotel-Hospitality.webp\" class=\"attachment-large size-large wp-post-image\" alt=\"Etichetta per biancheria RFID per l&#039;ospitalit\u00e0 alberghiera\" srcset=\"https:\/\/tex-bit.com\/wp-content\/uploads\/2024\/05\/RFID-Linen-Tag-for-Hotel-Hospitality.webp 600w, https:\/\/tex-bit.com\/wp-content\/uploads\/2024\/05\/RFID-Linen-Tag-for-Hotel-Hospitality-300x200.webp 300w\" sizes=\"auto, (max-width: 600px) 100vw, 600px\" \/><\/a><\/div><\/div><\/div><div class=\"kt-blocks-post-grid-item-inner\"><header><h5 class=\"entry-title\"><a href=\"https:\/\/tex-bit.com\/it\/tag-rfid-per-la-lavanderia-dellospitalita\/\">Ospitalit\u00e0<\/a><\/h5><div class=\"kt-blocks-post-top-meta\"><\/div><\/header><div class=\"entry-content\"><\/div><footer class=\"kt-blocks-post-footer\"><div class=\"kt-blocks-post-footer-left\"><\/div><div class=\"kt-blocks-post-footer-right\"><\/div><\/footer><\/div><\/div><\/article><article class=\"kt-blocks-post-grid-item post-842 page type-page status-publish has-post-thumbnail hentry\"><div class=\"kt-blocks-post-grid-item-inner-wrap kt-feat-image-align-top kt-feat-image-mobile-align-top\"><div class=\"kadence-post-image\"><div class=\"kadence-post-image-intrisic kt-image-ratio-66-67\" style=\"padding-bottom:66.67%;\"><div class=\"kadence-post-image-inner-intrisic\"><a href=\"https:\/\/tex-bit.com\/it\/etichette-rfid-per-indumenti\/\" aria-label=\"Per saperne di pi\u00f9 Abbigliamento, Moda\" class=\"kadence-post-image-inner-wrap\"><img loading=\"lazy\" decoding=\"async\" width=\"600\" height=\"400\" src=\"https:\/\/tex-bit.com\/wp-content\/uploads\/2024\/05\/RFID-Laundry-Tag-for-Fashion-Apparel.webp\" class=\"attachment-large size-large wp-post-image\" alt=\"Etichetta RFID della lavanderia per l&#039;abbigliamento di moda\" srcset=\"https:\/\/tex-bit.com\/wp-content\/uploads\/2024\/05\/RFID-Laundry-Tag-for-Fashion-Apparel.webp 600w, https:\/\/tex-bit.com\/wp-content\/uploads\/2024\/05\/RFID-Laundry-Tag-for-Fashion-Apparel-300x200.webp 300w\" sizes=\"auto, (max-width: 600px) 100vw, 600px\" \/><\/a><\/div><\/div><\/div><div class=\"kt-blocks-post-grid-item-inner\"><header><h5 class=\"entry-title\"><a href=\"https:\/\/tex-bit.com\/it\/etichette-rfid-per-indumenti\/\">Abbigliamento, moda<\/a><\/h5><div class=\"kt-blocks-post-top-meta\"><\/div><\/header><div class=\"entry-content\"><\/div><footer class=\"kt-blocks-post-footer\"><div class=\"kt-blocks-post-footer-left\"><\/div><div class=\"kt-blocks-post-footer-right\"><\/div><\/footer><\/div><\/div><\/article><article class=\"kt-blocks-post-grid-item post-846 page type-page status-publish has-post-thumbnail hentry\"><div class=\"kt-blocks-post-grid-item-inner-wrap kt-feat-image-align-top kt-feat-image-mobile-align-top\"><div class=\"kadence-post-image\"><div class=\"kadence-post-image-intrisic kt-image-ratio-66-67\" style=\"padding-bottom:66.67%;\"><div class=\"kadence-post-image-inner-intrisic\"><a href=\"https:\/\/tex-bit.com\/it\/tag-rfid-di-lino-intelligente-per-tappetini\/\" aria-label=\"Per saperne di pi\u00f9 Protezione del pavimento\" class=\"kadence-post-image-inner-wrap\"><img loading=\"lazy\" decoding=\"async\" width=\"600\" height=\"400\" src=\"https:\/\/tex-bit.com\/wp-content\/uploads\/2024\/05\/Smart-Linen-Tag-for-Cleaning.webp\" class=\"attachment-large size-large wp-post-image\" alt=\"Etichetta intelligente per la pulizia della biancheria\" srcset=\"https:\/\/tex-bit.com\/wp-content\/uploads\/2024\/05\/Smart-Linen-Tag-for-Cleaning.webp 600w, https:\/\/tex-bit.com\/wp-content\/uploads\/2024\/05\/Smart-Linen-Tag-for-Cleaning-300x200.webp 300w\" sizes=\"auto, (max-width: 600px) 100vw, 600px\" \/><\/a><\/div><\/div><\/div><div class=\"kt-blocks-post-grid-item-inner\"><header><h5 class=\"entry-title\"><a href=\"https:\/\/tex-bit.com\/it\/tag-rfid-di-lino-intelligente-per-tappetini\/\">Protezione del pavimento<\/a><\/h5><div class=\"kt-blocks-post-top-meta\"><\/div><\/header><div class=\"entry-content\"><\/div><footer class=\"kt-blocks-post-footer\"><div class=\"kt-blocks-post-footer-left\"><\/div><div class=\"kt-blocks-post-footer-right\"><\/div><\/footer><\/div><\/div><\/article><\/div><\/div><!-- .wp-block-kadence-postgrid --><\/div><\/div>\n\n<\/div><\/div><\/div><\/div>","protected":false},"excerpt":{"rendered":"<p>Lavanderia sanitaria Etichette RFID per la biancheria sanitaria Il settore sanitario \u00e8 in continua evoluzione e con esso la necessit\u00e0 di soluzioni innovative per migliorare l'efficienza e l'accuratezza. Una di queste soluzioni \u00e8 l'uso della tecnologia RFID. Le etichette RFID per la biancheria sanitaria sono diventate sempre pi\u00f9 popolari in ospedali, centri di riabilitazione, ambulatori e case di cura. Questi...<\/p>","protected":false},"author":2,"featured_media":851,"parent":0,"menu_order":3,"comment_status":"closed","ping_status":"closed","template":"","meta":{"_kad_blocks_custom_css":"","_kad_blocks_head_custom_js":"","_kad_blocks_body_custom_js":"","_kad_blocks_footer_custom_js":"","_kadence_starter_templates_imported_post":false,"_kad_post_transparent":"","_kad_post_title":"","_kad_post_layout":"","_kad_post_sidebar_id":"","_kad_post_content_style":"","_kad_post_vertical_padding":"","_kad_post_feature":"","_kad_post_feature_position":"","_kad_post_header":false,"_kad_post_footer":false,"footnotes":""},"class_list":["post-844","page","type-page","status-publish","has-post-thumbnail","hentry"],"taxonomy_info":[],"featured_image_src_large":["https:\/\/tex-bit.com\/wp-content\/uploads\/2024\/05\/RFID-Smart-Linen-Tag-for-Healthcare.webp",600,400,false],"author_info":{"display_name":"TB Admin","author_link":"https:\/\/tex-bit.com\/it\/author\/tb-admin\/"},"comment_info":0,"_links":{"self":[{"href":"https:\/\/tex-bit.com\/it\/wp-json\/wp\/v2\/pages\/844","targetHints":{"allow":["GET"]}}],"collection":[{"href":"https:\/\/tex-bit.com\/it\/wp-json\/wp\/v2\/pages"}],"about":[{"href":"https:\/\/tex-bit.com\/it\/wp-json\/wp\/v2\/types\/page"}],"author":[{"embeddable":true,"href":"https:\/\/tex-bit.com\/it\/wp-json\/wp\/v2\/users\/2"}],"replies":[{"embeddable":true,"href":"https:\/\/tex-bit.com\/it\/wp-json\/wp\/v2\/comments?post=844"}],"version-history":[{"count":0,"href":"https:\/\/tex-bit.com\/it\/wp-json\/wp\/v2\/pages\/844\/revisions"}],"wp:featuredmedia":[{"embeddable":true,"href":"https:\/\/tex-bit.com\/it\/wp-json\/wp\/v2\/media\/851"}],"wp:attachment":[{"href":"https:\/\/tex-bit.com\/it\/wp-json\/wp\/v2\/media?parent=844"}],"curies":[{"name":"wp","href":"https:\/\/api.w.org\/{rel}","templated":true}]}}