{"id":846,"date":"2024-05-23T12:05:56","date_gmt":"2024-05-23T12:05:56","guid":{"rendered":"https:\/\/test.tex-bit.com\/?page_id=846"},"modified":"2025-04-23T18:53:48","modified_gmt":"2025-04-24T02:53:48","slug":"tag-rfid-di-lino-intelligente-per-tappetini","status":"publish","type":"page","link":"https:\/\/tex-bit.com\/it\/tag-rfid-di-lino-intelligente-per-tappetini\/","title":{"rendered":"Protezione del pavimento"},"content":{"rendered":"<style>.kb-row-layout-id846_3c8ffa-19 > .kt-row-column-wrap{align-content:start;}:where(.kb-row-layout-id846_3c8ffa-19 > .kt-row-column-wrap) > .wp-block-kadence-column{justify-content:start;}.kb-row-layout-id846_3c8ffa-19 > .kt-row-column-wrap{column-gap:var(--global-kb-gap-md, 2rem);row-gap:var(--global-kb-gap-md, 2rem);max-width:600px;margin-left:auto;margin-right:auto;padding-top:120px;padding-right:0px;padding-bottom:120px;padding-left:0px;grid-template-columns:minmax(0, 1fr);}.kb-row-layout-id846_3c8ffa-19 > .kt-row-layout-overlay{opacity:1;background-image:url('https:\/\/tex-bit.com\/wp-content\/uploads\/2024\/05\/RFID-Products-TEXBIT-RFID-Tag-Manufacturer.webp');background-size:cover;background-position:50% 40%;background-attachment:scroll;background-repeat:no-repeat;mix-blend-mode:normal;}@media all and (max-width: 1024px){.kb-row-layout-id846_3c8ffa-19 > .kt-row-column-wrap{padding-top:80px;padding-right:20px;padding-bottom:80px;padding-left:20px;grid-template-columns:minmax(0, 1fr);}}@media all and (max-width: 767px){.kb-row-layout-id846_3c8ffa-19 > .kt-row-column-wrap{grid-template-columns:minmax(0, 1fr);}}<\/style><div class=\"kb-row-layout-wrap kb-row-layout-id846_3c8ffa-19 alignfull has-theme-palette3-background-color kt-row-has-bg wp-block-kadence-rowlayout\"><div class=\"kt-row-layout-overlay kt-row-overlay-normal\"><\/div><div class=\"kt-row-column-wrap kt-has-1-columns kt-row-layout-equal kt-tab-layout-inherit kt-mobile-layout-row kt-row-valign-top\">\n<style>.kadence-column846_06d0ce-e3 > .kt-inside-inner-col{padding-right:0px;padding-left:0px;}.kadence-column846_06d0ce-e3 > .kt-inside-inner-col,.kadence-column846_06d0ce-e3 > .kt-inside-inner-col:before{border-top-left-radius:0px;border-top-right-radius:0px;border-bottom-right-radius:0px;border-bottom-left-radius:0px;}.kadence-column846_06d0ce-e3 > .kt-inside-inner-col{column-gap:var(--global-kb-gap-sm, 1rem);}.kadence-column846_06d0ce-e3 > .kt-inside-inner-col{flex-direction:column;}.kadence-column846_06d0ce-e3 > .kt-inside-inner-col > .aligncenter{width:100%;}.kadence-column846_06d0ce-e3 > .kt-inside-inner-col:before{opacity:0.3;}.kadence-column846_06d0ce-e3{position:relative;}.kadence-column846_06d0ce-e3, .kt-inside-inner-col > .kadence-column846_06d0ce-e3:not(.specificity){margin-right:0px;margin-left:0px;}@media all and (max-width: 1024px){.kadence-column846_06d0ce-e3 > .kt-inside-inner-col{flex-direction:column;justify-content:center;}}@media all and (max-width: 767px){.kadence-column846_06d0ce-e3 > .kt-inside-inner-col{padding-top:20px;padding-right:20px;padding-bottom:20px;padding-left:20px;flex-direction:column;justify-content:center;}}<\/style>\n<div class=\"wp-block-kadence-column kadence-column846_06d0ce-e3 inner-column-1\"><div class=\"kt-inside-inner-col\"><style>.wp-block-kadence-advancedheading.kt-adv-heading846_fc4b09-73, .wp-block-kadence-advancedheading.kt-adv-heading846_fc4b09-73[data-kb-block=\"kb-adv-heading846_fc4b09-73\"]{padding-bottom:20px;margin-top:0px;margin-bottom:0px;text-align:center;font-style:normal;text-transform:capitalize;}.wp-block-kadence-advancedheading.kt-adv-heading846_fc4b09-73 mark.kt-highlight, .wp-block-kadence-advancedheading.kt-adv-heading846_fc4b09-73[data-kb-block=\"kb-adv-heading846_fc4b09-73\"] mark.kt-highlight{font-style:normal;color:#f76a0c;-webkit-box-decoration-break:clone;box-decoration-break:clone;padding-top:0px;padding-right:0px;padding-bottom:0px;padding-left:0px;}@media all and (max-width: 767px){.wp-block-kadence-advancedheading.kt-adv-heading846_fc4b09-73, .wp-block-kadence-advancedheading.kt-adv-heading846_fc4b09-73[data-kb-block=\"kb-adv-heading846_fc4b09-73\"]{font-size:30px;text-align:center!important;}}<\/style>\n<h1 class=\"kt-adv-heading846_fc4b09-73 wp-block-kadence-advancedheading has-theme-palette-9-color has-text-color\" data-kb-block=\"kb-adv-heading846_fc4b09-73\">Protezione del pavimento<\/h1>\n<\/div><\/div>\n\n<\/div><\/div>\n\n<style>.kadence-column846_2b602e-39 > .kt-inside-inner-col,.kadence-column846_2b602e-39 > .kt-inside-inner-col:before{border-top-left-radius:0px;border-top-right-radius:0px;border-bottom-right-radius:0px;border-bottom-left-radius:0px;}.kadence-column846_2b602e-39 > .kt-inside-inner-col{column-gap:var(--global-kb-gap-sm, 1rem);}.kadence-column846_2b602e-39 > .kt-inside-inner-col{flex-direction:column;}.kadence-column846_2b602e-39 > .kt-inside-inner-col > .aligncenter{width:100%;}.kadence-column846_2b602e-39 > .kt-inside-inner-col:before{opacity:0.3;}.kadence-column846_2b602e-39{position:relative;}@media all and (max-width: 1024px){.kadence-column846_2b602e-39 > .kt-inside-inner-col{flex-direction:column;justify-content:center;}}@media all and (max-width: 767px){.kadence-column846_2b602e-39 > .kt-inside-inner-col{flex-direction:column;justify-content:center;}}<\/style>\n<div class=\"wp-block-kadence-column kadence-column846_2b602e-39 alignfull\"><div class=\"kt-inside-inner-col\"><style>.kb-row-layout-id846_af53f0-5d > .kt-row-column-wrap{align-content:start;}:where(.kb-row-layout-id846_af53f0-5d > .kt-row-column-wrap) > .wp-block-kadence-column{justify-content:start;}.kb-row-layout-id846_af53f0-5d > .kt-row-column-wrap{column-gap:var(--global-kb-gap-md, 2rem);row-gap:var(--global-kb-gap-md, 2rem);max-width:var( --global-content-width, 1400px );padding-left:var(--global-content-edge-padding);padding-right:var(--global-content-edge-padding);padding-top:var(--global-kb-spacing-lg, 3rem);padding-bottom:var(--global-kb-spacing-lg, 3rem);grid-template-columns:minmax(0, 1fr);}.kb-row-layout-id846_af53f0-5d > .kt-row-layout-overlay{opacity:0.30;}@media all and (max-width: 1024px){.kb-row-layout-id846_af53f0-5d > .kt-row-column-wrap{grid-template-columns:minmax(0, 1fr);}}@media all and (max-width: 767px){.kb-row-layout-id846_af53f0-5d > .kt-row-column-wrap{grid-template-columns:minmax(0, 1fr);}}<\/style><div class=\"kb-row-layout-wrap kb-row-layout-id846_af53f0-5d alignnone wp-block-kadence-rowlayout\"><div class=\"kt-row-column-wrap kt-has-1-columns kt-row-layout-equal kt-tab-layout-inherit kt-mobile-layout-row kt-row-valign-top kb-theme-content-width\">\n<style>.kadence-column846_19c9f9-0d > .kt-inside-inner-col,.kadence-column846_19c9f9-0d > .kt-inside-inner-col:before{border-top-left-radius:0px;border-top-right-radius:0px;border-bottom-right-radius:0px;border-bottom-left-radius:0px;}.kadence-column846_19c9f9-0d > .kt-inside-inner-col{column-gap:var(--global-kb-gap-sm, 1rem);}.kadence-column846_19c9f9-0d > .kt-inside-inner-col{flex-direction:column;}.kadence-column846_19c9f9-0d > .kt-inside-inner-col > .aligncenter{width:100%;}.kadence-column846_19c9f9-0d > .kt-inside-inner-col:before{opacity:0.3;}.kadence-column846_19c9f9-0d{position:relative;}@media all and (max-width: 1024px){.kadence-column846_19c9f9-0d > .kt-inside-inner-col{flex-direction:column;justify-content:center;}}@media all and (max-width: 767px){.kadence-column846_19c9f9-0d > .kt-inside-inner-col{flex-direction:column;justify-content:center;}}<\/style>\n<div class=\"wp-block-kadence-column kadence-column846_19c9f9-0d\"><div class=\"kt-inside-inner-col\">\n<h2 class=\"wp-block-heading\">Tag RFID per il tracciamento dei tappetini di protezione dei pavimenti<\/h2>\n\n\n\n<p>La protezione dei pavimenti \u00e8 sempre stata una parte essenziale della nostra vita, in quanto garantisce che i luoghi di lavoro e gli spazi pubblici rimangano igienici e sicuri. Con l'avvento della tecnologia, il settore ha assistito a cambiamenti significativi; un'innovazione \u00e8 l'uso di tag RFID per la tracciabilit\u00e0 di articoli come tappetini, mop, moquette e tappeti.<\/p>\n\n\n\n<p>Le etichette intelligenti RFID per la biancheria sono resistenti al processo di vulcanizzazione e consentono di leggere i tappetini e i mop nelle macchine avvolgitrici. Sono estremamente sottili e molto piccoli, il che li rende impercettibili una volta installati su stuoie o mop. Le prestazioni di lettura sono le pi\u00f9 avanzate e non mancano di leggere. La numerazione dei dati variabili o la codifica EPC sono disponibili su richiesta.<\/p>\n\n\n\n<p>TEX-BIT\u00a0<a href=\"https:\/\/tex-bit.com\/rfid-laundry-products\/\">Etichette RFID per biancheria<\/a>\u00a0per i tappetini e i mop possono essere a lettura singola o in blocco e utilizzare cabine extra-large o sistemi RFID completi, a seconda delle dimensioni dei tappetini.<\/p>\n\n\n\n<h2 class=\"wp-block-heading\">I vantaggi in sintesi<\/h2>\n\n\n\n<ol class=\"wp-block-list\">\n<li><strong>Migliore gestione dell'inventario<\/strong>: <a href=\"https:\/\/tex-bit.com\/enhance-mat-rental-operations-with-tex-bits-rfid-tags-for-mats\/\">Etichetta RFID per tappeti<\/a> consente ai manager di monitorare gli articoli in tempo reale, fornendo dati accurati sull'utilizzo, la posizione e lo stato. Queste informazioni aiutano a ottimizzare i livelli di inventario, riducendo la necessit\u00e0 di scorte eccessive e prevenendo le carenze.<\/li>\n\n\n\n<li><strong>Miglioramento del controllo di qualit\u00e0<\/strong>: La tecnologia RFID consente ai responsabili di monitorare il processo di pulizia e di garantire che tutti gli articoli siano puliti e mantenuti secondo gli standard stabiliti. Questo migliora la qualit\u00e0 della pulizia, promuovendo un ambiente igienico per gli utenti.<\/li>\n\n\n\n<li><strong>Risparmio sui costi<\/strong>: La tecnologia RFID consente di risparmiare sui costi in vari modi, tra cui la riduzione delle scorte in eccesso, la prevenzione della perdita o del furto di articoli per la pulizia e la riduzione al minimo della necessit\u00e0 di tenere registrazioni manuali. Ottimizzando i livelli di inventario, le aziende possono ridurre gli sprechi e risparmiare denaro.<\/li>\n\n\n\n<li><strong>Sostenibilit\u00e0<\/strong>: Adottando la tecnologia RFID, l'industria delle pulizie pu\u00f2 ridurre significativamente l'uso della carta, promuovendo la sostenibilit\u00e0 e contribuendo a un ambiente pi\u00f9 pulito. Inoltre, la tecnologia RFID riduce la necessit\u00e0 di processi manuali, con conseguente riduzione del consumo energetico e delle emissioni di carbonio.<\/li>\n<\/ol>\n<\/div><\/div>\n\n<\/div><\/div><\/div><\/div>\n\n\n<style>.kadence-column846_a7d756-aa > .kt-inside-inner-col,.kadence-column846_a7d756-aa > .kt-inside-inner-col:before{border-top-left-radius:0px;border-top-right-radius:0px;border-bottom-right-radius:0px;border-bottom-left-radius:0px;}.kadence-column846_a7d756-aa > .kt-inside-inner-col{column-gap:var(--global-kb-gap-sm, 1rem);}.kadence-column846_a7d756-aa > .kt-inside-inner-col{flex-direction:column;}.kadence-column846_a7d756-aa > .kt-inside-inner-col > .aligncenter{width:100%;}.kadence-column846_a7d756-aa > .kt-inside-inner-col:before{opacity:0.3;}.kadence-column846_a7d756-aa{position:relative;}@media all and (max-width: 1024px){.kadence-column846_a7d756-aa > .kt-inside-inner-col{flex-direction:column;justify-content:center;}}@media all and (max-width: 767px){.kadence-column846_a7d756-aa > .kt-inside-inner-col{flex-direction:column;justify-content:center;}}<\/style>\n<div class=\"wp-block-kadence-column kadence-column846_a7d756-aa alignfull\"><div class=\"kt-inside-inner-col\"><style>.kb-row-layout-id846_c6dd7e-df > .kt-row-column-wrap{align-content:start;}:where(.kb-row-layout-id846_c6dd7e-df > .kt-row-column-wrap) > .wp-block-kadence-column{justify-content:start;}.kb-row-layout-id846_c6dd7e-df > .kt-row-column-wrap{column-gap:var(--global-kb-gap-md, 2rem);row-gap:var(--global-kb-gap-md, 2rem);max-width:var( --global-content-width, 1400px );padding-left:var(--global-content-edge-padding);padding-right:var(--global-content-edge-padding);padding-top:var(--global-kb-spacing-sm, 1.5rem);padding-bottom:var(--global-kb-spacing-sm, 1.5rem);grid-template-columns:minmax(0, 1fr);}.kb-row-layout-id846_c6dd7e-df > .kt-row-layout-overlay{opacity:0.30;}@media all and (max-width: 1024px){.kb-row-layout-id846_c6dd7e-df > .kt-row-column-wrap{grid-template-columns:minmax(0, 1fr);}}@media all and (max-width: 767px){.kb-row-layout-id846_c6dd7e-df > .kt-row-column-wrap{grid-template-columns:minmax(0, 1fr);}}<\/style><div class=\"kb-row-layout-wrap kb-row-layout-id846_c6dd7e-df alignnone has-theme-palette7-background-color kt-row-has-bg wp-block-kadence-rowlayout\"><div class=\"kt-row-column-wrap kt-has-1-columns kt-row-layout-equal kt-tab-layout-inherit kt-mobile-layout-row kt-row-valign-top kb-theme-content-width\">\n<style>.kadence-column846_cd68a2-1d > .kt-inside-inner-col,.kadence-column846_cd68a2-1d > .kt-inside-inner-col:before{border-top-left-radius:0px;border-top-right-radius:0px;border-bottom-right-radius:0px;border-bottom-left-radius:0px;}.kadence-column846_cd68a2-1d > .kt-inside-inner-col{column-gap:var(--global-kb-gap-sm, 1rem);}.kadence-column846_cd68a2-1d > .kt-inside-inner-col{flex-direction:column;}.kadence-column846_cd68a2-1d > .kt-inside-inner-col > .aligncenter{width:100%;}.kadence-column846_cd68a2-1d > .kt-inside-inner-col:before{opacity:0.3;}.kadence-column846_cd68a2-1d{position:relative;}@media all and (max-width: 1024px){.kadence-column846_cd68a2-1d > .kt-inside-inner-col{flex-direction:column;justify-content:center;}}@media all and (max-width: 767px){.kadence-column846_cd68a2-1d > .kt-inside-inner-col{flex-direction:column;justify-content:center;}}<\/style>\n<div class=\"wp-block-kadence-column kadence-column846_cd68a2-1d\"><div class=\"kt-inside-inner-col\">\n<h4 class=\"wp-block-heading\">Potrebbero interessarti anche questi argomenti...<\/h4>\n\n\n<style>.kt-post-loop846_6b0d91-dd .kadence-post-image{padding-top:0px;padding-right:0px;padding-bottom:0px;padding-left:0px;}.kt-post-loop846_6b0d91-dd .kt-post-grid-wrap{gap:30px 30px;}.kt-post-loop846_6b0d91-dd .kt-blocks-post-grid-item{border-top-left-radius:0px;border-top-right-radius:0px;border-bottom-right-radius:0px;border-bottom-left-radius:0px;overflow:hidden;}.kt-post-loop846_6b0d91-dd .kt-blocks-post-grid-item .kt-blocks-post-grid-item-inner{padding-top:15px;padding-right:25px;padding-bottom:25px;padding-left:25px;}.kt-post-loop846_6b0d91-dd .kt-blocks-post-grid-item header{padding-top:0px;padding-right:0px;padding-bottom:10px;padding-left:0px;margin-top:0px;margin-right:0px;margin-bottom:0px;margin-left:0px;}.kt-post-loop846_6b0d91-dd .kt-blocks-post-grid-item .entry-title{padding-top:10px;padding-right:0px;padding-bottom:5px;padding-left:0px;margin-top:0px;margin-right:0px;margin-bottom:0px;margin-left:0px;font-size:16px;line-height:5px;}.kt-post-loop846_6b0d91-dd .kt-blocks-post-grid-item .kt-blocks-post-top-meta{color:#777777;}.kt-post-loop846_6b0d91-dd .kt-blocks-post-grid-item .kt-blocks-post-top-meta a{color:#777777;}.kt-post-loop846_6b0d91-dd .kt-blocks-post-grid-item .kt-blocks-post-top-meta a:hover{color:#444444;}.kt-post-loop846_6b0d91-dd .entry-content{padding-top:0px;padding-right:0px;padding-bottom:0px;padding-left:0px;margin-top:0px;margin-right:0px;margin-bottom:0px;margin-left:0px;}.kt-post-loop846_6b0d91-dd .kt-blocks-post-footer{color:#777777;border-top-width:0px;border-right-width:0px;border-bottom-width:0px;border-left-width:0px;padding-top:0px;padding-right:0px;padding-bottom:0px;padding-left:0px;margin-top:0px;margin-right:0px;margin-bottom:0px;margin-left:0px;font-size:12px;line-height:20px;}.kt-post-loop846_6b0d91-dd .entry-content:after{height:0px;}.kt-post-loop846_6b0d91-dd .kt-blocks-post-footer a{color:#777777;}.kt-post-loop846_6b0d91-dd .kt-blocks-post-footer a:hover{color:#444444;}.kt-post-loop846_6b0d91-dd .kb-filter-item{border-top-width:0px;border-right-width:0px;border-bottom-width:2px;border-left-width:0px;padding-top:5px;padding-right:8px;padding-bottom:5px;padding-left:8px;margin-top:0px;margin-right:10px;margin-bottom:0px;margin-left:0px;}<\/style><div class=\"wp-block-kadence-postgrid kt-blocks-post-loop-block aligncenter kt-post-loop846_6b0d91-dd kt-post-grid-layout-grid\"><div class=\"kt-post-grid-layout-grid-wrap kt-post-grid-wrap\" data-columns-xxl=\"4\" data-columns-xl=\"4\" data-columns-md=\"4\" data-columns-sm=\"3\" data-columns-xs=\"2\" data-columns-ss=\"2\"data-item-selector=\".kt-post-masonry-item\"><article class=\"kt-blocks-post-grid-item post-838 page type-page status-publish has-post-thumbnail hentry\"><div class=\"kt-blocks-post-grid-item-inner-wrap kt-feat-image-align-top kt-feat-image-mobile-align-top\"><div class=\"kadence-post-image\"><div class=\"kadence-post-image-intrisic kt-image-ratio-66-67\" style=\"padding-bottom:66.67%;\"><div class=\"kadence-post-image-inner-intrisic\"><a href=\"https:\/\/tex-bit.com\/it\/tag-rfid-per-il-noleggio-di-uniformi\/\" aria-label=\"Per saperne di pi\u00f9 Uniforme, Abbigliamento da lavoro\" class=\"kadence-post-image-inner-wrap\"><img loading=\"lazy\" decoding=\"async\" width=\"600\" height=\"400\" src=\"https:\/\/tex-bit.com\/wp-content\/uploads\/2024\/05\/RFID-Laundry-Chip-for-Workwear.webp\" class=\"attachment-large size-large wp-post-image\" alt=\"Chip RFID per lavanderia per il noleggio di uniformi da lavoro\" srcset=\"https:\/\/tex-bit.com\/wp-content\/uploads\/2024\/05\/RFID-Laundry-Chip-for-Workwear.webp 600w, https:\/\/tex-bit.com\/wp-content\/uploads\/2024\/05\/RFID-Laundry-Chip-for-Workwear-300x200.webp 300w\" sizes=\"auto, (max-width: 600px) 100vw, 600px\" \/><\/a><\/div><\/div><\/div><div class=\"kt-blocks-post-grid-item-inner\"><header><h5 class=\"entry-title\"><a href=\"https:\/\/tex-bit.com\/it\/tag-rfid-per-il-noleggio-di-uniformi\/\">Uniformi, abbigliamento da lavoro<\/a><\/h5><div class=\"kt-blocks-post-top-meta\"><\/div><\/header><div class=\"entry-content\"><\/div><footer class=\"kt-blocks-post-footer\"><div class=\"kt-blocks-post-footer-left\"><\/div><div class=\"kt-blocks-post-footer-right\"><\/div><\/footer><\/div><\/div><\/article><article class=\"kt-blocks-post-grid-item post-840 page type-page status-publish has-post-thumbnail hentry\"><div class=\"kt-blocks-post-grid-item-inner-wrap kt-feat-image-align-top kt-feat-image-mobile-align-top\"><div class=\"kadence-post-image\"><div class=\"kadence-post-image-intrisic kt-image-ratio-66-67\" style=\"padding-bottom:66.67%;\"><div class=\"kadence-post-image-inner-intrisic\"><a href=\"https:\/\/tex-bit.com\/it\/tag-rfid-per-la-lavanderia-dellospitalita\/\" aria-label=\"Leggi tutto Ospitalit\u00e0\" class=\"kadence-post-image-inner-wrap\"><img loading=\"lazy\" decoding=\"async\" width=\"600\" height=\"400\" src=\"https:\/\/tex-bit.com\/wp-content\/uploads\/2024\/05\/RFID-Linen-Tag-for-Hotel-Hospitality.webp\" class=\"attachment-large size-large wp-post-image\" alt=\"Etichetta per biancheria RFID per l&#039;ospitalit\u00e0 alberghiera\" srcset=\"https:\/\/tex-bit.com\/wp-content\/uploads\/2024\/05\/RFID-Linen-Tag-for-Hotel-Hospitality.webp 600w, https:\/\/tex-bit.com\/wp-content\/uploads\/2024\/05\/RFID-Linen-Tag-for-Hotel-Hospitality-300x200.webp 300w\" sizes=\"auto, (max-width: 600px) 100vw, 600px\" \/><\/a><\/div><\/div><\/div><div class=\"kt-blocks-post-grid-item-inner\"><header><h5 class=\"entry-title\"><a href=\"https:\/\/tex-bit.com\/it\/tag-rfid-per-la-lavanderia-dellospitalita\/\">Ospitalit\u00e0<\/a><\/h5><div class=\"kt-blocks-post-top-meta\"><\/div><\/header><div class=\"entry-content\"><\/div><footer class=\"kt-blocks-post-footer\"><div class=\"kt-blocks-post-footer-left\"><\/div><div class=\"kt-blocks-post-footer-right\"><\/div><\/footer><\/div><\/div><\/article><article class=\"kt-blocks-post-grid-item post-844 page type-page status-publish has-post-thumbnail hentry\"><div class=\"kt-blocks-post-grid-item-inner-wrap kt-feat-image-align-top kt-feat-image-mobile-align-top\"><div class=\"kadence-post-image\"><div class=\"kadence-post-image-intrisic kt-image-ratio-66-67\" style=\"padding-bottom:66.67%;\"><div class=\"kadence-post-image-inner-intrisic\"><a href=\"https:\/\/tex-bit.com\/it\/tag-rfid-per-la-biancheria-sanitaria\/\" aria-label=\"Per saperne di pi\u00f9 Assistenza sanitaria\" class=\"kadence-post-image-inner-wrap\"><img loading=\"lazy\" decoding=\"async\" width=\"600\" height=\"400\" src=\"https:\/\/tex-bit.com\/wp-content\/uploads\/2024\/05\/RFID-Smart-Linen-Tag-for-Healthcare.webp\" class=\"attachment-large size-large wp-post-image\" alt=\"Etichetta per biancheria intelligente RFID per l&#039;assistenza sanitaria\" srcset=\"https:\/\/tex-bit.com\/wp-content\/uploads\/2024\/05\/RFID-Smart-Linen-Tag-for-Healthcare.webp 600w, https:\/\/tex-bit.com\/wp-content\/uploads\/2024\/05\/RFID-Smart-Linen-Tag-for-Healthcare-300x200.webp 300w\" sizes=\"auto, (max-width: 600px) 100vw, 600px\" \/><\/a><\/div><\/div><\/div><div class=\"kt-blocks-post-grid-item-inner\"><header><h5 class=\"entry-title\"><a href=\"https:\/\/tex-bit.com\/it\/tag-rfid-per-la-biancheria-sanitaria\/\">Assistenza sanitaria<\/a><\/h5><div class=\"kt-blocks-post-top-meta\"><\/div><\/header><div class=\"entry-content\"><\/div><footer class=\"kt-blocks-post-footer\"><div class=\"kt-blocks-post-footer-left\"><\/div><div class=\"kt-blocks-post-footer-right\"><\/div><\/footer><\/div><\/div><\/article><article class=\"kt-blocks-post-grid-item post-842 page type-page status-publish has-post-thumbnail hentry\"><div class=\"kt-blocks-post-grid-item-inner-wrap kt-feat-image-align-top kt-feat-image-mobile-align-top\"><div class=\"kadence-post-image\"><div class=\"kadence-post-image-intrisic kt-image-ratio-66-67\" style=\"padding-bottom:66.67%;\"><div class=\"kadence-post-image-inner-intrisic\"><a href=\"https:\/\/tex-bit.com\/it\/etichette-rfid-per-indumenti\/\" aria-label=\"Per saperne di pi\u00f9 Abbigliamento, Moda\" class=\"kadence-post-image-inner-wrap\"><img loading=\"lazy\" decoding=\"async\" width=\"600\" height=\"400\" src=\"https:\/\/tex-bit.com\/wp-content\/uploads\/2024\/05\/RFID-Laundry-Tag-for-Fashion-Apparel.webp\" class=\"attachment-large size-large wp-post-image\" alt=\"Etichetta RFID della lavanderia per l&#039;abbigliamento di moda\" srcset=\"https:\/\/tex-bit.com\/wp-content\/uploads\/2024\/05\/RFID-Laundry-Tag-for-Fashion-Apparel.webp 600w, https:\/\/tex-bit.com\/wp-content\/uploads\/2024\/05\/RFID-Laundry-Tag-for-Fashion-Apparel-300x200.webp 300w\" sizes=\"auto, (max-width: 600px) 100vw, 600px\" \/><\/a><\/div><\/div><\/div><div class=\"kt-blocks-post-grid-item-inner\"><header><h5 class=\"entry-title\"><a href=\"https:\/\/tex-bit.com\/it\/etichette-rfid-per-indumenti\/\">Abbigliamento, moda<\/a><\/h5><div class=\"kt-blocks-post-top-meta\"><\/div><\/header><div class=\"entry-content\"><\/div><footer class=\"kt-blocks-post-footer\"><div class=\"kt-blocks-post-footer-left\"><\/div><div class=\"kt-blocks-post-footer-right\"><\/div><\/footer><\/div><\/div><\/article><\/div><\/div><!-- .wp-block-kadence-postgrid --><\/div><\/div>\n\n<\/div><\/div><\/div><\/div>","protected":false},"excerpt":{"rendered":"<p>Protezione dei pavimenti Tag RFID per il tracciamento dei tappetini di protezione dei pavimenti La protezione dei pavimenti \u00e8 sempre stata una parte essenziale della nostra vita, in quanto garantisce che i luoghi di lavoro e gli spazi pubblici rimangano igienici e sicuri. Con l'avvento della tecnologia, il settore ha assistito a cambiamenti significativi, una delle innovazioni \u00e8 l'uso di tag RFID per il tracciamento di...<\/p>","protected":false},"author":2,"featured_media":852,"parent":0,"menu_order":3,"comment_status":"closed","ping_status":"closed","template":"","meta":{"_kad_blocks_custom_css":"","_kad_blocks_head_custom_js":"","_kad_blocks_body_custom_js":"","_kad_blocks_footer_custom_js":"","_kadence_starter_templates_imported_post":false,"_kad_post_transparent":"","_kad_post_title":"","_kad_post_layout":"","_kad_post_sidebar_id":"","_kad_post_content_style":"","_kad_post_vertical_padding":"","_kad_post_feature":"","_kad_post_feature_position":"","_kad_post_header":false,"_kad_post_footer":false,"footnotes":""},"class_list":["post-846","page","type-page","status-publish","has-post-thumbnail","hentry"],"taxonomy_info":[],"featured_image_src_large":["https:\/\/tex-bit.com\/wp-content\/uploads\/2024\/05\/Smart-Linen-Tag-for-Cleaning.webp",600,400,false],"author_info":{"display_name":"TB Admin","author_link":"https:\/\/tex-bit.com\/it\/author\/tb-admin\/"},"comment_info":0,"_links":{"self":[{"href":"https:\/\/tex-bit.com\/it\/wp-json\/wp\/v2\/pages\/846","targetHints":{"allow":["GET"]}}],"collection":[{"href":"https:\/\/tex-bit.com\/it\/wp-json\/wp\/v2\/pages"}],"about":[{"href":"https:\/\/tex-bit.com\/it\/wp-json\/wp\/v2\/types\/page"}],"author":[{"embeddable":true,"href":"https:\/\/tex-bit.com\/it\/wp-json\/wp\/v2\/users\/2"}],"replies":[{"embeddable":true,"href":"https:\/\/tex-bit.com\/it\/wp-json\/wp\/v2\/comments?post=846"}],"version-history":[{"count":0,"href":"https:\/\/tex-bit.com\/it\/wp-json\/wp\/v2\/pages\/846\/revisions"}],"wp:featuredmedia":[{"embeddable":true,"href":"https:\/\/tex-bit.com\/it\/wp-json\/wp\/v2\/media\/852"}],"wp:attachment":[{"href":"https:\/\/tex-bit.com\/it\/wp-json\/wp\/v2\/media?parent=846"}],"curies":[{"name":"wp","href":"https:\/\/api.w.org\/{rel}","templated":true}]}}