{"id":1054,"date":"2024-05-24T08:30:31","date_gmt":"2024-05-24T08:30:31","guid":{"rendered":"https:\/\/test.tex-bit.com\/?page_id=1054"},"modified":"2025-04-23T19:32:22","modified_gmt":"2025-04-24T03:32:22","slug":"sustentabilidade","status":"publish","type":"page","link":"https:\/\/tex-bit.com\/pt\/sustentabilidade\/","title":{"rendered":"Sustentabilidade"},"content":{"rendered":"<style>.kb-row-layout-id1054_d879b5-90 > .kt-row-column-wrap{align-content:start;}:where(.kb-row-layout-id1054_d879b5-90 > .kt-row-column-wrap) > .wp-block-kadence-column{justify-content:start;}.kb-row-layout-id1054_d879b5-90 > .kt-row-column-wrap{column-gap:var(--global-kb-gap-md, 2rem);row-gap:var(--global-kb-gap-md, 2rem);max-width:600px;margin-left:auto;margin-right:auto;padding-top:120px;padding-right:0px;padding-bottom:120px;padding-left:0px;grid-template-columns:minmax(0, 1fr);}.kb-row-layout-id1054_d879b5-90 > .kt-row-layout-overlay{opacity:1;background-image:url('https:\/\/tex-bit.com\/wp-content\/uploads\/2024\/05\/Sustainability-in-Textile-Industry-with-RFID-Tag.webp');background-size:cover;background-position:50% 30%;background-attachment:scroll;background-repeat:no-repeat;mix-blend-mode:normal;}@media all and (max-width: 1024px){.kb-row-layout-id1054_d879b5-90 > .kt-row-column-wrap{padding-top:80px;padding-right:20px;padding-bottom:80px;padding-left:20px;grid-template-columns:minmax(0, 1fr);}}@media all and (max-width: 767px){.kb-row-layout-id1054_d879b5-90 > .kt-row-column-wrap{grid-template-columns:minmax(0, 1fr);}}<\/style><div class=\"kb-row-layout-wrap kb-row-layout-id1054_d879b5-90 alignfull has-theme-palette3-background-color kt-row-has-bg wp-block-kadence-rowlayout\"><div class=\"kt-row-layout-overlay kt-row-overlay-normal\"><\/div><div class=\"kt-row-column-wrap kt-has-1-columns kt-row-layout-equal kt-tab-layout-inherit kt-mobile-layout-row kt-row-valign-top\">\n<style>.kadence-column1054_390dd2-4c > .kt-inside-inner-col{padding-right:0px;padding-left:0px;}.kadence-column1054_390dd2-4c > .kt-inside-inner-col,.kadence-column1054_390dd2-4c > .kt-inside-inner-col:before{border-top-left-radius:0px;border-top-right-radius:0px;border-bottom-right-radius:0px;border-bottom-left-radius:0px;}.kadence-column1054_390dd2-4c > .kt-inside-inner-col{column-gap:var(--global-kb-gap-sm, 1rem);}.kadence-column1054_390dd2-4c > .kt-inside-inner-col{flex-direction:column;}.kadence-column1054_390dd2-4c > .kt-inside-inner-col > .aligncenter{width:100%;}.kadence-column1054_390dd2-4c > .kt-inside-inner-col:before{opacity:0.3;}.kadence-column1054_390dd2-4c{position:relative;}.kadence-column1054_390dd2-4c, .kt-inside-inner-col > .kadence-column1054_390dd2-4c:not(.specificity){margin-right:0px;margin-left:0px;}@media all and (max-width: 1024px){.kadence-column1054_390dd2-4c > .kt-inside-inner-col{flex-direction:column;justify-content:center;}}@media all and (max-width: 767px){.kadence-column1054_390dd2-4c > .kt-inside-inner-col{padding-top:20px;padding-right:20px;padding-bottom:20px;padding-left:20px;flex-direction:column;justify-content:center;}}<\/style>\n<div class=\"wp-block-kadence-column kadence-column1054_390dd2-4c inner-column-1\"><div class=\"kt-inside-inner-col\"><style>.wp-block-kadence-advancedheading.kt-adv-heading1054_cb25a0-05, .wp-block-kadence-advancedheading.kt-adv-heading1054_cb25a0-05[data-kb-block=\"kb-adv-heading1054_cb25a0-05\"]{padding-bottom:20px;margin-top:0px;margin-bottom:0px;text-align:center;font-style:normal;text-transform:capitalize;}.wp-block-kadence-advancedheading.kt-adv-heading1054_cb25a0-05 mark.kt-highlight, .wp-block-kadence-advancedheading.kt-adv-heading1054_cb25a0-05[data-kb-block=\"kb-adv-heading1054_cb25a0-05\"] mark.kt-highlight{font-style:normal;color:#f76a0c;-webkit-box-decoration-break:clone;box-decoration-break:clone;padding-top:0px;padding-right:0px;padding-bottom:0px;padding-left:0px;}@media all and (max-width: 767px){.wp-block-kadence-advancedheading.kt-adv-heading1054_cb25a0-05, .wp-block-kadence-advancedheading.kt-adv-heading1054_cb25a0-05[data-kb-block=\"kb-adv-heading1054_cb25a0-05\"]{font-size:30px;text-align:center!important;}}<\/style>\n<h1 class=\"kt-adv-heading1054_cb25a0-05 wp-block-kadence-advancedheading has-theme-palette-9-color has-text-color\" data-kb-block=\"kb-adv-heading1054_cb25a0-05\">Sustentabilidade<\/h1>\n<\/div><\/div>\n\n<\/div><\/div>\n\n<style>.kadence-column1054_f92d8b-63 > .kt-inside-inner-col,.kadence-column1054_f92d8b-63 > .kt-inside-inner-col:before{border-top-left-radius:0px;border-top-right-radius:0px;border-bottom-right-radius:0px;border-bottom-left-radius:0px;}.kadence-column1054_f92d8b-63 > .kt-inside-inner-col{column-gap:var(--global-kb-gap-sm, 1rem);}.kadence-column1054_f92d8b-63 > .kt-inside-inner-col{flex-direction:column;}.kadence-column1054_f92d8b-63 > .kt-inside-inner-col > .aligncenter{width:100%;}.kadence-column1054_f92d8b-63 > .kt-inside-inner-col:before{opacity:0.3;}.kadence-column1054_f92d8b-63{position:relative;}@media all and (max-width: 1024px){.kadence-column1054_f92d8b-63 > .kt-inside-inner-col{flex-direction:column;justify-content:center;}}@media all and (max-width: 767px){.kadence-column1054_f92d8b-63 > .kt-inside-inner-col{flex-direction:column;justify-content:center;}}<\/style>\n<div class=\"wp-block-kadence-column kadence-column1054_f92d8b-63 alignfull\"><div class=\"kt-inside-inner-col\"><style>.kb-row-layout-id1054_926bd4-67 > .kt-row-column-wrap{align-content:start;}:where(.kb-row-layout-id1054_926bd4-67 > .kt-row-column-wrap) > .wp-block-kadence-column{justify-content:start;}.kb-row-layout-id1054_926bd4-67 > .kt-row-column-wrap{column-gap:var(--global-kb-gap-md, 2rem);row-gap:var(--global-kb-gap-md, 2rem);max-width:var( --global-content-width, 1400px );padding-left:var(--global-content-edge-padding);padding-right:var(--global-content-edge-padding);padding-top:var(--global-kb-spacing-lg, 3rem);padding-bottom:var(--global-kb-spacing-lg, 3rem);grid-template-columns:minmax(0, 1fr);}.kb-row-layout-id1054_926bd4-67 > .kt-row-layout-overlay{opacity:0.30;}@media all and (max-width: 1024px){.kb-row-layout-id1054_926bd4-67 > .kt-row-column-wrap{grid-template-columns:minmax(0, 1fr);}}@media all and (max-width: 767px){.kb-row-layout-id1054_926bd4-67 > .kt-row-column-wrap{grid-template-columns:minmax(0, 1fr);}}<\/style><div class=\"kb-row-layout-wrap kb-row-layout-id1054_926bd4-67 alignnone wp-block-kadence-rowlayout\"><div class=\"kt-row-column-wrap kt-has-1-columns kt-row-layout-equal kt-tab-layout-inherit kt-mobile-layout-row kt-row-valign-top kb-theme-content-width\">\n<style>.kadence-column1054_cdd8c5-ca > .kt-inside-inner-col,.kadence-column1054_cdd8c5-ca > .kt-inside-inner-col:before{border-top-left-radius:0px;border-top-right-radius:0px;border-bottom-right-radius:0px;border-bottom-left-radius:0px;}.kadence-column1054_cdd8c5-ca > .kt-inside-inner-col{column-gap:var(--global-kb-gap-sm, 1rem);}.kadence-column1054_cdd8c5-ca > .kt-inside-inner-col{flex-direction:column;}.kadence-column1054_cdd8c5-ca > .kt-inside-inner-col > .aligncenter{width:100%;}.kadence-column1054_cdd8c5-ca > .kt-inside-inner-col:before{opacity:0.3;}.kadence-column1054_cdd8c5-ca{position:relative;}@media all and (max-width: 1024px){.kadence-column1054_cdd8c5-ca > .kt-inside-inner-col{flex-direction:column;justify-content:center;}}@media all and (max-width: 767px){.kadence-column1054_cdd8c5-ca > .kt-inside-inner-col{flex-direction:column;justify-content:center;}}<\/style>\n<div class=\"wp-block-kadence-column kadence-column1054_cdd8c5-ca\"><div class=\"kt-inside-inner-col\">\n<h1 class=\"wp-block-heading has--font-size\"><mark style=\"background-color:rgba(0, 0, 0, 0)\" class=\"has-inline-color has-theme-palette-1-color\">A tecnologia RFID impulsiona o desenvolvimento sustent\u00e1vel no setor t\u00eaxtil<\/mark><\/h1>\n\n\n\n<p>Em 1987, a Comiss\u00e3o Brundtland das Na\u00e7\u00f5es Unidas definiu sustentabilidade como \"atender \u00e0s necessidades do presente sem comprometer a capacidade das gera\u00e7\u00f5es futuras de atender \u00e0s suas pr\u00f3prias necessidades\".<\/p>\n\n\n\n<p>Na onda crescente da automa\u00e7\u00e3o industrial, o setor de identifica\u00e7\u00e3o autom\u00e1tica se dedica a superar os desafios do gerenciamento industrial tradicional, impulsionando sua transforma\u00e7\u00e3o para a digitaliza\u00e7\u00e3o, a transpar\u00eancia e a opera\u00e7\u00e3o din\u00e2mica. Confrontado com os requisitos cada vez mais rigorosos de <strong>DPP<\/strong> especialmente no \u00e2mbito do gerenciamento do ciclo de vida t\u00eaxtil, estamos inaugurando um novo cap\u00edtulo no desenvolvimento sustent\u00e1vel por meio de tecnologias de ponta.<\/p>\n\n\n\n<p>As tecnologias de identifica\u00e7\u00e3o autom\u00e1tica, especialmente a profunda integra\u00e7\u00e3o de <strong>Identifica\u00e7\u00e3o por radiofrequ\u00eancia<\/strong> (RFID) e a Intelig\u00eancia Artificial (IA), instigaram uma revolu\u00e7\u00e3o no gerenciamento do ciclo de vida completo dos t\u00eaxteis. Desde a aquisi\u00e7\u00e3o de mat\u00e9ria-prima, produ\u00e7\u00e3o e fabrica\u00e7\u00e3o at\u00e9 a distribui\u00e7\u00e3o, vendas, reciclagem e descarte, a coleta de dados em tempo real e a an\u00e1lise precisa s\u00e3o obtidas em cada est\u00e1gio. Viabilizados por <strong><a href=\"https:\/\/tex-bit.com\/rfid-laundry-products\/\">Etiquetas RFID<\/a><\/strong>Os t\u00eaxteis recebem uma \"carteira de identidade digital\" ao sa\u00edrem da linha de produ\u00e7\u00e3o, permitindo o rastreamento de informa\u00e7\u00f5es como localiza\u00e7\u00e3o, frequ\u00eancia de uso, status de lavagem, qualidade da lavagem, vida \u00fatil e feedback do usu\u00e1rio sobre a qualidade. Isso aumenta significativamente a efici\u00eancia do gerenciamento e reduz o desperd\u00edcio de recursos. Enquanto isso, os algoritmos de IA preveem a demanda com base em dados hist\u00f3ricos, otimizam o gerenciamento de estoque, elevam a experi\u00eancia do cliente no setor de hospitalidade, reduzem o consumo de energia e de recursos causado pelo excesso de estoque e simplificam a cadeia de suprimentos.<\/p>\n\n\n\n<p>As tecnologias de identifica\u00e7\u00e3o autom\u00e1tica tamb\u00e9m desempenham um papel fundamental para garantir a conformidade com as normas DPP. Por meio do monitoramento em tempo real do processo de produ\u00e7\u00e3o t\u00eaxtil, garantimos que as opera\u00e7\u00f5es de produ\u00e7\u00e3o sigam os padr\u00f5es de prote\u00e7\u00e3o ambiental e sustentabilidade. Durante a fase de reciclagem, com uma efici\u00eancia de escaneamento centenas a milhares de vezes maior do que os c\u00f3digos de barras e c\u00f3digos QR, essas tecnologias identificam com precis\u00e3o os materiais recicl\u00e1veis, tornando o processo de reciclagem altamente operacional, promovendo a circularidade dos recursos e minimizando o impacto ambiental.<\/p>\n\n\n\n<p>Tomemos como exemplo um grupo hoteleiro internacional. Ap\u00f3s a implementa\u00e7\u00e3o de tecnologias de identifica\u00e7\u00e3o autom\u00e1tica, a efici\u00eancia do gerenciamento de t\u00eaxteis aumentou em 40%, os custos de estoque diminu\u00edram em 30% e o desperd\u00edcio de recursos resultante de compras excessivas e m\u00e1 administra\u00e7\u00e3o foi reduzido. Isso possibilitou a realiza\u00e7\u00e3o bem-sucedida das metas de desenvolvimento sustent\u00e1vel no gerenciamento do ciclo de vida dos t\u00eaxteis.<\/p>\n\n\n\n<p>No futuro, continuaremos a aprofundar nossa experi\u00eancia em tecnologias de identifica\u00e7\u00e3o autom\u00e1tica, impulsionando a inova\u00e7\u00e3o cont\u00ednua no gerenciamento do ciclo de vida t\u00eaxtil. Ao fornecer solu\u00e7\u00f5es mais eficientes e ecologicamente corretas, nosso objetivo \u00e9 capacitar os setores tradicionais a progredir de forma constante no caminho do desenvolvimento sustent\u00e1vel.<\/p>\n<\/div><\/div>\n\n<\/div><\/div><\/div><\/div>\n\n\n\n<p><a href=\"https:\/\/tex-bit.com\/rfid-laundry-products\/rfid-linen-tag\/\"><\/a><\/p>\n\n\n<style>.kadence-column1054_0ab0ab-03 > .kt-inside-inner-col,.kadence-column1054_0ab0ab-03 > .kt-inside-inner-col:before{border-top-left-radius:0px;border-top-right-radius:0px;border-bottom-right-radius:0px;border-bottom-left-radius:0px;}.kadence-column1054_0ab0ab-03 > .kt-inside-inner-col{column-gap:var(--global-kb-gap-sm, 1rem);}.kadence-column1054_0ab0ab-03 > .kt-inside-inner-col{flex-direction:column;}.kadence-column1054_0ab0ab-03 > .kt-inside-inner-col > .aligncenter{width:100%;}.kadence-column1054_0ab0ab-03 > .kt-inside-inner-col:before{opacity:0.3;}.kadence-column1054_0ab0ab-03{position:relative;}@media all and (max-width: 1024px){.kadence-column1054_0ab0ab-03 > .kt-inside-inner-col{flex-direction:column;justify-content:center;}}@media all and (max-width: 767px){.kadence-column1054_0ab0ab-03 > .kt-inside-inner-col{flex-direction:column;justify-content:center;}}<\/style>\n<div class=\"wp-block-kadence-column kadence-column1054_0ab0ab-03 alignfull\"><div class=\"kt-inside-inner-col\"><style>.kb-row-layout-id1054_1edbca-d3 > .kt-row-column-wrap{align-content:start;}:where(.kb-row-layout-id1054_1edbca-d3 > .kt-row-column-wrap) > .wp-block-kadence-column{justify-content:start;}.kb-row-layout-id1054_1edbca-d3 > .kt-row-column-wrap{column-gap:var(--global-kb-gap-md, 2rem);row-gap:var(--global-kb-gap-md, 2rem);max-width:var( --global-content-width, 1400px );padding-left:var(--global-content-edge-padding);padding-right:var(--global-content-edge-padding);padding-top:var(--global-kb-spacing-sm, 1.5rem);padding-bottom:var(--global-kb-spacing-sm, 1.5rem);grid-template-columns:minmax(0, 1fr);}.kb-row-layout-id1054_1edbca-d3 > .kt-row-layout-overlay{opacity:0.30;}@media all and (max-width: 1024px){.kb-row-layout-id1054_1edbca-d3 > .kt-row-column-wrap{grid-template-columns:minmax(0, 1fr);}}@media all and (max-width: 767px){.kb-row-layout-id1054_1edbca-d3 > .kt-row-column-wrap{grid-template-columns:minmax(0, 1fr);}}<\/style><div class=\"kb-row-layout-wrap kb-row-layout-id1054_1edbca-d3 alignnone has-theme-palette7-background-color kt-row-has-bg wp-block-kadence-rowlayout\"><div class=\"kt-row-column-wrap kt-has-1-columns kt-row-layout-equal kt-tab-layout-inherit kt-mobile-layout-row kt-row-valign-top kb-theme-content-width\">\n<style>.kadence-column1054_c27ba1-c5 > .kt-inside-inner-col,.kadence-column1054_c27ba1-c5 > .kt-inside-inner-col:before{border-top-left-radius:0px;border-top-right-radius:0px;border-bottom-right-radius:0px;border-bottom-left-radius:0px;}.kadence-column1054_c27ba1-c5 > .kt-inside-inner-col{column-gap:var(--global-kb-gap-sm, 1rem);}.kadence-column1054_c27ba1-c5 > .kt-inside-inner-col{flex-direction:column;}.kadence-column1054_c27ba1-c5 > .kt-inside-inner-col > .aligncenter{width:100%;}.kadence-column1054_c27ba1-c5 > .kt-inside-inner-col:before{opacity:0.3;}.kadence-column1054_c27ba1-c5{position:relative;}@media all and (max-width: 1024px){.kadence-column1054_c27ba1-c5 > .kt-inside-inner-col{flex-direction:column;justify-content:center;}}@media all and (max-width: 767px){.kadence-column1054_c27ba1-c5 > .kt-inside-inner-col{flex-direction:column;justify-content:center;}}<\/style>\n<div class=\"wp-block-kadence-column kadence-column1054_c27ba1-c5\"><div class=\"kt-inside-inner-col\">\n<h4 class=\"wp-block-heading\"><mark style=\"background-color:rgba(0, 0, 0, 0)\" class=\"has-inline-color has-theme-palette-1-color\">Talvez voc\u00ea tamb\u00e9m se interesse por estes t\u00f3picos...<\/mark><\/h4>\n\n\n<style>.kb-posts-id-1054_092e19-a3 .kb-post-list-item{display:grid;}<\/style><ul class=\"wp-block-kadence-posts kb-posts kadence-posts-list kb-posts-id-1054_092e19-a3 content-wrap grid-cols kb-posts-style-boxed grid-sm-col-2 grid-lg-col-3 item-image-style-above\"><li class=\"kb-post-list-item\">\n\t<article class=\"entry content-bg loop-entry post-923 post type-post status-publish format-standard has-post-thumbnail hentry category-news\">\n\t\t\t\t<a aria-hidden=\"true\" tabindex=\"-1\" role=\"presentation\" class=\"post-thumbnail kadence-thumbnail-ratio-2-3\" href=\"https:\/\/tex-bit.com\/pt\/etiqueta-de-lavanderia-uhf-rfid-para-aluguel-de-uniformes\/\" aria-label=\"Etiqueta de lavanderia RFID UHF para aluguel de uniformes\">\n\t\t\t<div class=\"post-thumbnail-inner\">\n\t\t\t\t<img loading=\"lazy\" decoding=\"async\" width=\"600\" height=\"400\" src=\"https:\/\/tex-bit.com\/wp-content\/uploads\/2024\/05\/UHF-RFID-Laundry-Tag-for-Uniforms-Rental-TEX-BIT.webp\" class=\"attachment-medium_large size-medium_large wp-post-image\" alt=\"Etiqueta de lavanderia RFID UHF para aluguel de uniformes TEX-BIT\" srcset=\"https:\/\/tex-bit.com\/wp-content\/uploads\/2024\/05\/UHF-RFID-Laundry-Tag-for-Uniforms-Rental-TEX-BIT.webp 600w, https:\/\/tex-bit.com\/wp-content\/uploads\/2024\/05\/UHF-RFID-Laundry-Tag-for-Uniforms-Rental-TEX-BIT-300x200.webp 300w\" sizes=\"auto, (max-width: 600px) 100vw, 600px\" \/>\t\t\t<\/div>\n\t\t<\/a><!-- .post-thumbnail -->\n\t\t\t\t<div class=\"entry-content-wrap\">\n\t\t\t<header class=\"entry-header\">\n\t<h5 class=\"entry-title\"><a href=\"https:\/\/tex-bit.com\/pt\/etiqueta-de-lavanderia-uhf-rfid-para-aluguel-de-uniformes\/\" rel=\"bookmark\">Etiqueta de lavanderia RFID UHF para aluguel de uniformes<\/a><\/h5><\/header><!-- .entry-header -->\n<footer class=\"entry-footer\">\n\t<\/footer><!-- .entry-footer -->\t\t<\/div>\n\t<\/article>\n<\/li>\n<li class=\"kb-post-list-item\">\n\t<article class=\"entry content-bg loop-entry post-919 post type-post status-publish format-standard has-post-thumbnail hentry category-news\">\n\t\t\t\t<a aria-hidden=\"true\" tabindex=\"-1\" role=\"presentation\" class=\"post-thumbnail kadence-thumbnail-ratio-2-3\" href=\"https:\/\/tex-bit.com\/pt\/etiqueta-rfid-para-lavanderia-auxilia-na-reabertura-de-hoteis\/\" aria-label=\"Etiqueta de lavanderia com RFID d\u00e1 suporte \u00e0 reabertura de hot\u00e9is com invent\u00e1rios automatizados de roupas de cama\">\n\t\t\t<div class=\"post-thumbnail-inner\">\n\t\t\t\t<img loading=\"lazy\" decoding=\"async\" width=\"600\" height=\"400\" src=\"https:\/\/tex-bit.com\/wp-content\/uploads\/2024\/05\/RFID-Laundry-Tag-Supports-Hotel-Reopenings-with-Automated-Linen-Inventories-TEX-BIT.webp\" class=\"attachment-medium_large size-medium_large wp-post-image\" alt=\"Etiqueta de lavanderia com RFID apoia a reabertura de hot\u00e9is com invent\u00e1rios automatizados de roupas de cama TEX-BIT\" srcset=\"https:\/\/tex-bit.com\/wp-content\/uploads\/2024\/05\/RFID-Laundry-Tag-Supports-Hotel-Reopenings-with-Automated-Linen-Inventories-TEX-BIT.webp 600w, https:\/\/tex-bit.com\/wp-content\/uploads\/2024\/05\/RFID-Laundry-Tag-Supports-Hotel-Reopenings-with-Automated-Linen-Inventories-TEX-BIT-300x200.webp 300w\" sizes=\"auto, (max-width: 600px) 100vw, 600px\" \/>\t\t\t<\/div>\n\t\t<\/a><!-- .post-thumbnail -->\n\t\t\t\t<div class=\"entry-content-wrap\">\n\t\t\t<header class=\"entry-header\">\n\t<h5 class=\"entry-title\"><a href=\"https:\/\/tex-bit.com\/pt\/etiqueta-rfid-para-lavanderia-auxilia-na-reabertura-de-hoteis\/\" rel=\"bookmark\">Etiqueta de lavanderia com RFID d\u00e1 suporte \u00e0 reabertura de hot\u00e9is com invent\u00e1rios automatizados de roupas de cama<\/a><\/h5><\/header><!-- .entry-header -->\n<footer class=\"entry-footer\">\n\t<\/footer><!-- .entry-footer -->\t\t<\/div>\n\t<\/article>\n<\/li>\n<li class=\"kb-post-list-item\">\n\t<article class=\"entry content-bg loop-entry post-911 post type-post status-publish format-standard has-post-thumbnail hentry category-news\">\n\t\t\t\t<a aria-hidden=\"true\" tabindex=\"-1\" role=\"presentation\" class=\"post-thumbnail kadence-thumbnail-ratio-2-3\" href=\"https:\/\/tex-bit.com\/pt\/o-que-o-rastreamento-de-lavanderia-rfid-pode-fazer-por-voce\/\" aria-label=\"O que o rastreamento de lavanderia por RFID pode fazer por voc\u00ea?\">\n\t\t\t<div class=\"post-thumbnail-inner\">\n\t\t\t\t<img loading=\"lazy\" decoding=\"async\" width=\"600\" height=\"400\" src=\"https:\/\/tex-bit.com\/wp-content\/uploads\/2024\/05\/What-Can-RFID-Laundry-Tracking-Do-For-You.webp\" class=\"attachment-medium_large size-medium_large wp-post-image\" alt=\"O que o rastreamento de lavanderia por RFID pode fazer por voc\u00ea?\" srcset=\"https:\/\/tex-bit.com\/wp-content\/uploads\/2024\/05\/What-Can-RFID-Laundry-Tracking-Do-For-You.webp 600w, https:\/\/tex-bit.com\/wp-content\/uploads\/2024\/05\/What-Can-RFID-Laundry-Tracking-Do-For-You-300x200.webp 300w\" sizes=\"auto, (max-width: 600px) 100vw, 600px\" \/>\t\t\t<\/div>\n\t\t<\/a><!-- .post-thumbnail -->\n\t\t\t\t<div class=\"entry-content-wrap\">\n\t\t\t<header class=\"entry-header\">\n\t<h5 class=\"entry-title\"><a href=\"https:\/\/tex-bit.com\/pt\/o-que-o-rastreamento-de-lavanderia-rfid-pode-fazer-por-voce\/\" rel=\"bookmark\">O que o rastreamento de lavanderia por RFID pode fazer por voc\u00ea?<\/a><\/h5><\/header><!-- .entry-header -->\n<footer class=\"entry-footer\">\n\t<\/footer><!-- .entry-footer -->\t\t<\/div>\n\t<\/article>\n<\/li>\n<\/ul><\/div><\/div>\n\n<\/div><\/div><\/div><\/div>","protected":false},"excerpt":{"rendered":"<p>Sustentabilidade A tecnologia RFID impulsiona o desenvolvimento sustent\u00e1vel no setor t\u00eaxtil Em 1987, a Comiss\u00e3o Brundtland das Na\u00e7\u00f5es Unidas definiu sustentabilidade como \"atender \u00e0s necessidades do presente sem comprometer a capacidade das gera\u00e7\u00f5es futuras de atender \u00e0s suas pr\u00f3prias necessidades\". Na onda crescente da automa\u00e7\u00e3o industrial, o setor de identifica\u00e7\u00e3o autom\u00e1tica se dedica a superar os desafios...<\/p>","protected":false},"author":2,"featured_media":931,"parent":0,"menu_order":1,"comment_status":"closed","ping_status":"closed","template":"","meta":{"_kad_blocks_custom_css":"","_kad_blocks_head_custom_js":"","_kad_blocks_body_custom_js":"","_kad_blocks_footer_custom_js":"","_kadence_starter_templates_imported_post":false,"_kad_post_transparent":"","_kad_post_title":"","_kad_post_layout":"","_kad_post_sidebar_id":"","_kad_post_content_style":"","_kad_post_vertical_padding":"","_kad_post_feature":"","_kad_post_feature_position":"","_kad_post_header":false,"_kad_post_footer":false,"footnotes":""},"class_list":["post-1054","page","type-page","status-publish","has-post-thumbnail","hentry"],"taxonomy_info":[],"featured_image_src_large":["https:\/\/tex-bit.com\/wp-content\/uploads\/2024\/05\/Sustainability-with-RFID-1024x683.webp",1024,683,true],"author_info":{"display_name":"TB Admin","author_link":"https:\/\/tex-bit.com\/pt\/author\/tb-admin\/"},"comment_info":0,"_links":{"self":[{"href":"https:\/\/tex-bit.com\/pt\/wp-json\/wp\/v2\/pages\/1054","targetHints":{"allow":["GET"]}}],"collection":[{"href":"https:\/\/tex-bit.com\/pt\/wp-json\/wp\/v2\/pages"}],"about":[{"href":"https:\/\/tex-bit.com\/pt\/wp-json\/wp\/v2\/types\/page"}],"author":[{"embeddable":true,"href":"https:\/\/tex-bit.com\/pt\/wp-json\/wp\/v2\/users\/2"}],"replies":[{"embeddable":true,"href":"https:\/\/tex-bit.com\/pt\/wp-json\/wp\/v2\/comments?post=1054"}],"version-history":[{"count":0,"href":"https:\/\/tex-bit.com\/pt\/wp-json\/wp\/v2\/pages\/1054\/revisions"}],"wp:featuredmedia":[{"embeddable":true,"href":"https:\/\/tex-bit.com\/pt\/wp-json\/wp\/v2\/media\/931"}],"wp:attachment":[{"href":"https:\/\/tex-bit.com\/pt\/wp-json\/wp\/v2\/media?parent=1054"}],"curies":[{"name":"wp","href":"https:\/\/api.w.org\/{rel}","templated":true}]}}