{"id":31,"date":"2022-03-17T12:40:59","date_gmt":"2022-03-17T12:40:59","guid":{"rendered":"https:\/\/kadence.pixel-show.com\/blog-affiliate\/?page_id=31"},"modified":"2025-04-23T23:18:38","modified_gmt":"2025-04-24T07:18:38","slug":"sobre-o-tex-bit","status":"publish","type":"page","link":"https:\/\/tex-bit.com\/pt\/sobre-o-tex-bit\/","title":{"rendered":"Sobre n\u00f3s"},"content":{"rendered":"<style>.kb-row-layout-id31_79ade9-a8 > .kt-row-column-wrap{align-content:start;}:where(.kb-row-layout-id31_79ade9-a8 > .kt-row-column-wrap) > .wp-block-kadence-column{justify-content:start;}.kb-row-layout-id31_79ade9-a8 > .kt-row-column-wrap{column-gap:var(--global-kb-gap-md, 2rem);row-gap:var(--global-kb-gap-md, 2rem);max-width:600px;margin-left:auto;margin-right:auto;padding-top:120px;padding-right:0px;padding-bottom:120px;padding-left:0px;grid-template-columns:minmax(0, 1fr);}.kb-row-layout-id31_79ade9-a8 > .kt-row-layout-overlay{opacity:0.18;background-image:url('https:\/\/tex-bit.com\/wp-content\/uploads\/2024\/05\/rfid-technology.webp');background-size:cover;background-position:50% 52%;background-attachment:scroll;background-repeat:no-repeat;mix-blend-mode:normal;}@media all and (max-width: 1024px){.kb-row-layout-id31_79ade9-a8 > .kt-row-column-wrap{padding-top:80px;padding-right:20px;padding-bottom:80px;padding-left:20px;grid-template-columns:minmax(0, 1fr);}}@media all and (max-width: 767px){.kb-row-layout-id31_79ade9-a8 > .kt-row-column-wrap{grid-template-columns:minmax(0, 1fr);}}<\/style><div class=\"kb-row-layout-wrap kb-row-layout-id31_79ade9-a8 alignnone has-theme-palette3-background-color kt-row-has-bg wp-block-kadence-rowlayout\"><div class=\"kt-row-layout-overlay kt-row-overlay-normal\"><\/div><div class=\"kt-row-column-wrap kt-has-1-columns kt-row-layout-equal kt-tab-layout-inherit kt-mobile-layout-row kt-row-valign-top\">\n<style>.kadence-column31_0a3860-ab > .kt-inside-inner-col{padding-right:0px;padding-left:0px;}.kadence-column31_0a3860-ab > .kt-inside-inner-col,.kadence-column31_0a3860-ab > .kt-inside-inner-col:before{border-top-left-radius:0px;border-top-right-radius:0px;border-bottom-right-radius:0px;border-bottom-left-radius:0px;}.kadence-column31_0a3860-ab > .kt-inside-inner-col{column-gap:var(--global-kb-gap-sm, 1rem);}.kadence-column31_0a3860-ab > .kt-inside-inner-col{flex-direction:column;}.kadence-column31_0a3860-ab > .kt-inside-inner-col > .aligncenter{width:100%;}.kadence-column31_0a3860-ab > .kt-inside-inner-col:before{opacity:0.3;}.kadence-column31_0a3860-ab{position:relative;}.kadence-column31_0a3860-ab, .kt-inside-inner-col > .kadence-column31_0a3860-ab:not(.specificity){margin-right:0px;margin-left:0px;}@media all and (max-width: 1024px){.kadence-column31_0a3860-ab > .kt-inside-inner-col{flex-direction:column;justify-content:center;}}@media all and (max-width: 767px){.kadence-column31_0a3860-ab > .kt-inside-inner-col{flex-direction:column;justify-content:center;}}<\/style>\n<div class=\"wp-block-kadence-column kadence-column31_0a3860-ab inner-column-1\"><div class=\"kt-inside-inner-col\"><style>.wp-block-kadence-advancedheading.kt-adv-heading31_5872eb-aa, .wp-block-kadence-advancedheading.kt-adv-heading31_5872eb-aa[data-kb-block=\"kb-adv-heading31_5872eb-aa\"]{padding-bottom:20px;margin-top:0px;margin-bottom:0px;text-align:center;font-style:normal;text-transform:capitalize;}.wp-block-kadence-advancedheading.kt-adv-heading31_5872eb-aa mark.kt-highlight, .wp-block-kadence-advancedheading.kt-adv-heading31_5872eb-aa[data-kb-block=\"kb-adv-heading31_5872eb-aa\"] mark.kt-highlight{font-style:normal;color:#f76a0c;-webkit-box-decoration-break:clone;box-decoration-break:clone;padding-top:0px;padding-right:0px;padding-bottom:0px;padding-left:0px;}@media all and (max-width: 767px){.wp-block-kadence-advancedheading.kt-adv-heading31_5872eb-aa, .wp-block-kadence-advancedheading.kt-adv-heading31_5872eb-aa[data-kb-block=\"kb-adv-heading31_5872eb-aa\"]{font-size:30px;text-align:center!important;}}<\/style>\n<h1 class=\"kt-adv-heading31_5872eb-aa wp-block-kadence-advancedheading has-theme-palette-9-color has-text-color\" data-kb-block=\"kb-adv-heading31_5872eb-aa\">sobre o TEX-BIT<\/h1>\n<\/div><\/div>\n\n<\/div><\/div>\n\n<style>.kb-row-layout-id31_976374-29 > .kt-row-column-wrap{align-content:start;}:where(.kb-row-layout-id31_976374-29 > .kt-row-column-wrap) > .wp-block-kadence-column{justify-content:start;}.kb-row-layout-id31_976374-29 > .kt-row-column-wrap{column-gap:var(--global-kb-gap-md, 2rem);row-gap:var(--global-kb-gap-md, 2rem);max-width:var( --global-content-width, 1400px );padding-left:var(--global-content-edge-padding);padding-right:var(--global-content-edge-padding);padding-top:80px;padding-right:20px;padding-bottom:80px;padding-left:20px;grid-template-columns:minmax(0, 1fr);}.kb-row-layout-id31_976374-29 > .kt-row-layout-overlay{opacity:0.30;}@media all and (max-width: 1024px){.kb-row-layout-id31_976374-29 > .kt-row-column-wrap{padding-top:60px;padding-right:20px;padding-bottom:60px;padding-left:20px;grid-template-columns:minmax(0, 1fr);}}@media all and (max-width: 767px){.kb-row-layout-id31_976374-29 > .kt-row-column-wrap{padding-top:40px;padding-right:20px;padding-bottom:40px;padding-left:20px;grid-template-columns:minmax(0, 1fr);}}<\/style><div class=\"kb-row-layout-wrap kb-row-layout-id31_976374-29 alignnone wp-block-kadence-rowlayout\"><div class=\"kt-row-column-wrap kt-has-1-columns kt-row-layout-equal kt-tab-layout-inherit kt-mobile-layout-row kt-row-valign-top kb-theme-content-width\">\n<style>.kadence-column31_aa1e35-cb > .kt-inside-inner-col,.kadence-column31_aa1e35-cb > .kt-inside-inner-col:before{border-top-left-radius:0px;border-top-right-radius:0px;border-bottom-right-radius:0px;border-bottom-left-radius:0px;}.kadence-column31_aa1e35-cb > .kt-inside-inner-col{column-gap:var(--global-kb-gap-sm, 1rem);}.kadence-column31_aa1e35-cb > .kt-inside-inner-col{flex-direction:column;}.kadence-column31_aa1e35-cb > .kt-inside-inner-col > .aligncenter{width:100%;}.kadence-column31_aa1e35-cb > .kt-inside-inner-col:before{opacity:0.3;}.kadence-column31_aa1e35-cb{position:relative;}@media all and (max-width: 1024px){.kadence-column31_aa1e35-cb > .kt-inside-inner-col{flex-direction:column;justify-content:center;}}@media all and (max-width: 767px){.kadence-column31_aa1e35-cb > .kt-inside-inner-col{flex-direction:column;justify-content:center;}}<\/style>\n<div class=\"wp-block-kadence-column kadence-column31_aa1e35-cb inner-column-1\"><div class=\"kt-inside-inner-col\"><style>.kb-row-layout-id31_ccacd1-3d > .kt-row-column-wrap{align-content:start;}:where(.kb-row-layout-id31_ccacd1-3d > .kt-row-column-wrap) > .wp-block-kadence-column{justify-content:start;}.kb-row-layout-id31_ccacd1-3d > .kt-row-column-wrap{column-gap:var(--global-kb-gap-md, 2rem);row-gap:var(--global-kb-gap-md, 2rem);padding-top:20px;padding-bottom:20px;grid-template-columns:minmax(0, 1fr);}.kb-row-layout-id31_ccacd1-3d > .kt-row-layout-overlay{opacity:0.30;}@media all and (max-width: 1024px){.kb-row-layout-id31_ccacd1-3d > .kt-row-column-wrap{grid-template-columns:minmax(0, 1fr);}}@media all and (max-width: 767px){.kb-row-layout-id31_ccacd1-3d > .kt-row-column-wrap{grid-template-columns:minmax(0, 1fr);}}<\/style><div class=\"kb-row-layout-wrap kb-row-layout-id31_ccacd1-3d alignnone wp-block-kadence-rowlayout\"><div class=\"kt-row-column-wrap kt-has-1-columns kt-row-layout-equal kt-tab-layout-inherit kt-mobile-layout-row kt-row-valign-top\">\n<style>.kadence-column31_4330a9-a2 > .kt-inside-inner-col,.kadence-column31_4330a9-a2 > .kt-inside-inner-col:before{border-top-left-radius:0px;border-top-right-radius:0px;border-bottom-right-radius:0px;border-bottom-left-radius:0px;}.kadence-column31_4330a9-a2 > .kt-inside-inner-col{column-gap:var(--global-kb-gap-sm, 1rem);}.kadence-column31_4330a9-a2 > .kt-inside-inner-col{flex-direction:column;}.kadence-column31_4330a9-a2 > .kt-inside-inner-col > .aligncenter{width:100%;}.kadence-column31_4330a9-a2 > .kt-inside-inner-col:before{opacity:0.3;}.kadence-column31_4330a9-a2{position:relative;}@media all and (max-width: 1024px){.kadence-column31_4330a9-a2 > .kt-inside-inner-col{flex-direction:column;justify-content:center;}}@media all and (max-width: 767px){.kadence-column31_4330a9-a2 > .kt-inside-inner-col{flex-direction:column;justify-content:center;}}<\/style>\n<div class=\"wp-block-kadence-column kadence-column31_4330a9-a2\"><div class=\"kt-inside-inner-col\">\n<p><strong>TEX-BIT<\/strong> A KPMG \u00e9 uma empresa voltada para a tecnologia e comprometida com a acelera\u00e7\u00e3o da transforma\u00e7\u00e3o digital e inteligente dos setores tradicionais. Ao integrar tecnologias de ponta - incluindo Intelig\u00eancia Artificial (IA), Identifica\u00e7\u00e3o por Radiofrequ\u00eancia (RFID), Software como Servi\u00e7o (SaaS) e computa\u00e7\u00e3o em nuvem - fornecemos uma solu\u00e7\u00e3o de cadeia de suprimentos de ponta a ponta que \u00e9 mais eficiente, mais f\u00e1cil de operar e consome menos energia e m\u00e3o de obra.<\/p>\n\n\n\n<h2 class=\"wp-block-heading\"><strong>Pioneirismo no gerenciamento digital de t\u00eaxteis<\/strong><\/h2>\n\n\n\n<p>Nos \u00faltimos anos, desenvolvemos com sucesso uma plataforma abrangente de gerenciamento de t\u00eaxteis para v\u00e1rios dos principais grupos hoteleiros internacionais do mundo. Essa plataforma abrange todo o ciclo de vida dos t\u00eaxteis, desde os fabricantes de t\u00eaxteis, grupos de servi\u00e7os t\u00eaxteis, at\u00e9 o sistema de reciclagem de t\u00eaxteis.<\/p>\n\n\n\n<p>Estamos extremamente empolgados em testemunhar o interesse crescente e a aten\u00e7\u00e3o significativa de v\u00e1rios grupos de hospitalidade, grupos de sa\u00fade, grupos de servi\u00e7os t\u00eaxteis e grupos de servi\u00e7os de avia\u00e7\u00e3o em todo o mundo em rela\u00e7\u00e3o \u00e0s nossas solu\u00e7\u00f5es sistem\u00e1ticas.<\/p>\n\n\n\n<h2 class=\"wp-block-heading\"><strong>Mais de 30 anos de experi\u00eancia em RFID<\/strong><\/h2>\n\n\n\n<p>Aproveitando tr\u00eas d\u00e9cadas de conhecimento profundo em tecnologias de RFID e identifica\u00e7\u00e3o autom\u00e1tica, fortalecido por uma ampla experi\u00eancia pr\u00e1tica, canalizamos recursos significativos para P&amp;D fundamental. Nossa profici\u00eancia abrange todas as facetas dos sistemas de RFID, inclusive transponders e solu\u00e7\u00f5es de encapsulamento com engenharia personalizada. Por meio da inova\u00e7\u00e3o cont\u00ednua, acumulamos um hist\u00f3rico comprovado no desenvolvimento de solu\u00e7\u00f5es altamente especializadas, adaptadas a um espectro diversificado de aplica\u00e7\u00f5es.<\/p>\n\n\n\n<p>Como especialistas l\u00edderes em engenharia de RFID, nossos recursos se estendem por v\u00e1rios setores verticais:<\/p>\n\n\n\n<ul class=\"wp-block-list\">\n<li>Marcas t\u00eaxteis de moda<\/li>\n\n\n\n<li>Gerenciamento de uniformes e roupas de trabalho<\/li>\n\n\n\n<li>Gerenciamento de roupas de hotelaria e hospitalidade<\/li>\n\n\n\n<li>Gerenciamento de t\u00eaxteis para o setor de sa\u00fade<\/li>\n\n\n\n<li>Servi\u00e7os de limpeza e saneamento<\/li>\n<\/ul>\n\n\n\n<p>Nossas solu\u00e7\u00f5es s\u00e3o projetadas para otimizar a efici\u00eancia operacional, melhorar a rastreabilidade e garantir a conformidade com os padr\u00f5es do setor.<\/p>\n\n\n\n<h2 class=\"wp-block-heading\"><strong>Presen\u00e7a global com um n\u00facleo europeu<\/strong><\/h2>\n\n\n\n<p>Atualmente, nossas opera\u00e7\u00f5es est\u00e3o concentradas na Europa Central e Ocidental (90%), com uma presen\u00e7a crescente na Am\u00e9rica do Norte (10%). Com a iminente implementa\u00e7\u00e3o das normas DPP, h\u00e1 uma demanda crescente dos setores t\u00eaxteis relacionados por nossas solu\u00e7\u00f5es digitais abrangentes. Essas ofertas s\u00e3o caracterizadas por alto desempenho, capacidade escalon\u00e1vel, consist\u00eancia superior e custo-benef\u00edcio, proporcionando visibilidade e controle de ponta a ponta em todo o ciclo de vida t\u00eaxtil.<\/p>\n<\/div><\/div>\n\n<\/div><\/div><\/div><\/div>\n\n<\/div><\/div>\n\n\n<p><\/p>","protected":false},"excerpt":{"rendered":"<p>Sobre a TEX-BIT A TEX-BIT \u00e9 uma empresa voltada para a tecnologia e comprometida com a acelera\u00e7\u00e3o da transforma\u00e7\u00e3o digital e inteligente dos setores tradicionais. Ao integrar tecnologias de ponta - incluindo Intelig\u00eancia Artificial (IA), Identifica\u00e7\u00e3o por Radiofrequ\u00eancia (RFID), Software como Servi\u00e7o (SaaS) e computa\u00e7\u00e3o em nuvem - oferecemos uma solu\u00e7\u00e3o de cadeia de suprimentos de ponta a ponta que \u00e9 mais eficiente, mais f\u00e1cil de operar e consome menos energia e m\u00e3o de obra....<\/p>","protected":false},"author":2,"featured_media":0,"parent":0,"menu_order":6,"comment_status":"closed","ping_status":"closed","template":"","meta":{"_kad_blocks_custom_css":"","_kad_blocks_head_custom_js":"","_kad_blocks_body_custom_js":"","_kad_blocks_footer_custom_js":"","_kadence_starter_templates_imported_post":true,"_kad_post_transparent":"","_kad_post_title":"hide","_kad_post_layout":"fullwidth","_kad_post_sidebar_id":"","_kad_post_content_style":"unboxed","_kad_post_vertical_padding":"hide","_kad_post_feature":"hide","_kad_post_feature_position":"","_kad_post_header":false,"_kad_post_footer":false,"footnotes":""},"class_list":["post-31","page","type-page","status-publish","hentry"],"taxonomy_info":[],"featured_image_src_large":false,"author_info":{"display_name":"TB Admin","author_link":"https:\/\/tex-bit.com\/pt\/author\/tb-admin\/"},"comment_info":0,"_links":{"self":[{"href":"https:\/\/tex-bit.com\/pt\/wp-json\/wp\/v2\/pages\/31","targetHints":{"allow":["GET"]}}],"collection":[{"href":"https:\/\/tex-bit.com\/pt\/wp-json\/wp\/v2\/pages"}],"about":[{"href":"https:\/\/tex-bit.com\/pt\/wp-json\/wp\/v2\/types\/page"}],"author":[{"embeddable":true,"href":"https:\/\/tex-bit.com\/pt\/wp-json\/wp\/v2\/users\/2"}],"replies":[{"embeddable":true,"href":"https:\/\/tex-bit.com\/pt\/wp-json\/wp\/v2\/comments?post=31"}],"version-history":[{"count":0,"href":"https:\/\/tex-bit.com\/pt\/wp-json\/wp\/v2\/pages\/31\/revisions"}],"wp:attachment":[{"href":"https:\/\/tex-bit.com\/pt\/wp-json\/wp\/v2\/media?parent=31"}],"curies":[{"name":"wp","href":"https:\/\/api.w.org\/{rel}","templated":true}]}}