{"id":842,"date":"2024-05-23T12:05:48","date_gmt":"2024-05-23T12:05:48","guid":{"rendered":"https:\/\/test.tex-bit.com\/?page_id=842"},"modified":"2025-04-23T18:54:42","modified_gmt":"2025-04-24T02:54:42","slug":"etiquetas-rfid-para-roupas","status":"publish","type":"page","link":"https:\/\/tex-bit.com\/pt\/etiquetas-rfid-para-roupas\/","title":{"rendered":"Vestu\u00e1rio, moda"},"content":{"rendered":"<style>.kb-row-layout-id842_fdfbfd-94 > .kt-row-column-wrap{align-content:start;}:where(.kb-row-layout-id842_fdfbfd-94 > .kt-row-column-wrap) > .wp-block-kadence-column{justify-content:start;}.kb-row-layout-id842_fdfbfd-94 > .kt-row-column-wrap{column-gap:var(--global-kb-gap-md, 2rem);row-gap:var(--global-kb-gap-md, 2rem);max-width:600px;margin-left:auto;margin-right:auto;padding-top:120px;padding-right:0px;padding-bottom:120px;padding-left:0px;grid-template-columns:minmax(0, 1fr);}.kb-row-layout-id842_fdfbfd-94 > .kt-row-layout-overlay{opacity:1;background-image:url('https:\/\/tex-bit.com\/wp-content\/uploads\/2024\/05\/RFID-Products-TEXBIT-RFID-Tag-Manufacturer.webp');background-size:cover;background-position:50% 40%;background-attachment:scroll;background-repeat:no-repeat;mix-blend-mode:normal;}@media all and (max-width: 1024px){.kb-row-layout-id842_fdfbfd-94 > .kt-row-column-wrap{padding-top:80px;padding-right:20px;padding-bottom:80px;padding-left:20px;grid-template-columns:minmax(0, 1fr);}}@media all and (max-width: 767px){.kb-row-layout-id842_fdfbfd-94 > .kt-row-column-wrap{grid-template-columns:minmax(0, 1fr);}}<\/style><div class=\"kb-row-layout-wrap kb-row-layout-id842_fdfbfd-94 alignfull has-theme-palette3-background-color kt-row-has-bg wp-block-kadence-rowlayout\"><div class=\"kt-row-layout-overlay kt-row-overlay-normal\"><\/div><div class=\"kt-row-column-wrap kt-has-1-columns kt-row-layout-equal kt-tab-layout-inherit kt-mobile-layout-row kt-row-valign-top\">\n<style>.kadence-column842_e29623-76 > .kt-inside-inner-col{padding-right:0px;padding-left:0px;}.kadence-column842_e29623-76 > .kt-inside-inner-col,.kadence-column842_e29623-76 > .kt-inside-inner-col:before{border-top-left-radius:0px;border-top-right-radius:0px;border-bottom-right-radius:0px;border-bottom-left-radius:0px;}.kadence-column842_e29623-76 > .kt-inside-inner-col{column-gap:var(--global-kb-gap-sm, 1rem);}.kadence-column842_e29623-76 > .kt-inside-inner-col{flex-direction:column;}.kadence-column842_e29623-76 > .kt-inside-inner-col > .aligncenter{width:100%;}.kadence-column842_e29623-76 > .kt-inside-inner-col:before{opacity:0.3;}.kadence-column842_e29623-76{position:relative;}.kadence-column842_e29623-76, .kt-inside-inner-col > .kadence-column842_e29623-76:not(.specificity){margin-right:0px;margin-left:0px;}@media all and (max-width: 1024px){.kadence-column842_e29623-76 > .kt-inside-inner-col{flex-direction:column;justify-content:center;}}@media all and (max-width: 767px){.kadence-column842_e29623-76 > .kt-inside-inner-col{padding-top:20px;padding-right:20px;padding-bottom:20px;padding-left:20px;flex-direction:column;justify-content:center;}}<\/style>\n<div class=\"wp-block-kadence-column kadence-column842_e29623-76 inner-column-1\"><div class=\"kt-inside-inner-col\"><style>.wp-block-kadence-advancedheading.kt-adv-heading842_04d3fb-7c, .wp-block-kadence-advancedheading.kt-adv-heading842_04d3fb-7c[data-kb-block=\"kb-adv-heading842_04d3fb-7c\"]{padding-bottom:20px;margin-top:0px;margin-bottom:0px;text-align:center;font-style:normal;text-transform:capitalize;}.wp-block-kadence-advancedheading.kt-adv-heading842_04d3fb-7c mark.kt-highlight, .wp-block-kadence-advancedheading.kt-adv-heading842_04d3fb-7c[data-kb-block=\"kb-adv-heading842_04d3fb-7c\"] mark.kt-highlight{font-style:normal;color:#f76a0c;-webkit-box-decoration-break:clone;box-decoration-break:clone;padding-top:0px;padding-right:0px;padding-bottom:0px;padding-left:0px;}@media all and (max-width: 767px){.wp-block-kadence-advancedheading.kt-adv-heading842_04d3fb-7c, .wp-block-kadence-advancedheading.kt-adv-heading842_04d3fb-7c[data-kb-block=\"kb-adv-heading842_04d3fb-7c\"]{font-size:30px;text-align:center!important;}}<\/style>\n<h1 class=\"kt-adv-heading842_04d3fb-7c wp-block-kadence-advancedheading has-theme-palette-9-color has-text-color\" data-kb-block=\"kb-adv-heading842_04d3fb-7c\">Vestu\u00e1rio, moda<\/h1>\n<\/div><\/div>\n\n<\/div><\/div>\n\n<style>.kadence-column842_6c251f-45 > .kt-inside-inner-col,.kadence-column842_6c251f-45 > .kt-inside-inner-col:before{border-top-left-radius:0px;border-top-right-radius:0px;border-bottom-right-radius:0px;border-bottom-left-radius:0px;}.kadence-column842_6c251f-45 > .kt-inside-inner-col{column-gap:var(--global-kb-gap-sm, 1rem);}.kadence-column842_6c251f-45 > .kt-inside-inner-col{flex-direction:column;}.kadence-column842_6c251f-45 > .kt-inside-inner-col > .aligncenter{width:100%;}.kadence-column842_6c251f-45 > .kt-inside-inner-col:before{opacity:0.3;}.kadence-column842_6c251f-45{position:relative;}@media all and (max-width: 1024px){.kadence-column842_6c251f-45 > .kt-inside-inner-col{flex-direction:column;justify-content:center;}}@media all and (max-width: 767px){.kadence-column842_6c251f-45 > .kt-inside-inner-col{flex-direction:column;justify-content:center;}}<\/style>\n<div class=\"wp-block-kadence-column kadence-column842_6c251f-45 alignfull\"><div class=\"kt-inside-inner-col\"><style>.kb-row-layout-id842_3056eb-de > .kt-row-column-wrap{align-content:start;}:where(.kb-row-layout-id842_3056eb-de > .kt-row-column-wrap) > .wp-block-kadence-column{justify-content:start;}.kb-row-layout-id842_3056eb-de > .kt-row-column-wrap{column-gap:var(--global-kb-gap-md, 2rem);row-gap:var(--global-kb-gap-md, 2rem);max-width:var( --global-content-width, 1400px );padding-left:var(--global-content-edge-padding);padding-right:var(--global-content-edge-padding);padding-top:var(--global-kb-spacing-lg, 3rem);padding-bottom:var(--global-kb-spacing-lg, 3rem);grid-template-columns:minmax(0, 1fr);}.kb-row-layout-id842_3056eb-de > .kt-row-layout-overlay{opacity:0.30;}@media all and (max-width: 1024px){.kb-row-layout-id842_3056eb-de > .kt-row-column-wrap{grid-template-columns:minmax(0, 1fr);}}@media all and (max-width: 767px){.kb-row-layout-id842_3056eb-de > .kt-row-column-wrap{grid-template-columns:minmax(0, 1fr);}}<\/style><div class=\"kb-row-layout-wrap kb-row-layout-id842_3056eb-de alignnone wp-block-kadence-rowlayout\"><div class=\"kt-row-column-wrap kt-has-1-columns kt-row-layout-equal kt-tab-layout-inherit kt-mobile-layout-row kt-row-valign-top kb-theme-content-width\">\n<style>.kadence-column842_656350-21 > .kt-inside-inner-col,.kadence-column842_656350-21 > .kt-inside-inner-col:before{border-top-left-radius:0px;border-top-right-radius:0px;border-bottom-right-radius:0px;border-bottom-left-radius:0px;}.kadence-column842_656350-21 > .kt-inside-inner-col{column-gap:var(--global-kb-gap-sm, 1rem);}.kadence-column842_656350-21 > .kt-inside-inner-col{flex-direction:column;}.kadence-column842_656350-21 > .kt-inside-inner-col > .aligncenter{width:100%;}.kadence-column842_656350-21 > .kt-inside-inner-col:before{opacity:0.3;}.kadence-column842_656350-21{position:relative;}@media all and (max-width: 1024px){.kadence-column842_656350-21 > .kt-inside-inner-col{flex-direction:column;justify-content:center;}}@media all and (max-width: 767px){.kadence-column842_656350-21 > .kt-inside-inner-col{flex-direction:column;justify-content:center;}}<\/style>\n<div class=\"wp-block-kadence-column kadence-column842_656350-21\"><div class=\"kt-inside-inner-col\">\n<h2 class=\"wp-block-heading\">Etiquetas RFID lav\u00e1veis para roupas<\/h2>\n\n\n\n<p>\u00c0 medida que o setor de moda e vestu\u00e1rio continua a evoluir, a necessidade de solu\u00e7\u00f5es tecnol\u00f3gicas avan\u00e7adas para melhorar a efici\u00eancia operacional, aprimorar a experi\u00eancia do cliente e apoiar os esfor\u00e7os de sustentabilidade tem se tornado cada vez mais importante. A tecnologia RFID surgiu como uma ferramenta poderosa para atingir esses objetivos, especialmente no espa\u00e7o de gerenciamento de lavanderia e t\u00eaxtil. O uso de etiquetas RFID em lavanderias para roupas, vestu\u00e1rio e moda revolucionou a maneira como as organiza\u00e7\u00f5es gerenciam seus ativos de lavanderia e t\u00eaxteis, permitindo o rastreamento em tempo real, melhor gerenciamento de estoque, maior visibilidade da cadeia de suprimentos e maior sustentabilidade.<\/p>\n\n\n\n<p>As etiquetas RFID para lavanderia s\u00e3o chips pequenos, dur\u00e1veis e lav\u00e1veis que podem ser fixados em roupas e outros produtos t\u00eaxteis.\u00a0<a href=\"https:\/\/tex-bit.com\/rfid-laundry-products\/\">Etiquetas de lavanderia RFID TEX-BIT<\/a>\u00a0As m\u00e1quinas de costura da SGS suportam o mais rigoroso ambiente de lavanderia e t\u00eam uma longa vida \u00fatil, com seu bom desempenho e consist\u00eancia est\u00e1vel. Diferentes instala\u00e7\u00f5es podem atender a diferentes requisitos de aplica\u00e7\u00e3o de acordo com a escolha do cliente, como costura, selagem a quente, suspens\u00e3o, embalagem etc.<\/p>\n\n\n\n<h2 class=\"wp-block-heading\">Vis\u00e3o geral das vantagens<\/h2>\n\n\n\n<p><strong>1, Melhoria do gerenciamento de estoque<\/strong><\/p>\n\n\n\n<p>As etiquetas RFID possibilitam o rastreamento em tempo real de itens de vestu\u00e1rio, permitindo que os varejistas localizem rapidamente os produtos e reduzam a falta de estoque. Isso ajuda os varejistas a otimizar seus n\u00edveis de estoque, reduzir o desperd\u00edcio e melhorar a satisfa\u00e7\u00e3o do cliente. Com as etiquetas RFID, os varejistas podem rastrear e gerenciar com precis\u00e3o os n\u00edveis de estoque, reduzir o tempo gasto na contagem manual de itens e automatizar o processo de reabastecimento das prateleiras.<\/p>\n\n\n\n<p><strong>2, Aumento da efici\u00eancia operacional<\/strong><\/p>\n\n\n\n<p>Vestu\u00e1rio e moda com etiquetas RFID podem ajudar os varejistas a otimizar suas opera\u00e7\u00f5es, melhorando a visibilidade da cadeia de suprimentos, reduzindo os erros de remessa e minimizando o excesso de estoque. A tecnologia RFID permite que as empresas rastreiem os produtos \u00e0 medida que eles se movimentam pela cadeia de suprimentos, proporcionando visibilidade e transpar\u00eancia aos varejistas e fabricantes.<\/p>\n\n\n\n<p><strong>3, Aprimorando a experi\u00eancia do cliente<\/strong><\/p>\n\n\n\n<p>As etiquetas RFID de dupla frequ\u00eancia podem criar experi\u00eancias interativas para os clientes, como escanear as etiquetas em itens de vestu\u00e1rio com seus dispositivos m\u00f3veis para receber informa\u00e7\u00f5es sobre o produto, recomenda\u00e7\u00f5es e promo\u00e7\u00f5es. Os varejistas tamb\u00e9m podem usar as etiquetas RFID para criar recomenda\u00e7\u00f5es personalizadas e melhorar o atendimento ao cliente, localizando rapidamente os itens solicitados.<\/p>\n\n\n\n<p><strong>4, Sustentabilidade<\/strong><\/p>\n\n\n\n<p>As etiquetas RFID podem ajudar os varejistas a reduzir o desperd\u00edcio, melhorando o gerenciamento do estoque, reduzindo a superprodu\u00e7\u00e3o e minimizando o excesso de estoque. A tecnologia RFID permite que os varejistas otimizem os n\u00edveis de estoque, reduzindo a quantidade de estoque n\u00e3o vendido que acaba em aterros sanit\u00e1rios. Isso ajuda a reduzir o desperd\u00edcio e ap\u00f3ia os esfor\u00e7os de sustentabilidade.<\/p>\n<\/div><\/div>\n\n<\/div><\/div><\/div><\/div>\n\n\n<style>.kadence-column842_409ea1-2b > .kt-inside-inner-col,.kadence-column842_409ea1-2b > .kt-inside-inner-col:before{border-top-left-radius:0px;border-top-right-radius:0px;border-bottom-right-radius:0px;border-bottom-left-radius:0px;}.kadence-column842_409ea1-2b > .kt-inside-inner-col{column-gap:var(--global-kb-gap-sm, 1rem);}.kadence-column842_409ea1-2b > .kt-inside-inner-col{flex-direction:column;}.kadence-column842_409ea1-2b > .kt-inside-inner-col > .aligncenter{width:100%;}.kadence-column842_409ea1-2b > .kt-inside-inner-col:before{opacity:0.3;}.kadence-column842_409ea1-2b{position:relative;}@media all and (max-width: 1024px){.kadence-column842_409ea1-2b > .kt-inside-inner-col{flex-direction:column;justify-content:center;}}@media all and (max-width: 767px){.kadence-column842_409ea1-2b > .kt-inside-inner-col{flex-direction:column;justify-content:center;}}<\/style>\n<div class=\"wp-block-kadence-column kadence-column842_409ea1-2b alignfull\"><div class=\"kt-inside-inner-col\"><style>.kb-row-layout-id842_ecf3c0-cf > .kt-row-column-wrap{align-content:start;}:where(.kb-row-layout-id842_ecf3c0-cf > .kt-row-column-wrap) > .wp-block-kadence-column{justify-content:start;}.kb-row-layout-id842_ecf3c0-cf > .kt-row-column-wrap{column-gap:var(--global-kb-gap-md, 2rem);row-gap:var(--global-kb-gap-md, 2rem);max-width:var( --global-content-width, 1400px );padding-left:var(--global-content-edge-padding);padding-right:var(--global-content-edge-padding);padding-top:var(--global-kb-spacing-sm, 1.5rem);padding-bottom:var(--global-kb-spacing-sm, 1.5rem);grid-template-columns:minmax(0, 1fr);}.kb-row-layout-id842_ecf3c0-cf > .kt-row-layout-overlay{opacity:0.30;}@media all and (max-width: 1024px){.kb-row-layout-id842_ecf3c0-cf > .kt-row-column-wrap{grid-template-columns:minmax(0, 1fr);}}@media all and (max-width: 767px){.kb-row-layout-id842_ecf3c0-cf > .kt-row-column-wrap{grid-template-columns:minmax(0, 1fr);}}<\/style><div class=\"kb-row-layout-wrap kb-row-layout-id842_ecf3c0-cf alignnone has-theme-palette7-background-color kt-row-has-bg wp-block-kadence-rowlayout\"><div class=\"kt-row-column-wrap kt-has-1-columns kt-row-layout-equal kt-tab-layout-inherit kt-mobile-layout-row kt-row-valign-top kb-theme-content-width\">\n<style>.kadence-column842_bb748b-34 > .kt-inside-inner-col,.kadence-column842_bb748b-34 > .kt-inside-inner-col:before{border-top-left-radius:0px;border-top-right-radius:0px;border-bottom-right-radius:0px;border-bottom-left-radius:0px;}.kadence-column842_bb748b-34 > .kt-inside-inner-col{column-gap:var(--global-kb-gap-sm, 1rem);}.kadence-column842_bb748b-34 > .kt-inside-inner-col{flex-direction:column;}.kadence-column842_bb748b-34 > .kt-inside-inner-col > .aligncenter{width:100%;}.kadence-column842_bb748b-34 > .kt-inside-inner-col:before{opacity:0.3;}.kadence-column842_bb748b-34{position:relative;}@media all and (max-width: 1024px){.kadence-column842_bb748b-34 > .kt-inside-inner-col{flex-direction:column;justify-content:center;}}@media all and (max-width: 767px){.kadence-column842_bb748b-34 > .kt-inside-inner-col{flex-direction:column;justify-content:center;}}<\/style>\n<div class=\"wp-block-kadence-column kadence-column842_bb748b-34\"><div class=\"kt-inside-inner-col\">\n<h4 class=\"wp-block-heading\">Talvez voc\u00ea tamb\u00e9m se interesse por estes t\u00f3picos...<\/h4>\n\n\n<style>.kt-post-loop842_7f34c9-e1 .kadence-post-image{padding-top:0px;padding-right:0px;padding-bottom:0px;padding-left:0px;}.kt-post-loop842_7f34c9-e1 .kt-post-grid-wrap{gap:30px 30px;}.kt-post-loop842_7f34c9-e1 .kt-blocks-post-grid-item{border-top-left-radius:0px;border-top-right-radius:0px;border-bottom-right-radius:0px;border-bottom-left-radius:0px;overflow:hidden;}.kt-post-loop842_7f34c9-e1 .kt-blocks-post-grid-item .kt-blocks-post-grid-item-inner{padding-top:15px;padding-right:25px;padding-bottom:25px;padding-left:25px;}.kt-post-loop842_7f34c9-e1 .kt-blocks-post-grid-item header{padding-top:0px;padding-right:0px;padding-bottom:10px;padding-left:0px;margin-top:0px;margin-right:0px;margin-bottom:0px;margin-left:0px;}.kt-post-loop842_7f34c9-e1 .kt-blocks-post-grid-item .entry-title{padding-top:10px;padding-right:0px;padding-bottom:5px;padding-left:0px;margin-top:0px;margin-right:0px;margin-bottom:0px;margin-left:0px;font-size:16px;line-height:5px;}.kt-post-loop842_7f34c9-e1 .kt-blocks-post-grid-item .kt-blocks-post-top-meta{color:#777777;}.kt-post-loop842_7f34c9-e1 .kt-blocks-post-grid-item .kt-blocks-post-top-meta a{color:#777777;}.kt-post-loop842_7f34c9-e1 .kt-blocks-post-grid-item .kt-blocks-post-top-meta a:hover{color:#444444;}.kt-post-loop842_7f34c9-e1 .entry-content{padding-top:0px;padding-right:0px;padding-bottom:0px;padding-left:0px;margin-top:0px;margin-right:0px;margin-bottom:0px;margin-left:0px;}.kt-post-loop842_7f34c9-e1 .kt-blocks-post-footer{color:#777777;border-top-width:0px;border-right-width:0px;border-bottom-width:0px;border-left-width:0px;padding-top:0px;padding-right:0px;padding-bottom:0px;padding-left:0px;margin-top:0px;margin-right:0px;margin-bottom:0px;margin-left:0px;font-size:12px;line-height:20px;}.kt-post-loop842_7f34c9-e1 .entry-content:after{height:0px;}.kt-post-loop842_7f34c9-e1 .kt-blocks-post-footer a{color:#777777;}.kt-post-loop842_7f34c9-e1 .kt-blocks-post-footer a:hover{color:#444444;}.kt-post-loop842_7f34c9-e1 .kb-filter-item{border-top-width:0px;border-right-width:0px;border-bottom-width:2px;border-left-width:0px;padding-top:5px;padding-right:8px;padding-bottom:5px;padding-left:8px;margin-top:0px;margin-right:10px;margin-bottom:0px;margin-left:0px;}<\/style><div class=\"wp-block-kadence-postgrid kt-blocks-post-loop-block aligncenter kt-post-loop842_7f34c9-e1 kt-post-grid-layout-grid\"><div class=\"kt-post-grid-layout-grid-wrap kt-post-grid-wrap\" data-columns-xxl=\"4\" data-columns-xl=\"4\" data-columns-md=\"4\" data-columns-sm=\"3\" data-columns-xs=\"2\" data-columns-ss=\"2\"data-item-selector=\".kt-post-masonry-item\"><article class=\"kt-blocks-post-grid-item post-838 page type-page status-publish has-post-thumbnail hentry\"><div class=\"kt-blocks-post-grid-item-inner-wrap kt-feat-image-align-top kt-feat-image-mobile-align-top\"><div class=\"kadence-post-image\"><div class=\"kadence-post-image-intrisic kt-image-ratio-66-67\" style=\"padding-bottom:66.67%;\"><div class=\"kadence-post-image-inner-intrisic\"><a href=\"https:\/\/tex-bit.com\/pt\/etiqueta-rfid-para-aluguel-de-uniformes\/\" aria-label=\"Read More Uniformes, vestu\u00e1rio de trabalho\" class=\"kadence-post-image-inner-wrap\"><img loading=\"lazy\" decoding=\"async\" width=\"600\" height=\"400\" src=\"https:\/\/tex-bit.com\/wp-content\/uploads\/2024\/05\/RFID-Laundry-Chip-for-Workwear.webp\" class=\"attachment-large size-large wp-post-image\" alt=\"Chip de lavanderia RFID para aluguel de uniformes de trabalho\" srcset=\"https:\/\/tex-bit.com\/wp-content\/uploads\/2024\/05\/RFID-Laundry-Chip-for-Workwear.webp 600w, https:\/\/tex-bit.com\/wp-content\/uploads\/2024\/05\/RFID-Laundry-Chip-for-Workwear-300x200.webp 300w\" sizes=\"auto, (max-width: 600px) 100vw, 600px\" \/><\/a><\/div><\/div><\/div><div class=\"kt-blocks-post-grid-item-inner\"><header><h5 class=\"entry-title\"><a href=\"https:\/\/tex-bit.com\/pt\/etiqueta-rfid-para-aluguel-de-uniformes\/\">Uniformes, vestu\u00e1rio de trabalho<\/a><\/h5><div class=\"kt-blocks-post-top-meta\"><\/div><\/header><div class=\"entry-content\"><\/div><footer class=\"kt-blocks-post-footer\"><div class=\"kt-blocks-post-footer-left\"><\/div><div class=\"kt-blocks-post-footer-right\"><\/div><\/footer><\/div><\/div><\/article><article class=\"kt-blocks-post-grid-item post-840 page type-page status-publish has-post-thumbnail hentry\"><div class=\"kt-blocks-post-grid-item-inner-wrap kt-feat-image-align-top kt-feat-image-mobile-align-top\"><div class=\"kadence-post-image\"><div class=\"kadence-post-image-intrisic kt-image-ratio-66-67\" style=\"padding-bottom:66.67%;\"><div class=\"kadence-post-image-inner-intrisic\"><a href=\"https:\/\/tex-bit.com\/pt\/etiquetas-rfid-para-lavanderias-de-hotelaria\/\" aria-label=\"Leia mais Hospitalidade\" class=\"kadence-post-image-inner-wrap\"><img loading=\"lazy\" decoding=\"async\" width=\"600\" height=\"400\" src=\"https:\/\/tex-bit.com\/wp-content\/uploads\/2024\/05\/RFID-Linen-Tag-for-Hotel-Hospitality.webp\" class=\"attachment-large size-large wp-post-image\" alt=\"Etiqueta de roupa de cama RFID para hotelaria\" srcset=\"https:\/\/tex-bit.com\/wp-content\/uploads\/2024\/05\/RFID-Linen-Tag-for-Hotel-Hospitality.webp 600w, https:\/\/tex-bit.com\/wp-content\/uploads\/2024\/05\/RFID-Linen-Tag-for-Hotel-Hospitality-300x200.webp 300w\" sizes=\"auto, (max-width: 600px) 100vw, 600px\" \/><\/a><\/div><\/div><\/div><div class=\"kt-blocks-post-grid-item-inner\"><header><h5 class=\"entry-title\"><a href=\"https:\/\/tex-bit.com\/pt\/etiquetas-rfid-para-lavanderias-de-hotelaria\/\">Hospitalidade<\/a><\/h5><div class=\"kt-blocks-post-top-meta\"><\/div><\/header><div class=\"entry-content\"><\/div><footer class=\"kt-blocks-post-footer\"><div class=\"kt-blocks-post-footer-left\"><\/div><div class=\"kt-blocks-post-footer-right\"><\/div><\/footer><\/div><\/div><\/article><article class=\"kt-blocks-post-grid-item post-844 page type-page status-publish has-post-thumbnail hentry\"><div class=\"kt-blocks-post-grid-item-inner-wrap kt-feat-image-align-top kt-feat-image-mobile-align-top\"><div class=\"kadence-post-image\"><div class=\"kadence-post-image-intrisic kt-image-ratio-66-67\" style=\"padding-bottom:66.67%;\"><div class=\"kadence-post-image-inner-intrisic\"><a href=\"https:\/\/tex-bit.com\/pt\/etiquetas-rfid-para-roupas-de-saude\/\" aria-label=\"Leia mais Cuidados com a sa\u00fade\" class=\"kadence-post-image-inner-wrap\"><img loading=\"lazy\" decoding=\"async\" width=\"600\" height=\"400\" src=\"https:\/\/tex-bit.com\/wp-content\/uploads\/2024\/05\/RFID-Smart-Linen-Tag-for-Healthcare.webp\" class=\"attachment-large size-large wp-post-image\" alt=\"Etiqueta de roupa de cama inteligente RFID para o setor de sa\u00fade\" srcset=\"https:\/\/tex-bit.com\/wp-content\/uploads\/2024\/05\/RFID-Smart-Linen-Tag-for-Healthcare.webp 600w, https:\/\/tex-bit.com\/wp-content\/uploads\/2024\/05\/RFID-Smart-Linen-Tag-for-Healthcare-300x200.webp 300w\" sizes=\"auto, (max-width: 600px) 100vw, 600px\" \/><\/a><\/div><\/div><\/div><div class=\"kt-blocks-post-grid-item-inner\"><header><h5 class=\"entry-title\"><a href=\"https:\/\/tex-bit.com\/pt\/etiquetas-rfid-para-roupas-de-saude\/\">Assist\u00eancia m\u00e9dica<\/a><\/h5><div class=\"kt-blocks-post-top-meta\"><\/div><\/header><div class=\"entry-content\"><\/div><footer class=\"kt-blocks-post-footer\"><div class=\"kt-blocks-post-footer-left\"><\/div><div class=\"kt-blocks-post-footer-right\"><\/div><\/footer><\/div><\/div><\/article><article class=\"kt-blocks-post-grid-item post-846 page type-page status-publish has-post-thumbnail hentry\"><div class=\"kt-blocks-post-grid-item-inner-wrap kt-feat-image-align-top kt-feat-image-mobile-align-top\"><div class=\"kadence-post-image\"><div class=\"kadence-post-image-intrisic kt-image-ratio-66-67\" style=\"padding-bottom:66.67%;\"><div class=\"kadence-post-image-inner-intrisic\"><a href=\"https:\/\/tex-bit.com\/pt\/etiqueta-rfid-de-linho-inteligente-para-tapetes\/\" aria-label=\"Leia mais Prote\u00e7\u00e3o do piso\" class=\"kadence-post-image-inner-wrap\"><img loading=\"lazy\" decoding=\"async\" width=\"600\" height=\"400\" src=\"https:\/\/tex-bit.com\/wp-content\/uploads\/2024\/05\/Smart-Linen-Tag-for-Cleaning.webp\" class=\"attachment-large size-large wp-post-image\" alt=\"Etiqueta de linho inteligente para limpeza\" srcset=\"https:\/\/tex-bit.com\/wp-content\/uploads\/2024\/05\/Smart-Linen-Tag-for-Cleaning.webp 600w, https:\/\/tex-bit.com\/wp-content\/uploads\/2024\/05\/Smart-Linen-Tag-for-Cleaning-300x200.webp 300w\" sizes=\"auto, (max-width: 600px) 100vw, 600px\" \/><\/a><\/div><\/div><\/div><div class=\"kt-blocks-post-grid-item-inner\"><header><h5 class=\"entry-title\"><a href=\"https:\/\/tex-bit.com\/pt\/etiqueta-rfid-de-linho-inteligente-para-tapetes\/\">Prote\u00e7\u00e3o do piso<\/a><\/h5><div class=\"kt-blocks-post-top-meta\"><\/div><\/header><div class=\"entry-content\"><\/div><footer class=\"kt-blocks-post-footer\"><div class=\"kt-blocks-post-footer-left\"><\/div><div class=\"kt-blocks-post-footer-right\"><\/div><\/footer><\/div><\/div><\/article><\/div><\/div><!-- .wp-block-kadence-postgrid --><\/div><\/div>\n\n<\/div><\/div><\/div><\/div>","protected":false},"excerpt":{"rendered":"<p>Vestu\u00e1rio, moda Etiquetas RFID lav\u00e1veis para roupas \u00c0 medida que o setor de moda e vestu\u00e1rio continua a evoluir, a necessidade de solu\u00e7\u00f5es de tecnologia avan\u00e7ada para melhorar a efici\u00eancia operacional, aprimorar a experi\u00eancia do cliente e apoiar os esfor\u00e7os de sustentabilidade tem se tornado cada vez mais importante. A tecnologia RFID surgiu como uma ferramenta poderosa para atingir esses objetivos, principalmente nos setores de lavanderia e...<\/p>","protected":false},"author":2,"featured_media":850,"parent":0,"menu_order":3,"comment_status":"closed","ping_status":"closed","template":"","meta":{"_kad_blocks_custom_css":"","_kad_blocks_head_custom_js":"","_kad_blocks_body_custom_js":"","_kad_blocks_footer_custom_js":"","_kadence_starter_templates_imported_post":false,"_kad_post_transparent":"","_kad_post_title":"","_kad_post_layout":"","_kad_post_sidebar_id":"","_kad_post_content_style":"","_kad_post_vertical_padding":"","_kad_post_feature":"","_kad_post_feature_position":"","_kad_post_header":false,"_kad_post_footer":false,"footnotes":""},"class_list":["post-842","page","type-page","status-publish","has-post-thumbnail","hentry"],"taxonomy_info":[],"featured_image_src_large":["https:\/\/tex-bit.com\/wp-content\/uploads\/2024\/05\/RFID-Laundry-Tag-for-Fashion-Apparel.webp",600,400,false],"author_info":{"display_name":"TB Admin","author_link":"https:\/\/tex-bit.com\/pt\/author\/tb-admin\/"},"comment_info":0,"_links":{"self":[{"href":"https:\/\/tex-bit.com\/pt\/wp-json\/wp\/v2\/pages\/842","targetHints":{"allow":["GET"]}}],"collection":[{"href":"https:\/\/tex-bit.com\/pt\/wp-json\/wp\/v2\/pages"}],"about":[{"href":"https:\/\/tex-bit.com\/pt\/wp-json\/wp\/v2\/types\/page"}],"author":[{"embeddable":true,"href":"https:\/\/tex-bit.com\/pt\/wp-json\/wp\/v2\/users\/2"}],"replies":[{"embeddable":true,"href":"https:\/\/tex-bit.com\/pt\/wp-json\/wp\/v2\/comments?post=842"}],"version-history":[{"count":0,"href":"https:\/\/tex-bit.com\/pt\/wp-json\/wp\/v2\/pages\/842\/revisions"}],"wp:featuredmedia":[{"embeddable":true,"href":"https:\/\/tex-bit.com\/pt\/wp-json\/wp\/v2\/media\/850"}],"wp:attachment":[{"href":"https:\/\/tex-bit.com\/pt\/wp-json\/wp\/v2\/media?parent=842"}],"curies":[{"name":"wp","href":"https:\/\/api.w.org\/{rel}","templated":true}]}}