{"id":985,"date":"2024-01-01T00:00:36","date_gmt":"2024-01-01T08:00:36","guid":{"rendered":"https:\/\/test.tex-bit.com\/?page_id=985"},"modified":"2024-07-22T19:19:51","modified_gmt":"2024-07-23T03:19:51","slug":"politica-de-privacidade","status":"publish","type":"page","link":"https:\/\/tex-bit.com\/pt\/politica-de-privacidade\/","title":{"rendered":"Pol\u00edtica de privacidade"},"content":{"rendered":"<p><strong>\u00daltima atualiza\u00e7\u00e3o: Julho de 2024<\/strong><\/p>\n\n\n\n<p>Esta Pol\u00edtica de Privacidade descreve as pol\u00edticas da Shanghai HUAYUAN Electronic Co., Ltd, 517, B-Bld, No. 399 Hengnan Rd, Shanghai 201112, China, e-mail: info@tex-bit.com, telefone: +86 21 54246151 sobre a coleta, o uso e a divulga\u00e7\u00e3o de suas informa\u00e7\u00f5es que coletamos quando voc\u00ea usa nosso site ( https:\/\/tex-bit.com ). (o \"Servi\u00e7o\"). Ao acessar ou usar o Servi\u00e7o, voc\u00ea consente com a coleta, o uso e a divulga\u00e7\u00e3o de suas informa\u00e7\u00f5es de acordo com esta Pol\u00edtica de Privacidade. Se n\u00e3o concordar com o mesmo, n\u00e3o acesse ou use o Servi\u00e7o.<br>Podemos modificar esta Pol\u00edtica de Privacidade a qualquer momento, sem aviso pr\u00e9vio, e publicaremos a Pol\u00edtica de Privacidade revisada no Servi\u00e7o. A Pol\u00edtica revisada entrar\u00e1 em vigor 180 dias ap\u00f3s a publica\u00e7\u00e3o da Pol\u00edtica revisada no Servi\u00e7o, e seu acesso ou uso cont\u00ednuo do Servi\u00e7o ap\u00f3s esse per\u00edodo constituir\u00e1 sua aceita\u00e7\u00e3o da Pol\u00edtica de Privacidade revisada. Portanto, recomendamos que voc\u00ea revise periodicamente esta p\u00e1gina.<\/p>\n\n\n\n<hr class=\"wp-block-separator has-text-color has-theme-palette-8-color has-alpha-channel-opacity has-theme-palette-8-background-color has-background is-style-wide\"\/>\n\n\n<style>.kb-table-of-content-nav.kb-table-of-content-id985_205f47-2b .kb-table-of-content-wrap{padding-top:var(--global-kb-spacing-sm, 1.5rem);padding-right:var(--global-kb-spacing-sm, 1.5rem);padding-bottom:var(--global-kb-spacing-sm, 1.5rem);padding-left:var(--global-kb-spacing-sm, 1.5rem);}.kb-table-of-content-nav.kb-table-of-content-id985_205f47-2b .kb-table-of-contents-title-wrap{padding-top:0px;padding-right:0px;padding-bottom:0px;padding-left:0px;}.kb-table-of-content-nav.kb-table-of-content-id985_205f47-2b .kb-table-of-contents-title{font-weight:regular;font-style:normal;}.kb-table-of-content-nav.kb-table-of-content-id985_205f47-2b .kb-table-of-content-wrap .kb-table-of-content-list{font-weight:regular;font-style:normal;margin-top:var(--global-kb-spacing-sm, 1.5rem);margin-right:0px;margin-bottom:0px;margin-left:0px;}<\/style>\n\n\n<h2 class=\"wp-block-heading has--font-size\">Informa\u00e7\u00f5es que coletamos:<\/h2>\n\n\n\n<p>Coletaremos e processaremos as seguintes informa\u00e7\u00f5es pessoais sobre voc\u00ea:<\/p>\n\n\n\n<ul class=\"wp-block-list\">\n<li>G\u00eanero<\/li>\n\n\n\n<li>Nome<\/li>\n\n\n\n<li>E-mail<\/li>\n\n\n\n<li>Telefone<\/li>\n\n\n\n<li>Nome da empresa<\/li>\n\n\n\n<li>Site<\/li>\n\n\n\n<li>Endere\u00e7o comercial<\/li>\n\n\n\n<li>Segmento de neg\u00f3cios<\/li>\n\n\n\n<li>Tipo de cliente<\/li>\n\n\n\n<li>Volume potencial<\/li>\n\n\n\n<li>Jornada do usu\u00e1rio<\/li>\n<\/ul>\n\n\n\n<h2 class=\"wp-block-heading has--font-size\">Como usamos suas informa\u00e7\u00f5es:<\/h2>\n\n\n\n<p>Usaremos as informa\u00e7\u00f5es que coletamos sobre voc\u00ea para as seguintes finalidades:<\/p>\n\n\n\n<ul class=\"wp-block-list\">\n<li>Marketing\/promocional<\/li>\n\n\n\n<li>Suporte<\/li>\n\n\n\n<li>Gerenciar pedidos de clientes<\/li>\n<\/ul>\n\n\n\n<p>Se quisermos usar suas informa\u00e7\u00f5es para qualquer outra finalidade, solicitaremos seu consentimento e usaremos suas informa\u00e7\u00f5es somente ap\u00f3s recebermos seu consentimento e, ent\u00e3o, somente para a(s) finalidade(s) para a(s) qual(is) concedemos o consentimento, a menos que sejamos obrigados a fazer o contr\u00e1rio por lei.<\/p>\n\n\n\n<h2 class=\"wp-block-heading has--font-size\">Como compartilhamos suas informa\u00e7\u00f5es:<\/h2>\n\n\n\n<p>N\u00e3o transferiremos suas informa\u00e7\u00f5es pessoais a terceiros sem o seu consentimento, exceto em circunst\u00e2ncias limitadas, conforme descrito abaixo:<\/p>\n\n\n\n<ul class=\"wp-block-list\">\n<li>Servi\u00e7o de an\u00fancios<\/li>\n\n\n\n<li>An\u00e1lises<\/li>\n\n\n\n<li>Coleta e processo de dados<\/li>\n<\/ul>\n\n\n\n<p>Exigimos que esses terceiros usem as informa\u00e7\u00f5es pessoais que transferimos a eles somente para a finalidade para a qual foram transferidas e que n\u00e3o as retenham por mais tempo do que o necess\u00e1rio para cumprir a referida finalidade.<br>Tamb\u00e9m podemos divulgar suas informa\u00e7\u00f5es pessoais para os seguintes fins: (1) para cumprir a lei aplic\u00e1vel, regulamentos, ordens judiciais ou outros processos legais; (2) para fazer cumprir seus contratos conosco, inclusive esta Pol\u00edtica de Privacidade; ou (3) para responder a reclama\u00e7\u00f5es de que seu uso do Servi\u00e7o viola direitos de terceiros. Se o Servi\u00e7o ou nossa empresa for fundida ou adquirida por outra empresa, suas informa\u00e7\u00f5es ser\u00e3o um dos ativos transferidos para o novo propriet\u00e1rio.<\/p>\n\n\n\n<h2 class=\"wp-block-heading has--font-size\">Reten\u00e7\u00e3o de suas informa\u00e7\u00f5es:<\/h2>\n\n\n\n<p>Reteremos suas informa\u00e7\u00f5es pessoais conosco por 90 dias ou pelo tempo que precisarmos para cumprir as finalidades para as quais foram coletadas, conforme detalhado nesta Pol\u00edtica de Privacidade. Talvez precisemos reter determinadas informa\u00e7\u00f5es por per\u00edodos mais longos, como manuten\u00e7\u00e3o de registros\/relat\u00f3rios de acordo com a legisla\u00e7\u00e3o aplic\u00e1vel ou por outros motivos leg\u00edtimos, como aplica\u00e7\u00e3o de direitos legais, preven\u00e7\u00e3o de fraudes etc. Informa\u00e7\u00f5es an\u00f4nimas residuais e informa\u00e7\u00f5es agregadas, nenhuma das quais o identifica (direta ou indiretamente), podem ser armazenadas indefinidamente.<\/p>\n\n\n\n<h2 class=\"wp-block-heading has--font-size\">Seus direitos:<\/h2>\n\n\n\n<p>Dependendo da lei aplic\u00e1vel, voc\u00ea pode ter o direito de acessar e retificar ou apagar seus dados pessoais ou receber uma c\u00f3pia de seus dados pessoais, restringir ou se opor ao processamento ativo de seus dados, solicitar o compartilhamento (portabilidade) de suas informa\u00e7\u00f5es pessoais para outra entidade, retirar qualquer consentimento que nos tenha fornecido para o processamento de seus dados, o direito de apresentar uma reclama\u00e7\u00e3o a uma autoridade legal e outros direitos que possam ser relevantes de acordo com as leis aplic\u00e1veis. Para exercer esses direitos, voc\u00ea pode nos escrever para info@tex-bit.com. Responderemos \u00e0 sua solicita\u00e7\u00e3o de acordo com a legisla\u00e7\u00e3o aplic\u00e1vel.<br>Observe que, se voc\u00ea n\u00e3o nos permitir coletar ou processar as informa\u00e7\u00f5es pessoais necess\u00e1rias ou retirar o consentimento para process\u00e1-las para os fins exigidos, talvez n\u00e3o consiga acessar ou usar os servi\u00e7os para os quais suas informa\u00e7\u00f5es foram solicitadas.<\/p>\n\n\n\n<h2 class=\"wp-block-heading has--font-size\">Cookies Etc.<\/h2>\n\n\n\n<p>Para saber mais sobre como usamos essas tecnologias de rastreamento e sobre suas escolhas em rela\u00e7\u00e3o a elas, consulte nossa Pol\u00edtica de Cookies.<\/p>\n\n\n\n<h2 class=\"wp-block-heading\">Seguran\u00e7a:<\/h2>\n\n\n\n<p>A seguran\u00e7a de suas informa\u00e7\u00f5es \u00e9 importante para n\u00f3s e usaremos medidas de seguran\u00e7a razo\u00e1veis para evitar a perda, o uso indevido ou a altera\u00e7\u00e3o n\u00e3o autorizada de suas informa\u00e7\u00f5es sob nosso controle. Entretanto, dados os riscos inerentes, n\u00e3o podemos garantir seguran\u00e7a absoluta e, consequentemente, n\u00e3o podemos assegurar ou garantir a seguran\u00e7a de qualquer informa\u00e7\u00e3o que voc\u00ea nos transmita, e voc\u00ea o faz por sua pr\u00f3pria conta e risco.<\/p>\n\n\n\n<h2 class=\"wp-block-heading\">Links de terceiros e uso de suas informa\u00e7\u00f5es:<\/h2>\n\n\n\n<p>Nosso Servi\u00e7o pode conter links para outros sites que n\u00e3o s\u00e3o operados por n\u00f3s. Esta Pol\u00edtica de Privacidade n\u00e3o trata da pol\u00edtica de privacidade e de outras pr\u00e1ticas de terceiros, inclusive de terceiros que operem qualquer site ou servi\u00e7o que possa ser acessado por meio de um link no Servi\u00e7o. Recomendamos enfaticamente que voc\u00ea analise a pol\u00edtica de privacidade de cada site que visitar. N\u00e3o temos controle e n\u00e3o assumimos nenhuma responsabilidade pelo conte\u00fado, pol\u00edticas de privacidade ou pr\u00e1ticas de sites ou servi\u00e7os de terceiros.<\/p>\n\n\n\n<h2 class=\"wp-block-heading\">Diretor de reclama\u00e7\u00f5es \/ prote\u00e7\u00e3o de dados:<\/h2>\n\n\n\n<p>Se tiver alguma d\u00favida ou preocupa\u00e7\u00e3o sobre o processamento de suas informa\u00e7\u00f5es que est\u00e3o dispon\u00edveis conosco, envie um e-mail para nosso Diretor de Reclama\u00e7\u00f5es em Shanghai HUAYUAN Electronic Co., Ltd, 517, B-Bld, No. 399 Hengnan Rd, e-mail: <a href=\"mailto:info@tex-bit.com\">info@tex-bit.com<\/a>. Trataremos de suas preocupa\u00e7\u00f5es de acordo com a legisla\u00e7\u00e3o aplic\u00e1vel.<\/p>","protected":false},"excerpt":{"rendered":"<p>\u00daltima atualiza\u00e7\u00e3o: Julho de 2024 Esta Pol\u00edtica de Privacidade descreve as pol\u00edticas da Shanghai HUAYUAN Electronic Co., Ltd, 517, B-Bld, No. 399 Hengnan Rd, Shanghai 201112, China, e-mail: info@tex-bit.com, telefone: +86 21 54246151 sobre a coleta, o uso e a divulga\u00e7\u00e3o de suas informa\u00e7\u00f5es que coletamos quando voc\u00ea usa nosso site ( https:\/\/tex-bit.com ). (o \"Servi\u00e7o\"). Ao acessar...<\/p>","protected":false},"author":2,"featured_media":0,"parent":0,"menu_order":9,"comment_status":"closed","ping_status":"closed","template":"","meta":{"_kad_blocks_custom_css":"","_kad_blocks_head_custom_js":"","_kad_blocks_body_custom_js":"","_kad_blocks_footer_custom_js":"","_kadence_starter_templates_imported_post":false,"_kad_post_transparent":"","_kad_post_title":"show","_kad_post_layout":"","_kad_post_sidebar_id":"","_kad_post_content_style":"","_kad_post_vertical_padding":"show","_kad_post_feature":"","_kad_post_feature_position":"","_kad_post_header":false,"_kad_post_footer":false,"footnotes":""},"class_list":["post-985","page","type-page","status-publish","hentry"],"taxonomy_info":[],"featured_image_src_large":false,"author_info":{"display_name":"TB Admin","author_link":"https:\/\/tex-bit.com\/pt\/author\/tb-admin\/"},"comment_info":0,"_links":{"self":[{"href":"https:\/\/tex-bit.com\/pt\/wp-json\/wp\/v2\/pages\/985","targetHints":{"allow":["GET"]}}],"collection":[{"href":"https:\/\/tex-bit.com\/pt\/wp-json\/wp\/v2\/pages"}],"about":[{"href":"https:\/\/tex-bit.com\/pt\/wp-json\/wp\/v2\/types\/page"}],"author":[{"embeddable":true,"href":"https:\/\/tex-bit.com\/pt\/wp-json\/wp\/v2\/users\/2"}],"replies":[{"embeddable":true,"href":"https:\/\/tex-bit.com\/pt\/wp-json\/wp\/v2\/comments?post=985"}],"version-history":[{"count":0,"href":"https:\/\/tex-bit.com\/pt\/wp-json\/wp\/v2\/pages\/985\/revisions"}],"wp:attachment":[{"href":"https:\/\/tex-bit.com\/pt\/wp-json\/wp\/v2\/media?parent=985"}],"curies":[{"name":"wp","href":"https:\/\/api.w.org\/{rel}","templated":true}]}}